{"id":1700,"date":"2023-03-08T20:34:47","date_gmt":"2023-03-08T20:34:47","guid":{"rendered":"http:\/\/us.ylirotu.fi\/index.php\/suomi-muutoksen-maailmassa-2\/"},"modified":"2023-08-17T11:02:39","modified_gmt":"2023-08-17T11:02:39","slug":"suomen-liittyminen-euroopan-unioniin","status":"publish","type":"page","link":"https:\/\/maailmanmuutos.org\/index.php\/suomi\/suomen-liittyminen-euroopan-unioniin\/","title":{"rendered":"Suomen liittyminen Euroopan Unioniin"},"content":{"rendered":"<div id='full_slider_1'  class='avia-fullwidth-slider main_color avia-shadow   avia-builder-el-0  el_before_av_one_full  avia-builder-el-first   container_wrap sidebar_right'  >\n<style type=\"text\/css\" data-created_by=\"avia_inline_auto\" id=\"style-css-av-kd4hz9nx-fb331aa0faaa9c578e2f07ccc45f5aa0\">\n#top #wrap_all .avia-slideshow .av-slideshow-caption.av-kd4hz9nx-fb331aa0faaa9c578e2f07ccc45f5aa0__0 .avia-caption-title{\nfont-size:22px;\n}\n#top .avia-slideshow .av-slideshow-caption.av-kd4hz9nx-fb331aa0faaa9c578e2f07ccc45f5aa0__0 .avia-caption-content{\nfont-size:14px;\n}\n#top .avia-slideshow .av-slideshow-caption.av-kd4hz9nx-fb331aa0faaa9c578e2f07ccc45f5aa0__0 .avia-caption-content p{\nfont-size:14px;\n}\n\n@media only screen and (min-width: 768px) and (max-width: 989px){ \n#top #wrap_all .avia-slideshow .av-slideshow-caption.av-kd4hz9nx-fb331aa0faaa9c578e2f07ccc45f5aa0__0 .avia-caption-title{\nfont-size:16px;\n}\n#top .avia-slideshow .av-slideshow-caption.av-kd4hz9nx-fb331aa0faaa9c578e2f07ccc45f5aa0__0 .avia-caption-content{\nfont-size:16px;\n}\n#top .avia-slideshow .av-slideshow-caption.av-kd4hz9nx-fb331aa0faaa9c578e2f07ccc45f5aa0__0 .avia-caption-content p{\nfont-size:16px;\n}\n}\n\n@media only screen and (min-width: 480px) and (max-width: 767px){ \n#top #wrap_all .avia-slideshow .av-slideshow-caption.av-kd4hz9nx-fb331aa0faaa9c578e2f07ccc45f5aa0__0 .avia-caption-title{\nfont-size:14px;\n}\n#top .avia-slideshow .av-slideshow-caption.av-kd4hz9nx-fb331aa0faaa9c578e2f07ccc45f5aa0__0 .avia-caption-content{\nfont-size:14px;\n}\n#top .avia-slideshow .av-slideshow-caption.av-kd4hz9nx-fb331aa0faaa9c578e2f07ccc45f5aa0__0 .avia-caption-content p{\nfont-size:14px;\n}\n}\n\n@media only screen and (max-width: 479px){ \n#top #wrap_all .avia-slideshow .av-slideshow-caption.av-kd4hz9nx-fb331aa0faaa9c578e2f07ccc45f5aa0__0 .avia-caption-title{\ndisplay:none;\n}\n#top .avia-slideshow .av-slideshow-caption.av-kd4hz9nx-fb331aa0faaa9c578e2f07ccc45f5aa0__0 .avia-caption-content{\ndisplay:none;\n}\n#top .avia-slideshow .av-slideshow-caption.av-kd4hz9nx-fb331aa0faaa9c578e2f07ccc45f5aa0__0 .avia-caption-content p{\ndisplay:none;\n}\n}\n<\/style>\n<div  class='avia-slideshow av-kd4hz9nx-fb331aa0faaa9c578e2f07ccc45f5aa0 avia-slideshow-featured av_slideshow_full avia-slide-slider av-slideshow-ui av-control-default av-slideshow-manual av-loop-once av-loop-manual-endless av-default-height-applied   avia-slideshow-1' data-slideshow-options=\"{&quot;animation&quot;:&quot;slide&quot;,&quot;autoplay&quot;:false,&quot;loop_autoplay&quot;:&quot;once&quot;,&quot;interval&quot;:5,&quot;loop_manual&quot;:&quot;manual-endless&quot;,&quot;autoplay_stopper&quot;:false,&quot;noNavigation&quot;:false,&quot;bg_slider&quot;:false,&quot;keep_padding&quot;:false,&quot;hoverpause&quot;:false,&quot;show_slide_delay&quot;:0}\"  itemprop=\"image\" itemscope=\"itemscope\" itemtype=\"https:\/\/schema.org\/ImageObject\" ><ul class='avia-slideshow-inner ' style='padding-bottom: 28.72411489646%;'><li  class='avia-slideshow-slide av-kd4hz9nx-fb331aa0faaa9c578e2f07ccc45f5aa0__0  av-single-slide slide-1 slide-odd'><div data-rel='slideshow-1' class='avia-slide-wrap '   ><img decoding=\"async\" fetchpriority=\"high\" class=\"wp-image-3919 avia-img-lazy-loading-not-3919\"  src=\"https:\/\/maailmanmuutos.org\/wp-content\/uploads\/2023\/08\/euroopan-liput.jpg\" width=\"1497\" height=\"430\" title='kuvituskuvat' alt=''  itemprop=\"thumbnailUrl\" srcset=\"https:\/\/maailmanmuutos.org\/wp-content\/uploads\/2023\/08\/euroopan-liput.jpg 1500w, https:\/\/maailmanmuutos.org\/wp-content\/uploads\/2023\/08\/euroopan-liput-800x230.jpg 800w, https:\/\/maailmanmuutos.org\/wp-content\/uploads\/2023\/08\/euroopan-liput-120x34.jpg 120w, https:\/\/maailmanmuutos.org\/wp-content\/uploads\/2023\/08\/euroopan-liput-768x221.jpg 768w, https:\/\/maailmanmuutos.org\/wp-content\/uploads\/2023\/08\/euroopan-liput-705x203.jpg 705w\" sizes=\"(max-width: 1497px) 100vw, 1497px\" \/><\/div><\/li><\/ul><\/div><\/div><div id='after_full_slider_1'  class='main_color av_default_container_wrap container_wrap sidebar_right'  ><div class='container av-section-cont-open' ><div class='template-page content  av-content-small alpha units'><div class='post-entry post-entry-type-page post-entry-1700'><div class='entry-content-wrapper clearfix'>\n\n<style type=\"text\/css\" data-created_by=\"avia_inline_auto\" id=\"style-css-av-5spn6-3d3e8ead61d02f87ad7c9f2fc625dc24\">\n.flex_column.av-5spn6-3d3e8ead61d02f87ad7c9f2fc625dc24{\nborder-radius:0px 0px 0px 0px;\npadding:0px 0px 0px 0px;\n}\n<\/style>\n<div  class='flex_column av-5spn6-3d3e8ead61d02f87ad7c9f2fc625dc24 av_one_full  avia-builder-el-1  el_after_av_slideshow_full  el_before_av_one_fourth  avia-builder-el-first  first flex_column_div av-zero-column-padding  '     ><style type=\"text\/css\" data-created_by=\"avia_inline_auto\" id=\"style-css-av-2tedck-b394f79e292c08f3f169ee2d3b982375\">\n#top .av-special-heading.av-2tedck-b394f79e292c08f3f169ee2d3b982375{\npadding-bottom:10px;\n}\nbody .av-special-heading.av-2tedck-b394f79e292c08f3f169ee2d3b982375 .av-special-heading-tag .heading-char{\nfont-size:25px;\n}\n.av-special-heading.av-2tedck-b394f79e292c08f3f169ee2d3b982375 .av-subheading{\nfont-size:15px;\n}\n<\/style>\n<div  class='av-special-heading av-2tedck-b394f79e292c08f3f169ee2d3b982375 av-special-heading-h1  avia-builder-el-2  avia-builder-el-no-sibling '><h1 class='av-special-heading-tag'  itemprop=\"headline\"  > Suomen liittyminen Euroopan Unioniin<\/h1><div class=\"special-heading-border\"><div class=\"special-heading-inner-border\"><\/div><\/div><\/div><\/div>\n\n<style type=\"text\/css\" data-created_by=\"avia_inline_auto\" id=\"style-css-av-8p6wdg-18791ac5a6e259e3357a38ed9e0869ca\">\n.flex_column.av-8p6wdg-18791ac5a6e259e3357a38ed9e0869ca{\nborder-radius:0px 0px 0px 0px;\npadding:0px 0px 0px 0px;\n}\n<\/style>\n<div  class='flex_column av-8p6wdg-18791ac5a6e259e3357a38ed9e0869ca av_one_fourth  avia-builder-el-3  el_after_av_one_full  el_before_av_one_fourth  first flex_column_div av-zero-column-padding  column-top-margin'     ><p>\n<style type=\"text\/css\" data-created_by=\"avia_inline_auto\" id=\"style-css-av-limwht6t-5285fd9d8e3d99496292356ea4f22bdf\">\n.avia-image-container.av-limwht6t-5285fd9d8e3d99496292356ea4f22bdf img.avia_image{\nbox-shadow:none;\n}\n.avia-image-container.av-limwht6t-5285fd9d8e3d99496292356ea4f22bdf .av-image-caption-overlay-center{\ncolor:#ffffff;\n}\n<\/style>\n<div  class='avia-image-container av-limwht6t-5285fd9d8e3d99496292356ea4f22bdf av-styling- avia-align-center  avia-builder-el-4  el_before_av_textblock  avia-builder-el-first '   itemprop=\"image\" itemscope=\"itemscope\" itemtype=\"https:\/\/schema.org\/ImageObject\" ><div class=\"avia-image-container-inner\"><div class=\"avia-image-overlay-wrap\"><img decoding=\"async\" fetchpriority=\"high\" class='wp-image-3071 avia-img-lazy-loading-not-3071 avia_image ' src=\"https:\/\/maailmanmuutos.org\/wp-content\/uploads\/2023\/08\/ETYK_1975-pikkukuva.jpg\" alt='' title='ETYK_1975-pikkukuva'  height=\"400\" width=\"495\"  itemprop=\"thumbnailUrl\" srcset=\"https:\/\/maailmanmuutos.org\/wp-content\/uploads\/2023\/08\/ETYK_1975-pikkukuva.jpg 495w, https:\/\/maailmanmuutos.org\/wp-content\/uploads\/2023\/08\/ETYK_1975-pikkukuva-120x97.jpg 120w\" sizes=\"(max-width: 495px) 100vw, 495px\" \/><\/div><\/div><\/div><br \/>\n<section  class='av_textblock_section av-limwhja3-cdec96093997045c16841f3bb705198b '   itemscope=\"itemscope\" itemtype=\"https:\/\/schema.org\/CreativeWork\" ><div class='avia_textblock'  itemprop=\"text\" ><p style=\"text-align: center;\"><a href=\"https:\/\/maailmanmuutos.org\/index.php\/suomi\/suomen-liittyminen-euroopan-unioniin\/suomen-reaktiot-kylman-sodan-paattymiseen\/\">Suomen reaktiot kylm\u00e4n sodan p\u00e4\u00e4ttymiseen<\/a><\/p>\n<\/div><\/section><\/p><\/div>\n\n<style type=\"text\/css\" data-created_by=\"avia_inline_auto\" id=\"style-css-av-7cxi2s-b2dcbdceabf533bc3021465828806dd0\">\n.flex_column.av-7cxi2s-b2dcbdceabf533bc3021465828806dd0{\nborder-radius:0px 0px 0px 0px;\npadding:0px 0px 0px 0px;\n}\n<\/style>\n<div  class='flex_column av-7cxi2s-b2dcbdceabf533bc3021465828806dd0 av_one_fourth  avia-builder-el-6  el_after_av_one_fourth  el_before_av_one_fourth  flex_column_div av-zero-column-padding  column-top-margin'     ><p>\n<style type=\"text\/css\" data-created_by=\"avia_inline_auto\" id=\"style-css-av-limwht6t-586a5f93d4c37757aeb1df3cb378da30\">\n.avia-image-container.av-limwht6t-586a5f93d4c37757aeb1df3cb378da30 img.avia_image{\nbox-shadow:none;\n}\n.avia-image-container.av-limwht6t-586a5f93d4c37757aeb1df3cb378da30 .av-image-caption-overlay-center{\ncolor:#ffffff;\n}\n<\/style>\n<div  class='avia-image-container av-limwht6t-586a5f93d4c37757aeb1df3cb378da30 av-styling- avia-align-center  avia-builder-el-7  el_before_av_textblock  avia-builder-el-first '   itemprop=\"image\" itemscope=\"itemscope\" itemtype=\"https:\/\/schema.org\/ImageObject\" ><div class=\"avia-image-container-inner\"><div class=\"avia-image-overlay-wrap\"><img decoding=\"async\" fetchpriority=\"high\" class='wp-image-3978 avia-img-lazy-loading-not-3978 avia_image ' src=\"https:\/\/maailmanmuutos.org\/wp-content\/uploads\/2023\/08\/suomen-markka-pikkukuva.jpg\" alt='' title='suomen-markka-pikkukuva'  height=\"400\" width=\"495\"  itemprop=\"thumbnailUrl\" srcset=\"https:\/\/maailmanmuutos.org\/wp-content\/uploads\/2023\/08\/suomen-markka-pikkukuva.jpg 495w, https:\/\/maailmanmuutos.org\/wp-content\/uploads\/2023\/08\/suomen-markka-pikkukuva-120x97.jpg 120w\" sizes=\"(max-width: 495px) 100vw, 495px\" \/><\/div><\/div><\/div><br \/>\n<section  class='av_textblock_section av-limwhja3-cdec96093997045c16841f3bb705198b '   itemscope=\"itemscope\" itemtype=\"https:\/\/schema.org\/CreativeWork\" ><div class='avia_textblock'  itemprop=\"text\" ><p style=\"text-align: center;\"><a href=\"https:\/\/maailmanmuutos.org\/index.php\/suomi\/suomen-liittyminen-euroopan-unioniin\/talouslama-90-luvun-alussa\/\">Talouslama 90-luvun alussa<\/a><\/p>\n<\/div><\/section><\/p><\/div>\n\n<style type=\"text\/css\" data-created_by=\"avia_inline_auto\" id=\"style-css-av-5napj8-d04ca9bc399ce1322d3cadc853339d4b\">\n.flex_column.av-5napj8-d04ca9bc399ce1322d3cadc853339d4b{\nborder-radius:0px 0px 0px 0px;\npadding:0px 0px 0px 0px;\n}\n<\/style>\n<div  class='flex_column av-5napj8-d04ca9bc399ce1322d3cadc853339d4b av_one_fourth  avia-builder-el-9  el_after_av_one_fourth  el_before_av_one_fourth  flex_column_div av-zero-column-padding  column-top-margin'     ><p>\n<style type=\"text\/css\" data-created_by=\"avia_inline_auto\" id=\"style-css-av-limwht6t-7d5aed4c8505c52b6e4b075c024810bf\">\n.avia-image-container.av-limwht6t-7d5aed4c8505c52b6e4b075c024810bf img.avia_image{\nbox-shadow:none;\n}\n.avia-image-container.av-limwht6t-7d5aed4c8505c52b6e4b075c024810bf .av-image-caption-overlay-center{\ncolor:#ffffff;\n}\n<\/style>\n<div  class='avia-image-container av-limwht6t-7d5aed4c8505c52b6e4b075c024810bf av-styling- avia-align-center  avia-builder-el-10  el_before_av_textblock  avia-builder-el-first '   itemprop=\"image\" itemscope=\"itemscope\" itemtype=\"https:\/\/schema.org\/ImageObject\" ><div class=\"avia-image-container-inner\"><div class=\"avia-image-overlay-wrap\"><img decoding=\"async\" fetchpriority=\"high\" class='wp-image-3979 avia-img-lazy-loading-not-3979 avia_image ' src=\"https:\/\/maailmanmuutos.org\/wp-content\/uploads\/2023\/08\/euroopan-liput-pikkukuva.jpg\" alt='' title='euroopan-liput-pikkukuva'  height=\"400\" width=\"495\"  itemprop=\"thumbnailUrl\" srcset=\"https:\/\/maailmanmuutos.org\/wp-content\/uploads\/2023\/08\/euroopan-liput-pikkukuva.jpg 495w, https:\/\/maailmanmuutos.org\/wp-content\/uploads\/2023\/08\/euroopan-liput-pikkukuva-120x97.jpg 120w\" sizes=\"(max-width: 495px) 100vw, 495px\" \/><\/div><\/div><\/div><br \/>\n<section  class='av_textblock_section av-limwhja3-cdec96093997045c16841f3bb705198b '   itemscope=\"itemscope\" itemtype=\"https:\/\/schema.org\/CreativeWork\" ><div class='avia_textblock'  itemprop=\"text\" ><p style=\"text-align: center;\"><a href=\"https:\/\/maailmanmuutos.org\/index.php\/suomi\/suomen-liittyminen-euroopan-unioniin\/suhteiden-maaritys-eurooppaan\/\">Suhteiden m\u00e4\u00e4ritys Eurooppaan<\/a><\/p>\n<\/div><\/section><\/p><\/div>\n\n<style type=\"text\/css\" data-created_by=\"avia_inline_auto\" id=\"style-css-av-45j1w4-c6f2d2458a41684d95a2aa9f205b5197\">\n.flex_column.av-45j1w4-c6f2d2458a41684d95a2aa9f205b5197{\nborder-radius:0px 0px 0px 0px;\npadding:0px 0px 0px 0px;\n}\n<\/style>\n<div  class='flex_column av-45j1w4-c6f2d2458a41684d95a2aa9f205b5197 av_one_fourth  avia-builder-el-12  el_after_av_one_fourth  el_before_av_one_fourth  flex_column_div av-zero-column-padding  column-top-margin'     ><p>\n<style type=\"text\/css\" data-created_by=\"avia_inline_auto\" id=\"style-css-av-limwht6t-84f51872ea6659932d62860b7d5babeb\">\n.avia-image-container.av-limwht6t-84f51872ea6659932d62860b7d5babeb img.avia_image{\nbox-shadow:none;\n}\n.avia-image-container.av-limwht6t-84f51872ea6659932d62860b7d5babeb .av-image-caption-overlay-center{\ncolor:#ffffff;\n}\n<\/style>\n<div  class='avia-image-container av-limwht6t-84f51872ea6659932d62860b7d5babeb av-styling- avia-align-center  avia-builder-el-13  el_before_av_textblock  avia-builder-el-first '   itemprop=\"image\" itemscope=\"itemscope\" itemtype=\"https:\/\/schema.org\/ImageObject\" ><div class=\"avia-image-container-inner\"><div class=\"avia-image-overlay-wrap\"><img decoding=\"async\" fetchpriority=\"high\" class='wp-image-3980 avia-img-lazy-loading-not-3980 avia_image ' src=\"https:\/\/maailmanmuutos.org\/wp-content\/uploads\/2023\/08\/EU-liitttyminen-pikkukuva.jpg\" alt='' title='EU-liitttyminen-pikkukuva'  height=\"400\" width=\"495\"  itemprop=\"thumbnailUrl\" srcset=\"https:\/\/maailmanmuutos.org\/wp-content\/uploads\/2023\/08\/EU-liitttyminen-pikkukuva.jpg 495w, https:\/\/maailmanmuutos.org\/wp-content\/uploads\/2023\/08\/EU-liitttyminen-pikkukuva-120x97.jpg 120w\" sizes=\"(max-width: 495px) 100vw, 495px\" \/><\/div><\/div><\/div><br \/>\n<section  class='av_textblock_section av-limwhja3-cdec96093997045c16841f3bb705198b '   itemscope=\"itemscope\" itemtype=\"https:\/\/schema.org\/CreativeWork\" ><div class='avia_textblock'  itemprop=\"text\" ><p style=\"text-align: center;\"><a href=\"https:\/\/maailmanmuutos.org\/index.php\/suomi\/suomen-liittyminen-euroopan-unioniin\/liittyminen-euroopan-unioniin\/\">Liittyminen Euroopan unioniin<\/a><\/p>\n<\/div><\/section><\/p><\/div>\n\n<style type=\"text\/css\" data-created_by=\"avia_inline_auto\" id=\"style-css-av-2f594k-bda93da5e0ea01f93dc1ccf2b366bff3\">\n.flex_column.av-2f594k-bda93da5e0ea01f93dc1ccf2b366bff3{\nborder-radius:0px 0px 0px 0px;\npadding:0px 0px 0px 0px;\n}\n<\/style>\n<div  class='flex_column av-2f594k-bda93da5e0ea01f93dc1ccf2b366bff3 av_one_fourth  avia-builder-el-15  el_after_av_one_fourth  avia-builder-el-last  first flex_column_div av-zero-column-padding  column-top-margin'     ><p>\n<style type=\"text\/css\" data-created_by=\"avia_inline_auto\" id=\"style-css-av-limwht6t-5f7a4a08dd4533ba72e8cc766be897a7\">\n.avia-image-container.av-limwht6t-5f7a4a08dd4533ba72e8cc766be897a7 img.avia_image{\nbox-shadow:none;\n}\n.avia-image-container.av-limwht6t-5f7a4a08dd4533ba72e8cc766be897a7 .av-image-caption-overlay-center{\ncolor:#ffffff;\n}\n<\/style>\n<div  class='avia-image-container av-limwht6t-5f7a4a08dd4533ba72e8cc766be897a7 av-styling- avia-align-center  avia-builder-el-16  el_before_av_textblock  avia-builder-el-first '   itemprop=\"image\" itemscope=\"itemscope\" itemtype=\"https:\/\/schema.org\/ImageObject\" ><div class=\"avia-image-container-inner\"><div class=\"avia-image-overlay-wrap\"><img decoding=\"async\" fetchpriority=\"high\" class='wp-image-3262 avia-img-lazy-loading-not-3262 avia_image ' src=\"https:\/\/maailmanmuutos.org\/wp-content\/uploads\/2023\/08\/euroopan_parlamentti-pikkukuva.jpg\" alt='' title='euroopan_parlamentti-pikkukuva'  height=\"400\" width=\"495\"  itemprop=\"thumbnailUrl\" srcset=\"https:\/\/maailmanmuutos.org\/wp-content\/uploads\/2023\/08\/euroopan_parlamentti-pikkukuva.jpg 495w, https:\/\/maailmanmuutos.org\/wp-content\/uploads\/2023\/08\/euroopan_parlamentti-pikkukuva-120x97.jpg 120w\" sizes=\"(max-width: 495px) 100vw, 495px\" \/><\/div><\/div><\/div><br \/>\n<section  class='av_textblock_section av-limwhja3-cdec96093997045c16841f3bb705198b '   itemscope=\"itemscope\" itemtype=\"https:\/\/schema.org\/CreativeWork\" ><div class='avia_textblock'  itemprop=\"text\" ><p style=\"text-align: center;\"><a href=\"https:\/\/maailmanmuutos.org\/index.php\/suomi\/suomen-liittyminen-euroopan-unioniin\/eu-jasenyyden-toteutuminen-2\/\">Ulko- ja turvallisuuspolitiikan EU-linjaukset<\/a><\/p>\n<\/div><\/section><\/p><\/div>\n","protected":false},"excerpt":{"rendered":"","protected":false},"author":1,"featured_media":0,"parent":603,"menu_order":1,"comment_status":"closed","ping_status":"closed","template":"","meta":{"footnotes":""},"class_list":["post-1700","page","type-page","status-publish","hentry"],"_links":{"self":[{"href":"https:\/\/maailmanmuutos.org\/index.php\/wp-json\/wp\/v2\/pages\/1700","targetHints":{"allow":["GET"]}}],"collection":[{"href":"https:\/\/maailmanmuutos.org\/index.php\/wp-json\/wp\/v2\/pages"}],"about":[{"href":"https:\/\/maailmanmuutos.org\/index.php\/wp-json\/wp\/v2\/types\/page"}],"author":[{"embeddable":true,"href":"https:\/\/maailmanmuutos.org\/index.php\/wp-json\/wp\/v2\/users\/1"}],"replies":[{"embeddable":true,"href":"https:\/\/maailmanmuutos.org\/index.php\/wp-json\/wp\/v2\/comments?post=1700"}],"version-history":[{"count":12,"href":"https:\/\/maailmanmuutos.org\/index.php\/wp-json\/wp\/v2\/pages\/1700\/revisions"}],"predecessor-version":[{"id":4399,"href":"https:\/\/maailmanmuutos.org\/index.php\/wp-json\/wp\/v2\/pages\/1700\/revisions\/4399"}],"up":[{"embeddable":true,"href":"https:\/\/maailmanmuutos.org\/index.php\/wp-json\/wp\/v2\/pages\/603"}],"wp:attachment":[{"href":"https:\/\/maailmanmuutos.org\/index.php\/wp-json\/wp\/v2\/media?parent=1700"}],"curies":[{"name":"wp","href":"https:\/\/api.w.org\/{rel}","templated":true}]}}