{"id":1721,"date":"2023-03-08T20:39:45","date_gmt":"2023-03-08T20:39:45","guid":{"rendered":"http:\/\/us.ylirotu.fi\/index.php\/suomi\/suomen-liittyminen-euroopan-unioniin\/suomen-reaktiot-kylman-sodan-paattymiseen-5\/"},"modified":"2023-08-16T10:10:29","modified_gmt":"2023-08-16T10:10:29","slug":"baltian-maiden-itsenaistyminen-ja-suomi","status":"publish","type":"page","link":"https:\/\/maailmanmuutos.org\/index.php\/suomi\/suomen-liittyminen-euroopan-unioniin\/suomen-reaktiot-kylman-sodan-paattymiseen\/baltian-maiden-itsenaistyminen-ja-suomi\/","title":{"rendered":"Baltian maiden itsen\u00e4istyminen ja Suomi"},"content":{"rendered":"<div id='full_slider_1'  class='avia-fullwidth-slider main_color avia-shadow   avia-builder-el-0  el_before_av_one_full  avia-builder-el-first   container_wrap sidebar_right'  >\n<style type=\"text\/css\" data-created_by=\"avia_inline_auto\" id=\"style-css-av-kd4hz9nx-fb331aa0faaa9c578e2f07ccc45f5aa0\">\n#top #wrap_all .avia-slideshow .av-slideshow-caption.av-kd4hz9nx-fb331aa0faaa9c578e2f07ccc45f5aa0__0 .avia-caption-title{\nfont-size:22px;\n}\n#top .avia-slideshow .av-slideshow-caption.av-kd4hz9nx-fb331aa0faaa9c578e2f07ccc45f5aa0__0 .avia-caption-content{\nfont-size:14px;\n}\n#top .avia-slideshow .av-slideshow-caption.av-kd4hz9nx-fb331aa0faaa9c578e2f07ccc45f5aa0__0 .avia-caption-content p{\nfont-size:14px;\n}\n\n@media only screen and (min-width: 768px) and (max-width: 989px){ \n#top #wrap_all .avia-slideshow .av-slideshow-caption.av-kd4hz9nx-fb331aa0faaa9c578e2f07ccc45f5aa0__0 .avia-caption-title{\nfont-size:16px;\n}\n#top .avia-slideshow .av-slideshow-caption.av-kd4hz9nx-fb331aa0faaa9c578e2f07ccc45f5aa0__0 .avia-caption-content{\nfont-size:16px;\n}\n#top .avia-slideshow .av-slideshow-caption.av-kd4hz9nx-fb331aa0faaa9c578e2f07ccc45f5aa0__0 .avia-caption-content p{\nfont-size:16px;\n}\n}\n\n@media only screen and (min-width: 480px) and (max-width: 767px){ \n#top #wrap_all .avia-slideshow .av-slideshow-caption.av-kd4hz9nx-fb331aa0faaa9c578e2f07ccc45f5aa0__0 .avia-caption-title{\nfont-size:14px;\n}\n#top .avia-slideshow .av-slideshow-caption.av-kd4hz9nx-fb331aa0faaa9c578e2f07ccc45f5aa0__0 .avia-caption-content{\nfont-size:14px;\n}\n#top .avia-slideshow .av-slideshow-caption.av-kd4hz9nx-fb331aa0faaa9c578e2f07ccc45f5aa0__0 .avia-caption-content p{\nfont-size:14px;\n}\n}\n\n@media only screen and (max-width: 479px){ \n#top #wrap_all .avia-slideshow .av-slideshow-caption.av-kd4hz9nx-fb331aa0faaa9c578e2f07ccc45f5aa0__0 .avia-caption-title{\ndisplay:none;\n}\n#top .avia-slideshow .av-slideshow-caption.av-kd4hz9nx-fb331aa0faaa9c578e2f07ccc45f5aa0__0 .avia-caption-content{\ndisplay:none;\n}\n#top .avia-slideshow .av-slideshow-caption.av-kd4hz9nx-fb331aa0faaa9c578e2f07ccc45f5aa0__0 .avia-caption-content p{\ndisplay:none;\n}\n}\n<\/style>\n<div  class='avia-slideshow av-kd4hz9nx-fb331aa0faaa9c578e2f07ccc45f5aa0 avia-slideshow-featured av_slideshow_full avia-slide-slider av-slideshow-ui av-control-default av-slideshow-manual av-loop-once av-loop-manual-endless av-default-height-applied   avia-slideshow-1' data-slideshow-options=\"{&quot;animation&quot;:&quot;slide&quot;,&quot;autoplay&quot;:false,&quot;loop_autoplay&quot;:&quot;once&quot;,&quot;interval&quot;:5,&quot;loop_manual&quot;:&quot;manual-endless&quot;,&quot;autoplay_stopper&quot;:false,&quot;noNavigation&quot;:false,&quot;bg_slider&quot;:false,&quot;keep_padding&quot;:false,&quot;hoverpause&quot;:false,&quot;show_slide_delay&quot;:0}\"  itemprop=\"image\" itemscope=\"itemscope\" itemtype=\"https:\/\/schema.org\/ImageObject\" ><ul class='avia-slideshow-inner ' style='padding-bottom: 28.72411489646%;'><li  class='avia-slideshow-slide av-kd4hz9nx-fb331aa0faaa9c578e2f07ccc45f5aa0__0  av-single-slide slide-1 slide-odd'><div data-rel='slideshow-1' class='avia-slide-wrap '   ><img decoding=\"async\" fetchpriority=\"high\" class=\"wp-image-3842 avia-img-lazy-loading-not-3842\"  src=\"https:\/\/maailmanmuutos.org\/wp-content\/uploads\/2023\/08\/mauno-koivisto.jpg\" width=\"1497\" height=\"430\" title='kuvituskuvat' alt=''  itemprop=\"thumbnailUrl\" srcset=\"https:\/\/maailmanmuutos.org\/wp-content\/uploads\/2023\/08\/mauno-koivisto.jpg 1500w, https:\/\/maailmanmuutos.org\/wp-content\/uploads\/2023\/08\/mauno-koivisto-800x230.jpg 800w, https:\/\/maailmanmuutos.org\/wp-content\/uploads\/2023\/08\/mauno-koivisto-120x34.jpg 120w, https:\/\/maailmanmuutos.org\/wp-content\/uploads\/2023\/08\/mauno-koivisto-768x221.jpg 768w, https:\/\/maailmanmuutos.org\/wp-content\/uploads\/2023\/08\/mauno-koivisto-705x203.jpg 705w\" sizes=\"(max-width: 1497px) 100vw, 1497px\" \/><\/div><\/li><\/ul><\/div><\/div><div id='after_full_slider_1'  class='main_color av_default_container_wrap container_wrap sidebar_right'  ><div class='container av-section-cont-open' ><div class='template-page content  av-content-small alpha units'><div class='post-entry post-entry-type-page post-entry-1721'><div class='entry-content-wrapper clearfix'>\n\n<style type=\"text\/css\" data-created_by=\"avia_inline_auto\" id=\"style-css-av-5spn6-3d3e8ead61d02f87ad7c9f2fc625dc24\">\n.flex_column.av-5spn6-3d3e8ead61d02f87ad7c9f2fc625dc24{\nborder-radius:0px 0px 0px 0px;\npadding:0px 0px 0px 0px;\n}\n<\/style>\n<div  class='flex_column av-5spn6-3d3e8ead61d02f87ad7c9f2fc625dc24 av_one_full  avia-builder-el-1  el_after_av_slideshow_full  avia-builder-el-no-sibling  first flex_column_div av-zero-column-padding  '     ><p>\n<style type=\"text\/css\" data-created_by=\"avia_inline_auto\" id=\"style-css-av-av_heading-c1ccab1925262c00dca4036ecfa607d2\">\n#top .av-special-heading.av-av_heading-c1ccab1925262c00dca4036ecfa607d2{\npadding-bottom:10px;\n}\nbody .av-special-heading.av-av_heading-c1ccab1925262c00dca4036ecfa607d2 .av-special-heading-tag .heading-char{\nfont-size:25px;\n}\n.av-special-heading.av-av_heading-c1ccab1925262c00dca4036ecfa607d2 .av-subheading{\nfont-size:15px;\n}\n<\/style>\n<div  class='av-special-heading av-av_heading-c1ccab1925262c00dca4036ecfa607d2 av-special-heading-h1  avia-builder-el-2  el_before_av_hr  avia-builder-el-first '><h1 class='av-special-heading-tag'  itemprop=\"headline\"  >Baltian maiden itsen\u00e4istyminen ja Suomi <\/h1><div class=\"special-heading-border\"><div class=\"special-heading-inner-border\"><\/div><\/div><\/div><br \/>\n\n<style type=\"text\/css\" data-created_by=\"avia_inline_auto\" id=\"style-css-av-lldkjvb8-a68d33b69fd2f5585db35220e3dec335\">\n#top .hr.hr-invisible.av-lldkjvb8-a68d33b69fd2f5585db35220e3dec335{\nheight:50px;\n}\n<\/style>\n<div  class='hr av-lldkjvb8-a68d33b69fd2f5585db35220e3dec335 hr-invisible  avia-builder-el-3  el_after_av_heading  el_before_av_textblock '><span class='hr-inner '><span class=\"hr-inner-style\"><\/span><\/span><\/div><br \/>\n<section  class='av_textblock_section av-lezr0od0-94e7bd8ef786eea3c9a8d27065495667 '   itemscope=\"itemscope\" itemtype=\"https:\/\/schema.org\/CreativeWork\" ><div class='avia_textblock'  itemprop=\"text\" ><p><em><strong>Reaktiot v\u00e4kivaltaisuuksiin<\/strong><\/em><\/p>\n<p>Tammikuussa 1991 tilanne Baltian maissa kiristyi vakavaksi. Presidentti Koivisto sanoi haastattelussa 10. tammikuuta, ett\u00e4 ei ollut oikein yllytt\u00e4\u00e4 toisia \u201ckulkemaan semmoisella tiell\u00e4, jolla ei itse olla valmiita kulkemaan mukana\u201d. T\u00e4m\u00e4 oli selv\u00e4 viittaus my\u00f6s pohjoismaiden hallituksille, jotka olivat pyyt\u00e4neet Suomea yhtym\u00e4\u00e4n Baltian maiden itsen\u00e4isyytt\u00e4 tukeneeseen vaatimukseen. Suomella oli Talvisodan 1939-1940 ajalta kokemusta, miten v\u00e4h\u00e4n pelk\u00e4t lupaukset merkitsev\u00e4t kriisin k\u00e4rjistyess\u00e4 aseiden k\u00e4yt\u00f6n asteelle.<\/p>\n<p>Vilnassa ja Riiassa tapahtuneiden v\u00e4kivaltaisuuksien j\u00e4lkeen hallituksen kannanotot olivat edelleen varovaisia. Sek\u00e4 presidentti Koivisto ett\u00e4 p\u00e4\u00e4ministeri Holkeri varoittivat tiedotusv\u00e4lineit\u00e4 mielten kiihdytt\u00e4misest\u00e4 ja ep\u00e4realististen odotusten lietsomisesta.<\/p>\n<p><em><strong>Ristiriitaa kansalaismielipiteiss\u00e4<\/strong><\/em><\/p>\n<p>My\u00f6sk\u00e4\u00e4n l\u00e4nnest\u00e4 ei puututtu tilanteeseen juuri mill\u00e4\u00e4n tavalla. Saksan kanta oli selv\u00e4sti Gorbatshovia tukeva ja Baltian itsen\u00e4istymisen kiirehtimisen suhteen ep\u00e4ilev\u00e4inen. Yhdysvallat oli sitoutunut\u00a0 Persianlahden sotaan eik\u00e4 halunnut puuttua kaukaisen It\u00e4meren reuna-alueen asioihin.<\/p>\n<p>Valtiojohdon varovainen linja oli johtanut ristiriitaan suomalaisen lehdist\u00f6n ja kansalaismielipiteen enemmist\u00f6n kanssa. Ulkopolitiikan kannatus putosi parissa vuodessa huippuluvuista noin 20 prosenttia, ja vuonna 1991 en\u00e4\u00e4 62 prosenttia piti sit\u00e4 hyv\u00e4n\u00e4.<\/p>\n<p><em><strong>Diplomaattisuhteet Baltian maihin<\/strong><\/em><\/p>\n<p>Tilanne Baltiassa rauhoittui tammikuun j\u00e4lkeen verraten nopeasti, mihin osaltaan vaikutti Ven\u00e4j\u00e4n presidentti Jeltsinin nopea liittoutuminen Baltian tasavaltojen kanssa Neuvostoliiton keskushallitusta vastaan. Elokuussa 1991, Moskovan vallankaappausyrityksen ep\u00e4onnistuttua, Suomi tunnusti Baltian maiden itsen\u00e4isyyden ja palautti diplomaattisuhteet. My\u00f6s Helsingiss\u00e4 olleita entisi\u00e4 l\u00e4hetyst\u00f6rakennuksia ryhdyttiin palauttamaan.<\/p>\n<\/div><\/section><\/p><\/div>\n","protected":false},"excerpt":{"rendered":"","protected":false},"author":1,"featured_media":0,"parent":1709,"menu_order":4,"comment_status":"closed","ping_status":"closed","template":"","meta":{"footnotes":""},"class_list":["post-1721","page","type-page","status-publish","hentry"],"_links":{"self":[{"href":"https:\/\/maailmanmuutos.org\/index.php\/wp-json\/wp\/v2\/pages\/1721","targetHints":{"allow":["GET"]}}],"collection":[{"href":"https:\/\/maailmanmuutos.org\/index.php\/wp-json\/wp\/v2\/pages"}],"about":[{"href":"https:\/\/maailmanmuutos.org\/index.php\/wp-json\/wp\/v2\/types\/page"}],"author":[{"embeddable":true,"href":"https:\/\/maailmanmuutos.org\/index.php\/wp-json\/wp\/v2\/users\/1"}],"replies":[{"embeddable":true,"href":"https:\/\/maailmanmuutos.org\/index.php\/wp-json\/wp\/v2\/comments?post=1721"}],"version-history":[{"count":4,"href":"https:\/\/maailmanmuutos.org\/index.php\/wp-json\/wp\/v2\/pages\/1721\/revisions"}],"predecessor-version":[{"id":3841,"href":"https:\/\/maailmanmuutos.org\/index.php\/wp-json\/wp\/v2\/pages\/1721\/revisions\/3841"}],"up":[{"embeddable":true,"href":"https:\/\/maailmanmuutos.org\/index.php\/wp-json\/wp\/v2\/pages\/1709"}],"wp:attachment":[{"href":"https:\/\/maailmanmuutos.org\/index.php\/wp-json\/wp\/v2\/media?parent=1721"}],"curies":[{"name":"wp","href":"https:\/\/api.w.org\/{rel}","templated":true}]}}