{"id":1722,"date":"2023-03-08T20:39:45","date_gmt":"2023-03-08T20:39:45","guid":{"rendered":"http:\/\/us.ylirotu.fi\/index.php\/suomi\/suomen-liittyminen-euroopan-unioniin\/suomen-reaktiot-kylman-sodan-paattymiseen-6\/"},"modified":"2023-08-16T10:12:38","modified_gmt":"2023-08-16T10:12:38","slug":"reaktiot-neuvostoliiton-hajoamiseen","status":"publish","type":"page","link":"https:\/\/maailmanmuutos.org\/index.php\/suomi\/suomen-liittyminen-euroopan-unioniin\/suomen-reaktiot-kylman-sodan-paattymiseen\/reaktiot-neuvostoliiton-hajoamiseen\/","title":{"rendered":"Reaktiot Neuvostoliiton hajoamiseen"},"content":{"rendered":"<div id='full_slider_1'  class='avia-fullwidth-slider main_color avia-shadow   avia-builder-el-0  el_before_av_one_full  avia-builder-el-first   container_wrap sidebar_right'  >\n<style type=\"text\/css\" data-created_by=\"avia_inline_auto\" id=\"style-css-av-kd4hz9nx-fb331aa0faaa9c578e2f07ccc45f5aa0\">\n#top #wrap_all .avia-slideshow .av-slideshow-caption.av-kd4hz9nx-fb331aa0faaa9c578e2f07ccc45f5aa0__0 .avia-caption-title{\nfont-size:22px;\n}\n#top .avia-slideshow .av-slideshow-caption.av-kd4hz9nx-fb331aa0faaa9c578e2f07ccc45f5aa0__0 .avia-caption-content{\nfont-size:14px;\n}\n#top .avia-slideshow .av-slideshow-caption.av-kd4hz9nx-fb331aa0faaa9c578e2f07ccc45f5aa0__0 .avia-caption-content p{\nfont-size:14px;\n}\n\n@media only screen and (min-width: 768px) and (max-width: 989px){ \n#top #wrap_all .avia-slideshow .av-slideshow-caption.av-kd4hz9nx-fb331aa0faaa9c578e2f07ccc45f5aa0__0 .avia-caption-title{\nfont-size:16px;\n}\n#top .avia-slideshow .av-slideshow-caption.av-kd4hz9nx-fb331aa0faaa9c578e2f07ccc45f5aa0__0 .avia-caption-content{\nfont-size:16px;\n}\n#top .avia-slideshow .av-slideshow-caption.av-kd4hz9nx-fb331aa0faaa9c578e2f07ccc45f5aa0__0 .avia-caption-content p{\nfont-size:16px;\n}\n}\n\n@media only screen and (min-width: 480px) and (max-width: 767px){ \n#top #wrap_all .avia-slideshow .av-slideshow-caption.av-kd4hz9nx-fb331aa0faaa9c578e2f07ccc45f5aa0__0 .avia-caption-title{\nfont-size:14px;\n}\n#top .avia-slideshow .av-slideshow-caption.av-kd4hz9nx-fb331aa0faaa9c578e2f07ccc45f5aa0__0 .avia-caption-content{\nfont-size:14px;\n}\n#top .avia-slideshow .av-slideshow-caption.av-kd4hz9nx-fb331aa0faaa9c578e2f07ccc45f5aa0__0 .avia-caption-content p{\nfont-size:14px;\n}\n}\n\n@media only screen and (max-width: 479px){ \n#top #wrap_all .avia-slideshow .av-slideshow-caption.av-kd4hz9nx-fb331aa0faaa9c578e2f07ccc45f5aa0__0 .avia-caption-title{\ndisplay:none;\n}\n#top .avia-slideshow .av-slideshow-caption.av-kd4hz9nx-fb331aa0faaa9c578e2f07ccc45f5aa0__0 .avia-caption-content{\ndisplay:none;\n}\n#top .avia-slideshow .av-slideshow-caption.av-kd4hz9nx-fb331aa0faaa9c578e2f07ccc45f5aa0__0 .avia-caption-content p{\ndisplay:none;\n}\n}\n<\/style>\n<div  class='avia-slideshow av-kd4hz9nx-fb331aa0faaa9c578e2f07ccc45f5aa0 avia-slideshow-featured av_slideshow_full avia-slide-slider av-slideshow-ui av-control-default av-slideshow-manual av-loop-once av-loop-manual-endless av-default-height-applied   avia-slideshow-1' data-slideshow-options=\"{&quot;animation&quot;:&quot;slide&quot;,&quot;autoplay&quot;:false,&quot;loop_autoplay&quot;:&quot;once&quot;,&quot;interval&quot;:5,&quot;loop_manual&quot;:&quot;manual-endless&quot;,&quot;autoplay_stopper&quot;:false,&quot;noNavigation&quot;:false,&quot;bg_slider&quot;:false,&quot;keep_padding&quot;:false,&quot;hoverpause&quot;:false,&quot;show_slide_delay&quot;:0}\"  itemprop=\"image\" itemscope=\"itemscope\" itemtype=\"https:\/\/schema.org\/ImageObject\" ><ul class='avia-slideshow-inner ' style='padding-bottom: 28.72411489646%;'><li  class='avia-slideshow-slide av-kd4hz9nx-fb331aa0faaa9c578e2f07ccc45f5aa0__0  av-single-slide slide-1 slide-odd'><div data-rel='slideshow-1' class='avia-slide-wrap '   ><img decoding=\"async\" fetchpriority=\"high\" class=\"wp-image-2860 avia-img-lazy-loading-not-2860\"  src=\"https:\/\/maailmanmuutos.org\/wp-content\/uploads\/2023\/08\/venajan-valtataistelu-1991.jpg\" width=\"1497\" height=\"430\" title='kuvituskuvat' alt=''  itemprop=\"thumbnailUrl\" srcset=\"https:\/\/maailmanmuutos.org\/wp-content\/uploads\/2023\/08\/venajan-valtataistelu-1991.jpg 1500w, https:\/\/maailmanmuutos.org\/wp-content\/uploads\/2023\/08\/venajan-valtataistelu-1991-800x230.jpg 800w, https:\/\/maailmanmuutos.org\/wp-content\/uploads\/2023\/08\/venajan-valtataistelu-1991-120x34.jpg 120w, https:\/\/maailmanmuutos.org\/wp-content\/uploads\/2023\/08\/venajan-valtataistelu-1991-768x221.jpg 768w, https:\/\/maailmanmuutos.org\/wp-content\/uploads\/2023\/08\/venajan-valtataistelu-1991-705x203.jpg 705w\" sizes=\"(max-width: 1497px) 100vw, 1497px\" \/><\/div><\/li><\/ul><\/div><\/div><div id='after_full_slider_1'  class='main_color av_default_container_wrap container_wrap sidebar_right'  ><div class='container av-section-cont-open' ><div class='template-page content  av-content-small alpha units'><div class='post-entry post-entry-type-page post-entry-1722'><div class='entry-content-wrapper clearfix'>\n\n<style type=\"text\/css\" data-created_by=\"avia_inline_auto\" id=\"style-css-av-5spn6-3d3e8ead61d02f87ad7c9f2fc625dc24\">\n.flex_column.av-5spn6-3d3e8ead61d02f87ad7c9f2fc625dc24{\nborder-radius:0px 0px 0px 0px;\npadding:0px 0px 0px 0px;\n}\n<\/style>\n<div  class='flex_column av-5spn6-3d3e8ead61d02f87ad7c9f2fc625dc24 av_one_full  avia-builder-el-1  el_after_av_slideshow_full  avia-builder-el-no-sibling  first flex_column_div av-zero-column-padding  '     ><p>\n<style type=\"text\/css\" data-created_by=\"avia_inline_auto\" id=\"style-css-av-av_heading-e576cee5576a2ba109c61ee857b1108a\">\n#top .av-special-heading.av-av_heading-e576cee5576a2ba109c61ee857b1108a{\npadding-bottom:10px;\n}\nbody .av-special-heading.av-av_heading-e576cee5576a2ba109c61ee857b1108a .av-special-heading-tag .heading-char{\nfont-size:25px;\n}\n.av-special-heading.av-av_heading-e576cee5576a2ba109c61ee857b1108a .av-subheading{\nfont-size:15px;\n}\n<\/style>\n<div  class='av-special-heading av-av_heading-e576cee5576a2ba109c61ee857b1108a av-special-heading-h1  avia-builder-el-2  el_before_av_hr  avia-builder-el-first '><h1 class='av-special-heading-tag'  itemprop=\"headline\"  >Reaktiot Neuvostoliiton hajoamiseen <\/h1><div class=\"special-heading-border\"><div class=\"special-heading-inner-border\"><\/div><\/div><\/div><br \/>\n<div  class='hr av-av_hr-23b3846cdd0fbd0e234720a594f6db24 hr-default  avia-builder-el-3  el_after_av_heading  el_before_av_textblock '><span class='hr-inner '><span class=\"hr-inner-style\"><\/span><\/span><\/div><br \/>\n<section  class='av_textblock_section av-lezr0od0-94e7bd8ef786eea3c9a8d27065495667 '   itemscope=\"itemscope\" itemtype=\"https:\/\/schema.org\/CreativeWork\" ><div class='avia_textblock'  itemprop=\"text\" ><p><em><strong>Ulkopolitiikan tilannearviot<\/strong><\/em><\/p>\n<p>Kansalaistasolla yhteydet Suomesta Ven\u00e4j\u00e4lle olivat verraten vilkkaat. Tiedettiin hyvin, ett\u00e4 Gorbatshovin kaatamista suunniteltiin, mutta toisaalta n\u00e4htiin neuvostotasavaltojen suvereniteetin omilla alueillaan vahvistuvan. Erityisen merkitt\u00e4v\u00e4\u00e4 oli Ven\u00e4j\u00e4n federaation hallinnon v\u00e4hitt\u00e4inen kehittyminen neuvostohallinnon rinnalle.<\/p>\n<p>Todelliseen kokeeseen Suomen ulkopolitiikan johto joutui Neuvostoliiton hajoamisen kiihtyess\u00e4 ja samalla vanhoillisten vastarinnan voimistuessa vuoden 1990 lopulla. Taustana oli my\u00f6s Kuwaitin kriisin k\u00e4rjistyminen ja Persianlahden sodan alkaminen.<\/p>\n<p><em><strong>Gorbatshov vaikeuksissa<\/strong><\/em><\/p>\n<p>Suomi is\u00e4nn\u00f6i menestyksell\u00e4 Yhdysvaltojen ja Neuvostoliiton johtajien tapaamisen Helsingiss\u00e4 9. syyskuuta, jolloin he p\u00e4\u00e4ttiv\u00e4t yhteisest\u00e4 linjasta Irakin suhteen. Tapaamisen aikana Moskovasta tuli Helsinkiin tietoja, ett\u00e4 Gorbatshovia vastaan oli tekeill\u00e4 vallankaappaus. H\u00e4n joutuikin kiirehtim\u00e4\u00e4n kotiinpaluuta est\u00e4\u00e4kseen kriisin laajenemisen. Syksyn mittaan vanhoillisten paine Gorbatshovia kohtaan kasvoi ja h\u00e4net pakotettiin hyv\u00e4ksym\u00e4\u00e4n uudistusmielisen ulkoministerin Eduard Shevardnadzen ero.<\/p>\n<p>Presidentti Koivisto tuki mahdollisuuksiensa mukaan Gorbatshovia sek\u00e4 yhteydenpidossaan ulkomaiden johtajiin ett\u00e4 omissa poliittisissa kannanotoissaan, koska h\u00e4nen n\u00e4kemyksens\u00e4 mukaan sille vaihtoehtoina olivat jyrk\u00e4n linjan kommunistien voitto tai j\u00e4ttil\u00e4isvaltakunnan hallitsematon hajoaminen kaikkine siit\u00e4 Suomellekin seuraavine vaaroineen.<\/p>\n<p><em><strong>Moskovan vallankaappausyritys ja Suomi<\/strong><\/em><\/p>\n<p>Moskovassa 19. elokuuta tapahtuneessa vallankaappauksessa. Gorbatshov syrj\u00e4ytettiin, mutta Ven\u00e4j\u00e4n presidentti Boris Jeltsin nousi uhmaamaan poikkeustilakomiteaa. Suomen hallituksen kuten muidenkin ulkopuolisten tarkkailijoiden oli aluksi vaikeaa p\u00e4\u00e4tell\u00e4, kuka selvi\u00e4isi tilanteesta voittajaksi, joten ensimm\u00e4iset kannanotot olivat pid\u00e4ttyvi\u00e4, l\u00e4hinn\u00e4 uudistuskehityksen katkeamista pahoittelevia.<\/p>\n<p>Pian k\u00e4vi ilmi, ett\u00e4 Jeltsin Ven\u00e4j\u00e4n parlamentin tukemana nousi todellisen vallan haltijaksi Moskovassa. Suomi kulki kannanotoissa muiden l\u00e4nsimaiden rinnalla. Kun Ven\u00e4j\u00e4n presidentti ensin tunnusti Baltian maiden itsen\u00e4isyyden, Suomen tunnustus ilmoitettiin yht\u00e4 aikaa t\u00e4rkeimpien l\u00e4nsieurooppalaisten maiden kanssa. Suomen hallitus totesi, ettei Baltian tasavaltojen itsen\u00e4isyyden oikeudellista tunnustamista ollut koskaan peruttu, joten nyt se vain palautettiin k\u00e4yt\u00e4nn\u00f6ss\u00e4 voimaan.<\/p>\n<\/div><\/section><\/p><\/div>\n","protected":false},"excerpt":{"rendered":"","protected":false},"author":1,"featured_media":0,"parent":1709,"menu_order":5,"comment_status":"closed","ping_status":"closed","template":"","meta":{"footnotes":""},"class_list":["post-1722","page","type-page","status-publish","hentry"],"_links":{"self":[{"href":"https:\/\/maailmanmuutos.org\/index.php\/wp-json\/wp\/v2\/pages\/1722","targetHints":{"allow":["GET"]}}],"collection":[{"href":"https:\/\/maailmanmuutos.org\/index.php\/wp-json\/wp\/v2\/pages"}],"about":[{"href":"https:\/\/maailmanmuutos.org\/index.php\/wp-json\/wp\/v2\/types\/page"}],"author":[{"embeddable":true,"href":"https:\/\/maailmanmuutos.org\/index.php\/wp-json\/wp\/v2\/users\/1"}],"replies":[{"embeddable":true,"href":"https:\/\/maailmanmuutos.org\/index.php\/wp-json\/wp\/v2\/comments?post=1722"}],"version-history":[{"count":5,"href":"https:\/\/maailmanmuutos.org\/index.php\/wp-json\/wp\/v2\/pages\/1722\/revisions"}],"predecessor-version":[{"id":3848,"href":"https:\/\/maailmanmuutos.org\/index.php\/wp-json\/wp\/v2\/pages\/1722\/revisions\/3848"}],"up":[{"embeddable":true,"href":"https:\/\/maailmanmuutos.org\/index.php\/wp-json\/wp\/v2\/pages\/1709"}],"wp:attachment":[{"href":"https:\/\/maailmanmuutos.org\/index.php\/wp-json\/wp\/v2\/media?parent=1722"}],"curies":[{"name":"wp","href":"https:\/\/api.w.org\/{rel}","templated":true}]}}