{"id":1760,"date":"2023-03-08T20:50:37","date_gmt":"2023-03-08T20:50:37","guid":{"rendered":"http:\/\/us.ylirotu.fi\/index.php\/suomi\/suomen-liittyminen-euroopan-unioniin\/talouslama-90-luvun-alussa\/talouden-ylikuumentuminen-2\/"},"modified":"2023-08-16T09:13:24","modified_gmt":"2023-08-16T09:13:24","slug":"pankkikriisi-ja-markan-devalvoituminen","status":"publish","type":"page","link":"https:\/\/maailmanmuutos.org\/index.php\/suomi\/suomen-liittyminen-euroopan-unioniin\/talouslama-90-luvun-alussa\/pankkikriisi-ja-markan-devalvoituminen\/","title":{"rendered":"Pankkikriisi ja markan devalvoituminen"},"content":{"rendered":"<div id='full_slider_1'  class='avia-fullwidth-slider main_color avia-shadow   avia-builder-el-0  el_before_av_one_full  avia-builder-el-first   container_wrap sidebar_right'  >\n<style type=\"text\/css\" data-created_by=\"avia_inline_auto\" id=\"style-css-av-kd4hz9nx-fb331aa0faaa9c578e2f07ccc45f5aa0\">\n#top #wrap_all .avia-slideshow .av-slideshow-caption.av-kd4hz9nx-fb331aa0faaa9c578e2f07ccc45f5aa0__0 .avia-caption-title{\nfont-size:22px;\n}\n#top .avia-slideshow .av-slideshow-caption.av-kd4hz9nx-fb331aa0faaa9c578e2f07ccc45f5aa0__0 .avia-caption-content{\nfont-size:14px;\n}\n#top .avia-slideshow .av-slideshow-caption.av-kd4hz9nx-fb331aa0faaa9c578e2f07ccc45f5aa0__0 .avia-caption-content p{\nfont-size:14px;\n}\n\n@media only screen and (min-width: 768px) and (max-width: 989px){ \n#top #wrap_all .avia-slideshow .av-slideshow-caption.av-kd4hz9nx-fb331aa0faaa9c578e2f07ccc45f5aa0__0 .avia-caption-title{\nfont-size:16px;\n}\n#top .avia-slideshow .av-slideshow-caption.av-kd4hz9nx-fb331aa0faaa9c578e2f07ccc45f5aa0__0 .avia-caption-content{\nfont-size:16px;\n}\n#top .avia-slideshow .av-slideshow-caption.av-kd4hz9nx-fb331aa0faaa9c578e2f07ccc45f5aa0__0 .avia-caption-content p{\nfont-size:16px;\n}\n}\n\n@media only screen and (min-width: 480px) and (max-width: 767px){ \n#top #wrap_all .avia-slideshow .av-slideshow-caption.av-kd4hz9nx-fb331aa0faaa9c578e2f07ccc45f5aa0__0 .avia-caption-title{\nfont-size:14px;\n}\n#top .avia-slideshow .av-slideshow-caption.av-kd4hz9nx-fb331aa0faaa9c578e2f07ccc45f5aa0__0 .avia-caption-content{\nfont-size:14px;\n}\n#top .avia-slideshow .av-slideshow-caption.av-kd4hz9nx-fb331aa0faaa9c578e2f07ccc45f5aa0__0 .avia-caption-content p{\nfont-size:14px;\n}\n}\n\n@media only screen and (max-width: 479px){ \n#top #wrap_all .avia-slideshow .av-slideshow-caption.av-kd4hz9nx-fb331aa0faaa9c578e2f07ccc45f5aa0__0 .avia-caption-title{\ndisplay:none;\n}\n#top .avia-slideshow .av-slideshow-caption.av-kd4hz9nx-fb331aa0faaa9c578e2f07ccc45f5aa0__0 .avia-caption-content{\ndisplay:none;\n}\n#top .avia-slideshow .av-slideshow-caption.av-kd4hz9nx-fb331aa0faaa9c578e2f07ccc45f5aa0__0 .avia-caption-content p{\ndisplay:none;\n}\n}\n<\/style>\n<div  class='avia-slideshow av-kd4hz9nx-fb331aa0faaa9c578e2f07ccc45f5aa0 avia-slideshow-featured av_slideshow_full avia-slide-slider av-slideshow-ui av-control-default av-slideshow-manual av-loop-once av-loop-manual-endless av-default-height-applied   avia-slideshow-1' data-slideshow-options=\"{&quot;animation&quot;:&quot;slide&quot;,&quot;autoplay&quot;:false,&quot;loop_autoplay&quot;:&quot;once&quot;,&quot;interval&quot;:5,&quot;loop_manual&quot;:&quot;manual-endless&quot;,&quot;autoplay_stopper&quot;:false,&quot;noNavigation&quot;:false,&quot;bg_slider&quot;:false,&quot;keep_padding&quot;:false,&quot;hoverpause&quot;:false,&quot;show_slide_delay&quot;:0}\"  itemprop=\"image\" itemscope=\"itemscope\" itemtype=\"https:\/\/schema.org\/ImageObject\" ><ul class='avia-slideshow-inner ' style='padding-bottom: 28.72411489646%;'><li  class='avia-slideshow-slide av-kd4hz9nx-fb331aa0faaa9c578e2f07ccc45f5aa0__0  av-single-slide slide-1 slide-odd'><div data-rel='slideshow-1' class='avia-slide-wrap '   ><img decoding=\"async\" fetchpriority=\"high\" class=\"wp-image-3815 avia-img-lazy-loading-not-3815\"  src=\"https:\/\/maailmanmuutos.org\/wp-content\/uploads\/2023\/08\/suomen-markka.jpg\" width=\"1497\" height=\"430\" title='kuvituskuvat' alt=''  itemprop=\"thumbnailUrl\" srcset=\"https:\/\/maailmanmuutos.org\/wp-content\/uploads\/2023\/08\/suomen-markka.jpg 1500w, https:\/\/maailmanmuutos.org\/wp-content\/uploads\/2023\/08\/suomen-markka-800x230.jpg 800w, https:\/\/maailmanmuutos.org\/wp-content\/uploads\/2023\/08\/suomen-markka-120x34.jpg 120w, https:\/\/maailmanmuutos.org\/wp-content\/uploads\/2023\/08\/suomen-markka-768x221.jpg 768w, https:\/\/maailmanmuutos.org\/wp-content\/uploads\/2023\/08\/suomen-markka-705x203.jpg 705w\" sizes=\"(max-width: 1497px) 100vw, 1497px\" \/><\/div><\/li><\/ul><\/div><\/div><div id='after_full_slider_1'  class='main_color av_default_container_wrap container_wrap sidebar_right'  ><div class='container av-section-cont-open' ><div class='template-page content  av-content-small alpha units'><div class='post-entry post-entry-type-page post-entry-1760'><div class='entry-content-wrapper clearfix'>\n\n<style type=\"text\/css\" data-created_by=\"avia_inline_auto\" id=\"style-css-av-5spn6-3d3e8ead61d02f87ad7c9f2fc625dc24\">\n.flex_column.av-5spn6-3d3e8ead61d02f87ad7c9f2fc625dc24{\nborder-radius:0px 0px 0px 0px;\npadding:0px 0px 0px 0px;\n}\n<\/style>\n<div  class='flex_column av-5spn6-3d3e8ead61d02f87ad7c9f2fc625dc24 av_one_full  avia-builder-el-1  el_after_av_slideshow_full  avia-builder-el-no-sibling  first flex_column_div av-zero-column-padding  '     ><p>\n<style type=\"text\/css\" data-created_by=\"avia_inline_auto\" id=\"style-css-av-av_heading-2b6bc0dbe6a5e25f966b20db1c152fae\">\n#top .av-special-heading.av-av_heading-2b6bc0dbe6a5e25f966b20db1c152fae{\npadding-bottom:10px;\n}\nbody .av-special-heading.av-av_heading-2b6bc0dbe6a5e25f966b20db1c152fae .av-special-heading-tag .heading-char{\nfont-size:25px;\n}\n.av-special-heading.av-av_heading-2b6bc0dbe6a5e25f966b20db1c152fae .av-subheading{\nfont-size:15px;\n}\n<\/style>\n<div  class='av-special-heading av-av_heading-2b6bc0dbe6a5e25f966b20db1c152fae av-special-heading-h1  avia-builder-el-2  el_before_av_hr  avia-builder-el-first '><h1 class='av-special-heading-tag'  itemprop=\"headline\"  >Pankkikriisi ja markan devalvoituminen <\/h1><div class=\"special-heading-border\"><div class=\"special-heading-inner-border\"><\/div><\/div><\/div><br \/>\n\n<style type=\"text\/css\" data-created_by=\"avia_inline_auto\" id=\"style-css-av-lldilmhi-b4311543dd8ed1ed047d12bb3a9b58b6\">\n#top .hr.hr-invisible.av-lldilmhi-b4311543dd8ed1ed047d12bb3a9b58b6{\nheight:50px;\n}\n<\/style>\n<div  class='hr av-lldilmhi-b4311543dd8ed1ed047d12bb3a9b58b6 hr-invisible  avia-builder-el-3  el_after_av_heading  el_before_av_textblock '><span class='hr-inner '><span class=\"hr-inner-style\"><\/span><\/span><\/div><br \/>\n<section  class='av_textblock_section av-lezr0od0-94e7bd8ef786eea3c9a8d27065495667 '   itemscope=\"itemscope\" itemtype=\"https:\/\/schema.org\/CreativeWork\" ><div class='avia_textblock'  itemprop=\"text\" ><p><em><strong>\u00a0\u201cVakaan markan\u201d politiikka<\/strong><\/em><\/p>\n<p>Nousukauden pys\u00e4htymiseen viittaavista merkeist\u00e4 huolimatta valtiovalta ilmaisi halunsa jatkaa \u201cvakaan markan\u201d politiikkaa, jolla pyrittiin v\u00e4hent\u00e4m\u00e4\u00e4n devalvaatio-odotuksia. T\u00e4h\u00e4n liittyi kes\u00e4ll\u00e4 1991 markan arvon kytkeminen Euroopan talousyhteis\u00f6n valuuttaj\u00e4rjestelm\u00e4\u00e4n kurssilla, joka pian osoittautui liian korkeaksi.<\/p>\n<p><em><strong>Markan arvon puolustaminen<\/strong><\/em><\/p>\n<p>Markan arvon puolustaminen ja kasvaneet talouden tasapainotuksen vaikeudet nostivat korkotason eritt\u00e4in korkealle, mist\u00e4 seurasi pahasti velkaantuneiden yritysten konkursseja ja monien ihmisten joutuminen \u201cvelkaloukkuun\u201d. N\u00e4ist\u00e4 syist\u00e4 ty\u00f6tt\u00f6myys kohosi nopeasti.\u00a0Vuodesta 1990 l\u00e4htien osakkeiden hinnat putosivat kolmannekseen ja my\u00f6s kiinteist\u00f6jen arvo aleni saavutetusta huipusta noin kolmannekseen. Sadoittain yrityksi\u00e4 meni konkurssiin, jolloin pankit k\u00e4rsiv\u00e4t suuria luottotappioita ja korkotaso asettui eritt\u00e4in korkealle.<\/p>\n<p><em><strong>Valuuttapako<\/strong><\/em><\/p>\n<p>Vuoden 1991 puoliv\u00e4liss\u00e4 alkoi valuuttapako, joka oli seurausta markan kiinnitt\u00e4misest\u00e4 liian korkealla kurssilla EY:n valuuttaj\u00e4rjestelm\u00e4\u00e4n, devalvaatioodotuksista ja juuri paljastuneen talouskriisin syvyydest\u00e4. Kun yritykset talouden vakauttamiseen eiv\u00e4t tuottaneet tulosta, valuuttapako ulkomaille kiihtyi. Markka oli marraskuussa pakko devalvoida noin 12 prosentilla.<\/p>\n<p><em><strong>Yritysten maksukyky heikkeni<\/strong><\/em><\/p>\n<p>Ulkomailta halpakorkoisia lainoja ottaneiden yritysten maksukyky joutui koetukselle markan devalvaation vuoksi syksyst\u00e4 1991 alkaen. Samalla uusien lainojen saanti vaikeutui ja korot nousivat, jolloin pankit joutuivat kriisiin. Valuuttapaon jatkuessa vuonna 1992 Suomen luottokelpoisuus vaarantui ja korot edelleen nousivat. Markan kurssi p\u00e4\u00e4stettiin kellumaan, jolloin sen arvo aleni aluksi noin 13 prosenttia. Sen j\u00e4lkeen valuuttakriisi lopulta saatiin hallintaan.<\/p>\n<p>Pankkien tukemiseksi valtio joutui takaamaan ulkomaisia lainoja ja kansalaisten s\u00e4\u00e4st\u00f6j\u00e4. Siit\u00e4 huolimatta koko pankkij\u00e4rjestelm\u00e4 horjui vuosina 1991-1994, jolloin useita pankkeja kaatui tai muodostettiin kokonaan uudelle pohjalle.<\/p>\n<\/div><\/section><\/p><\/div>\n","protected":false},"excerpt":{"rendered":"","protected":false},"author":1,"featured_media":0,"parent":1747,"menu_order":2,"comment_status":"closed","ping_status":"closed","template":"","meta":{"footnotes":""},"class_list":["post-1760","page","type-page","status-publish","hentry"],"_links":{"self":[{"href":"https:\/\/maailmanmuutos.org\/index.php\/wp-json\/wp\/v2\/pages\/1760","targetHints":{"allow":["GET"]}}],"collection":[{"href":"https:\/\/maailmanmuutos.org\/index.php\/wp-json\/wp\/v2\/pages"}],"about":[{"href":"https:\/\/maailmanmuutos.org\/index.php\/wp-json\/wp\/v2\/types\/page"}],"author":[{"embeddable":true,"href":"https:\/\/maailmanmuutos.org\/index.php\/wp-json\/wp\/v2\/users\/1"}],"replies":[{"embeddable":true,"href":"https:\/\/maailmanmuutos.org\/index.php\/wp-json\/wp\/v2\/comments?post=1760"}],"version-history":[{"count":4,"href":"https:\/\/maailmanmuutos.org\/index.php\/wp-json\/wp\/v2\/pages\/1760\/revisions"}],"predecessor-version":[{"id":3814,"href":"https:\/\/maailmanmuutos.org\/index.php\/wp-json\/wp\/v2\/pages\/1760\/revisions\/3814"}],"up":[{"embeddable":true,"href":"https:\/\/maailmanmuutos.org\/index.php\/wp-json\/wp\/v2\/pages\/1747"}],"wp:attachment":[{"href":"https:\/\/maailmanmuutos.org\/index.php\/wp-json\/wp\/v2\/media?parent=1760"}],"curies":[{"name":"wp","href":"https:\/\/api.w.org\/{rel}","templated":true}]}}