{"id":1761,"date":"2023-03-08T20:50:37","date_gmt":"2023-03-08T20:50:37","guid":{"rendered":"http:\/\/us.ylirotu.fi\/index.php\/suomi\/suomen-liittyminen-euroopan-unioniin\/talouslama-90-luvun-alussa\/talouden-ylikuumentuminen-3\/"},"modified":"2023-08-16T13:11:07","modified_gmt":"2023-08-16T13:11:07","slug":"tyottomyyden-kasvu-ja-talouden-rakennemuutos","status":"publish","type":"page","link":"https:\/\/maailmanmuutos.org\/index.php\/suomi\/suomen-liittyminen-euroopan-unioniin\/talouslama-90-luvun-alussa\/tyottomyyden-kasvu-ja-talouden-rakennemuutos\/","title":{"rendered":"Ty\u00f6tt\u00f6myyden kasvu ja talouden rakennemuutos"},"content":{"rendered":"<div id='full_slider_1'  class='avia-fullwidth-slider main_color avia-shadow   avia-builder-el-0  el_before_av_one_full  avia-builder-el-first   container_wrap sidebar_right'  >\n<style type=\"text\/css\" data-created_by=\"avia_inline_auto\" id=\"style-css-av-kd4hz9nx-fb331aa0faaa9c578e2f07ccc45f5aa0\">\n#top #wrap_all .avia-slideshow .av-slideshow-caption.av-kd4hz9nx-fb331aa0faaa9c578e2f07ccc45f5aa0__0 .avia-caption-title{\nfont-size:22px;\n}\n#top .avia-slideshow .av-slideshow-caption.av-kd4hz9nx-fb331aa0faaa9c578e2f07ccc45f5aa0__0 .avia-caption-content{\nfont-size:14px;\n}\n#top .avia-slideshow .av-slideshow-caption.av-kd4hz9nx-fb331aa0faaa9c578e2f07ccc45f5aa0__0 .avia-caption-content p{\nfont-size:14px;\n}\n\n@media only screen and (min-width: 768px) and (max-width: 989px){ \n#top #wrap_all .avia-slideshow .av-slideshow-caption.av-kd4hz9nx-fb331aa0faaa9c578e2f07ccc45f5aa0__0 .avia-caption-title{\nfont-size:16px;\n}\n#top .avia-slideshow .av-slideshow-caption.av-kd4hz9nx-fb331aa0faaa9c578e2f07ccc45f5aa0__0 .avia-caption-content{\nfont-size:16px;\n}\n#top .avia-slideshow .av-slideshow-caption.av-kd4hz9nx-fb331aa0faaa9c578e2f07ccc45f5aa0__0 .avia-caption-content p{\nfont-size:16px;\n}\n}\n\n@media only screen and (min-width: 480px) and (max-width: 767px){ \n#top #wrap_all .avia-slideshow .av-slideshow-caption.av-kd4hz9nx-fb331aa0faaa9c578e2f07ccc45f5aa0__0 .avia-caption-title{\nfont-size:14px;\n}\n#top .avia-slideshow .av-slideshow-caption.av-kd4hz9nx-fb331aa0faaa9c578e2f07ccc45f5aa0__0 .avia-caption-content{\nfont-size:14px;\n}\n#top .avia-slideshow .av-slideshow-caption.av-kd4hz9nx-fb331aa0faaa9c578e2f07ccc45f5aa0__0 .avia-caption-content p{\nfont-size:14px;\n}\n}\n\n@media only screen and (max-width: 479px){ \n#top #wrap_all .avia-slideshow .av-slideshow-caption.av-kd4hz9nx-fb331aa0faaa9c578e2f07ccc45f5aa0__0 .avia-caption-title{\ndisplay:none;\n}\n#top .avia-slideshow .av-slideshow-caption.av-kd4hz9nx-fb331aa0faaa9c578e2f07ccc45f5aa0__0 .avia-caption-content{\ndisplay:none;\n}\n#top .avia-slideshow .av-slideshow-caption.av-kd4hz9nx-fb331aa0faaa9c578e2f07ccc45f5aa0__0 .avia-caption-content p{\ndisplay:none;\n}\n}\n<\/style>\n<div  class='avia-slideshow av-kd4hz9nx-fb331aa0faaa9c578e2f07ccc45f5aa0 avia-slideshow-featured av_slideshow_full avia-slide-slider av-slideshow-ui av-control-default av-slideshow-manual av-loop-once av-loop-manual-endless av-default-height-applied   avia-slideshow-1' data-slideshow-options=\"{&quot;animation&quot;:&quot;slide&quot;,&quot;autoplay&quot;:false,&quot;loop_autoplay&quot;:&quot;once&quot;,&quot;interval&quot;:5,&quot;loop_manual&quot;:&quot;manual-endless&quot;,&quot;autoplay_stopper&quot;:false,&quot;noNavigation&quot;:false,&quot;bg_slider&quot;:false,&quot;keep_padding&quot;:false,&quot;hoverpause&quot;:false,&quot;show_slide_delay&quot;:0}\"  itemprop=\"image\" itemscope=\"itemscope\" itemtype=\"https:\/\/schema.org\/ImageObject\" ><ul class='avia-slideshow-inner ' style='padding-bottom: 28.72411489646%;'><li  class='avia-slideshow-slide av-kd4hz9nx-fb331aa0faaa9c578e2f07ccc45f5aa0__0  av-single-slide slide-1 slide-odd'><div data-rel='slideshow-1' class='avia-slide-wrap '   ><img decoding=\"async\" fetchpriority=\"high\" class=\"wp-image-3934 avia-img-lazy-loading-not-3934\"  src=\"https:\/\/maailmanmuutos.org\/wp-content\/uploads\/2023\/08\/tyovoimatoimisto.jpg\" width=\"1497\" height=\"430\" title='kuvituskuvat' alt=''  itemprop=\"thumbnailUrl\" srcset=\"https:\/\/maailmanmuutos.org\/wp-content\/uploads\/2023\/08\/tyovoimatoimisto.jpg 1500w, https:\/\/maailmanmuutos.org\/wp-content\/uploads\/2023\/08\/tyovoimatoimisto-800x230.jpg 800w, https:\/\/maailmanmuutos.org\/wp-content\/uploads\/2023\/08\/tyovoimatoimisto-120x34.jpg 120w, https:\/\/maailmanmuutos.org\/wp-content\/uploads\/2023\/08\/tyovoimatoimisto-768x221.jpg 768w, https:\/\/maailmanmuutos.org\/wp-content\/uploads\/2023\/08\/tyovoimatoimisto-705x203.jpg 705w\" sizes=\"(max-width: 1497px) 100vw, 1497px\" \/><\/div><\/li><\/ul><\/div><\/div><div id='after_full_slider_1'  class='main_color av_default_container_wrap container_wrap sidebar_right'  ><div class='container av-section-cont-open' ><div class='template-page content  av-content-small alpha units'><div class='post-entry post-entry-type-page post-entry-1761'><div class='entry-content-wrapper clearfix'>\n\n<style type=\"text\/css\" data-created_by=\"avia_inline_auto\" id=\"style-css-av-5spn6-3d3e8ead61d02f87ad7c9f2fc625dc24\">\n.flex_column.av-5spn6-3d3e8ead61d02f87ad7c9f2fc625dc24{\nborder-radius:0px 0px 0px 0px;\npadding:0px 0px 0px 0px;\n}\n<\/style>\n<div  class='flex_column av-5spn6-3d3e8ead61d02f87ad7c9f2fc625dc24 av_one_full  avia-builder-el-1  el_after_av_slideshow_full  avia-builder-el-no-sibling  first flex_column_div av-zero-column-padding  '     ><p>\n<style type=\"text\/css\" data-created_by=\"avia_inline_auto\" id=\"style-css-av-27d4ap-469694f14890083a70a6eb719858a57a\">\n#top .av-special-heading.av-27d4ap-469694f14890083a70a6eb719858a57a{\npadding-bottom:10px;\n}\nbody .av-special-heading.av-27d4ap-469694f14890083a70a6eb719858a57a .av-special-heading-tag .heading-char{\nfont-size:25px;\n}\n.av-special-heading.av-27d4ap-469694f14890083a70a6eb719858a57a .av-subheading{\nfont-size:15px;\n}\n<\/style>\n<div  class='av-special-heading av-27d4ap-469694f14890083a70a6eb719858a57a av-special-heading-h1  avia-builder-el-2  el_before_av_hr  avia-builder-el-first '><h1 class='av-special-heading-tag'  itemprop=\"headline\"  >Ty\u00f6tt\u00f6myyden kasvu ja talouden rakennemuutos <\/h1><div class=\"special-heading-border\"><div class=\"special-heading-inner-border\"><\/div><\/div><\/div><br \/>\n\n<style type=\"text\/css\" data-created_by=\"avia_inline_auto\" id=\"style-css-av-39ei4x-c1162bf58224ea491156c9ba4e345670\">\n#top .hr.hr-invisible.av-39ei4x-c1162bf58224ea491156c9ba4e345670{\nheight:50px;\n}\n<\/style>\n<div  class='hr av-39ei4x-c1162bf58224ea491156c9ba4e345670 hr-invisible  avia-builder-el-3  el_after_av_heading  el_before_av_textblock '><span class='hr-inner '><span class=\"hr-inner-style\"><\/span><\/span><\/div><br \/>\n<section  class='av_textblock_section av-lezr0od0-94e7bd8ef786eea3c9a8d27065495667 '   itemscope=\"itemscope\" itemtype=\"https:\/\/schema.org\/CreativeWork\" ><div class='avia_textblock'  itemprop=\"text\" ><p><em><strong>Bruttokansantuoteen lasku<\/strong><\/em><\/p>\n<p>Bruttokansantuote laski voimakkaasti, vuonna 1991 per\u00e4ti seitsem\u00e4n prosenttia ja seuraavana vuonnakin viel\u00e4 nelj\u00e4 prosenttia. Ty\u00f6tt\u00f6myys vastaavasti nousi 1980-luvun lopun noin 80 000 ty\u00f6tt\u00f6m\u00e4n tasosta parissa vuodessa yli 500 000 henkeen. Ty\u00f6tt\u00f6myysaste kohosi vuoden 1990 kolmesta prosentista 16 prosenttiin vuonna 1994. Pahiten lamasta k\u00e4rsiv\u00e4t rakennusty\u00f6l\u00e4iset, joiden ty\u00f6tt\u00f6myysaste kohosi noin 37 prosenttiin.<\/p>\n<p>Vuonna 1992 Suomen talous oli jo uhkaavassa kierteess\u00e4, kun tuotanto lamaantui lainojen saannin vaikeutumisen ja korkeiden korkojen vuoksi, ja ty\u00f6tt\u00f6myysaste kohosi jyrk\u00e4sti.<\/p>\n<p><em><strong>Valtion maksukyky vaarassa<\/strong><\/em><\/p>\n<p>Kriisin k\u00e4rjistyess\u00e4 vuonna 1992 valtio oli vaarassa joutua julistetuksi maksukyvytt\u00f6m\u00e4ksi, jolloin luotonsaanti olisi loppunut. Runsailla ulkomailta otetuilla luotoilla kyettiin maksamaan kasvaneet ty\u00f6tt\u00f6myys- ja sosiaalimenot, ja siten saatiin yhteiskuntarauha s\u00e4ilym\u00e4\u00e4n.<\/p>\n<p>Talouden elvytt\u00e4misponnistelut kohdistettiin vientiteollisuuteen, joka alkoikin toipua vuosikymmenen puoliv\u00e4liin menness\u00e4. Kulujen voimakas v\u00e4hent\u00e4minen paransi valtiontalouden tilaa, mutta samalla pohjoismaisen hyvinvointimallin perusta tuli uhanalaiseksi.<\/p>\n<p>Yritysten ja my\u00f6s yhteiskunnan monien laitosten t\u00e4ytyi kysynn\u00e4n hiljetess\u00e4 v\u00e4hent\u00e4\u00e4 voimakkaasti kulujaan, jolloin ty\u00f6voimaan irtisanottiin ja kohdennettiin uudelleen. T\u00e4h\u00e4n liittyi tietotekniikan \u00a0laajamittainen k\u00e4ytt\u00f6\u00f6notto. Informaatioteknologian osuus kansantaloudessa kasvoi, ja elektroniikkateollisuus\u00a0 kasvatti vienti\u00e4\u00e4n ulkomaille.<\/p>\n<\/div><\/section><\/p><\/div>\n","protected":false},"excerpt":{"rendered":"","protected":false},"author":1,"featured_media":0,"parent":1747,"menu_order":3,"comment_status":"closed","ping_status":"closed","template":"","meta":{"footnotes":""},"class_list":["post-1761","page","type-page","status-publish","hentry"],"_links":{"self":[{"href":"https:\/\/maailmanmuutos.org\/index.php\/wp-json\/wp\/v2\/pages\/1761","targetHints":{"allow":["GET"]}}],"collection":[{"href":"https:\/\/maailmanmuutos.org\/index.php\/wp-json\/wp\/v2\/pages"}],"about":[{"href":"https:\/\/maailmanmuutos.org\/index.php\/wp-json\/wp\/v2\/types\/page"}],"author":[{"embeddable":true,"href":"https:\/\/maailmanmuutos.org\/index.php\/wp-json\/wp\/v2\/users\/1"}],"replies":[{"embeddable":true,"href":"https:\/\/maailmanmuutos.org\/index.php\/wp-json\/wp\/v2\/comments?post=1761"}],"version-history":[{"count":5,"href":"https:\/\/maailmanmuutos.org\/index.php\/wp-json\/wp\/v2\/pages\/1761\/revisions"}],"predecessor-version":[{"id":3933,"href":"https:\/\/maailmanmuutos.org\/index.php\/wp-json\/wp\/v2\/pages\/1761\/revisions\/3933"}],"up":[{"embeddable":true,"href":"https:\/\/maailmanmuutos.org\/index.php\/wp-json\/wp\/v2\/pages\/1747"}],"wp:attachment":[{"href":"https:\/\/maailmanmuutos.org\/index.php\/wp-json\/wp\/v2\/media?parent=1761"}],"curies":[{"name":"wp","href":"https:\/\/api.w.org\/{rel}","templated":true}]}}