{"id":1773,"date":"2023-03-08T20:55:40","date_gmt":"2023-03-08T20:55:40","guid":{"rendered":"http:\/\/us.ylirotu.fi\/index.php\/suomi\/suomen-liittyminen-euroopan-unioniin\/suhteiden-maaritys-eurooppaan-2\/"},"modified":"2023-08-16T14:02:02","modified_gmt":"2023-08-16T14:02:02","slug":"euroopan-integraation-seuranta-suomessa","status":"publish","type":"page","link":"https:\/\/maailmanmuutos.org\/index.php\/suomi\/suomen-liittyminen-euroopan-unioniin\/suhteiden-maaritys-eurooppaan\/euroopan-integraation-seuranta-suomessa\/","title":{"rendered":"Euroopan integraation seuranta Suomessa"},"content":{"rendered":"<div id='full_slider_1'  class='avia-fullwidth-slider main_color avia-shadow   avia-builder-el-0  el_before_av_one_full  avia-builder-el-first   container_wrap sidebar_right'  >\n<style type=\"text\/css\" data-created_by=\"avia_inline_auto\" id=\"style-css-av-kd4hz9nx-fb331aa0faaa9c578e2f07ccc45f5aa0\">\n#top #wrap_all .avia-slideshow .av-slideshow-caption.av-kd4hz9nx-fb331aa0faaa9c578e2f07ccc45f5aa0__0 .avia-caption-title{\nfont-size:22px;\n}\n#top .avia-slideshow .av-slideshow-caption.av-kd4hz9nx-fb331aa0faaa9c578e2f07ccc45f5aa0__0 .avia-caption-content{\nfont-size:14px;\n}\n#top .avia-slideshow .av-slideshow-caption.av-kd4hz9nx-fb331aa0faaa9c578e2f07ccc45f5aa0__0 .avia-caption-content p{\nfont-size:14px;\n}\n\n@media only screen and (min-width: 768px) and (max-width: 989px){ \n#top #wrap_all .avia-slideshow .av-slideshow-caption.av-kd4hz9nx-fb331aa0faaa9c578e2f07ccc45f5aa0__0 .avia-caption-title{\nfont-size:16px;\n}\n#top .avia-slideshow .av-slideshow-caption.av-kd4hz9nx-fb331aa0faaa9c578e2f07ccc45f5aa0__0 .avia-caption-content{\nfont-size:16px;\n}\n#top .avia-slideshow .av-slideshow-caption.av-kd4hz9nx-fb331aa0faaa9c578e2f07ccc45f5aa0__0 .avia-caption-content p{\nfont-size:16px;\n}\n}\n\n@media only screen and (min-width: 480px) and (max-width: 767px){ \n#top #wrap_all .avia-slideshow .av-slideshow-caption.av-kd4hz9nx-fb331aa0faaa9c578e2f07ccc45f5aa0__0 .avia-caption-title{\nfont-size:14px;\n}\n#top .avia-slideshow .av-slideshow-caption.av-kd4hz9nx-fb331aa0faaa9c578e2f07ccc45f5aa0__0 .avia-caption-content{\nfont-size:14px;\n}\n#top .avia-slideshow .av-slideshow-caption.av-kd4hz9nx-fb331aa0faaa9c578e2f07ccc45f5aa0__0 .avia-caption-content p{\nfont-size:14px;\n}\n}\n\n@media only screen and (max-width: 479px){ \n#top #wrap_all .avia-slideshow .av-slideshow-caption.av-kd4hz9nx-fb331aa0faaa9c578e2f07ccc45f5aa0__0 .avia-caption-title{\ndisplay:none;\n}\n#top .avia-slideshow .av-slideshow-caption.av-kd4hz9nx-fb331aa0faaa9c578e2f07ccc45f5aa0__0 .avia-caption-content{\ndisplay:none;\n}\n#top .avia-slideshow .av-slideshow-caption.av-kd4hz9nx-fb331aa0faaa9c578e2f07ccc45f5aa0__0 .avia-caption-content p{\ndisplay:none;\n}\n}\n<\/style>\n<div  class='avia-slideshow av-kd4hz9nx-fb331aa0faaa9c578e2f07ccc45f5aa0 avia-slideshow-featured av_slideshow_full avia-slide-slider av-slideshow-ui av-control-default av-slideshow-manual av-loop-once av-loop-manual-endless av-default-height-applied   avia-slideshow-1' data-slideshow-options=\"{&quot;animation&quot;:&quot;slide&quot;,&quot;autoplay&quot;:false,&quot;loop_autoplay&quot;:&quot;once&quot;,&quot;interval&quot;:5,&quot;loop_manual&quot;:&quot;manual-endless&quot;,&quot;autoplay_stopper&quot;:false,&quot;noNavigation&quot;:false,&quot;bg_slider&quot;:false,&quot;keep_padding&quot;:false,&quot;hoverpause&quot;:false,&quot;show_slide_delay&quot;:0}\"  itemprop=\"image\" itemscope=\"itemscope\" itemtype=\"https:\/\/schema.org\/ImageObject\" ><ul class='avia-slideshow-inner ' style='padding-bottom: 28.72411489646%;'><li  class='avia-slideshow-slide av-kd4hz9nx-fb331aa0faaa9c578e2f07ccc45f5aa0__0  av-single-slide slide-1 slide-odd'><div data-rel='slideshow-1' class='avia-slide-wrap '   ><img decoding=\"async\" fetchpriority=\"high\" class=\"wp-image-2843 avia-img-lazy-loading-not-2843\"  src=\"https:\/\/maailmanmuutos.org\/wp-content\/uploads\/2023\/08\/maastrichtin-sopimus.jpg\" width=\"1497\" height=\"430\" title='kuvituskuvat' alt=''  itemprop=\"thumbnailUrl\" srcset=\"https:\/\/maailmanmuutos.org\/wp-content\/uploads\/2023\/08\/maastrichtin-sopimus.jpg 1500w, https:\/\/maailmanmuutos.org\/wp-content\/uploads\/2023\/08\/maastrichtin-sopimus-800x230.jpg 800w, https:\/\/maailmanmuutos.org\/wp-content\/uploads\/2023\/08\/maastrichtin-sopimus-120x34.jpg 120w, https:\/\/maailmanmuutos.org\/wp-content\/uploads\/2023\/08\/maastrichtin-sopimus-768x221.jpg 768w, https:\/\/maailmanmuutos.org\/wp-content\/uploads\/2023\/08\/maastrichtin-sopimus-705x203.jpg 705w\" sizes=\"(max-width: 1497px) 100vw, 1497px\" \/><\/div><\/li><\/ul><\/div><\/div><div id='after_full_slider_1'  class='main_color av_default_container_wrap container_wrap sidebar_right'  ><div class='container av-section-cont-open' ><div class='template-page content  av-content-small alpha units'><div class='post-entry post-entry-type-page post-entry-1773'><div class='entry-content-wrapper clearfix'>\n\n<style type=\"text\/css\" data-created_by=\"avia_inline_auto\" id=\"style-css-av-5spn6-3d3e8ead61d02f87ad7c9f2fc625dc24\">\n.flex_column.av-5spn6-3d3e8ead61d02f87ad7c9f2fc625dc24{\nborder-radius:0px 0px 0px 0px;\npadding:0px 0px 0px 0px;\n}\n<\/style>\n<div  class='flex_column av-5spn6-3d3e8ead61d02f87ad7c9f2fc625dc24 av_one_full  avia-builder-el-1  el_after_av_slideshow_full  avia-builder-el-no-sibling  first flex_column_div av-zero-column-padding  '     ><p>\n<style type=\"text\/css\" data-created_by=\"avia_inline_auto\" id=\"style-css-av-29euml-cef2c89dfec0ac83f4638610f1eafb41\">\n#top .av-special-heading.av-29euml-cef2c89dfec0ac83f4638610f1eafb41{\npadding-bottom:10px;\n}\nbody .av-special-heading.av-29euml-cef2c89dfec0ac83f4638610f1eafb41 .av-special-heading-tag .heading-char{\nfont-size:25px;\n}\n.av-special-heading.av-29euml-cef2c89dfec0ac83f4638610f1eafb41 .av-subheading{\nfont-size:15px;\n}\n<\/style>\n<div  class='av-special-heading av-29euml-cef2c89dfec0ac83f4638610f1eafb41 av-special-heading-h1  avia-builder-el-2  el_before_av_hr  avia-builder-el-first '><h1 class='av-special-heading-tag'  itemprop=\"headline\"  >Euroopan integraation seuranta Suomessa <\/h1><div class=\"special-heading-border\"><div class=\"special-heading-inner-border\"><\/div><\/div><\/div><br \/>\n\n<style type=\"text\/css\" data-created_by=\"avia_inline_auto\" id=\"style-css-av-llds9plm-7dc03fb9ccdaaa733042bacd82baa70b\">\n#top .hr.hr-invisible.av-llds9plm-7dc03fb9ccdaaa733042bacd82baa70b{\nheight:50px;\n}\n<\/style>\n<div  class='hr av-llds9plm-7dc03fb9ccdaaa733042bacd82baa70b hr-invisible  avia-builder-el-3  el_after_av_heading  el_before_av_textblock '><span class='hr-inner '><span class=\"hr-inner-style\"><\/span><\/span><\/div><br \/>\n<section  class='av_textblock_section av-lezr0od0-94e7bd8ef786eea3c9a8d27065495667 '   itemscope=\"itemscope\" itemtype=\"https:\/\/schema.org\/CreativeWork\" ><div class='avia_textblock'  itemprop=\"text\" ><p><em><strong>Taloudellinen kysymys<\/strong><\/em><\/p>\n<p>Suomella oli jo vuodelta 1973 hyvin toiminut teollisuustuotteiden vapaakauppasopimus Euroopan yhteis\u00f6n kanssa. Integraatiota pidettiin Suomessa l\u00e4hinn\u00e4 taloudellisena kysymyksen\u00e4, joten 1980-luvulla haluttiin varmistaa edut my\u00f6s uuteen kehitysvaiheeseen l\u00e4hteneell\u00e4 EY:n sis\u00e4markkina-alueella.<br \/>\nPoliittisen integraation syvenemist\u00e4 ei t\u00e4ss\u00e4 vaiheessa pidetty todenn\u00e4k\u00f6isen\u00e4.<\/p>\n<p><em><strong>Neuvottelut Euroopan unionin muodostamiseksi<\/strong><\/em><\/p>\n<p>Neuvotteluja Euroopan unionin muodostamiseksi seurattiin tarkoin 1990-luvun alussa. Maastrichtissa joulukuussa 1991 neuvotellun ja seuraavan vuoden alkupuolella vahvistetun unioni-sopimuksen merkityst\u00e4 arvioitiin Suomessa monelta taholta. Erityisen kiinnostuksen kohteina olivat yhteisen ulko- ja turvallisuuspolitiikan m\u00e4\u00e4rittely sek\u00e4 talous- ja rahaliiton toteutusn\u00e4kym\u00e4t.<\/p>\n<p>Hallitus teetti vuoden 1991 lopulla selvityksen EU-j\u00e4senyyden eduista ja haitoista. K\u00e4sittelytapa ja johtop\u00e4\u00e4t\u00f6kset olivat my\u00f6nteisi\u00e4 j\u00e4senyydelle.<\/p>\n<\/div><\/section><\/p><\/div>\n","protected":false},"excerpt":{"rendered":"","protected":false},"author":1,"featured_media":0,"parent":1770,"menu_order":1,"comment_status":"closed","ping_status":"closed","template":"","meta":{"footnotes":""},"class_list":["post-1773","page","type-page","status-publish","hentry"],"_links":{"self":[{"href":"https:\/\/maailmanmuutos.org\/index.php\/wp-json\/wp\/v2\/pages\/1773","targetHints":{"allow":["GET"]}}],"collection":[{"href":"https:\/\/maailmanmuutos.org\/index.php\/wp-json\/wp\/v2\/pages"}],"about":[{"href":"https:\/\/maailmanmuutos.org\/index.php\/wp-json\/wp\/v2\/types\/page"}],"author":[{"embeddable":true,"href":"https:\/\/maailmanmuutos.org\/index.php\/wp-json\/wp\/v2\/users\/1"}],"replies":[{"embeddable":true,"href":"https:\/\/maailmanmuutos.org\/index.php\/wp-json\/wp\/v2\/comments?post=1773"}],"version-history":[{"count":5,"href":"https:\/\/maailmanmuutos.org\/index.php\/wp-json\/wp\/v2\/pages\/1773\/revisions"}],"predecessor-version":[{"id":3956,"href":"https:\/\/maailmanmuutos.org\/index.php\/wp-json\/wp\/v2\/pages\/1773\/revisions\/3956"}],"up":[{"embeddable":true,"href":"https:\/\/maailmanmuutos.org\/index.php\/wp-json\/wp\/v2\/pages\/1770"}],"wp:attachment":[{"href":"https:\/\/maailmanmuutos.org\/index.php\/wp-json\/wp\/v2\/media?parent=1773"}],"curies":[{"name":"wp","href":"https:\/\/api.w.org\/{rel}","templated":true}]}}