{"id":1815,"date":"2023-03-08T21:02:23","date_gmt":"2023-03-08T21:02:23","guid":{"rendered":"http:\/\/us.ylirotu.fi\/?page_id=1815"},"modified":"2023-08-16T12:06:50","modified_gmt":"2023-08-16T12:06:50","slug":"jasenyysneuvottelut-ja-sopimus","status":"publish","type":"page","link":"https:\/\/maailmanmuutos.org\/index.php\/suomi\/suomen-liittyminen-euroopan-unioniin\/liittyminen-euroopan-unioniin\/jasenyysneuvottelut-ja-sopimus\/","title":{"rendered":"J\u00e4senyysneuvottelut ja sopimus\u00a0"},"content":{"rendered":"<div id='full_slider_1'  class='avia-fullwidth-slider main_color avia-shadow   avia-builder-el-0  el_before_av_one_full  avia-builder-el-first   container_wrap sidebar_right'  >\n<style type=\"text\/css\" data-created_by=\"avia_inline_auto\" id=\"style-css-av-kd4hz9nx-fb331aa0faaa9c578e2f07ccc45f5aa0\">\n#top #wrap_all .avia-slideshow .av-slideshow-caption.av-kd4hz9nx-fb331aa0faaa9c578e2f07ccc45f5aa0__0 .avia-caption-title{\nfont-size:22px;\n}\n#top .avia-slideshow .av-slideshow-caption.av-kd4hz9nx-fb331aa0faaa9c578e2f07ccc45f5aa0__0 .avia-caption-content{\nfont-size:14px;\n}\n#top .avia-slideshow .av-slideshow-caption.av-kd4hz9nx-fb331aa0faaa9c578e2f07ccc45f5aa0__0 .avia-caption-content p{\nfont-size:14px;\n}\n\n@media only screen and (min-width: 768px) and (max-width: 989px){ \n#top #wrap_all .avia-slideshow .av-slideshow-caption.av-kd4hz9nx-fb331aa0faaa9c578e2f07ccc45f5aa0__0 .avia-caption-title{\nfont-size:16px;\n}\n#top .avia-slideshow .av-slideshow-caption.av-kd4hz9nx-fb331aa0faaa9c578e2f07ccc45f5aa0__0 .avia-caption-content{\nfont-size:16px;\n}\n#top .avia-slideshow .av-slideshow-caption.av-kd4hz9nx-fb331aa0faaa9c578e2f07ccc45f5aa0__0 .avia-caption-content p{\nfont-size:16px;\n}\n}\n\n@media only screen and (min-width: 480px) and (max-width: 767px){ \n#top #wrap_all .avia-slideshow .av-slideshow-caption.av-kd4hz9nx-fb331aa0faaa9c578e2f07ccc45f5aa0__0 .avia-caption-title{\nfont-size:14px;\n}\n#top .avia-slideshow .av-slideshow-caption.av-kd4hz9nx-fb331aa0faaa9c578e2f07ccc45f5aa0__0 .avia-caption-content{\nfont-size:14px;\n}\n#top .avia-slideshow .av-slideshow-caption.av-kd4hz9nx-fb331aa0faaa9c578e2f07ccc45f5aa0__0 .avia-caption-content p{\nfont-size:14px;\n}\n}\n\n@media only screen and (max-width: 479px){ \n#top #wrap_all .avia-slideshow .av-slideshow-caption.av-kd4hz9nx-fb331aa0faaa9c578e2f07ccc45f5aa0__0 .avia-caption-title{\ndisplay:none;\n}\n#top .avia-slideshow .av-slideshow-caption.av-kd4hz9nx-fb331aa0faaa9c578e2f07ccc45f5aa0__0 .avia-caption-content{\ndisplay:none;\n}\n#top .avia-slideshow .av-slideshow-caption.av-kd4hz9nx-fb331aa0faaa9c578e2f07ccc45f5aa0__0 .avia-caption-content p{\ndisplay:none;\n}\n}\n<\/style>\n<div  class='avia-slideshow av-kd4hz9nx-fb331aa0faaa9c578e2f07ccc45f5aa0 avia-slideshow-featured av_slideshow_full avia-slide-slider av-slideshow-ui av-control-default av-slideshow-manual av-loop-once av-loop-manual-endless av-default-height-applied   avia-slideshow-1' data-slideshow-options=\"{&quot;animation&quot;:&quot;slide&quot;,&quot;autoplay&quot;:false,&quot;loop_autoplay&quot;:&quot;once&quot;,&quot;interval&quot;:5,&quot;loop_manual&quot;:&quot;manual-endless&quot;,&quot;autoplay_stopper&quot;:false,&quot;noNavigation&quot;:false,&quot;bg_slider&quot;:false,&quot;keep_padding&quot;:false,&quot;hoverpause&quot;:false,&quot;show_slide_delay&quot;:0}\"  itemprop=\"image\" itemscope=\"itemscope\" itemtype=\"https:\/\/schema.org\/ImageObject\" ><ul class='avia-slideshow-inner ' style='padding-bottom: 28.72411489646%;'><li  class='avia-slideshow-slide av-kd4hz9nx-fb331aa0faaa9c578e2f07ccc45f5aa0__0  av-single-slide slide-1 slide-odd'><div data-rel='slideshow-1' class='avia-slide-wrap '   ><img decoding=\"async\" fetchpriority=\"high\" class=\"wp-image-3905 avia-img-lazy-loading-not-3905\"  src=\"https:\/\/maailmanmuutos.org\/wp-content\/uploads\/2023\/08\/EU-liitttyminen.jpg\" width=\"1497\" height=\"430\" title='kuvituskuvat' alt=''  itemprop=\"thumbnailUrl\" srcset=\"https:\/\/maailmanmuutos.org\/wp-content\/uploads\/2023\/08\/EU-liitttyminen.jpg 1500w, https:\/\/maailmanmuutos.org\/wp-content\/uploads\/2023\/08\/EU-liitttyminen-800x230.jpg 800w, https:\/\/maailmanmuutos.org\/wp-content\/uploads\/2023\/08\/EU-liitttyminen-120x34.jpg 120w, https:\/\/maailmanmuutos.org\/wp-content\/uploads\/2023\/08\/EU-liitttyminen-768x221.jpg 768w, https:\/\/maailmanmuutos.org\/wp-content\/uploads\/2023\/08\/EU-liitttyminen-705x203.jpg 705w\" sizes=\"(max-width: 1497px) 100vw, 1497px\" \/><\/div><\/li><\/ul><\/div><\/div><div id='after_full_slider_1'  class='main_color av_default_container_wrap container_wrap sidebar_right'  ><div class='container av-section-cont-open' ><div class='template-page content  av-content-small alpha units'><div class='post-entry post-entry-type-page post-entry-1815'><div class='entry-content-wrapper clearfix'>\n\n<style type=\"text\/css\" data-created_by=\"avia_inline_auto\" id=\"style-css-av-5spn6-3d3e8ead61d02f87ad7c9f2fc625dc24\">\n.flex_column.av-5spn6-3d3e8ead61d02f87ad7c9f2fc625dc24{\nborder-radius:0px 0px 0px 0px;\npadding:0px 0px 0px 0px;\n}\n<\/style>\n<div  class='flex_column av-5spn6-3d3e8ead61d02f87ad7c9f2fc625dc24 av_one_full  avia-builder-el-1  el_after_av_slideshow_full  avia-builder-el-no-sibling  first flex_column_div av-zero-column-padding  '     ><p>\n<style type=\"text\/css\" data-created_by=\"avia_inline_auto\" id=\"style-css-av-av_heading-77cc10bef169fbf46fbd99e80a45ff39\">\n#top .av-special-heading.av-av_heading-77cc10bef169fbf46fbd99e80a45ff39{\npadding-bottom:10px;\n}\nbody .av-special-heading.av-av_heading-77cc10bef169fbf46fbd99e80a45ff39 .av-special-heading-tag .heading-char{\nfont-size:25px;\n}\n.av-special-heading.av-av_heading-77cc10bef169fbf46fbd99e80a45ff39 .av-subheading{\nfont-size:15px;\n}\n<\/style>\n<div  class='av-special-heading av-av_heading-77cc10bef169fbf46fbd99e80a45ff39 av-special-heading-h1  avia-builder-el-2  el_before_av_hr  avia-builder-el-first '><h1 class='av-special-heading-tag'  itemprop=\"headline\"  >J\u00e4senyysneuvottelut ja sopimus <\/h1><div class=\"special-heading-border\"><div class=\"special-heading-inner-border\"><\/div><\/div><\/div><br \/>\n\n<style type=\"text\/css\" data-created_by=\"avia_inline_auto\" id=\"style-css-av-lldojw0r-8eb62a32de3d5154f6147abb5cd0df93\">\n#top .hr.hr-invisible.av-lldojw0r-8eb62a32de3d5154f6147abb5cd0df93{\nheight:50px;\n}\n<\/style>\n<div  class='hr av-lldojw0r-8eb62a32de3d5154f6147abb5cd0df93 hr-invisible  avia-builder-el-3  el_after_av_heading  el_before_av_textblock '><span class='hr-inner '><span class=\"hr-inner-style\"><\/span><\/span><\/div><br \/>\n<section  class='av_textblock_section av-lezr0od0-94e7bd8ef786eea3c9a8d27065495667 '   itemscope=\"itemscope\" itemtype=\"https:\/\/schema.org\/CreativeWork\" ><div class='avia_textblock'  itemprop=\"text\" ><p>Euroopan yhteis\u00f6n komissio antoi lausunnon Suomen j\u00e4senhakemuksesta marraskuussa 1992.<\/p>\n<p>Suomen j\u00e4senyysneuvottelut EY:n kanssa alkoivat 1.2.1993 yhdess\u00e4 It\u00e4vallan ja Ruotsin kanssa. Neuvottelut saatiin p\u00e4\u00e4t\u00f6kseen maaliskuun 1994 alussa. Neuvottelujen aikana tuli voimaan sopimus Euroopan unionista, joka sis\u00e4lsi Euroopan yhteis\u00f6n ja siihen liittyneet instituutiot. Ne j\u00e4iv\u00e4t verraten itsen\u00e4isiksi toimijoiksi unionin kokonaisuuden osana, joten juridisesti Suomi neuvotteli l\u00e4hinn\u00e4 Euroopan yhteis\u00f6n komission kanssa.<\/p>\n<\/div><\/section><\/p><\/div>\n","protected":false},"excerpt":{"rendered":"","protected":false},"author":1,"featured_media":0,"parent":1807,"menu_order":2,"comment_status":"closed","ping_status":"closed","template":"","meta":{"footnotes":""},"class_list":["post-1815","page","type-page","status-publish","hentry"],"_links":{"self":[{"href":"https:\/\/maailmanmuutos.org\/index.php\/wp-json\/wp\/v2\/pages\/1815","targetHints":{"allow":["GET"]}}],"collection":[{"href":"https:\/\/maailmanmuutos.org\/index.php\/wp-json\/wp\/v2\/pages"}],"about":[{"href":"https:\/\/maailmanmuutos.org\/index.php\/wp-json\/wp\/v2\/types\/page"}],"author":[{"embeddable":true,"href":"https:\/\/maailmanmuutos.org\/index.php\/wp-json\/wp\/v2\/users\/1"}],"replies":[{"embeddable":true,"href":"https:\/\/maailmanmuutos.org\/index.php\/wp-json\/wp\/v2\/comments?post=1815"}],"version-history":[{"count":5,"href":"https:\/\/maailmanmuutos.org\/index.php\/wp-json\/wp\/v2\/pages\/1815\/revisions"}],"predecessor-version":[{"id":3916,"href":"https:\/\/maailmanmuutos.org\/index.php\/wp-json\/wp\/v2\/pages\/1815\/revisions\/3916"}],"up":[{"embeddable":true,"href":"https:\/\/maailmanmuutos.org\/index.php\/wp-json\/wp\/v2\/pages\/1807"}],"wp:attachment":[{"href":"https:\/\/maailmanmuutos.org\/index.php\/wp-json\/wp\/v2\/media?parent=1815"}],"curies":[{"name":"wp","href":"https:\/\/api.w.org\/{rel}","templated":true}]}}