{"id":1825,"date":"2023-03-08T21:02:26","date_gmt":"2023-03-08T21:02:26","guid":{"rendered":"http:\/\/us.ylirotu.fi\/index.php\/suomi\/yhteiskunnallinen-kehitys-2\/puolueiden-voimasuhteet-ja-hallitukset\/"},"modified":"2023-09-22T12:15:46","modified_gmt":"2023-09-22T12:15:46","slug":"turvallisuuspolitiikan-peruslinja-ja-selonteot","status":"publish","type":"page","link":"https:\/\/maailmanmuutos.org\/index.php\/suomi\/ulko-ja-turvallisuuspolitiikan-linjaukset\/turvallisuuspolitiikan-peruslinja-ja-selonteot\/","title":{"rendered":"Turvallisuuspolitiikan peruslinja ja selonteot\u00a0"},"content":{"rendered":"<div id='full_slider_1'  class='avia-fullwidth-slider main_color avia-shadow   avia-builder-el-0  el_before_av_one_full  avia-builder-el-first   container_wrap sidebar_right'  >\n<style type=\"text\/css\" data-created_by=\"avia_inline_auto\" id=\"style-css-av-kd4hz9nx-fb331aa0faaa9c578e2f07ccc45f5aa0\">\n#top #wrap_all .avia-slideshow .av-slideshow-caption.av-kd4hz9nx-fb331aa0faaa9c578e2f07ccc45f5aa0__0 .avia-caption-title{\nfont-size:22px;\n}\n#top .avia-slideshow .av-slideshow-caption.av-kd4hz9nx-fb331aa0faaa9c578e2f07ccc45f5aa0__0 .avia-caption-content{\nfont-size:14px;\n}\n#top .avia-slideshow .av-slideshow-caption.av-kd4hz9nx-fb331aa0faaa9c578e2f07ccc45f5aa0__0 .avia-caption-content p{\nfont-size:14px;\n}\n\n@media only screen and (min-width: 768px) and (max-width: 989px){ \n#top #wrap_all .avia-slideshow .av-slideshow-caption.av-kd4hz9nx-fb331aa0faaa9c578e2f07ccc45f5aa0__0 .avia-caption-title{\nfont-size:16px;\n}\n#top .avia-slideshow .av-slideshow-caption.av-kd4hz9nx-fb331aa0faaa9c578e2f07ccc45f5aa0__0 .avia-caption-content{\nfont-size:16px;\n}\n#top .avia-slideshow .av-slideshow-caption.av-kd4hz9nx-fb331aa0faaa9c578e2f07ccc45f5aa0__0 .avia-caption-content p{\nfont-size:16px;\n}\n}\n\n@media only screen and (min-width: 480px) and (max-width: 767px){ \n#top #wrap_all .avia-slideshow .av-slideshow-caption.av-kd4hz9nx-fb331aa0faaa9c578e2f07ccc45f5aa0__0 .avia-caption-title{\nfont-size:14px;\n}\n#top .avia-slideshow .av-slideshow-caption.av-kd4hz9nx-fb331aa0faaa9c578e2f07ccc45f5aa0__0 .avia-caption-content{\nfont-size:14px;\n}\n#top .avia-slideshow .av-slideshow-caption.av-kd4hz9nx-fb331aa0faaa9c578e2f07ccc45f5aa0__0 .avia-caption-content p{\nfont-size:14px;\n}\n}\n\n@media only screen and (max-width: 479px){ \n#top #wrap_all .avia-slideshow .av-slideshow-caption.av-kd4hz9nx-fb331aa0faaa9c578e2f07ccc45f5aa0__0 .avia-caption-title{\ndisplay:none;\n}\n#top .avia-slideshow .av-slideshow-caption.av-kd4hz9nx-fb331aa0faaa9c578e2f07ccc45f5aa0__0 .avia-caption-content{\ndisplay:none;\n}\n#top .avia-slideshow .av-slideshow-caption.av-kd4hz9nx-fb331aa0faaa9c578e2f07ccc45f5aa0__0 .avia-caption-content p{\ndisplay:none;\n}\n}\n<\/style>\n<div  class='avia-slideshow av-kd4hz9nx-fb331aa0faaa9c578e2f07ccc45f5aa0 avia-slideshow-featured av_slideshow_full avia-slide-slider av-slideshow-ui av-control-default av-slideshow-manual av-loop-once av-loop-manual-endless av-default-height-applied   avia-slideshow-1' data-slideshow-options=\"{&quot;animation&quot;:&quot;slide&quot;,&quot;autoplay&quot;:false,&quot;loop_autoplay&quot;:&quot;once&quot;,&quot;interval&quot;:5,&quot;loop_manual&quot;:&quot;manual-endless&quot;,&quot;autoplay_stopper&quot;:false,&quot;noNavigation&quot;:false,&quot;bg_slider&quot;:false,&quot;keep_padding&quot;:false,&quot;hoverpause&quot;:false,&quot;show_slide_delay&quot;:0}\"  itemprop=\"image\" itemscope=\"itemscope\" itemtype=\"https:\/\/schema.org\/ImageObject\" ><ul class='avia-slideshow-inner ' style='padding-bottom: 28.72411489646%;'><li  class='avia-slideshow-slide av-kd4hz9nx-fb331aa0faaa9c578e2f07ccc45f5aa0__0  av-single-slide slide-1 slide-odd'><div data-rel='slideshow-1' class='avia-slide-wrap '   ><img decoding=\"async\" fetchpriority=\"high\" class=\"wp-image-3704 avia-img-lazy-loading-not-3704\"  src=\"https:\/\/maailmanmuutos.org\/wp-content\/uploads\/2023\/08\/valtioneuvosto.jpg\" width=\"1497\" height=\"430\" title='kuvituskuvat' alt=''  itemprop=\"thumbnailUrl\" srcset=\"https:\/\/maailmanmuutos.org\/wp-content\/uploads\/2023\/08\/valtioneuvosto.jpg 1500w, https:\/\/maailmanmuutos.org\/wp-content\/uploads\/2023\/08\/valtioneuvosto-800x230.jpg 800w, https:\/\/maailmanmuutos.org\/wp-content\/uploads\/2023\/08\/valtioneuvosto-120x34.jpg 120w, https:\/\/maailmanmuutos.org\/wp-content\/uploads\/2023\/08\/valtioneuvosto-768x221.jpg 768w, https:\/\/maailmanmuutos.org\/wp-content\/uploads\/2023\/08\/valtioneuvosto-705x203.jpg 705w\" sizes=\"(max-width: 1497px) 100vw, 1497px\" \/><\/div><\/li><\/ul><\/div><\/div><div id='after_full_slider_1'  class='main_color av_default_container_wrap container_wrap sidebar_right'  ><div class='container av-section-cont-open' ><div class='template-page content  av-content-small alpha units'><div class='post-entry post-entry-type-page post-entry-1825'><div class='entry-content-wrapper clearfix'>\n\n<style type=\"text\/css\" data-created_by=\"avia_inline_auto\" id=\"style-css-av-5spn6-3d3e8ead61d02f87ad7c9f2fc625dc24\">\n.flex_column.av-5spn6-3d3e8ead61d02f87ad7c9f2fc625dc24{\nborder-radius:0px 0px 0px 0px;\npadding:0px 0px 0px 0px;\n}\n<\/style>\n<div  class='flex_column av-5spn6-3d3e8ead61d02f87ad7c9f2fc625dc24 av_one_full  avia-builder-el-1  el_after_av_slideshow_full  avia-builder-el-no-sibling  first flex_column_div av-zero-column-padding  '     ><p>\n<style type=\"text\/css\" data-created_by=\"avia_inline_auto\" id=\"style-css-av-av_heading-2f06080848559eb0bc29ffbdadaec6d2\">\n#top .av-special-heading.av-av_heading-2f06080848559eb0bc29ffbdadaec6d2{\npadding-bottom:10px;\n}\nbody .av-special-heading.av-av_heading-2f06080848559eb0bc29ffbdadaec6d2 .av-special-heading-tag .heading-char{\nfont-size:25px;\n}\n.av-special-heading.av-av_heading-2f06080848559eb0bc29ffbdadaec6d2 .av-subheading{\nfont-size:15px;\n}\n<\/style>\n<div  class='av-special-heading av-av_heading-2f06080848559eb0bc29ffbdadaec6d2 av-special-heading-h1  avia-builder-el-2  el_before_av_hr  avia-builder-el-first '><h1 class='av-special-heading-tag'  itemprop=\"headline\"  >Turvallisuuspolitiikan peruslinja ja selonteot <\/h1><div class=\"special-heading-border\"><div class=\"special-heading-inner-border\"><\/div><\/div><\/div><br \/>\n\n<style type=\"text\/css\" data-created_by=\"avia_inline_auto\" id=\"style-css-av-2k7nkx-9aeb5d06d6bb5452be7e2240c49ef1a7\">\n#top .hr.hr-invisible.av-2k7nkx-9aeb5d06d6bb5452be7e2240c49ef1a7{\nheight:50px;\n}\n<\/style>\n<div  class='hr av-2k7nkx-9aeb5d06d6bb5452be7e2240c49ef1a7 hr-invisible  avia-builder-el-3  el_after_av_heading  el_before_av_textblock '><span class='hr-inner '><span class=\"hr-inner-style\"><\/span><\/span><\/div><br \/>\n<section  class='av_textblock_section av-lezr0od0-94e7bd8ef786eea3c9a8d27065495667 '   itemscope=\"itemscope\" itemtype=\"https:\/\/schema.org\/CreativeWork\" ><div class='avia_textblock'  itemprop=\"text\" ><p><em><strong>Kansalaisten tuki<\/strong><\/em><\/p>\n<p>Suomen tekem\u00e4t turvallisuuspolitiikan peruslinjaukset EU-j\u00e4senyyden alkaessa 1990-luvun puoliv\u00e4liss\u00e4 saivat mielipidekyselyiss\u00e4 kansalaisilta laajan kannatuksen, eik\u00e4 puolueiden keskenk\u00e4\u00e4n vallinnut merkitt\u00e4vi\u00e4 eroavaisuuksia. Sotilaallista liittoutumattomuutta kannatti 2000-luvun alkuvuosina 66\u201374 prosenttia ja liittymist\u00e4 sotilasliittoon 18\u201325 prosenttia kyselyihin vastanneista. Ulkopolitiikan hoitoon<br \/>\ntyytyv\u00e4isi\u00e4 oli yli 80 prosenttia.<\/p>\n<p><em><strong>Turvallisuus- ja puolustuspoliittiset selonteot<\/strong><\/em><\/p>\n<p>EU-j\u00e4senyyden kaudella valtioneuvosto on vuodesta 1995 alkaen laatinut turvallisuus- ja puolustuspoliittisia selontekoja yleens\u00e4 nelj\u00e4n vuoden v\u00e4lein. Ne on k\u00e4sitelty eduskunnassa verraten perusteellisesti, ja eduskunta on lopuksi hyv\u00e4ksynyt selonteot huomautuksin varustettujen valiokuntalausuntojen mukaisesti. Selontekojen arvioinnin yhteydess\u00e4 on esitetty monia toivomuksia niiden laatimismenettelyjen kehitt\u00e4miseksi, mutta j\u00e4rjestelm\u00e4 on s\u00e4ilynyt p\u00e4\u00e4piirtein samanlaisena.<\/p>\n<p><em><strong>Selonteko 1997<\/strong><\/em><\/p>\n<p>Valtioneuvoston turvallisuus- ja puolustuspoliittisessa selonteossa 1997 huomiota kiinnitettiin nimenomaan puolustuksen mukauttamiseen uusiin oloihin, mutta kaksi vuotta aikaisemmin m\u00e4\u00e4ritettyihin turvallisuuspolitiikan peruslinjoihin ei esitetty muutoksia.<\/p>\n<p><em><strong>Selonteko 2001<\/strong><\/em><\/p>\n<p>Selonteko Suomen turvallisuus- ja puolustuspolitiikka 2001 julkaistiin kes\u00e4kuussa 2001. Siin\u00e4 pidettiin turvallisuuspolitiikan perusteet l\u00e4hes ennallaan. Suomen turvallisuus- ja puolustuspoliittinen toimintalinja kiteytettiin seuraavaksi:<\/p>\n<ol>\n<li><span style=\"font-size: medium;\">Uskottavan puolustuskyvyn yll\u00e4pit\u00e4minen ja kehitt\u00e4minen.<\/span><\/li>\n<li><span style=\"font-size: medium;\">Pysytt\u00e4ytyminen vallitsevissa olosuhteissa sotilaallisesti liittoutumattomana.<\/span><\/li>\n<li><span style=\"font-size: medium;\">Osallistuminen kansainv\u00e4liseen yhteisty\u00f6h\u00f6n turvallisuuden ja vakauden vahvistamiseksi.<\/span><\/li>\n<\/ol>\n<p>Puolustusj\u00e4rjestelm\u00e4\u00e4n ei kaavailtu suuria muutoksia, mutta vuodeksi 2004 suunniteltua uutta selontekoa varten esitettiin tutkittavaksi perustavia kysymyksi\u00e4.<\/p>\n<p><em><strong>Selonteko 2004<\/strong><\/em><\/p>\n<p>Valtioneuvoston turvallisuus- ja puolustuspoliittisessa\u00a0 selonteossa 2004 todettiin, ett\u00e4 l\u00e4hialueiden vakaus oli vahvistunut paljolti EU:n ja Naton laajennuksien sek\u00e4 EU:n integraation syvenemisen ja Ven\u00e4j\u00e4n muutoksen my\u00f6t\u00e4. Samaan aikaan kuitenkin kansainv\u00e4linen tilanne oli tullut ep\u00e4vakaammaksi, mist\u00e4 oli odotettavissa heijastuksia my\u00f6s Suomen turvallisuusymp\u00e4rist\u00f6\u00f6n. Turvallisuusuhat todettiin valtioiden rajat ylitt\u00e4viksi, joten kansainv\u00e4lisen yhteisty\u00f6n tarve sen my\u00f6t\u00e4 kasvoi.<\/p>\n<p><em><strong>Suomen toimintalinja<\/strong><\/em><\/p>\n<p>Selonteon mukaan \u201dSuomen turvallisuus- ja puolustuspoliittinen toimintalinja t\u00e4ht\u00e4\u00e4 maan itsen\u00e4isyyden ja yhteiskunnan demokraattisten perusarvojen turvaamiseen sek\u00e4 kansalaisten turvallisuuden ja hyvinvoinnin edist\u00e4miseen. Suomen toimintalinja perustuu uskottavaan kansalliseen puolustukseen, yhteiskunnan toimivuuteen ja johdonmukaiseen ulkopolitiikkaan sek\u00e4 vahvaan kansainv\u00e4liseen asemaan ja aktiiviseen toimintaan EU:n j\u00e4senen\u00e4.\u201d<\/p>\n<p><em><strong>Tuki Yhdistyneille Kansakunnille<\/strong><\/em><\/p>\n<p>YK:n merkityst\u00e4 korostettiin, ja todettiin, ett\u00e4 \u201dsotilaallisen voimank\u00e4yt\u00f6n ehdoista tulee p\u00e4\u00e4tt\u00e4\u00e4 monenkeskisesti YK:n peruskirjan periaatteiden pohjalta\u201d. T\u00e4ll\u00e4 toteamuksella oli ajankohtaista merkityst\u00e4, koska Yhdysvallat oli aloittanut kev\u00e4\u00e4ll\u00e4 2003 hy\u00f6kk\u00e4yksen Irakiin ilman YK:n valtuutusta.<\/p>\n<p><em><strong>Euroopan unionin kriisinhallinta<\/strong><\/em><\/p>\n<p>EU:n kriisinhallinnalle annettiin selonteossa vahva tuki lupaamalla sek\u00e4 sotilaallisen ett\u00e4 siviilikriisinhallinnan tehostamista. T\u00e4h\u00e4n sis\u00e4ltyi my\u00f6s tavoite \u201dkehitt\u00e4\u00e4 nopeasti kriisialueelle l\u00e4hetett\u00e4vi\u00e4, riitt\u00e4v\u00e4sti koulutettuja ja varustettuja, vaativaan toimintaan kykenevi\u00e4 joukkoja\u201d.<\/p>\n<p><em><strong>Yhteiskunnan elint\u00e4rkeiden toimintojen turvaaminen (YETT)<\/strong><\/em><\/p>\n<p>Yhteiskunnan keskeisten perustoimintojen turvaaminen todettiin erityisen t\u00e4rke\u00e4ksi, ja sotilaallisen maanpuolustuksen alalla m\u00e4\u00e4ritettiin tavoite seuraavasti: \u201dSuomi kehitt\u00e4\u00e4 puolustuskyky\u00e4\u00e4n sotilaallisesti liittoutumattomana maana turvallisuusymp\u00e4rist\u00f6ns\u00e4, erityisesti pohjoiseen Eurooppaan vaikuttavia muutoksia seuraten&#8230; Puolustuskyky mitoitetaan siten, ett\u00e4 koko maata puolustetaan, mit\u00e4 varten l\u00e4ht\u00f6kohtina ovat yleinen asevelvollisuus ja alueellinen puolustusj\u00e4rjestelm\u00e4.\u201d<\/p>\n<p><em><strong>Selonteko 2009<\/strong><\/em><\/p>\n<p>Valtioneuvoston selonteossa 2009 ei peruslinjan m\u00e4\u00e4rityksiin tehty olennaisia muutoksia. Er\u00e4it\u00e4 tilannearvion kohtia ja tavoitteiden asetteluja kuitenkin monipuolistettiin ja sotilaallisen liittoutumisen mahdollisuutta tuotiin aikaisempaa enemm\u00e4n esille. Lis\u00e4ksi painotettiin voimakkaammin yhteiskunnan elint\u00e4rkeiden toimintojen turvaamisen j\u00e4rjestelyj\u00e4 ja niiden vaatiman kriisijohtamisen kehitt\u00e4mistarpeita.<\/p>\n<\/div><\/section><\/p><\/div>\n","protected":false},"excerpt":{"rendered":"","protected":false},"author":1,"featured_media":0,"parent":1820,"menu_order":1,"comment_status":"closed","ping_status":"closed","template":"","meta":{"footnotes":""},"class_list":["post-1825","page","type-page","status-publish","hentry"],"_links":{"self":[{"href":"https:\/\/maailmanmuutos.org\/index.php\/wp-json\/wp\/v2\/pages\/1825","targetHints":{"allow":["GET"]}}],"collection":[{"href":"https:\/\/maailmanmuutos.org\/index.php\/wp-json\/wp\/v2\/pages"}],"about":[{"href":"https:\/\/maailmanmuutos.org\/index.php\/wp-json\/wp\/v2\/types\/page"}],"author":[{"embeddable":true,"href":"https:\/\/maailmanmuutos.org\/index.php\/wp-json\/wp\/v2\/users\/1"}],"replies":[{"embeddable":true,"href":"https:\/\/maailmanmuutos.org\/index.php\/wp-json\/wp\/v2\/comments?post=1825"}],"version-history":[{"count":11,"href":"https:\/\/maailmanmuutos.org\/index.php\/wp-json\/wp\/v2\/pages\/1825\/revisions"}],"predecessor-version":[{"id":4424,"href":"https:\/\/maailmanmuutos.org\/index.php\/wp-json\/wp\/v2\/pages\/1825\/revisions\/4424"}],"up":[{"embeddable":true,"href":"https:\/\/maailmanmuutos.org\/index.php\/wp-json\/wp\/v2\/pages\/1820"}],"wp:attachment":[{"href":"https:\/\/maailmanmuutos.org\/index.php\/wp-json\/wp\/v2\/media?parent=1825"}],"curies":[{"name":"wp","href":"https:\/\/api.w.org\/{rel}","templated":true}]}}