{"id":1840,"date":"2023-03-08T21:04:11","date_gmt":"2023-03-08T21:04:11","guid":{"rendered":"http:\/\/us.ylirotu.fi\/?page_id=1840"},"modified":"2023-09-22T11:59:31","modified_gmt":"2023-09-22T11:59:31","slug":"puolustuspolitiikka","status":"publish","type":"page","link":"https:\/\/maailmanmuutos.org\/index.php\/suomi\/ulko-ja-turvallisuuspolitiikan-linjaukset\/puolustuspolitiikka\/","title":{"rendered":"Puolustuspolitiikka\u00a0"},"content":{"rendered":"<div id='full_slider_1'  class='avia-fullwidth-slider main_color avia-shadow   avia-builder-el-0  el_before_av_one_full  avia-builder-el-first   container_wrap sidebar_right'  >\n<style type=\"text\/css\" data-created_by=\"avia_inline_auto\" id=\"style-css-av-kd4hz9nx-fb331aa0faaa9c578e2f07ccc45f5aa0\">\n#top #wrap_all .avia-slideshow .av-slideshow-caption.av-kd4hz9nx-fb331aa0faaa9c578e2f07ccc45f5aa0__0 .avia-caption-title{\nfont-size:22px;\n}\n#top .avia-slideshow .av-slideshow-caption.av-kd4hz9nx-fb331aa0faaa9c578e2f07ccc45f5aa0__0 .avia-caption-content{\nfont-size:14px;\n}\n#top .avia-slideshow .av-slideshow-caption.av-kd4hz9nx-fb331aa0faaa9c578e2f07ccc45f5aa0__0 .avia-caption-content p{\nfont-size:14px;\n}\n\n@media only screen and (min-width: 768px) and (max-width: 989px){ \n#top #wrap_all .avia-slideshow .av-slideshow-caption.av-kd4hz9nx-fb331aa0faaa9c578e2f07ccc45f5aa0__0 .avia-caption-title{\nfont-size:16px;\n}\n#top .avia-slideshow .av-slideshow-caption.av-kd4hz9nx-fb331aa0faaa9c578e2f07ccc45f5aa0__0 .avia-caption-content{\nfont-size:16px;\n}\n#top .avia-slideshow .av-slideshow-caption.av-kd4hz9nx-fb331aa0faaa9c578e2f07ccc45f5aa0__0 .avia-caption-content p{\nfont-size:16px;\n}\n}\n\n@media only screen and (min-width: 480px) and (max-width: 767px){ \n#top #wrap_all .avia-slideshow .av-slideshow-caption.av-kd4hz9nx-fb331aa0faaa9c578e2f07ccc45f5aa0__0 .avia-caption-title{\nfont-size:14px;\n}\n#top .avia-slideshow .av-slideshow-caption.av-kd4hz9nx-fb331aa0faaa9c578e2f07ccc45f5aa0__0 .avia-caption-content{\nfont-size:14px;\n}\n#top .avia-slideshow .av-slideshow-caption.av-kd4hz9nx-fb331aa0faaa9c578e2f07ccc45f5aa0__0 .avia-caption-content p{\nfont-size:14px;\n}\n}\n\n@media only screen and (max-width: 479px){ \n#top #wrap_all .avia-slideshow .av-slideshow-caption.av-kd4hz9nx-fb331aa0faaa9c578e2f07ccc45f5aa0__0 .avia-caption-title{\ndisplay:none;\n}\n#top .avia-slideshow .av-slideshow-caption.av-kd4hz9nx-fb331aa0faaa9c578e2f07ccc45f5aa0__0 .avia-caption-content{\ndisplay:none;\n}\n#top .avia-slideshow .av-slideshow-caption.av-kd4hz9nx-fb331aa0faaa9c578e2f07ccc45f5aa0__0 .avia-caption-content p{\ndisplay:none;\n}\n}\n<\/style>\n<div  class='avia-slideshow av-kd4hz9nx-fb331aa0faaa9c578e2f07ccc45f5aa0 avia-slideshow-featured av_slideshow_full avia-slide-slider av-slideshow-ui av-control-default av-slideshow-manual av-loop-once av-loop-manual-endless av-default-height-applied   avia-slideshow-1' data-slideshow-options=\"{&quot;animation&quot;:&quot;slide&quot;,&quot;autoplay&quot;:false,&quot;loop_autoplay&quot;:&quot;once&quot;,&quot;interval&quot;:5,&quot;loop_manual&quot;:&quot;manual-endless&quot;,&quot;autoplay_stopper&quot;:false,&quot;noNavigation&quot;:false,&quot;bg_slider&quot;:false,&quot;keep_padding&quot;:false,&quot;hoverpause&quot;:false,&quot;show_slide_delay&quot;:0}\"  itemprop=\"image\" itemscope=\"itemscope\" itemtype=\"https:\/\/schema.org\/ImageObject\" ><ul class='avia-slideshow-inner ' style='padding-bottom: 28.72411489646%;'><li  class='avia-slideshow-slide av-kd4hz9nx-fb331aa0faaa9c578e2f07ccc45f5aa0__0  av-single-slide slide-1 slide-odd'><div data-rel='slideshow-1' class='avia-slide-wrap '   ><img decoding=\"async\" fetchpriority=\"high\" class=\"wp-image-3688 avia-img-lazy-loading-not-3688\"  src=\"https:\/\/maailmanmuutos.org\/wp-content\/uploads\/2023\/08\/puolustusministerio.jpg\" width=\"1497\" height=\"430\" title='kuvituskuvat' alt=''  itemprop=\"thumbnailUrl\" srcset=\"https:\/\/maailmanmuutos.org\/wp-content\/uploads\/2023\/08\/puolustusministerio.jpg 1500w, https:\/\/maailmanmuutos.org\/wp-content\/uploads\/2023\/08\/puolustusministerio-800x230.jpg 800w, https:\/\/maailmanmuutos.org\/wp-content\/uploads\/2023\/08\/puolustusministerio-120x34.jpg 120w, https:\/\/maailmanmuutos.org\/wp-content\/uploads\/2023\/08\/puolustusministerio-768x221.jpg 768w, https:\/\/maailmanmuutos.org\/wp-content\/uploads\/2023\/08\/puolustusministerio-705x203.jpg 705w\" sizes=\"(max-width: 1497px) 100vw, 1497px\" \/><\/div><\/li><\/ul><\/div><\/div><div id='after_full_slider_1'  class='main_color av_default_container_wrap container_wrap sidebar_right'  ><div class='container av-section-cont-open' ><div class='template-page content  av-content-small alpha units'><div class='post-entry post-entry-type-page post-entry-1840'><div class='entry-content-wrapper clearfix'>\n\n<style type=\"text\/css\" data-created_by=\"avia_inline_auto\" id=\"style-css-av-5spn6-3d3e8ead61d02f87ad7c9f2fc625dc24\">\n.flex_column.av-5spn6-3d3e8ead61d02f87ad7c9f2fc625dc24{\nborder-radius:0px 0px 0px 0px;\npadding:0px 0px 0px 0px;\n}\n<\/style>\n<div  class='flex_column av-5spn6-3d3e8ead61d02f87ad7c9f2fc625dc24 av_one_full  avia-builder-el-1  el_after_av_slideshow_full  avia-builder-el-no-sibling  first flex_column_div av-zero-column-padding  '     ><p>\n<style type=\"text\/css\" data-created_by=\"avia_inline_auto\" id=\"style-css-av-av_heading-2cb9c3cb42959e47024c023da311a36d\">\n#top .av-special-heading.av-av_heading-2cb9c3cb42959e47024c023da311a36d{\npadding-bottom:10px;\n}\nbody .av-special-heading.av-av_heading-2cb9c3cb42959e47024c023da311a36d .av-special-heading-tag .heading-char{\nfont-size:25px;\n}\n.av-special-heading.av-av_heading-2cb9c3cb42959e47024c023da311a36d .av-subheading{\nfont-size:15px;\n}\n<\/style>\n<div  class='av-special-heading av-av_heading-2cb9c3cb42959e47024c023da311a36d av-special-heading-h1  avia-builder-el-2  el_before_av_hr  avia-builder-el-first '><h1 class='av-special-heading-tag'  itemprop=\"headline\"  >Puolustuspolitiikka <\/h1><div class=\"special-heading-border\"><div class=\"special-heading-inner-border\"><\/div><\/div><\/div><br \/>\n\n<style type=\"text\/css\" data-created_by=\"avia_inline_auto\" id=\"style-css-av-lf05n4z2-be3268a96835cb17a942c1ab452c4d74\">\n#top .hr.hr-invisible.av-lf05n4z2-be3268a96835cb17a942c1ab452c4d74{\nheight:50px;\n}\n<\/style>\n<div  class='hr av-lf05n4z2-be3268a96835cb17a942c1ab452c4d74 hr-invisible  avia-builder-el-3  el_after_av_heading  el_before_av_textblock '><span class='hr-inner '><span class=\"hr-inner-style\"><\/span><\/span><\/div><br \/>\n<section  class='av_textblock_section av-lezr0od0-94e7bd8ef786eea3c9a8d27065495667 '   itemscope=\"itemscope\" itemtype=\"https:\/\/schema.org\/CreativeWork\" ><div class='avia_textblock'  itemprop=\"text\" ><p><em><strong>Kansalaisten hyv\u00e4ksynt\u00e4<\/strong><\/em><\/p>\n<p>L\u00e4ht\u00f6kohtana 2000-luvun puolustuspolitiikalle oli kansalaisten osoittama tyytyv\u00e4isyys vallitseviin j\u00e4rjestelyihin. Valmiutensa puolustaa Suomea hy\u00f6kk\u00e4yst\u00e4 vastaan on ilmaissut l\u00e4hes 80 prosenttia vastaajista. Suomen puolustusmahdollisuuksia tavanomaisessa sodassa piti hyvin\u00e4 yli 60 prosenttia vastaajista, mik\u00e4 oli merkitt\u00e4v\u00e4 muutos verrattuna 1970-luvun lopun 21\u201325 prosentin tasoon. Kes\u00e4ll\u00e4 2001 Maanpuolustustiedotuksen suunnittelukunnan kyselyss\u00e4 89 prosenttia vastaajista kannatti yleiseen asevelvollisuuteen perustuvaa puolustusj\u00e4rjestelm\u00e4\u00e4.<\/p>\n<p><em><strong>Kriisi- ja uhkamallit 2001 selonteossa<\/strong><\/em><\/p>\n<p>Puolustussuunnittelun pohjaksi valtioneuvoston selonteossa 2001 esitettiin seuraavat kriisi- ja uhkamallit:<\/p>\n<ol>\n<li>Alueellinen kriisi, jolla voi olla vaikutuksia Suomeen.<\/li>\n<li>Poliittinen, taloudellinen ja sotilaallinen painostus, johon voi liitty\u00e4 sotilaallisella voimalla uhkaaminen sek\u00e4 sen rajoitettu k\u00e4ytt\u00f6.<\/li>\n<li>Strateginen isku, jolla pyrit\u00e4\u00e4n pakottamaan valtakunnan johto haluttuihin ratkaisuihin kohdistamalla lamauttavia toimia yhteiskunnan elint\u00e4rkeisiin kohteisiin ja toimintoihin sek\u00e4 puolustusj\u00e4rjestelm\u00e4\u00e4n.<\/li>\n<li>Laajamittainen hy\u00f6kk\u00e4ys, jonka tavoitteena on strategisesti t\u00e4rkeiden alueiden valtaaminen tai Suomen alueen hyv\u00e4ksik\u00e4ytt\u00f6 kolmatta osapuolta vastaan.<\/li>\n<\/ol>\n<p>Edelliseen selontekoon verrattuna uutta oli alueellisen kriisin vaikutusten lis\u00e4\u00e4minen luetteloon ja strategisen iskun m\u00e4\u00e4rittelyn tarkentaminen. Todettiin my\u00f6s, ett\u00e4 mainitut uhkatapaukset saattavat esiinty\u00e4 per\u00e4kk\u00e4in eik\u00e4 mit\u00e4\u00e4n vaihtoehdoista voida karsia pois. Siit\u00e4 edelleen saatiin peruste s\u00e4ilytt\u00e4\u00e4 monipuolinen, alueelliseen puolustukseen pohjautuva kyky hy\u00f6kk\u00e4ysten torjuntaan.<\/p>\n<p><em><strong>Vahvuuksia pienennet\u00e4\u00e4n 2001 selonteossa<\/strong><\/em><\/p>\n<p>Sodanajan joukkojen vahvuutta esitettiin pienennett\u00e4v\u00e4ksi 490 000 henkil\u00f6st\u00e4 vuoteen 2009 menness\u00e4 350 000 henkil\u00f6\u00f6n. Samalla maavoimien yhtymi\u00e4 oli m\u00e4\u00e4r\u00e4 v\u00e4hent\u00e4\u00e4 silloisesta 22 prikaatista, mutta supistusten suuruutta ei ennakoitu. Hankinnat oli kuitenkin tarkoitus suunnata l\u00e4hes kokonaan kolmelle valmiusprikaatille.<\/p>\n<p>Eduskunta hyv\u00e4ksyi puolustuksen kehitt\u00e4misen pohjaksi valtioneuvoston selonteon linjaukset, mutta esitettiin my\u00f6s toivomus puolustuspolitiikan parlamentaarisen valmistelun ja valvonnan tehostamisesta. Eduskunnan hyv\u00e4ksym\u00e4\u00e4n valiokuntalausuntoon tuli verraten paljon huomautuksia yksityiskohtiin.<\/p>\n<p><em><strong>Kriisi- ja uhkamallit 2004 selonteossa<\/strong><\/em><\/p>\n<p>Vuoden 2004 turvallisuus- ja puolustuspoliittisessa selonteossa todettiin kriisi- ja uhkamalleiksi edelleen samat tilanteet kuin vuonna 2001. Samoin m\u00e4\u00e4ritettiin sotilaallisen puolustuksen perustaksi alueellinen puolustus, jonka johtamisj\u00e4rjestelm\u00e4 tuli kuitenkin sopeuttaa sodan ajan joukkojen m\u00e4\u00e4r\u00e4n v\u00e4hent\u00e4miseen. Alueellisiin joukkoihin oli m\u00e4\u00e4r\u00e4 sijoittaa 250 000 ja operatiivisiin noin 100 000 sotilasta sek\u00e4 kehitt\u00e4\u00e4 vapaaehtoista maanpuolustusta.<\/p>\n<p>Kehitt\u00e4misaikataulu m\u00e4\u00e4ritettiin muun muassa seuraavasti: \u201dMaavoimien operatiiviset joukot saatetaan operatiivisesti valmiiksi vuoden 2008 kuluessa. Vuodesta 2009 alkaen maavoimien kehitt\u00e4misen painopiste on ilmatorjunnan ja alueellisten joukkojen kehitt\u00e4misess\u00e4.\u201d<\/p>\n<p><em><strong>Turvallisuuspoliittisen seurantaryhm\u00e4<\/strong><\/em><\/p>\n<p>Kansanedustajista muodostetun ja Juha Korkeaojan puheenjohdolla toimineen Turvallisuuspoliittisen seurantaryhm\u00e4n raportti kes\u00e4kuussa 2008 k\u00e4sitteli varsin laajasti puolustuspolitiikan kysymyksi\u00e4. Ryhm\u00e4 totesi, ett\u00e4 turvallisuustilanne Suomen ymp\u00e4rist\u00f6ss\u00e4 on vakaa eik\u00e4 ollut todenn\u00e4k\u00f6ist\u00e4, ett\u00e4 Suomi joutuisi sotilaallisen hy\u00f6kk\u00e4yksen kohteeksi muuten kuin ehk\u00e4 laajan kansainv\u00e4lisen kriisin osana.<\/p>\n<p>Seurantaryhm\u00e4 painotti maavoimien operatiivisten ja alueellisten joukkojen kokonaisuuden merkityst\u00e4 alueellisessa puolustuksessa. Operatiivisten joukkojen varustustilanne katsottiin hyv\u00e4ksi, mutta alueellisten joukkojen varustuksen uusiminen m\u00e4\u00e4ritettiin t\u00e4rke\u00e4ksi saada k\u00e4yntiin 2010-luvun alussa, ennen kuin ilma- ja merivoimien uusiminen k\u00e4ynnistyy my\u00f6hemm\u00e4ss\u00e4 vaiheessa. Puolustusbudjetin taso esitettiin s\u00e4ilytett\u00e4v\u00e4ksi ennallaan.<\/p>\n<p><em><strong>Selonteko 2009<\/strong><\/em><\/p>\n<p>Vuonna 2009 julkaistussa valtioneuvoston selonteossa puolustusj\u00e4rjestelm\u00e4\u00e4n ei esitetty merkitt\u00e4vi\u00e4 muutoksia, mutta tuotiin esille tarve valmistautua laajempiin puolustusj\u00e4rjestelm\u00e4n muutoksiin ensi vuosikymmenell\u00e4.<\/p>\n<p>Valtioneuvosto esitti materiaalikustannusten nousun vuoksi puolustusbudjettiin kahden prosentin vuotuista korotusta vuodesta 2011 alkaen. T\u00e4m\u00e4 tuli hyv\u00e4ksytyksi my\u00f6s eduskunnassa. Puheissa kuitenkin todettiin, ett\u00e4 toteutus oli j\u00e4\u00e4m\u00e4ss\u00e4 uuden eduskunnan vastuulle, jolloin my\u00f6s reaaliset tarpeet ja mahdollisuudet alkavat olla jo paremmin selvill\u00e4.<\/p>\n<p><em><strong>Asevelvollisuudesta keskustellaan<\/strong><\/em><\/p>\n<p>Vuonna 2010 puolustuspolitiikan alalla k\u00e4siteltiin muun muassa asevelvollisuuden tulevaisuutta, puolustusvoimien rakenneuudistuksen tarvetta sek\u00e4 kokonaismaanpuolustukseen ja yhteiskunnan turvallisuusstrategiaan kuuluvia kysymyksi\u00e4. Asevelvollisuutta tutkinut ty\u00f6ryhm\u00e4 piti hyv\u00e4n\u00e4 vallitsevan j\u00e4rjestelm\u00e4n jatkamista pienehk\u00f6in korjauksin.<\/p>\n<\/div><\/section><\/p><\/div>\n","protected":false},"excerpt":{"rendered":"","protected":false},"author":1,"featured_media":0,"parent":1820,"menu_order":3,"comment_status":"closed","ping_status":"closed","template":"","meta":{"footnotes":""},"class_list":["post-1840","page","type-page","status-publish","hentry"],"_links":{"self":[{"href":"https:\/\/maailmanmuutos.org\/index.php\/wp-json\/wp\/v2\/pages\/1840","targetHints":{"allow":["GET"]}}],"collection":[{"href":"https:\/\/maailmanmuutos.org\/index.php\/wp-json\/wp\/v2\/pages"}],"about":[{"href":"https:\/\/maailmanmuutos.org\/index.php\/wp-json\/wp\/v2\/types\/page"}],"author":[{"embeddable":true,"href":"https:\/\/maailmanmuutos.org\/index.php\/wp-json\/wp\/v2\/users\/1"}],"replies":[{"embeddable":true,"href":"https:\/\/maailmanmuutos.org\/index.php\/wp-json\/wp\/v2\/comments?post=1840"}],"version-history":[{"count":7,"href":"https:\/\/maailmanmuutos.org\/index.php\/wp-json\/wp\/v2\/pages\/1840\/revisions"}],"predecessor-version":[{"id":4411,"href":"https:\/\/maailmanmuutos.org\/index.php\/wp-json\/wp\/v2\/pages\/1840\/revisions\/4411"}],"up":[{"embeddable":true,"href":"https:\/\/maailmanmuutos.org\/index.php\/wp-json\/wp\/v2\/pages\/1820"}],"wp:attachment":[{"href":"https:\/\/maailmanmuutos.org\/index.php\/wp-json\/wp\/v2\/media?parent=1840"}],"curies":[{"name":"wp","href":"https:\/\/api.w.org\/{rel}","templated":true}]}}