{"id":1841,"date":"2023-03-08T21:04:11","date_gmt":"2023-03-08T21:04:11","guid":{"rendered":"http:\/\/us.ylirotu.fi\/?page_id=1841"},"modified":"2023-08-15T22:17:38","modified_gmt":"2023-08-15T22:17:38","slug":"suomi-kansainvalisessa-kriisinhallinnassa","status":"publish","type":"page","link":"https:\/\/maailmanmuutos.org\/index.php\/suomi\/ulko-ja-turvallisuuspolitiikan-linjaukset\/suomi-kansainvalisessa-kriisinhallinnassa\/","title":{"rendered":"Suomi kansainv\u00e4lisess\u00e4 kriisinhallinnassa\u00a0"},"content":{"rendered":"<div id='full_slider_1'  class='avia-fullwidth-slider main_color avia-shadow   avia-builder-el-0  el_before_av_one_full  avia-builder-el-first   container_wrap sidebar_right'  >\n<style type=\"text\/css\" data-created_by=\"avia_inline_auto\" id=\"style-css-av-kd4hz9nx-fb331aa0faaa9c578e2f07ccc45f5aa0\">\n#top #wrap_all .avia-slideshow .av-slideshow-caption.av-kd4hz9nx-fb331aa0faaa9c578e2f07ccc45f5aa0__0 .avia-caption-title{\nfont-size:22px;\n}\n#top .avia-slideshow .av-slideshow-caption.av-kd4hz9nx-fb331aa0faaa9c578e2f07ccc45f5aa0__0 .avia-caption-content{\nfont-size:14px;\n}\n#top .avia-slideshow .av-slideshow-caption.av-kd4hz9nx-fb331aa0faaa9c578e2f07ccc45f5aa0__0 .avia-caption-content p{\nfont-size:14px;\n}\n\n@media only screen and (min-width: 768px) and (max-width: 989px){ \n#top #wrap_all .avia-slideshow .av-slideshow-caption.av-kd4hz9nx-fb331aa0faaa9c578e2f07ccc45f5aa0__0 .avia-caption-title{\nfont-size:16px;\n}\n#top .avia-slideshow .av-slideshow-caption.av-kd4hz9nx-fb331aa0faaa9c578e2f07ccc45f5aa0__0 .avia-caption-content{\nfont-size:16px;\n}\n#top .avia-slideshow .av-slideshow-caption.av-kd4hz9nx-fb331aa0faaa9c578e2f07ccc45f5aa0__0 .avia-caption-content p{\nfont-size:16px;\n}\n}\n\n@media only screen and (min-width: 480px) and (max-width: 767px){ \n#top #wrap_all .avia-slideshow .av-slideshow-caption.av-kd4hz9nx-fb331aa0faaa9c578e2f07ccc45f5aa0__0 .avia-caption-title{\nfont-size:14px;\n}\n#top .avia-slideshow .av-slideshow-caption.av-kd4hz9nx-fb331aa0faaa9c578e2f07ccc45f5aa0__0 .avia-caption-content{\nfont-size:14px;\n}\n#top .avia-slideshow .av-slideshow-caption.av-kd4hz9nx-fb331aa0faaa9c578e2f07ccc45f5aa0__0 .avia-caption-content p{\nfont-size:14px;\n}\n}\n\n@media only screen and (max-width: 479px){ \n#top #wrap_all .avia-slideshow .av-slideshow-caption.av-kd4hz9nx-fb331aa0faaa9c578e2f07ccc45f5aa0__0 .avia-caption-title{\ndisplay:none;\n}\n#top .avia-slideshow .av-slideshow-caption.av-kd4hz9nx-fb331aa0faaa9c578e2f07ccc45f5aa0__0 .avia-caption-content{\ndisplay:none;\n}\n#top .avia-slideshow .av-slideshow-caption.av-kd4hz9nx-fb331aa0faaa9c578e2f07ccc45f5aa0__0 .avia-caption-content p{\ndisplay:none;\n}\n}\n<\/style>\n<div  class='avia-slideshow av-kd4hz9nx-fb331aa0faaa9c578e2f07ccc45f5aa0 avia-slideshow-featured av_slideshow_full avia-slide-slider av-slideshow-ui av-control-default av-slideshow-manual av-loop-once av-loop-manual-endless av-default-height-applied   avia-slideshow-1' data-slideshow-options=\"{&quot;animation&quot;:&quot;slide&quot;,&quot;autoplay&quot;:false,&quot;loop_autoplay&quot;:&quot;once&quot;,&quot;interval&quot;:5,&quot;loop_manual&quot;:&quot;manual-endless&quot;,&quot;autoplay_stopper&quot;:false,&quot;noNavigation&quot;:false,&quot;bg_slider&quot;:false,&quot;keep_padding&quot;:false,&quot;hoverpause&quot;:false,&quot;show_slide_delay&quot;:0}\"  itemprop=\"image\" itemscope=\"itemscope\" itemtype=\"https:\/\/schema.org\/ImageObject\" ><ul class='avia-slideshow-inner ' style='padding-bottom: 28.72411489646%;'><li  class='avia-slideshow-slide av-kd4hz9nx-fb331aa0faaa9c578e2f07ccc45f5aa0__0  av-single-slide slide-1 slide-odd'><div data-rel='slideshow-1' class='avia-slide-wrap '   ><img decoding=\"async\" fetchpriority=\"high\" class=\"wp-image-3692 avia-img-lazy-loading-not-3692\"  src=\"https:\/\/maailmanmuutos.org\/wp-content\/uploads\/2023\/08\/rauhanturvaajat.jpg\" width=\"1497\" height=\"430\" title='kuvituskuvat' alt=''  itemprop=\"thumbnailUrl\" srcset=\"https:\/\/maailmanmuutos.org\/wp-content\/uploads\/2023\/08\/rauhanturvaajat.jpg 1500w, https:\/\/maailmanmuutos.org\/wp-content\/uploads\/2023\/08\/rauhanturvaajat-800x230.jpg 800w, https:\/\/maailmanmuutos.org\/wp-content\/uploads\/2023\/08\/rauhanturvaajat-120x34.jpg 120w, https:\/\/maailmanmuutos.org\/wp-content\/uploads\/2023\/08\/rauhanturvaajat-768x221.jpg 768w, https:\/\/maailmanmuutos.org\/wp-content\/uploads\/2023\/08\/rauhanturvaajat-705x203.jpg 705w\" sizes=\"(max-width: 1497px) 100vw, 1497px\" \/><\/div><\/li><\/ul><\/div><\/div><div id='after_full_slider_1'  class='main_color av_default_container_wrap container_wrap sidebar_right'  ><div class='container av-section-cont-open' ><div class='template-page content  av-content-small alpha units'><div class='post-entry post-entry-type-page post-entry-1841'><div class='entry-content-wrapper clearfix'>\n\n<style type=\"text\/css\" data-created_by=\"avia_inline_auto\" id=\"style-css-av-5spn6-3d3e8ead61d02f87ad7c9f2fc625dc24\">\n.flex_column.av-5spn6-3d3e8ead61d02f87ad7c9f2fc625dc24{\nborder-radius:0px 0px 0px 0px;\npadding:0px 0px 0px 0px;\n}\n<\/style>\n<div  class='flex_column av-5spn6-3d3e8ead61d02f87ad7c9f2fc625dc24 av_one_full  avia-builder-el-1  el_after_av_slideshow_full  avia-builder-el-no-sibling  first flex_column_div av-zero-column-padding  '     ><p>\n<style type=\"text\/css\" data-created_by=\"avia_inline_auto\" id=\"style-css-av-352wch-94bf9239321cf745ba3de3d2619a7d61\">\n#top .av-special-heading.av-352wch-94bf9239321cf745ba3de3d2619a7d61{\npadding-bottom:10px;\n}\nbody .av-special-heading.av-352wch-94bf9239321cf745ba3de3d2619a7d61 .av-special-heading-tag .heading-char{\nfont-size:25px;\n}\n.av-special-heading.av-352wch-94bf9239321cf745ba3de3d2619a7d61 .av-subheading{\nfont-size:15px;\n}\n<\/style>\n<div  class='av-special-heading av-352wch-94bf9239321cf745ba3de3d2619a7d61 av-special-heading-h1  avia-builder-el-2  el_before_av_hr  avia-builder-el-first '><h1 class='av-special-heading-tag'  itemprop=\"headline\"  >Suomi kansainv\u00e4lisess\u00e4 kriisinhallinnassa <\/h1><div class=\"special-heading-border\"><div class=\"special-heading-inner-border\"><\/div><\/div><\/div><br \/>\n\n<style type=\"text\/css\" data-created_by=\"avia_inline_auto\" id=\"style-css-av-lf05n4z2-be3268a96835cb17a942c1ab452c4d74\">\n#top .hr.hr-invisible.av-lf05n4z2-be3268a96835cb17a942c1ab452c4d74{\nheight:50px;\n}\n<\/style>\n<div  class='hr av-lf05n4z2-be3268a96835cb17a942c1ab452c4d74 hr-invisible  avia-builder-el-3  el_after_av_heading  el_before_av_textblock '><span class='hr-inner '><span class=\"hr-inner-style\"><\/span><\/span><\/div><br \/>\n<section  class='av_textblock_section av-lezr0od0-94e7bd8ef786eea3c9a8d27065495667 '   itemscope=\"itemscope\" itemtype=\"https:\/\/schema.org\/CreativeWork\" ><div class='avia_textblock'  itemprop=\"text\" ><p><em><strong>Kokemukset Balkanilta<\/strong><\/em><\/p>\n<p>Balkanin rauhanturvaamiseen Suomi osallistui vuodesta 1992 alkaen v\u00e4hitellen kasvavin panoksin. Kokemukset Jugoslavian hajoamissotiin liittyneist\u00e4 kriisinhallintatoimista eiv\u00e4t useinkaan olleet my\u00f6nteisi\u00e4, mutta monessa tapauksessa rauhanturvaaminen tuotti my\u00f6s hyvi\u00e4 tuloksia. Noilla kokemuksilla oli joka tapauksessa merkitt\u00e4v\u00e4 vaikutus Suomenkin rauhanturvaamisen ja kriisinhallinnan menetelmien kuten my\u00f6s lains\u00e4\u00e4d\u00e4nn\u00f6n kehitt\u00e4miseen.<\/p>\n<p><em><strong>Kriisinhallintakyvyn kehitt\u00e4minen<\/strong><\/em><\/p>\n<p>Uuden vuosituhannen alussa Suomi laajensi osallistumista YK-johtoiseen rauhanturvaamiseen Afrikassa ja l\u00e4hetti osaston Afganistaniin, miss\u00e4 rauhanturvatoiminnasta v\u00e4hitellen tuli pitk\u00e4kestoinen ja monella tavoin vaikea kriisinhallinnan teht\u00e4v\u00e4 sissisodan oloissa. Samalla Suomessa jatkettiin kansallisen ja my\u00f6s Euroopan unionin yhteisen kriisinhallintakyvyn kehitt\u00e4mist\u00e4 muun muassa perustamalla uusia koulutusorganisaatioita ja yll\u00e4pit\u00e4m\u00e4ll\u00e4 p\u00e4ivystysvuorossa valmiusjoukkoja.<\/p>\n<p><em><strong>Kriisinhallinta monipuolistunut<\/strong><\/em><\/p>\n<p>Menestys rauhanturvateht\u00e4viss\u00e4 on aina perustunut uusien asioiden ja toimintatapojen omaksumiseen, mutta muutosten vauhti on viime vuosikymmenen aikana viel\u00e4 selv\u00e4sti kiihtynyt. Nykyisin Suomi osallistuu kansainv\u00e4liseen kriisinhallintaan Euroopan unionin, YK:n tai Naton johtamissa uudenlaisissa teht\u00e4viss\u00e4, joissa sotilaallinen toiminta on liitetty kiinte\u00e4sti siviilialojen yhteyteen.<\/p>\n<p><em><strong>EU:n rooli kasvanut<\/strong><\/em><\/p>\n<p>Suomalaisten rauhanturvaajien m\u00e4\u00e4r\u00e4 YK:n teht\u00e4viss\u00e4 oli vuoteen 2010 menness\u00e4 v\u00e4hentynyt huomiota her\u00e4tt\u00e4v\u00e4n pieneksi, joten on tutkittu muun muassa mahdollisuuksia l\u00e4hett\u00e4\u00e4 osasto uudelleen Libanoniin tai Afrikan rauhanturvateht\u00e4viin, l\u00e4hinn\u00e4 Sudaniin. My\u00f6s Suomen osuus Naton johtamassa kriisinhallinnassa j\u00e4i Afganistanissa toimineiden noin 200 sotilaan varaan, kun suomalaiset rauhanturvaajat poistuivat Kosovosta oltuaan siell\u00e4 yli 10 vuotta. Suomalaisten rooli EU:n johtamassa kriisinhallinnassa on samalla suhteellisesti kasvanut.<\/p>\n<p><em><strong>Laki kriisinhallinnasta<\/strong><\/em><\/p>\n<p>Lain mukaan Suomi voi osallistua YK:n tai Ety-j\u00e4rjest\u00f6n p\u00e4\u00e4t\u00f6ksiin perustuviin kriisinhallintaoperaatioihin. Lis\u00e4ksi Suomi voi osallistua sotilaallisin resurssein humanitaariseen avustustoimintaan tai sen suojaamiseen. Kriisinhallintalakia ei sovelleta sotilaallisen pakottamisen operaatioihin. Osallistuminen uuteen operaatioon edellytt\u00e4\u00e4 aina Suomessa teht\u00e4v\u00e4\u00e4 erillist\u00e4 p\u00e4\u00e4t\u00f6st\u00e4, jonka tekee tasavallan presidentti valtioneuvoston esityksest\u00e4. Siin\u00e4 yhteydess\u00e4 on kuultava my\u00f6s eduskunnan kanta.<\/p>\n<\/div><\/section><\/p><\/div>\n","protected":false},"excerpt":{"rendered":"","protected":false},"author":1,"featured_media":0,"parent":1820,"menu_order":4,"comment_status":"closed","ping_status":"closed","template":"","meta":{"footnotes":""},"class_list":["post-1841","page","type-page","status-publish","hentry"],"_links":{"self":[{"href":"https:\/\/maailmanmuutos.org\/index.php\/wp-json\/wp\/v2\/pages\/1841","targetHints":{"allow":["GET"]}}],"collection":[{"href":"https:\/\/maailmanmuutos.org\/index.php\/wp-json\/wp\/v2\/pages"}],"about":[{"href":"https:\/\/maailmanmuutos.org\/index.php\/wp-json\/wp\/v2\/types\/page"}],"author":[{"embeddable":true,"href":"https:\/\/maailmanmuutos.org\/index.php\/wp-json\/wp\/v2\/users\/1"}],"replies":[{"embeddable":true,"href":"https:\/\/maailmanmuutos.org\/index.php\/wp-json\/wp\/v2\/comments?post=1841"}],"version-history":[{"count":6,"href":"https:\/\/maailmanmuutos.org\/index.php\/wp-json\/wp\/v2\/pages\/1841\/revisions"}],"predecessor-version":[{"id":3715,"href":"https:\/\/maailmanmuutos.org\/index.php\/wp-json\/wp\/v2\/pages\/1841\/revisions\/3715"}],"up":[{"embeddable":true,"href":"https:\/\/maailmanmuutos.org\/index.php\/wp-json\/wp\/v2\/pages\/1820"}],"wp:attachment":[{"href":"https:\/\/maailmanmuutos.org\/index.php\/wp-json\/wp\/v2\/media?parent=1841"}],"curies":[{"name":"wp","href":"https:\/\/api.w.org\/{rel}","templated":true}]}}