{"id":1892,"date":"2023-03-08T21:17:51","date_gmt":"2023-03-08T21:17:51","guid":{"rendered":"http:\/\/us.ylirotu.fi\/index.php\/suomi\/suomi-muutoksen-maailmassa\/suomen-eu-politiikka-2000-luvun-alussa-2\/"},"modified":"2023-08-15T23:02:17","modified_gmt":"2023-08-15T23:02:17","slug":"suomi-eun-puheenjohtajamaana-vuonna-1999","status":"publish","type":"page","link":"https:\/\/maailmanmuutos.org\/index.php\/suomi\/suomi-muutoksen-maailmassa\/suomen-eu-politiikka-2000-luvun-alussa\/suomi-eun-puheenjohtajamaana-vuonna-1999\/","title":{"rendered":"Suomi\u00a0EU:n puheenjohtajamaana vuonna 1999\u00a0"},"content":{"rendered":"<div id='full_slider_1'  class='avia-fullwidth-slider main_color avia-shadow   avia-builder-el-0  el_before_av_one_full  avia-builder-el-first   container_wrap sidebar_right'  >\n<style type=\"text\/css\" data-created_by=\"avia_inline_auto\" id=\"style-css-av-kd4hz9nx-fb331aa0faaa9c578e2f07ccc45f5aa0\">\n#top #wrap_all .avia-slideshow .av-slideshow-caption.av-kd4hz9nx-fb331aa0faaa9c578e2f07ccc45f5aa0__0 .avia-caption-title{\nfont-size:22px;\n}\n#top .avia-slideshow .av-slideshow-caption.av-kd4hz9nx-fb331aa0faaa9c578e2f07ccc45f5aa0__0 .avia-caption-content{\nfont-size:14px;\n}\n#top .avia-slideshow .av-slideshow-caption.av-kd4hz9nx-fb331aa0faaa9c578e2f07ccc45f5aa0__0 .avia-caption-content p{\nfont-size:14px;\n}\n\n@media only screen and (min-width: 768px) and (max-width: 989px){ \n#top #wrap_all .avia-slideshow .av-slideshow-caption.av-kd4hz9nx-fb331aa0faaa9c578e2f07ccc45f5aa0__0 .avia-caption-title{\nfont-size:16px;\n}\n#top .avia-slideshow .av-slideshow-caption.av-kd4hz9nx-fb331aa0faaa9c578e2f07ccc45f5aa0__0 .avia-caption-content{\nfont-size:16px;\n}\n#top .avia-slideshow .av-slideshow-caption.av-kd4hz9nx-fb331aa0faaa9c578e2f07ccc45f5aa0__0 .avia-caption-content p{\nfont-size:16px;\n}\n}\n\n@media only screen and (min-width: 480px) and (max-width: 767px){ \n#top #wrap_all .avia-slideshow .av-slideshow-caption.av-kd4hz9nx-fb331aa0faaa9c578e2f07ccc45f5aa0__0 .avia-caption-title{\nfont-size:14px;\n}\n#top .avia-slideshow .av-slideshow-caption.av-kd4hz9nx-fb331aa0faaa9c578e2f07ccc45f5aa0__0 .avia-caption-content{\nfont-size:14px;\n}\n#top .avia-slideshow .av-slideshow-caption.av-kd4hz9nx-fb331aa0faaa9c578e2f07ccc45f5aa0__0 .avia-caption-content p{\nfont-size:14px;\n}\n}\n\n@media only screen and (max-width: 479px){ \n#top #wrap_all .avia-slideshow .av-slideshow-caption.av-kd4hz9nx-fb331aa0faaa9c578e2f07ccc45f5aa0__0 .avia-caption-title{\ndisplay:none;\n}\n#top .avia-slideshow .av-slideshow-caption.av-kd4hz9nx-fb331aa0faaa9c578e2f07ccc45f5aa0__0 .avia-caption-content{\ndisplay:none;\n}\n#top .avia-slideshow .av-slideshow-caption.av-kd4hz9nx-fb331aa0faaa9c578e2f07ccc45f5aa0__0 .avia-caption-content p{\ndisplay:none;\n}\n}\n<\/style>\n<div  class='avia-slideshow av-kd4hz9nx-fb331aa0faaa9c578e2f07ccc45f5aa0 avia-slideshow-featured av_slideshow_full avia-slide-slider av-slideshow-ui av-control-default av-slideshow-manual av-loop-once av-loop-manual-endless av-default-height-applied   avia-slideshow-1' data-slideshow-options=\"{&quot;animation&quot;:&quot;slide&quot;,&quot;autoplay&quot;:false,&quot;loop_autoplay&quot;:&quot;once&quot;,&quot;interval&quot;:5,&quot;loop_manual&quot;:&quot;manual-endless&quot;,&quot;autoplay_stopper&quot;:false,&quot;noNavigation&quot;:false,&quot;bg_slider&quot;:false,&quot;keep_padding&quot;:false,&quot;hoverpause&quot;:false,&quot;show_slide_delay&quot;:0}\"  itemprop=\"image\" itemscope=\"itemscope\" itemtype=\"https:\/\/schema.org\/ImageObject\" ><ul class='avia-slideshow-inner ' style='padding-bottom: 28.72411489646%;'><li  class='avia-slideshow-slide av-kd4hz9nx-fb331aa0faaa9c578e2f07ccc45f5aa0__0  av-single-slide slide-1 slide-odd'><div data-rel='slideshow-1' class='avia-slide-wrap '   ><img decoding=\"async\" fetchpriority=\"high\" class=\"wp-image-3763 avia-img-lazy-loading-not-3763\"  src=\"https:\/\/maailmanmuutos.org\/wp-content\/uploads\/2023\/08\/EU-lipponen.jpg\" width=\"1497\" height=\"430\" title='kuvituskuvat' alt=''  itemprop=\"thumbnailUrl\" srcset=\"https:\/\/maailmanmuutos.org\/wp-content\/uploads\/2023\/08\/EU-lipponen.jpg 1500w, https:\/\/maailmanmuutos.org\/wp-content\/uploads\/2023\/08\/EU-lipponen-800x230.jpg 800w, https:\/\/maailmanmuutos.org\/wp-content\/uploads\/2023\/08\/EU-lipponen-120x34.jpg 120w, https:\/\/maailmanmuutos.org\/wp-content\/uploads\/2023\/08\/EU-lipponen-768x221.jpg 768w, https:\/\/maailmanmuutos.org\/wp-content\/uploads\/2023\/08\/EU-lipponen-705x203.jpg 705w\" sizes=\"(max-width: 1497px) 100vw, 1497px\" \/><\/div><\/li><\/ul><\/div><\/div><div id='after_full_slider_1'  class='main_color av_default_container_wrap container_wrap sidebar_right'  ><div class='container av-section-cont-open' ><div class='template-page content  av-content-small alpha units'><div class='post-entry post-entry-type-page post-entry-1892'><div class='entry-content-wrapper clearfix'>\n\n<style type=\"text\/css\" data-created_by=\"avia_inline_auto\" id=\"style-css-av-5spn6-3d3e8ead61d02f87ad7c9f2fc625dc24\">\n.flex_column.av-5spn6-3d3e8ead61d02f87ad7c9f2fc625dc24{\nborder-radius:0px 0px 0px 0px;\npadding:0px 0px 0px 0px;\n}\n<\/style>\n<div  class='flex_column av-5spn6-3d3e8ead61d02f87ad7c9f2fc625dc24 av_one_full  avia-builder-el-1  el_after_av_slideshow_full  avia-builder-el-no-sibling  first flex_column_div av-zero-column-padding  '     ><p>\n<style type=\"text\/css\" data-created_by=\"avia_inline_auto\" id=\"style-css-av-8q1h0-f4bbf0d4b6430648a172f8d4c50f245d\">\n#top .av-special-heading.av-8q1h0-f4bbf0d4b6430648a172f8d4c50f245d{\npadding-bottom:10px;\n}\nbody .av-special-heading.av-8q1h0-f4bbf0d4b6430648a172f8d4c50f245d .av-special-heading-tag .heading-char{\nfont-size:25px;\n}\n.av-special-heading.av-8q1h0-f4bbf0d4b6430648a172f8d4c50f245d .av-subheading{\nfont-size:15px;\n}\n<\/style>\n<div  class='av-special-heading av-8q1h0-f4bbf0d4b6430648a172f8d4c50f245d av-special-heading-h1  avia-builder-el-2  el_before_av_hr  avia-builder-el-first '><h1 class='av-special-heading-tag'  itemprop=\"headline\"  >Suomi EU:n puheenjohtajamaana vuonna 1999 <\/h1><div class=\"special-heading-border\"><div class=\"special-heading-inner-border\"><\/div><\/div><\/div><br \/>\n\n<style type=\"text\/css\" data-created_by=\"avia_inline_auto\" id=\"style-css-av-30nv2s-9e40d2ce0e5805e722373286e6dff81b\">\n#top .hr.hr-invisible.av-30nv2s-9e40d2ce0e5805e722373286e6dff81b{\nheight:50px;\n}\n<\/style>\n<div  class='hr av-30nv2s-9e40d2ce0e5805e722373286e6dff81b hr-invisible  avia-builder-el-3  el_after_av_heading  el_before_av_textblock '><span class='hr-inner '><span class=\"hr-inner-style\"><\/span><\/span><\/div><br \/>\n<section  class='av_textblock_section av-lezr0od0-94e7bd8ef786eea3c9a8d27065495667 '   itemscope=\"itemscope\" itemtype=\"https:\/\/schema.org\/CreativeWork\" ><div class='avia_textblock'  itemprop=\"text\" ><p><em><strong>Kosovoon aselepo<\/strong><\/em><\/p>\n<p>Euroopassa elettiin vakavan kriisin aikaa kev\u00e4\u00e4ll\u00e4 1999, kun sotilasliitto Nato pakotti Jugoslaviaa pommittamalla serbihallinnon poistumaan Kosovosta. Suomi osallistui EU:n tulevana puheenjohtajamaana sodan lopettamiseen t\u00e4ht\u00e4\u00e4viin ponnisteluihin yhteisty\u00f6ss\u00e4 alkuvuoden puheenjohtajamaan Saksan kanssa. Presidentti Ahtisaari johti suurvaltojen valtuutuksella ja Suomen ulkoasiainhallinnon avustuksella Kosovon aselevon toteutukseen liittyneit\u00e4 neuvotteluja, joiden tulokset YK vahvisti p\u00e4\u00e4t\u00f6ksill\u00e4\u00e4n.<\/p>\n<p><em><strong>Yhteisen ulko- ja turvalisuuspolitiikan kehitt\u00e4minen<\/strong><\/em><\/p>\n<p>Kokemukset Kosovon sodasta ja EU:n verraten v\u00e4h\u00e4isest\u00e4 roolista sen yhteydess\u00e4 l\u00f6iv\u00e4t leimansa unionin yhteisen ulko- ja turvallisuuspolitiikan kehitt\u00e4miskaavailuihin. Yleisesti hyv\u00e4ksyttiin ajatus, ett\u00e4 Euroopan unionin tulisi pysty\u00e4 paremmin huolehtimaan maanosansa turvallisuudesta, joten odotukset yhteisen turvallisuuspolitiikan p\u00e4\u00e4t\u00f6ksenteon ja keinovalikoiman kehitt\u00e4miseksi olivat suuret.<\/p>\n<p><em><strong>Aktiivista EU-politiikkaa<\/strong><\/em><\/p>\n<p>Suomen EU-puheenjohtajuus alkoi keskikes\u00e4ll\u00e4 1999 sik\u00e4li suotuisissa merkeiss\u00e4, ett\u00e4 kotimaassa kansalaismielipide oli k\u00e4\u00e4ntynyt unionille entist\u00e4 my\u00f6nteisemm\u00e4ksi ja Euroopassa Suomi oli jo opittu tuntemaan aktiivisesti EU:n kehitt\u00e4miseen suuntautuneena j\u00e4senmaana. P\u00e4\u00e4ministeri Paavo Lipposen toinen hallitus jatkoi maaliskuun vaalien j\u00e4lkeen l\u00e4hes entisess\u00e4 kokoonpanossaan, joka oli jo tottunut<br \/>\nEU-asioiden hoitoon.<\/p>\n<p><em><strong>\u201dVahvana ja avoimena\u201d<\/strong><\/em><\/p>\n<p>EU:n komissio oli joutunut kev\u00e4\u00e4ll\u00e4 eroamaan, eik\u00e4 uuden komission ty\u00f6skentely ollut viel\u00e4 kunnolla k\u00e4ynnistynyt, joten siit\u00e4kin syyst\u00e4 EU:n neuvoston puheenjohtajalle tuli paljon vastuuta toimintojen k\u00e4ynniss\u00e4 pit\u00e4misest\u00e4. Suomi ilmoitti pyrkiv\u00e4ns\u00e4 siihen, ett\u00e4 Euroopan unioni siirtyisi uudelle vuosituhannelle \u201dvahvana ja avoimena\u201d. N\u00e4iden tavoitteiden muuntaminen konkreettisiksi teoiksi oli huomattavan vaikeaa, koska my\u00f6s Euroopan parlamentti eli kes\u00e4kuisten vaalien j\u00e4lkeen viel\u00e4 j\u00e4rjest\u00e4ytymisvaiheessa.<\/p>\n<p><em><strong>Tampereen huippukokous<\/strong><\/em><\/p>\n<p>Tampereella lokakuussa 1999 pidetyss\u00e4 Eurooppa-neuvoston \u201dhuippukokouksessa\u201d keskityttiin sis\u00e4isiin asioihin, jolloin m\u00e4\u00e4ritettiin tavoitteeksi saada unionista entist\u00e4 enemm\u00e4n vapauden, turvallisuuden ja oikeudenmukaisuuden alue. Kokous j\u00e4i historiaan yhten\u00e4 Euroopan unionin onnistuneimmista, sill\u00e4 ilmapiiri oli yhteisille p\u00e4\u00e4t\u00f6ksille my\u00f6nteinen.<\/p>\n<p><em><strong>Helsingin Eurooppa-neuvoston kokous<\/strong><\/em><\/p>\n<p>Helsingin Eurooppa-neuvoston kokouksessa joulukuussa 1999 k\u00e4siteltiin unionin laajentumista ja turvallisuus- ja puolustuspolitiikan kehitt\u00e4mist\u00e4. Laajentumiskysymyksess\u00e4 omaksuttiin kanta, jonka mukaan neuvotteluja jatketaan tai aloitetaan suuren maajoukon kanssa, jolloin t\u00e4ht\u00e4imess\u00e4 oli kaikkiaan 12 uuden j\u00e4senen hyv\u00e4ksyminen l\u00e4hivuosina. Lis\u00e4ksi Turkille vakuutettiin, ett\u00e4 sen j\u00e4senyytt\u00e4 pyrit\u00e4\u00e4n edist\u00e4m\u00e4\u00e4n.<\/p>\n<p><em><strong>EU:n sotilaallinen kriisinhallinta<\/strong><\/em><\/p>\n<p>Turvallisuuspolitiikan alalla p\u00e4\u00e4t\u00f6ksi\u00e4 oli jo pohjustettu Saksan johdolla Eurooppa-neuvoston kokouksessa K\u00f6lniss\u00e4. Kes\u00e4kuussa aikaansaatu Kosovon aselepo antoi pohjaa ehdotuksille EU:n sotilaallisen kriisinhallinnan kehitt\u00e4miseksi. Joulukuussa Eurooppa-neuvoston kokouksessa sovittiin \u201dHelsingin tavoitteista\u201d, joiden mukaan unionille luodaan mahdollisuudet l\u00e4hett\u00e4\u00e4 60 000 sotilaan joukko rauhanturvateht\u00e4viin.<\/p>\n<p><em><strong>Pohjoinen ulottuvuus<\/strong><\/em><\/p>\n<p>Suomi pyrki edist\u00e4m\u00e4\u00e4n my\u00f6s unionin \u201dpohjoista ulottuvuutta\u201d, jolla tarkoitettiin samantapaista ohjelmaa kuin EU:lla oli jo V\u00e4limeren aluetta koskien. Pohjoinen ulottuvuus kyll\u00e4 tunnustettiin t\u00e4rke\u00e4ksi, mutta se ei silti konkretisoitunut erityisen hyvin. Etel\u00e4isimpi\u00e4 EU-maita oli vaikea saada uskomaan, ett\u00e4 pohjoisessa olisi vakavia ongelmia, joita pit\u00e4isi kiireellisesti ratkaista. My\u00f6sk\u00e4\u00e4n pohjoismainen yhteisty\u00f6 ei n\u00e4iss\u00e4 asioissa tuntunut toimivan riitt\u00e4v\u00e4n hyvin vakuuttaakseen EU:n p\u00e4\u00e4t\u00f6ksentekoelimi\u00e4 mielenkiinnon lis\u00e4\u00e4misen ja varojen my\u00f6nt\u00e4misen tarpeesta.<\/p>\n<p>Suomen puheenjohtajuuskausi j\u00e4tti joka tapauksessa vuoden 1999 lopulla vaikutelman, ett\u00e4 unionin toiminta oli entist\u00e4 tehokkaampaa ja j\u00e4senmaille hy\u00f6dyllisemp\u00e4\u00e4. My\u00f6s Suomen toiminta puheenjohtajana sai yleisesti kiitosta.<\/p>\n<\/div><\/section><\/p><\/div>\n","protected":false},"excerpt":{"rendered":"","protected":false},"author":1,"featured_media":0,"parent":1889,"menu_order":1,"comment_status":"closed","ping_status":"closed","template":"","meta":{"footnotes":""},"class_list":["post-1892","page","type-page","status-publish","hentry"],"_links":{"self":[{"href":"https:\/\/maailmanmuutos.org\/index.php\/wp-json\/wp\/v2\/pages\/1892","targetHints":{"allow":["GET"]}}],"collection":[{"href":"https:\/\/maailmanmuutos.org\/index.php\/wp-json\/wp\/v2\/pages"}],"about":[{"href":"https:\/\/maailmanmuutos.org\/index.php\/wp-json\/wp\/v2\/types\/page"}],"author":[{"embeddable":true,"href":"https:\/\/maailmanmuutos.org\/index.php\/wp-json\/wp\/v2\/users\/1"}],"replies":[{"embeddable":true,"href":"https:\/\/maailmanmuutos.org\/index.php\/wp-json\/wp\/v2\/comments?post=1892"}],"version-history":[{"count":5,"href":"https:\/\/maailmanmuutos.org\/index.php\/wp-json\/wp\/v2\/pages\/1892\/revisions"}],"predecessor-version":[{"id":3762,"href":"https:\/\/maailmanmuutos.org\/index.php\/wp-json\/wp\/v2\/pages\/1892\/revisions\/3762"}],"up":[{"embeddable":true,"href":"https:\/\/maailmanmuutos.org\/index.php\/wp-json\/wp\/v2\/pages\/1889"}],"wp:attachment":[{"href":"https:\/\/maailmanmuutos.org\/index.php\/wp-json\/wp\/v2\/media?parent=1892"}],"curies":[{"name":"wp","href":"https:\/\/api.w.org\/{rel}","templated":true}]}}