{"id":1896,"date":"2023-03-08T21:19:15","date_gmt":"2023-03-08T21:19:15","guid":{"rendered":"http:\/\/us.ylirotu.fi\/index.php\/suomi\/suomi-muutoksen-maailmassa\/suomen-eu-politiikka-2000-luvun-alussa\/suomi-eun-puheenjohtajamaana-vuonna-1999-3\/"},"modified":"2023-08-15T22:52:50","modified_gmt":"2023-08-15T22:52:50","slug":"kansalaisten-suhtautuminen-euroopan-unioniin","status":"publish","type":"page","link":"https:\/\/maailmanmuutos.org\/index.php\/suomi\/suomi-muutoksen-maailmassa\/suomen-eu-politiikka-2000-luvun-alussa\/kansalaisten-suhtautuminen-euroopan-unioniin\/","title":{"rendered":"Kansalaisten suhtautuminen Euroopan unioniin\u00a0"},"content":{"rendered":"<div id='full_slider_1'  class='avia-fullwidth-slider main_color avia-shadow   avia-builder-el-0  el_before_av_one_full  avia-builder-el-first   container_wrap sidebar_right'  >\n<style type=\"text\/css\" data-created_by=\"avia_inline_auto\" id=\"style-css-av-kd4hz9nx-fb331aa0faaa9c578e2f07ccc45f5aa0\">\n#top #wrap_all .avia-slideshow .av-slideshow-caption.av-kd4hz9nx-fb331aa0faaa9c578e2f07ccc45f5aa0__0 .avia-caption-title{\nfont-size:22px;\n}\n#top .avia-slideshow .av-slideshow-caption.av-kd4hz9nx-fb331aa0faaa9c578e2f07ccc45f5aa0__0 .avia-caption-content{\nfont-size:14px;\n}\n#top .avia-slideshow .av-slideshow-caption.av-kd4hz9nx-fb331aa0faaa9c578e2f07ccc45f5aa0__0 .avia-caption-content p{\nfont-size:14px;\n}\n\n@media only screen and (min-width: 768px) and (max-width: 989px){ \n#top #wrap_all .avia-slideshow .av-slideshow-caption.av-kd4hz9nx-fb331aa0faaa9c578e2f07ccc45f5aa0__0 .avia-caption-title{\nfont-size:16px;\n}\n#top .avia-slideshow .av-slideshow-caption.av-kd4hz9nx-fb331aa0faaa9c578e2f07ccc45f5aa0__0 .avia-caption-content{\nfont-size:16px;\n}\n#top .avia-slideshow .av-slideshow-caption.av-kd4hz9nx-fb331aa0faaa9c578e2f07ccc45f5aa0__0 .avia-caption-content p{\nfont-size:16px;\n}\n}\n\n@media only screen and (min-width: 480px) and (max-width: 767px){ \n#top #wrap_all .avia-slideshow .av-slideshow-caption.av-kd4hz9nx-fb331aa0faaa9c578e2f07ccc45f5aa0__0 .avia-caption-title{\nfont-size:14px;\n}\n#top .avia-slideshow .av-slideshow-caption.av-kd4hz9nx-fb331aa0faaa9c578e2f07ccc45f5aa0__0 .avia-caption-content{\nfont-size:14px;\n}\n#top .avia-slideshow .av-slideshow-caption.av-kd4hz9nx-fb331aa0faaa9c578e2f07ccc45f5aa0__0 .avia-caption-content p{\nfont-size:14px;\n}\n}\n\n@media only screen and (max-width: 479px){ \n#top #wrap_all .avia-slideshow .av-slideshow-caption.av-kd4hz9nx-fb331aa0faaa9c578e2f07ccc45f5aa0__0 .avia-caption-title{\ndisplay:none;\n}\n#top .avia-slideshow .av-slideshow-caption.av-kd4hz9nx-fb331aa0faaa9c578e2f07ccc45f5aa0__0 .avia-caption-content{\ndisplay:none;\n}\n#top .avia-slideshow .av-slideshow-caption.av-kd4hz9nx-fb331aa0faaa9c578e2f07ccc45f5aa0__0 .avia-caption-content p{\ndisplay:none;\n}\n}\n<\/style>\n<div  class='avia-slideshow av-kd4hz9nx-fb331aa0faaa9c578e2f07ccc45f5aa0 avia-slideshow-featured av_slideshow_full avia-slide-slider av-slideshow-ui av-control-default av-slideshow-manual av-loop-once av-loop-manual-endless av-default-height-applied   avia-slideshow-1' data-slideshow-options=\"{&quot;animation&quot;:&quot;slide&quot;,&quot;autoplay&quot;:false,&quot;loop_autoplay&quot;:&quot;once&quot;,&quot;interval&quot;:5,&quot;loop_manual&quot;:&quot;manual-endless&quot;,&quot;autoplay_stopper&quot;:false,&quot;noNavigation&quot;:false,&quot;bg_slider&quot;:false,&quot;keep_padding&quot;:false,&quot;hoverpause&quot;:false,&quot;show_slide_delay&quot;:0}\"  itemprop=\"image\" itemscope=\"itemscope\" itemtype=\"https:\/\/schema.org\/ImageObject\" ><ul class='avia-slideshow-inner ' style='padding-bottom: 28.72411489646%;'><li  class='avia-slideshow-slide av-kd4hz9nx-fb331aa0faaa9c578e2f07ccc45f5aa0__0  av-single-slide slide-1 slide-odd'><div data-rel='slideshow-1' class='avia-slide-wrap '   ><img decoding=\"async\" fetchpriority=\"high\" class=\"wp-image-3753 avia-img-lazy-loading-not-3753\"  src=\"https:\/\/maailmanmuutos.org\/wp-content\/uploads\/2023\/08\/eu-kanta.jpg\" width=\"1497\" height=\"430\" title='kuvituskuvat' alt=''  itemprop=\"thumbnailUrl\" srcset=\"https:\/\/maailmanmuutos.org\/wp-content\/uploads\/2023\/08\/eu-kanta.jpg 1500w, https:\/\/maailmanmuutos.org\/wp-content\/uploads\/2023\/08\/eu-kanta-800x230.jpg 800w, https:\/\/maailmanmuutos.org\/wp-content\/uploads\/2023\/08\/eu-kanta-120x34.jpg 120w, https:\/\/maailmanmuutos.org\/wp-content\/uploads\/2023\/08\/eu-kanta-768x221.jpg 768w, https:\/\/maailmanmuutos.org\/wp-content\/uploads\/2023\/08\/eu-kanta-705x203.jpg 705w\" sizes=\"(max-width: 1497px) 100vw, 1497px\" \/><\/div><\/li><\/ul><\/div><\/div><div id='after_full_slider_1'  class='main_color av_default_container_wrap container_wrap sidebar_right'  ><div class='container av-section-cont-open' ><div class='template-page content  av-content-small alpha units'><div class='post-entry post-entry-type-page post-entry-1896'><div class='entry-content-wrapper clearfix'>\n\n<style type=\"text\/css\" data-created_by=\"avia_inline_auto\" id=\"style-css-av-5spn6-3d3e8ead61d02f87ad7c9f2fc625dc24\">\n.flex_column.av-5spn6-3d3e8ead61d02f87ad7c9f2fc625dc24{\nborder-radius:0px 0px 0px 0px;\npadding:0px 0px 0px 0px;\n}\n<\/style>\n<div  class='flex_column av-5spn6-3d3e8ead61d02f87ad7c9f2fc625dc24 av_one_full  avia-builder-el-1  el_after_av_slideshow_full  avia-builder-el-no-sibling  first flex_column_div av-zero-column-padding  '     ><p>\n<style type=\"text\/css\" data-created_by=\"avia_inline_auto\" id=\"style-css-av-37z2e0-fcf298f9b82e87b7f6305b00f487ebf4\">\n#top .av-special-heading.av-37z2e0-fcf298f9b82e87b7f6305b00f487ebf4{\npadding-bottom:10px;\n}\nbody .av-special-heading.av-37z2e0-fcf298f9b82e87b7f6305b00f487ebf4 .av-special-heading-tag .heading-char{\nfont-size:25px;\n}\n.av-special-heading.av-37z2e0-fcf298f9b82e87b7f6305b00f487ebf4 .av-subheading{\nfont-size:15px;\n}\n<\/style>\n<div  class='av-special-heading av-37z2e0-fcf298f9b82e87b7f6305b00f487ebf4 av-special-heading-h1  avia-builder-el-2  el_before_av_hr  avia-builder-el-first '><h1 class='av-special-heading-tag'  itemprop=\"headline\"  >Kansalaisten suhtautuminen Euroopan unioniin <\/h1><div class=\"special-heading-border\"><div class=\"special-heading-inner-border\"><\/div><\/div><\/div><br \/>\n\n<style type=\"text\/css\" data-created_by=\"avia_inline_auto\" id=\"style-css-av-26teiw-3917e33b4caaa18052a12fc484f840bb\">\n#top .hr.hr-invisible.av-26teiw-3917e33b4caaa18052a12fc484f840bb{\nheight:50px;\n}\n<\/style>\n<div  class='hr av-26teiw-3917e33b4caaa18052a12fc484f840bb hr-invisible  avia-builder-el-3  el_after_av_heading  el_before_av_textblock '><span class='hr-inner '><span class=\"hr-inner-style\"><\/span><\/span><\/div><br \/>\n<section  class='av_textblock_section av-lezr0od0-94e7bd8ef786eea3c9a8d27065495667 '   itemscope=\"itemscope\" itemtype=\"https:\/\/schema.org\/CreativeWork\" ><div class='avia_textblock'  itemprop=\"text\" ><p><em><strong>Mielipidejakauma vakiintui<\/strong><\/em><\/p>\n<p>Tutkimuksia kansalaisten suhtautumisesta Euroopan yhteis\u00f6\u00f6n\/unioniin ja Suomen j\u00e4senyyteen on tehty yli 20 vuoden ajan. Tultaessa 2000-luvulle n\u00e4ist\u00e4 asioista oli jo saatu kokemuksia, joten my\u00f6s kyselyj\u00e4 voidaan pit\u00e4\u00e4 entist\u00e4 p\u00e4tev\u00e4mpin\u00e4 mittaamaan todellisia k\u00e4sityksi\u00e4.<\/p>\n<p>EU-j\u00e4senyyden vaikutuksia luotaillut kyselytutkimus vuonna 2002 paljasti, ett\u00e4 seitsem\u00e4n vuotta aikaisemmin kansan\u00e4\u00e4nestyksess\u00e4 todettu mielipidejakautuma oli edelleen suunnilleen samanlainen, sill\u00e4 my\u00f6nteisesti suhtautuvia oli 37 ja kielteisesti 31 prosenttia vastaajista. Merkillepantavaa oli kuitenkin se, ett\u00e4 v\u00e4lill\u00e4 1990-luvun lopulla my\u00f6nteisyys oli ollut suurempaa.<\/p>\n<p><em><strong>Huoli p\u00e4\u00e4t\u00f6svallan s\u00e4ilytt\u00e4misest\u00e4<\/strong><\/em><\/p>\n<p>Vuonna 2002 kaksi kolmesta (65%) vastusti EU:n kehitt\u00e4mist\u00e4 liittovaltioksi. T\u00e4h\u00e4n l\u00e4heisesti liittyi vain 26 prosentin joukon n\u00e4kemys, ett\u00e4 Suomi saisi hyvin \u00e4\u00e4nens\u00e4 kuuluviin Brysselin p\u00e4\u00e4t\u00f6ksenteossa. Haluttiin siis varmistaa kansallisen p\u00e4\u00e4t\u00f6svallan ensisijaisuus. Siihen viittaisi my\u00f6s 61 prosentin ilmaisema kanta, ett\u00e4 Suomen on itse huolehdittava turvallisuudestaan. Nato-j\u00e4senyyden kannatus j\u00e4i 20 prosentin tienoille.<\/p>\n<p><em><strong>USA:n terrori-iskujen vaikutukset<\/strong><\/em><\/p>\n<p>Edellisen\u00e4 syksyn\u00e4 oli koettu terrori-iskut Yhdysvaltoihin ja sitten niihin vastauksena amerikkalaisten johtamat sotatoimet Afganistanissa. Kokemus tuntui vahvistavan suomalaisten enemmist\u00f6n k\u00e4sityksi\u00e4, ett\u00e4 olisi parasta pysy\u00e4 erossa ulkomaisista selkkauksista, eik\u00e4 my\u00f6sk\u00e4\u00e4n luotettu ylikansallisen EU-p\u00e4\u00e4t\u00f6ksenteon hyvyyteen.<\/p>\n<p><em><strong>Yhteisvaluutta euro<\/strong><\/em><\/p>\n<p>Suhtautuminen juuri k\u00e4ytt\u00f6\u00f6notettuun yhteisvaluutta euroon oli kaksijakoista, sill\u00e4 vain niukka enemmist\u00f6 kannatti sit\u00e4. Kielteisyytt\u00e4 her\u00e4ttiv\u00e4t viel\u00e4 monet k\u00e4yt\u00e4nn\u00f6n vaikeudet ja my\u00f6s arviot hintojen noususta euron my\u00f6t\u00e4.<\/p>\n<p><em><strong>Peruslinja hyv\u00e4ksyttiin<\/strong><\/em><\/p>\n<p>Vuodenvaihteessa 2007\/2008 toteutetussa kyselyss\u00e4 saatiin samankaltaisia tuloksia suhtautumisessa Euroopan unioniin ja Suomen ulko- ja turvallisuuspoliittisiin linjauksiin. Kansalaisten kiinnostus EU:ta kohtaan oli lis\u00e4\u00e4ntynyt kasvaneen tiedon ja kokemuksen my\u00f6t\u00e4, mutta mielipiteet olivat tulleet my\u00f6s jonkin verran pessimistisemmiksi sen suhteen, voivatko suomalaiset vaikuttaa ulko- ja turvallisuuspolitiikan peruslinjaan tyytyv\u00e4isyys sen sijaan oli laajaa.<\/p>\n<\/div><\/section><\/p><\/div>\n","protected":false},"excerpt":{"rendered":"","protected":false},"author":1,"featured_media":0,"parent":1889,"menu_order":2,"comment_status":"closed","ping_status":"closed","template":"","meta":{"footnotes":""},"class_list":["post-1896","page","type-page","status-publish","hentry"],"_links":{"self":[{"href":"https:\/\/maailmanmuutos.org\/index.php\/wp-json\/wp\/v2\/pages\/1896","targetHints":{"allow":["GET"]}}],"collection":[{"href":"https:\/\/maailmanmuutos.org\/index.php\/wp-json\/wp\/v2\/pages"}],"about":[{"href":"https:\/\/maailmanmuutos.org\/index.php\/wp-json\/wp\/v2\/types\/page"}],"author":[{"embeddable":true,"href":"https:\/\/maailmanmuutos.org\/index.php\/wp-json\/wp\/v2\/users\/1"}],"replies":[{"embeddable":true,"href":"https:\/\/maailmanmuutos.org\/index.php\/wp-json\/wp\/v2\/comments?post=1896"}],"version-history":[{"count":6,"href":"https:\/\/maailmanmuutos.org\/index.php\/wp-json\/wp\/v2\/pages\/1896\/revisions"}],"predecessor-version":[{"id":3743,"href":"https:\/\/maailmanmuutos.org\/index.php\/wp-json\/wp\/v2\/pages\/1896\/revisions\/3743"}],"up":[{"embeddable":true,"href":"https:\/\/maailmanmuutos.org\/index.php\/wp-json\/wp\/v2\/pages\/1889"}],"wp:attachment":[{"href":"https:\/\/maailmanmuutos.org\/index.php\/wp-json\/wp\/v2\/media?parent=1896"}],"curies":[{"name":"wp","href":"https:\/\/api.w.org\/{rel}","templated":true}]}}