{"id":619,"date":"2023-03-08T14:10:17","date_gmt":"2023-03-08T14:10:17","guid":{"rendered":"http:\/\/us.ylirotu.fi\/?page_id=619"},"modified":"2023-08-17T08:09:04","modified_gmt":"2023-08-17T08:09:04","slug":"tarkeimmat-tapahtumat","status":"publish","type":"page","link":"https:\/\/maailmanmuutos.org\/index.php\/info\/tarkeimmat-tapahtumat\/","title":{"rendered":"T\u00e4rkeimm\u00e4t tapahtumat 11.3.1985 &#8211; 11.2.2011"},"content":{"rendered":"<div id='full_slider_1'  class='avia-fullwidth-slider main_color avia-shadow   avia-builder-el-0  el_before_av_one_full  avia-builder-el-first   container_wrap sidebar_right'  >\n<style type=\"text\/css\" data-created_by=\"avia_inline_auto\" id=\"style-css-av-kd4hz9nx-fb331aa0faaa9c578e2f07ccc45f5aa0\">\n#top #wrap_all .avia-slideshow .av-slideshow-caption.av-kd4hz9nx-fb331aa0faaa9c578e2f07ccc45f5aa0__0 .avia-caption-title{\nfont-size:22px;\n}\n#top .avia-slideshow .av-slideshow-caption.av-kd4hz9nx-fb331aa0faaa9c578e2f07ccc45f5aa0__0 .avia-caption-content{\nfont-size:14px;\n}\n#top .avia-slideshow .av-slideshow-caption.av-kd4hz9nx-fb331aa0faaa9c578e2f07ccc45f5aa0__0 .avia-caption-content p{\nfont-size:14px;\n}\n\n@media only screen and (min-width: 768px) and (max-width: 989px){ \n#top #wrap_all .avia-slideshow .av-slideshow-caption.av-kd4hz9nx-fb331aa0faaa9c578e2f07ccc45f5aa0__0 .avia-caption-title{\nfont-size:16px;\n}\n#top .avia-slideshow .av-slideshow-caption.av-kd4hz9nx-fb331aa0faaa9c578e2f07ccc45f5aa0__0 .avia-caption-content{\nfont-size:16px;\n}\n#top .avia-slideshow .av-slideshow-caption.av-kd4hz9nx-fb331aa0faaa9c578e2f07ccc45f5aa0__0 .avia-caption-content p{\nfont-size:16px;\n}\n}\n\n@media only screen and (min-width: 480px) and (max-width: 767px){ \n#top #wrap_all .avia-slideshow .av-slideshow-caption.av-kd4hz9nx-fb331aa0faaa9c578e2f07ccc45f5aa0__0 .avia-caption-title{\nfont-size:14px;\n}\n#top .avia-slideshow .av-slideshow-caption.av-kd4hz9nx-fb331aa0faaa9c578e2f07ccc45f5aa0__0 .avia-caption-content{\nfont-size:14px;\n}\n#top .avia-slideshow .av-slideshow-caption.av-kd4hz9nx-fb331aa0faaa9c578e2f07ccc45f5aa0__0 .avia-caption-content p{\nfont-size:14px;\n}\n}\n\n@media only screen and (max-width: 479px){ \n#top #wrap_all .avia-slideshow .av-slideshow-caption.av-kd4hz9nx-fb331aa0faaa9c578e2f07ccc45f5aa0__0 .avia-caption-title{\ndisplay:none;\n}\n#top .avia-slideshow .av-slideshow-caption.av-kd4hz9nx-fb331aa0faaa9c578e2f07ccc45f5aa0__0 .avia-caption-content{\ndisplay:none;\n}\n#top .avia-slideshow .av-slideshow-caption.av-kd4hz9nx-fb331aa0faaa9c578e2f07ccc45f5aa0__0 .avia-caption-content p{\ndisplay:none;\n}\n}\n<\/style>\n<div  class='avia-slideshow av-kd4hz9nx-fb331aa0faaa9c578e2f07ccc45f5aa0 avia-slideshow-featured av_slideshow_full avia-slide-slider av-slideshow-ui av-control-default av-slideshow-manual av-loop-once av-loop-manual-endless av-default-height-applied   avia-slideshow-1' data-slideshow-options=\"{&quot;animation&quot;:&quot;slide&quot;,&quot;autoplay&quot;:false,&quot;loop_autoplay&quot;:&quot;once&quot;,&quot;interval&quot;:5,&quot;loop_manual&quot;:&quot;manual-endless&quot;,&quot;autoplay_stopper&quot;:false,&quot;noNavigation&quot;:false,&quot;bg_slider&quot;:false,&quot;keep_padding&quot;:false,&quot;hoverpause&quot;:false,&quot;show_slide_delay&quot;:0}\"  itemprop=\"image\" itemscope=\"itemscope\" itemtype=\"https:\/\/schema.org\/ImageObject\" ><ul class='avia-slideshow-inner ' style='padding-bottom: 28.666666666667%;'><li  class='avia-slideshow-slide av-kd4hz9nx-fb331aa0faaa9c578e2f07ccc45f5aa0__0  av-single-slide slide-1 slide-odd'><div data-rel='slideshow-1' class='avia-slide-wrap '   ><img decoding=\"async\" fetchpriority=\"high\" class=\"wp-image-1886 avia-img-lazy-loading-not-1886\"  src=\"https:\/\/maailmanmuutos.org\/wp-content\/uploads\/2023\/03\/mm_etuivu_otsake-1500x430.jpg\" width=\"1500\" height=\"430\" title='mm_etuivu_otsake' alt=''  itemprop=\"thumbnailUrl\"   \/><\/div><\/li><\/ul><\/div><\/div><div id='after_full_slider_1'  class='main_color av_default_container_wrap container_wrap sidebar_right'  ><div class='container av-section-cont-open' ><div class='template-page content  av-content-small alpha units'><div class='post-entry post-entry-type-page post-entry-619'><div class='entry-content-wrapper clearfix'>\n\n<style type=\"text\/css\" data-created_by=\"avia_inline_auto\" id=\"style-css-av-5spn6-3d3e8ead61d02f87ad7c9f2fc625dc24\">\n.flex_column.av-5spn6-3d3e8ead61d02f87ad7c9f2fc625dc24{\nborder-radius:0px 0px 0px 0px;\npadding:0px 0px 0px 0px;\n}\n<\/style>\n<div  class='flex_column av-5spn6-3d3e8ead61d02f87ad7c9f2fc625dc24 av_one_full  avia-builder-el-1  el_after_av_slideshow_full  avia-builder-el-no-sibling  first flex_column_div av-zero-column-padding  '     ><p>\n<style type=\"text\/css\" data-created_by=\"avia_inline_auto\" id=\"style-css-av-av_heading-a12a01d58b80afca81587ef53c6becd9\">\n#top .av-special-heading.av-av_heading-a12a01d58b80afca81587ef53c6becd9{\npadding-bottom:10px;\n}\nbody .av-special-heading.av-av_heading-a12a01d58b80afca81587ef53c6becd9 .av-special-heading-tag .heading-char{\nfont-size:25px;\n}\n.av-special-heading.av-av_heading-a12a01d58b80afca81587ef53c6becd9 .av-subheading{\nfont-size:15px;\n}\n<\/style>\n<div  class='av-special-heading av-av_heading-a12a01d58b80afca81587ef53c6becd9 av-special-heading-h1  avia-builder-el-2  el_before_av_hr  avia-builder-el-first '><h1 class='av-special-heading-tag'  itemprop=\"headline\"  >T\u00e4rkeimm\u00e4t tapahtumat 11.3.1985 &#8211; 11.2.2011<\/h1><div class=\"special-heading-border\"><div class=\"special-heading-inner-border\"><\/div><\/div><\/div><br \/>\n\n<style type=\"text\/css\" data-created_by=\"avia_inline_auto\" id=\"style-css-av-llevqy6d-0222b9cc0fa31a870caa6c9a43fbbdee\">\n#top .hr.hr-invisible.av-llevqy6d-0222b9cc0fa31a870caa6c9a43fbbdee{\nheight:50px;\n}\n<\/style>\n<div  class='hr av-llevqy6d-0222b9cc0fa31a870caa6c9a43fbbdee hr-invisible  avia-builder-el-3  el_after_av_heading  el_before_av_textblock '><span class='hr-inner '><span class=\"hr-inner-style\"><\/span><\/span><\/div><br \/>\n<section  class='av_textblock_section av-lezr0od0-94e7bd8ef786eea3c9a8d27065495667 '   itemscope=\"itemscope\" itemtype=\"https:\/\/schema.org\/CreativeWork\" ><div class='avia_textblock'  itemprop=\"text\" ><table width=\"100%\">\n<tbody>\n<tr>\n<td colspan=\"2\"><strong>TAPAHTUMIA<\/strong><\/td>\n<\/tr>\n<tr>\n<td><\/td>\n<td><\/td>\n<\/tr>\n<tr>\n<td><strong>11.3.1985<\/strong><b>\u00a0\u00a0\u00a0\u00a0\u00a0\u00a0<\/b><\/td>\n<td>Mihail Gorbatshov Neuvostoliiton johtoon.<\/td>\n<\/tr>\n<tr>\n<td><\/td>\n<td><\/td>\n<\/tr>\n<tr>\n<td><b>11.10.1986<\/b><\/td>\n<td>Presidentti Ronald Reagan tapasi Mihail Gorbatshovin Reykjavikissa.<\/td>\n<\/tr>\n<tr>\n<td><\/td>\n<td><\/td>\n<\/tr>\n<tr>\n<td><strong>8.12.1987<\/strong><b>\u00a0\u00a0\u00a0\u00a0\u00a0\u00a0<\/b><b>\u00a0<\/b><\/td>\n<td>Sopimus keskikantaman ohjusten poistamisesta Euroopasta (INF-sopimus).<\/td>\n<\/tr>\n<tr>\n<td><\/td>\n<td><\/td>\n<\/tr>\n<tr>\n<td><strong>25.10.1989<\/strong><b>\u00a0\u00a0\u00a0<\/b><b>\u00a0<\/b><\/td>\n<td>Presidentti Gorbatshov vierailulla Helsingiss\u00e4.<\/td>\n<\/tr>\n<tr>\n<td>9.11.\u00a0\u00a0\u00a0\u00a0\u00a0\u00a0\u00a0\u00a0\u00a0\u00a0\u00a0\u00a0\u00a0\u00a0\u00a0\u00a0\u00a0\u00a0.<\/td>\n<td>Berliinin muuri avattiin<\/td>\n<\/tr>\n<tr>\n<td><\/td>\n<td><\/td>\n<\/tr>\n<tr>\n<td><strong>16.7.1990<\/strong><b>\u00a0\u00a0\u00a0\u00a0\u00a0\u00a0<\/b><b>.<\/b><\/td>\n<td>Presidentti Gorbatshov ja liittokansleri Helmut Kohl sopivat Stavropolissa Saksan yhdist\u00e4misen ehdoista<\/td>\n<\/tr>\n<tr>\n<td>2.8.<\/td>\n<td>Irakin joukot valtasivat Kuwaitin.<\/td>\n<\/tr>\n<tr>\n<td>12.9.<\/td>\n<td>Nelj\u00e4n voittajavallan, Saksan liittotasavallan ja DDR:n v\u00e4linen sopimus Saksasta.<\/td>\n<\/tr>\n<tr>\n<td>21.9.<\/td>\n<td>Suomi mit\u00e4t\u00f6i Pariisin rauhansopimuksen sotilasartiklat.<\/td>\n<\/tr>\n<tr>\n<td>3.10.<\/td>\n<td>It\u00e4-Saksa (DDR) yhdistyi Saksan liittotasavaltaan.<\/td>\n<\/tr>\n<tr>\n<td>21.10.<\/td>\n<td>\u201dUutta Eurooppaa koskeva Pariisin peruskirja\u201d allekirjoitettiin.<\/td>\n<\/tr>\n<tr>\n<td><\/td>\n<td><\/td>\n<\/tr>\n<tr>\n<td><strong>15.1.1991<\/strong><b>\u00a0\u00a0\u00a0\u00a0\u00a0\u00a0<\/b><b>.<\/b><\/td>\n<td>Persianlahden sota: Yhdysvaltojen johtama liittokunta aloitti Irakin pommitukset<\/td>\n<\/tr>\n<tr>\n<td>25.2.<\/td>\n<td>Varsovan liitto p\u00e4\u00e4tettiin lakkautetaan<\/td>\n<\/tr>\n<tr>\n<td>27.2.<\/td>\n<td>Aselepo Irakissa.<\/td>\n<\/tr>\n<tr>\n<td>10.7.<\/td>\n<td>Boris Jeltsin Ven\u00e4j\u00e4n (neuvostotasavallan) vaaleilla valituksi presidentiksi.<\/td>\n<\/tr>\n<tr>\n<td>19.8.<\/td>\n<td>Vallankaappausyritys Moskovassa (ep\u00e4onnistui 21.8.)<\/td>\n<\/tr>\n<tr>\n<td>10.12.<\/td>\n<td>Maastrichtissa valmistui sopimus Euroopan unionista. Allekirjoitettiin 7.2.1992.<\/td>\n<\/tr>\n<tr>\n<td>25.12.<\/td>\n<td>Gorbatshov erosi ja Neuvostoliitto ilmoitettiin hajonneeksi.<\/td>\n<\/tr>\n<tr>\n<td><\/td>\n<td><\/td>\n<\/tr>\n<tr>\n<td><b>20.1.1992<\/b><\/td>\n<td>Suomen ja Ven\u00e4j\u00e4n naapuruussopimus allekirjoitettiin, ja yya-sopimus raukesi.<\/td>\n<\/tr>\n<tr>\n<td>18.3.<\/td>\n<td>Suomi j\u00e4tti j\u00e4senhakemuksen Euroopan yhteis\u00f6lle.<\/td>\n<\/tr>\n<tr>\n<td><\/td>\n<td><\/td>\n<\/tr>\n<tr>\n<td><b>3.10. 1993<\/b><\/td>\n<td>Valtakamppailu Moskovassa k\u00e4rjistyi tulitaisteluiksi. Presidentti Jeltsin p\u00e4\u00e4si voitolle.<\/td>\n<\/tr>\n<tr>\n<td>1.11.<\/td>\n<td>Sopimus Euroopan unionista tuli voimaan.<\/td>\n<\/tr>\n<tr>\n<td><\/td>\n<td><\/td>\n<\/tr>\n<tr>\n<td><b>1.3.1994<\/b><\/td>\n<td>Martti Ahtisaari tasavallan presidentiksi Mauno Koiviston j\u00e4lkeen.<\/td>\n<\/tr>\n<tr>\n<td>10.5.<\/td>\n<td>Vallanvaihto Etel\u00e4-Afrikassa: Nelson Mandelasta ensimm\u00e4inen musta presidentti.<\/td>\n<\/tr>\n<tr>\n<td><\/td>\n<td><\/td>\n<\/tr>\n<tr>\n<td><b>1.1.1995<\/b><\/td>\n<td>Suomesta tuli EU:n j\u00e4sen.<\/td>\n<\/tr>\n<tr>\n<td>10.10.<\/td>\n<td>Aselepo Bosnia-Hertsegovinaan.<\/td>\n<\/tr>\n<tr>\n<td>14.12.<\/td>\n<td>Daytonissa neuvoteltu Bosnian sodan rauhansopimus allekirjoitettiin Pariisissa.<\/td>\n<\/tr>\n<tr>\n<td><\/td>\n<td><\/td>\n<\/tr>\n<tr>\n<td><b>24.3.1999<\/b><\/td>\n<td>Kosovon sota: Nato aloitti ilmahy\u00f6kk\u00e4ykset Jugoslaviaa vastaan.<\/td>\n<\/tr>\n<tr>\n<td>10.6.<\/td>\n<td>YK:n p\u00e4\u00e4t\u00f6slauselma Kosovon aselevosta ja v\u00e4liaikaisesta hallinnosta.<\/td>\n<\/tr>\n<tr>\n<td>9.8.<\/td>\n<td>Vladimir Putin nimitettiin Ven\u00e4j\u00e4n p\u00e4\u00e4ministeriksi.<\/td>\n<\/tr>\n<tr>\n<td>11.12.<\/td>\n<td>EU:n huippukokous (Eurooppa-neuvosto) p\u00e4\u00e4ttyi Helsingiss\u00e4.<\/td>\n<\/tr>\n<tr>\n<td><\/td>\n<td><\/td>\n<\/tr>\n<tr>\n<td><b>1.3.2000<\/b><\/td>\n<td>Tarja Halonen tasavallan presidentiksi. Suomen uusi perustuslaki tuli voimaan.<\/td>\n<\/tr>\n<tr>\n<td>7.5.<\/td>\n<td>Vladimir Putin aloitti kautensa Ven\u00e4j\u00e4n presidenttin\u00e4.<\/td>\n<\/tr>\n<tr>\n<td><\/td>\n<td><\/td>\n<\/tr>\n<tr>\n<td><b>11.9.2001<\/b><\/td>\n<td>Terrori-iskut New Yorkiin ja Washingtoniin.<\/td>\n<\/tr>\n<tr>\n<td>7.10.<\/td>\n<td>Yhdysvallat aloitti hy\u00f6kk\u00e4yksen Afganistaniin.<\/td>\n<\/tr>\n<tr>\n<td>20.12.<\/td>\n<td>YK:n p\u00e4\u00e4t\u00f6slauselma rauhanturvajoukon (ISAF) perustamisesta Afganistaniin.<\/td>\n<\/tr>\n<tr>\n<td><\/td>\n<td><\/td>\n<\/tr>\n<tr>\n<td><b>23.10.2002<\/b><\/td>\n<td>Tshetsheeniterroristit kaappasivat Moskovassa 850 panttivankia. Vapautusiskun yhteydess\u00e4 kuoli yli 150 henke\u00e4.<\/td>\n<\/tr>\n<tr>\n<td><\/td>\n<td><\/td>\n<\/tr>\n<tr>\n<td><b>20.3.2003<\/b><\/td>\n<td>Yhdysvallat hy\u00f6kk\u00e4si Irakiin.<\/td>\n<\/tr>\n<tr>\n<td>1.5.<\/td>\n<td>Presidentti Bush julisti \u201dvarsinaiset sotatoimet\u201d Irakissa p\u00e4\u00e4ttyneeksi. Sissisota alkoi.<\/td>\n<\/tr>\n<tr>\n<td><\/td>\n<td><\/td>\n<\/tr>\n<tr>\n<td><b>11.3.2004<\/b><\/td>\n<td>Terrori-isku juniin Madridissa tappoi 191 ihmist\u00e4.<\/td>\n<\/tr>\n<tr>\n<td>1.9.<\/td>\n<td>Ven\u00e4j\u00e4n Pohjois-Ossetian Beslanissa terroristit kaappasivat panttivangeiksi 1\u00a0100 henke\u00e4. Tulituksessa kuoli 380 ihmist\u00e4.<\/td>\n<\/tr>\n<tr>\n<td>26.12.<\/td>\n<td>Intian valtamerell\u00e4, l\u00e4hinn\u00e4 Indonesiassa ja Thaimaassa hy\u00f6kyaalto, tsunami, surmasi yli 200\u00a0000 ihmist\u00e4, joukossa 178 suomalaista.<\/td>\n<\/tr>\n<tr>\n<td><\/td>\n<td><\/td>\n<\/tr>\n<tr>\n<td><b>23.1.2005<\/b><\/td>\n<td>\u201dOranssi-vallankumous\u201d Ukrainassa nosti presidentiksi l\u00e4nsimielisen Viktor Jushtshenkon.<\/td>\n<\/tr>\n<tr>\n<td>16.2.<\/td>\n<td>Kioton ilmastosopimus tuli voimaan.<\/td>\n<\/tr>\n<tr>\n<td>7.7.<\/td>\n<td>Terrori-iskussa Lontoossa kuoli 56 ihmist\u00e4.<\/td>\n<\/tr>\n<tr>\n<td><\/td>\n<td><\/td>\n<\/tr>\n<tr>\n<td><strong>12.7.2006<\/strong><b>\u00a0\u00a0\u00a0\u00a0\u00a0\u00a0<\/b><b>\u00a0<\/b><\/td>\n<td>Israelin hy\u00f6kk\u00e4ys Libanoniin alkoi. P\u00e4\u00e4ttyi aselepoon 14.8.<\/td>\n<\/tr>\n<tr>\n<td><\/td>\n<td><\/td>\n<\/tr>\n<tr>\n<td><strong>7.5.2008<\/strong><b>\u00a0\u00a0\u00a0\u00a0\u00a0\u00a0\u00a0\u00a0\u00a0<\/b><b>\u00a0<\/b><\/td>\n<td>Dmitri Medvedev Ven\u00e4j\u00e4n presidentiksi.<\/td>\n<\/tr>\n<tr>\n<td>7.8.<\/td>\n<td>Georgian tykist\u00f6 aloitti illalla Etel\u00e4-Ossetian alueen tulituksen, josta alkoi sota.<\/td>\n<\/tr>\n<tr>\n<td>15.8.<\/td>\n<td>Aselepo voimaan Ven\u00e4j\u00e4n ja Georgian v\u00e4lill\u00e4.<\/td>\n<\/tr>\n<tr>\n<td>15.9.<\/td>\n<td>Yhdysvalloissa suuren Lehman Brothers \u2013pankin vararikko k\u00e4rjisti rahoituskriisi\u00e4.<\/td>\n<\/tr>\n<tr>\n<td>27.12.<\/td>\n<td>Gazan sota alkoi Israelin ilmahy\u00f6kk\u00e4yksill\u00e4. P\u00e4\u00e4ttyi 17.1.2009.<\/td>\n<\/tr>\n<tr>\n<td><\/td>\n<td><\/td>\n<\/tr>\n<tr>\n<td><strong>20.1.2009<\/strong><b>\u00a0\u00a0\u00a0\u00a0\u00a0\u00a0<\/b><b>\u00a0<\/b><\/td>\n<td>Barack Obama Yhdysvaltojen presidentiksi.<\/td>\n<\/tr>\n<tr>\n<td>1.12.<\/td>\n<td>EU:n uusi perussopimus (Lissabonin sopimus) voimaan.<\/td>\n<\/tr>\n<tr>\n<td><\/td>\n<td><\/td>\n<\/tr>\n<tr>\n<td><b>20.1.2010<\/b><\/td>\n<td>Ukrainassa presidentiksi Viktor Janukovitsh, joka painotti hyvi\u00e4 Ven\u00e4j\u00e4-suhteita.<\/td>\n<\/tr>\n<tr>\n<td>7.12.<\/td>\n<td>Tunisian mellakat alkoivat ja johtivat presidentti Ben Alin eroon 14.1.2011.<\/td>\n<\/tr>\n<tr>\n<td>11.12.<\/td>\n<td>Canc\u00fanin sopimus ilmastonmuutoksen hallinnasta valmistui.<\/td>\n<\/tr>\n<tr>\n<td><\/td>\n<td><\/td>\n<\/tr>\n<tr>\n<td><strong>11.2.2011<\/strong><b>\u00a0\u00a0\u00a0\u00a0\u00a0\u00a0<\/b><b>\u00a0<\/b><\/td>\n<td>Egyptin presidentti Hosni Mubarak joutui eroamaan mielenosoituksien pakottamana.<\/td>\n<\/tr>\n<tr>\n<td>18.2.<\/td>\n<td>Libyassa Muhamad Gaddafin hallinto tulitti mielensoittajia, mutta kapina voimistui.<\/td>\n<\/tr>\n<\/tbody>\n<\/table>\n<\/div><\/section><\/p><\/div>\n","protected":false},"excerpt":{"rendered":"","protected":false},"author":1,"featured_media":0,"parent":608,"menu_order":1,"comment_status":"closed","ping_status":"closed","template":"","meta":{"footnotes":""},"class_list":["post-619","page","type-page","status-publish","hentry"],"_links":{"self":[{"href":"https:\/\/maailmanmuutos.org\/index.php\/wp-json\/wp\/v2\/pages\/619","targetHints":{"allow":["GET"]}}],"collection":[{"href":"https:\/\/maailmanmuutos.org\/index.php\/wp-json\/wp\/v2\/pages"}],"about":[{"href":"https:\/\/maailmanmuutos.org\/index.php\/wp-json\/wp\/v2\/types\/page"}],"author":[{"embeddable":true,"href":"https:\/\/maailmanmuutos.org\/index.php\/wp-json\/wp\/v2\/users\/1"}],"replies":[{"embeddable":true,"href":"https:\/\/maailmanmuutos.org\/index.php\/wp-json\/wp\/v2\/comments?post=619"}],"version-history":[{"count":10,"href":"https:\/\/maailmanmuutos.org\/index.php\/wp-json\/wp\/v2\/pages\/619\/revisions"}],"predecessor-version":[{"id":4162,"href":"https:\/\/maailmanmuutos.org\/index.php\/wp-json\/wp\/v2\/pages\/619\/revisions\/4162"}],"up":[{"embeddable":true,"href":"https:\/\/maailmanmuutos.org\/index.php\/wp-json\/wp\/v2\/pages\/608"}],"wp:attachment":[{"href":"https:\/\/maailmanmuutos.org\/index.php\/wp-json\/wp\/v2\/media?parent=619"}],"curies":[{"name":"wp","href":"https:\/\/api.w.org\/{rel}","templated":true}]}}