{"id":646,"date":"2023-03-08T14:36:09","date_gmt":"2023-03-08T14:36:09","guid":{"rendered":"http:\/\/us.ylirotu.fi\/?page_id=646"},"modified":"2023-08-17T07:50:01","modified_gmt":"2023-08-17T07:50:01","slug":"poliittisten-ideologioiden-haalistuminen","status":"publish","type":"page","link":"https:\/\/maailmanmuutos.org\/index.php\/kylmasta-sodasta-2000-luvulle\/kylman-sodan-paatosvaihe\/syyt-kylman-sodan-paattymiseen\/poliittisten-ideologioiden-haalistuminen\/","title":{"rendered":"Poliittisten ideologioiden haalistuminen\u00a0"},"content":{"rendered":"<div id='full_slider_1'  class='avia-fullwidth-slider main_color avia-shadow   avia-builder-el-0  el_before_av_one_full  avia-builder-el-first   container_wrap sidebar_right'  >\n<style type=\"text\/css\" data-created_by=\"avia_inline_auto\" id=\"style-css-av-kd4hz9nx-fb331aa0faaa9c578e2f07ccc45f5aa0\">\n#top #wrap_all .avia-slideshow .av-slideshow-caption.av-kd4hz9nx-fb331aa0faaa9c578e2f07ccc45f5aa0__0 .avia-caption-title{\nfont-size:22px;\n}\n#top .avia-slideshow .av-slideshow-caption.av-kd4hz9nx-fb331aa0faaa9c578e2f07ccc45f5aa0__0 .avia-caption-content{\nfont-size:14px;\n}\n#top .avia-slideshow .av-slideshow-caption.av-kd4hz9nx-fb331aa0faaa9c578e2f07ccc45f5aa0__0 .avia-caption-content p{\nfont-size:14px;\n}\n\n@media only screen and (min-width: 768px) and (max-width: 989px){ \n#top #wrap_all .avia-slideshow .av-slideshow-caption.av-kd4hz9nx-fb331aa0faaa9c578e2f07ccc45f5aa0__0 .avia-caption-title{\nfont-size:16px;\n}\n#top .avia-slideshow .av-slideshow-caption.av-kd4hz9nx-fb331aa0faaa9c578e2f07ccc45f5aa0__0 .avia-caption-content{\nfont-size:16px;\n}\n#top .avia-slideshow .av-slideshow-caption.av-kd4hz9nx-fb331aa0faaa9c578e2f07ccc45f5aa0__0 .avia-caption-content p{\nfont-size:16px;\n}\n}\n\n@media only screen and (min-width: 480px) and (max-width: 767px){ \n#top #wrap_all .avia-slideshow .av-slideshow-caption.av-kd4hz9nx-fb331aa0faaa9c578e2f07ccc45f5aa0__0 .avia-caption-title{\nfont-size:14px;\n}\n#top .avia-slideshow .av-slideshow-caption.av-kd4hz9nx-fb331aa0faaa9c578e2f07ccc45f5aa0__0 .avia-caption-content{\nfont-size:14px;\n}\n#top .avia-slideshow .av-slideshow-caption.av-kd4hz9nx-fb331aa0faaa9c578e2f07ccc45f5aa0__0 .avia-caption-content p{\nfont-size:14px;\n}\n}\n\n@media only screen and (max-width: 479px){ \n#top #wrap_all .avia-slideshow .av-slideshow-caption.av-kd4hz9nx-fb331aa0faaa9c578e2f07ccc45f5aa0__0 .avia-caption-title{\ndisplay:none;\n}\n#top .avia-slideshow .av-slideshow-caption.av-kd4hz9nx-fb331aa0faaa9c578e2f07ccc45f5aa0__0 .avia-caption-content{\ndisplay:none;\n}\n#top .avia-slideshow .av-slideshow-caption.av-kd4hz9nx-fb331aa0faaa9c578e2f07ccc45f5aa0__0 .avia-caption-content p{\ndisplay:none;\n}\n}\n<\/style>\n<div  class='avia-slideshow av-kd4hz9nx-fb331aa0faaa9c578e2f07ccc45f5aa0 avia-slideshow-featured av_slideshow_full avia-slide-slider av-slideshow-ui av-control-default av-slideshow-manual av-loop-once av-loop-manual-endless av-default-height-applied   avia-slideshow-1' data-slideshow-options=\"{&quot;animation&quot;:&quot;slide&quot;,&quot;autoplay&quot;:false,&quot;loop_autoplay&quot;:&quot;once&quot;,&quot;interval&quot;:5,&quot;loop_manual&quot;:&quot;manual-endless&quot;,&quot;autoplay_stopper&quot;:false,&quot;noNavigation&quot;:false,&quot;bg_slider&quot;:false,&quot;keep_padding&quot;:false,&quot;hoverpause&quot;:false,&quot;show_slide_delay&quot;:0}\"  itemprop=\"image\" itemscope=\"itemscope\" itemtype=\"https:\/\/schema.org\/ImageObject\" ><ul class='avia-slideshow-inner ' style='padding-bottom: 28.72411489646%;'><li  class='avia-slideshow-slide av-kd4hz9nx-fb331aa0faaa9c578e2f07ccc45f5aa0__0  av-single-slide slide-1 slide-odd'><div data-rel='slideshow-1' class='avia-slide-wrap '   ><img decoding=\"async\" fetchpriority=\"high\" class=\"wp-image-2852 avia-img-lazy-loading-not-2852\"  src=\"https:\/\/maailmanmuutos.org\/wp-content\/uploads\/2023\/08\/Second-Moscow-Watch-Factory-locksmiths-family.jpg\" width=\"1497\" height=\"430\" title='Second Moscow Watch Factory locksmiths family' alt=''  itemprop=\"thumbnailUrl\" srcset=\"https:\/\/maailmanmuutos.org\/wp-content\/uploads\/2023\/08\/Second-Moscow-Watch-Factory-locksmiths-family.jpg 1500w, https:\/\/maailmanmuutos.org\/wp-content\/uploads\/2023\/08\/Second-Moscow-Watch-Factory-locksmiths-family-800x230.jpg 800w, https:\/\/maailmanmuutos.org\/wp-content\/uploads\/2023\/08\/Second-Moscow-Watch-Factory-locksmiths-family-120x34.jpg 120w, https:\/\/maailmanmuutos.org\/wp-content\/uploads\/2023\/08\/Second-Moscow-Watch-Factory-locksmiths-family-768x221.jpg 768w, https:\/\/maailmanmuutos.org\/wp-content\/uploads\/2023\/08\/Second-Moscow-Watch-Factory-locksmiths-family-705x203.jpg 705w\" sizes=\"(max-width: 1497px) 100vw, 1497px\" \/><\/div><\/li><\/ul><\/div><\/div><div id='after_full_slider_1'  class='main_color av_default_container_wrap container_wrap sidebar_right'  ><div class='container av-section-cont-open' ><div class='template-page content  av-content-small alpha units'><div class='post-entry post-entry-type-page post-entry-646'><div class='entry-content-wrapper clearfix'>\n\n<style type=\"text\/css\" data-created_by=\"avia_inline_auto\" id=\"style-css-av-5spn6-3d3e8ead61d02f87ad7c9f2fc625dc24\">\n.flex_column.av-5spn6-3d3e8ead61d02f87ad7c9f2fc625dc24{\nborder-radius:0px 0px 0px 0px;\npadding:0px 0px 0px 0px;\n}\n<\/style>\n<div  class='flex_column av-5spn6-3d3e8ead61d02f87ad7c9f2fc625dc24 av_one_full  avia-builder-el-1  el_after_av_slideshow_full  avia-builder-el-no-sibling  first flex_column_div av-zero-column-padding  '     ><p>\n<style type=\"text\/css\" data-created_by=\"avia_inline_auto\" id=\"style-css-av-av_heading-5b7aa01f6dd330860fd817b7e6e745c0\">\n#top .av-special-heading.av-av_heading-5b7aa01f6dd330860fd817b7e6e745c0{\npadding-bottom:10px;\n}\nbody .av-special-heading.av-av_heading-5b7aa01f6dd330860fd817b7e6e745c0 .av-special-heading-tag .heading-char{\nfont-size:25px;\n}\n.av-special-heading.av-av_heading-5b7aa01f6dd330860fd817b7e6e745c0 .av-subheading{\nfont-size:15px;\n}\n<\/style>\n<div  class='av-special-heading av-av_heading-5b7aa01f6dd330860fd817b7e6e745c0 av-special-heading-h1  avia-builder-el-2  el_before_av_hr  avia-builder-el-first '><h1 class='av-special-heading-tag'  itemprop=\"headline\"  >Poliittisten ideologioiden haalistuminen <\/h1><div class=\"special-heading-border\"><div class=\"special-heading-inner-border\"><\/div><\/div><\/div><br \/>\n\n<style type=\"text\/css\" data-created_by=\"avia_inline_auto\" id=\"style-css-av-llev2640-22aa128aef38f453e33a9636d0124f60\">\n#top .hr.hr-invisible.av-llev2640-22aa128aef38f453e33a9636d0124f60{\nheight:50px;\n}\n<\/style>\n<div  class='hr av-llev2640-22aa128aef38f453e33a9636d0124f60 hr-invisible  avia-builder-el-3  el_after_av_heading  el_before_av_textblock '><span class='hr-inner '><span class=\"hr-inner-style\"><\/span><\/span><\/div><br \/>\n<section  class='av_textblock_section av-lezr0od0-94e7bd8ef786eea3c9a8d27065495667 '   itemscope=\"itemscope\" itemtype=\"https:\/\/schema.org\/CreativeWork\" ><div class='avia_textblock'  itemprop=\"text\" ><p><em><strong>Ideologiat ja talousj\u00e4rjestelm\u00e4t<\/strong><\/em><\/p>\n<p>Vahvoista poliittisista ideologioista 1900-luvulla kukistuivat toisessa maailmansodassa jo fasismi ja sen sukulainen kansallissosialismi eli natsismi. Voittajavallat levittiv\u00e4t oman ideologiansa hallitsemilleen alueille.<\/p>\n<p>Yhdysvallat kamppaili liberaalin demokratian ja kapitalistisen talousj\u00e4rjestelm\u00e4n puolesta k\u00e4ytt\u00e4en \u201dvapaan maailman\u201d tai \u201dl\u00e4nnen\u201d tunnuksia. L\u00e4ntiseen liittokuntaan kuului taloudellisesti vahvoja valtioita, joista useimmat olivat olleet my\u00f6s siirtomaavaltoja.<\/p>\n<p><em><strong>Neuvostoliiton johtama it\u00e4blokki<\/strong><\/em><\/p>\n<p>Neuvostoliitto vakiinnutti oman blokkinsa alueelle sosialismiin perustuvan poliittisen ja taloudellisen j\u00e4rjestelm\u00e4n, jossa aluksi oli voimakkaita stalinismin piirteit\u00e4. Neuvostoliiton johtama \u201dsosialistinen leiri\u201d pyrki esiintym\u00e4\u00e4n \u201danti-imperialistisena\u201d voimana, joka tuki siirtomaiden vapautumista. Neuvostoliiton johtaman \u201dit\u00e4blokin\u201d \u00a0hallitseminen perustui paljolti kommunistipuolueiden varaan my\u00f6s sellaisissa maissa, joissa oli j\u00e4tetty rinnalle vanhojen \u201dblokkipuolueiden\u201d, esimerkiksi liberaalien tai talonpoikaispuolueiden j\u00e4\u00e4nteit\u00e4. T\u00e4llainen j\u00e4rjestelm\u00e4 vallitsi muun muassa It\u00e4-Saksassa (DDR:ss\u00e4), Puolassa ja Unkarissa.<\/p>\n<p><em><strong>Ideologioiden hiipuminen<\/strong><\/em><\/p>\n<p>Vuosikymmenten kuluessa vanhojen ideologioiden voima hiipui. N\u00e4in k\u00e4vi erityisesti \u00a0it\u00e4blokissa, koska kansalaiset kokivat sosialistisen j\u00e4rjestelm\u00e4n \u00a0j\u00e4ykistyneeksi, taloudellisesti tehottomaksi ja kansalaisvapauksia tukahduttavaksi. My\u00f6sk\u00e4\u00e4n l\u00e4ntisess\u00e4 blokissa ei Yhdysvaltojen mallin mukainen ideologia pysynyt monessakaan maassa puhtaana. Esimerkiksi L\u00e4nsi-Saksassa (Saksan liittotasavallassa) oli vahva sosialidemokraattinen puolue, ja my\u00f6s oikeistoa edustaneet kristillisdemokraatit kannattivat k\u00e4yt\u00e4nn\u00f6ss\u00e4 l\u00e4hinn\u00e4 \u201dsosiaalisen markkinatalouden\u201d oppeja ja korostivat yhteiskunnallista oikeudenmukaisuutta.<\/p>\n<\/div><\/section><\/p><\/div>\n","protected":false},"excerpt":{"rendered":"","protected":false},"author":1,"featured_media":0,"parent":635,"menu_order":2,"comment_status":"closed","ping_status":"closed","template":"","meta":{"footnotes":""},"class_list":["post-646","page","type-page","status-publish","hentry"],"_links":{"self":[{"href":"https:\/\/maailmanmuutos.org\/index.php\/wp-json\/wp\/v2\/pages\/646","targetHints":{"allow":["GET"]}}],"collection":[{"href":"https:\/\/maailmanmuutos.org\/index.php\/wp-json\/wp\/v2\/pages"}],"about":[{"href":"https:\/\/maailmanmuutos.org\/index.php\/wp-json\/wp\/v2\/types\/page"}],"author":[{"embeddable":true,"href":"https:\/\/maailmanmuutos.org\/index.php\/wp-json\/wp\/v2\/users\/1"}],"replies":[{"embeddable":true,"href":"https:\/\/maailmanmuutos.org\/index.php\/wp-json\/wp\/v2\/comments?post=646"}],"version-history":[{"count":10,"href":"https:\/\/maailmanmuutos.org\/index.php\/wp-json\/wp\/v2\/pages\/646\/revisions"}],"predecessor-version":[{"id":4115,"href":"https:\/\/maailmanmuutos.org\/index.php\/wp-json\/wp\/v2\/pages\/646\/revisions\/4115"}],"up":[{"embeddable":true,"href":"https:\/\/maailmanmuutos.org\/index.php\/wp-json\/wp\/v2\/pages\/635"}],"wp:attachment":[{"href":"https:\/\/maailmanmuutos.org\/index.php\/wp-json\/wp\/v2\/media?parent=646"}],"curies":[{"name":"wp","href":"https:\/\/api.w.org\/{rel}","templated":true}]}}