{"id":654,"date":"2023-03-08T14:38:25","date_gmt":"2023-03-08T14:38:25","guid":{"rendered":"http:\/\/us.ylirotu.fi\/?page_id=654"},"modified":"2023-08-17T07:50:36","modified_gmt":"2023-08-17T07:50:36","slug":"kilpavarustelun-rasitus","status":"publish","type":"page","link":"https:\/\/maailmanmuutos.org\/index.php\/kylmasta-sodasta-2000-luvulle\/kylman-sodan-paatosvaihe\/syyt-kylman-sodan-paattymiseen\/kilpavarustelun-rasitus\/","title":{"rendered":"Kilpavarustelun rasitus\u00a0"},"content":{"rendered":"<div id='full_slider_1'  class='avia-fullwidth-slider main_color avia-shadow   avia-builder-el-0  el_before_av_one_full  avia-builder-el-first   container_wrap sidebar_right'  >\n<style type=\"text\/css\" data-created_by=\"avia_inline_auto\" id=\"style-css-av-kd4hz9nx-fb331aa0faaa9c578e2f07ccc45f5aa0\">\n#top #wrap_all .avia-slideshow .av-slideshow-caption.av-kd4hz9nx-fb331aa0faaa9c578e2f07ccc45f5aa0__0 .avia-caption-title{\nfont-size:22px;\n}\n#top .avia-slideshow .av-slideshow-caption.av-kd4hz9nx-fb331aa0faaa9c578e2f07ccc45f5aa0__0 .avia-caption-content{\nfont-size:14px;\n}\n#top .avia-slideshow .av-slideshow-caption.av-kd4hz9nx-fb331aa0faaa9c578e2f07ccc45f5aa0__0 .avia-caption-content p{\nfont-size:14px;\n}\n\n@media only screen and (min-width: 768px) and (max-width: 989px){ \n#top #wrap_all .avia-slideshow .av-slideshow-caption.av-kd4hz9nx-fb331aa0faaa9c578e2f07ccc45f5aa0__0 .avia-caption-title{\nfont-size:16px;\n}\n#top .avia-slideshow .av-slideshow-caption.av-kd4hz9nx-fb331aa0faaa9c578e2f07ccc45f5aa0__0 .avia-caption-content{\nfont-size:16px;\n}\n#top .avia-slideshow .av-slideshow-caption.av-kd4hz9nx-fb331aa0faaa9c578e2f07ccc45f5aa0__0 .avia-caption-content p{\nfont-size:16px;\n}\n}\n\n@media only screen and (min-width: 480px) and (max-width: 767px){ \n#top #wrap_all .avia-slideshow .av-slideshow-caption.av-kd4hz9nx-fb331aa0faaa9c578e2f07ccc45f5aa0__0 .avia-caption-title{\nfont-size:14px;\n}\n#top .avia-slideshow .av-slideshow-caption.av-kd4hz9nx-fb331aa0faaa9c578e2f07ccc45f5aa0__0 .avia-caption-content{\nfont-size:14px;\n}\n#top .avia-slideshow .av-slideshow-caption.av-kd4hz9nx-fb331aa0faaa9c578e2f07ccc45f5aa0__0 .avia-caption-content p{\nfont-size:14px;\n}\n}\n\n@media only screen and (max-width: 479px){ \n#top #wrap_all .avia-slideshow .av-slideshow-caption.av-kd4hz9nx-fb331aa0faaa9c578e2f07ccc45f5aa0__0 .avia-caption-title{\ndisplay:none;\n}\n#top .avia-slideshow .av-slideshow-caption.av-kd4hz9nx-fb331aa0faaa9c578e2f07ccc45f5aa0__0 .avia-caption-content{\ndisplay:none;\n}\n#top .avia-slideshow .av-slideshow-caption.av-kd4hz9nx-fb331aa0faaa9c578e2f07ccc45f5aa0__0 .avia-caption-content p{\ndisplay:none;\n}\n}\n<\/style>\n<div  class='avia-slideshow av-kd4hz9nx-fb331aa0faaa9c578e2f07ccc45f5aa0 avia-slideshow-featured av_slideshow_full avia-slide-slider av-slideshow-ui av-control-default av-slideshow-manual av-loop-once av-loop-manual-endless av-default-height-applied   avia-slideshow-1' data-slideshow-options=\"{&quot;animation&quot;:&quot;slide&quot;,&quot;autoplay&quot;:false,&quot;loop_autoplay&quot;:&quot;once&quot;,&quot;interval&quot;:5,&quot;loop_manual&quot;:&quot;manual-endless&quot;,&quot;autoplay_stopper&quot;:false,&quot;noNavigation&quot;:false,&quot;bg_slider&quot;:false,&quot;keep_padding&quot;:false,&quot;hoverpause&quot;:false,&quot;show_slide_delay&quot;:0}\"  itemprop=\"image\" itemscope=\"itemscope\" itemtype=\"https:\/\/schema.org\/ImageObject\" ><ul class='avia-slideshow-inner ' style='padding-bottom: 28.666666666667%;'><li  class='avia-slideshow-slide av-kd4hz9nx-fb331aa0faaa9c578e2f07ccc45f5aa0__0  av-single-slide slide-1 slide-odd'><div data-rel='slideshow-1' class='avia-slide-wrap '   ><img decoding=\"async\" fetchpriority=\"high\" class=\"wp-image-2820 avia-img-lazy-loading-not-2820\"  src=\"https:\/\/maailmanmuutos.org\/wp-content\/uploads\/2023\/08\/asevarustelu-1500x430.jpg\" width=\"1500\" height=\"430\" title='asevarustelu' alt=''  itemprop=\"thumbnailUrl\" srcset=\"https:\/\/maailmanmuutos.org\/wp-content\/uploads\/2023\/08\/asevarustelu-1500x431.jpg 1500w, https:\/\/maailmanmuutos.org\/wp-content\/uploads\/2023\/08\/asevarustelu-800x230.jpg 800w, https:\/\/maailmanmuutos.org\/wp-content\/uploads\/2023\/08\/asevarustelu-120x34.jpg 120w, https:\/\/maailmanmuutos.org\/wp-content\/uploads\/2023\/08\/asevarustelu-768x220.jpg 768w, https:\/\/maailmanmuutos.org\/wp-content\/uploads\/2023\/08\/asevarustelu-1536x441.jpg 1536w, https:\/\/maailmanmuutos.org\/wp-content\/uploads\/2023\/08\/asevarustelu-705x202.jpg 705w, https:\/\/maailmanmuutos.org\/wp-content\/uploads\/2023\/08\/asevarustelu.jpg 2000w\" sizes=\"(max-width: 1500px) 100vw, 1500px\" \/><\/div><\/li><\/ul><\/div><\/div><div id='after_full_slider_1'  class='main_color av_default_container_wrap container_wrap sidebar_right'  ><div class='container av-section-cont-open' ><div class='template-page content  av-content-small alpha units'><div class='post-entry post-entry-type-page post-entry-654'><div class='entry-content-wrapper clearfix'>\n\n<style type=\"text\/css\" data-created_by=\"avia_inline_auto\" id=\"style-css-av-5spn6-3d3e8ead61d02f87ad7c9f2fc625dc24\">\n.flex_column.av-5spn6-3d3e8ead61d02f87ad7c9f2fc625dc24{\nborder-radius:0px 0px 0px 0px;\npadding:0px 0px 0px 0px;\n}\n<\/style>\n<div  class='flex_column av-5spn6-3d3e8ead61d02f87ad7c9f2fc625dc24 av_one_full  avia-builder-el-1  el_after_av_slideshow_full  avia-builder-el-no-sibling  first flex_column_div av-zero-column-padding  '     ><p>\n<style type=\"text\/css\" data-created_by=\"avia_inline_auto\" id=\"style-css-av-7ucuu-8d3dd0741502910c8caf1b450d529603\">\n#top .av-special-heading.av-7ucuu-8d3dd0741502910c8caf1b450d529603{\npadding-bottom:10px;\n}\nbody .av-special-heading.av-7ucuu-8d3dd0741502910c8caf1b450d529603 .av-special-heading-tag .heading-char{\nfont-size:25px;\n}\n.av-special-heading.av-7ucuu-8d3dd0741502910c8caf1b450d529603 .av-subheading{\nfont-size:15px;\n}\n<\/style>\n<div  class='av-special-heading av-7ucuu-8d3dd0741502910c8caf1b450d529603 av-special-heading-h1  avia-builder-el-2  el_before_av_textblock  avia-builder-el-first '><h1 class='av-special-heading-tag'  itemprop=\"headline\"  >Kilpavarustelun rasitus <\/h1><div class=\"special-heading-border\"><div class=\"special-heading-inner-border\"><\/div><\/div><\/div><br \/>\n<section  class='av_textblock_section av-lezr0od0-94e7bd8ef786eea3c9a8d27065495667 '   itemscope=\"itemscope\" itemtype=\"https:\/\/schema.org\/CreativeWork\" ><div class='avia_textblock'  itemprop=\"text\" ><p><em><strong>Tyytym\u00e4tt\u00f6myytt\u00e4 sotilasmenojen rasitteeseen<\/strong><\/em><\/p>\n<p>Jatkuva kilpavarustelu rasitti suuresti sek\u00e4 liittoutumien johtovaltioita ett\u00e4 pienempi\u00e4 liittolaisia. Neuvostoliitto k\u00e4ytti yli 20 prosenttia tuotannostaan sotilasmenoihin, jotka tuskin hy\u00f6dyttiv\u00e4t kansalaisten hyvinvointia. My\u00f6s it\u00e4blokin pienten \u201dsatelliittivaltioiden\u201d varustelukustannukset olivat suuri rasitus taloudelle ja heikensiv\u00e4t kansalaisten elintasoa. T\u00e4st\u00e4 kasvoi tyytym\u00e4tt\u00f6myys, jota hallitukset yrittiv\u00e4t pit\u00e4\u00e4 kurissa tarvittaessa kovin ottein. Puolan lakot ja solidaarisuus-ammattiliiton synty 1980-luvun alussa olivat siit\u00e4 selvi\u00e4 oireita. Puolan hallitus tukahdutti sotatilan turvin liikehdinn\u00e4n toistaiseksi, mutta paineet poliittisen ja taloudellisen j\u00e4rjestelm\u00e4n muutokseen kasvoivat vuosikymmenen kuluessa.<\/p>\n<p><em><strong>Sotilasmenojen ep\u00e4tasainen jakautuminen<\/strong><\/em><\/p>\n<p>Varustelukilpa haittasi talouden luonnollista kehittymist\u00e4 my\u00f6s monissa l\u00e4nsimaissa, joten suhteellisen alhaisen varustelutason maat hy\u00f6tyiv\u00e4t tilanteesta. N\u00e4ihin kuului erityisesti Japani, mutta my\u00f6s Saksan liittotasavallan sotilasmenot olivat verraten pienet verrattuna bruttokansantuotteeseen.<\/p>\n<p>Yhdysvallat k\u00e4ytti 1950-luvulla noin 10 prosenttia bruttokansantuotteestaan sotilasmenoihin, vaikka meneill\u00e4\u00e4n ei ollut suuria sotia. Suhteellinen varustelurasitus laski suurvaltojen v\u00e4lisen liennytyksen ansiosta 1970-luvulla noin puoleen kylm\u00e4n sodan alkuvaiheiden tasosta mutta nousi taas jyrk\u00e4sti \u201duuden kylm\u00e4n sodan\u201d aikaan 1980-luvulla.<\/p>\n<p>L\u00e4nsimaissa erityisesti rauhanliikkeet toivat julki tyytym\u00e4tt\u00f6myytt\u00e4 varustelurasituksia kohtaan. Yhdysvallat pystyi kertyneen rikkautensa vuoksi siet\u00e4m\u00e4\u00e4n korkeaa varusteluastetta paremmin, joten siit\u00e4 seuranneet talouden v\u00e4\u00e4ristym\u00e4t eiv\u00e4t heti tulleet ilmi.<\/p>\n<\/div><\/section><\/p><\/div>\n","protected":false},"excerpt":{"rendered":"","protected":false},"author":1,"featured_media":0,"parent":635,"menu_order":3,"comment_status":"closed","ping_status":"closed","template":"","meta":{"footnotes":""},"class_list":["post-654","page","type-page","status-publish","hentry"],"_links":{"self":[{"href":"https:\/\/maailmanmuutos.org\/index.php\/wp-json\/wp\/v2\/pages\/654","targetHints":{"allow":["GET"]}}],"collection":[{"href":"https:\/\/maailmanmuutos.org\/index.php\/wp-json\/wp\/v2\/pages"}],"about":[{"href":"https:\/\/maailmanmuutos.org\/index.php\/wp-json\/wp\/v2\/types\/page"}],"author":[{"embeddable":true,"href":"https:\/\/maailmanmuutos.org\/index.php\/wp-json\/wp\/v2\/users\/1"}],"replies":[{"embeddable":true,"href":"https:\/\/maailmanmuutos.org\/index.php\/wp-json\/wp\/v2\/comments?post=654"}],"version-history":[{"count":8,"href":"https:\/\/maailmanmuutos.org\/index.php\/wp-json\/wp\/v2\/pages\/654\/revisions"}],"predecessor-version":[{"id":4117,"href":"https:\/\/maailmanmuutos.org\/index.php\/wp-json\/wp\/v2\/pages\/654\/revisions\/4117"}],"up":[{"embeddable":true,"href":"https:\/\/maailmanmuutos.org\/index.php\/wp-json\/wp\/v2\/pages\/635"}],"wp:attachment":[{"href":"https:\/\/maailmanmuutos.org\/index.php\/wp-json\/wp\/v2\/media?parent=654"}],"curies":[{"name":"wp","href":"https:\/\/api.w.org\/{rel}","templated":true}]}}