{"id":660,"date":"2023-03-08T14:41:05","date_gmt":"2023-03-08T14:41:05","guid":{"rendered":"http:\/\/us.ylirotu.fi\/?page_id=660"},"modified":"2023-08-17T07:51:59","modified_gmt":"2023-08-17T07:51:59","slug":"neuvostoliiton-taantuma-ja-sen-korjausyritys","status":"publish","type":"page","link":"https:\/\/maailmanmuutos.org\/index.php\/kylmasta-sodasta-2000-luvulle\/kylman-sodan-paatosvaihe\/syyt-kylman-sodan-paattymiseen\/neuvostoliiton-taantuma-ja-sen-korjausyritys\/","title":{"rendered":"Neuvostoliiton taantuma ja sen korjausyritys\u00a0"},"content":{"rendered":"<div id='full_slider_1'  class='avia-fullwidth-slider main_color avia-shadow   avia-builder-el-0  el_before_av_one_full  avia-builder-el-first   container_wrap sidebar_right'  >\n<style type=\"text\/css\" data-created_by=\"avia_inline_auto\" id=\"style-css-av-kd4hz9nx-fb331aa0faaa9c578e2f07ccc45f5aa0\">\n#top #wrap_all .avia-slideshow .av-slideshow-caption.av-kd4hz9nx-fb331aa0faaa9c578e2f07ccc45f5aa0__0 .avia-caption-title{\nfont-size:22px;\n}\n#top .avia-slideshow .av-slideshow-caption.av-kd4hz9nx-fb331aa0faaa9c578e2f07ccc45f5aa0__0 .avia-caption-content{\nfont-size:14px;\n}\n#top .avia-slideshow .av-slideshow-caption.av-kd4hz9nx-fb331aa0faaa9c578e2f07ccc45f5aa0__0 .avia-caption-content p{\nfont-size:14px;\n}\n\n@media only screen and (min-width: 768px) and (max-width: 989px){ \n#top #wrap_all .avia-slideshow .av-slideshow-caption.av-kd4hz9nx-fb331aa0faaa9c578e2f07ccc45f5aa0__0 .avia-caption-title{\nfont-size:16px;\n}\n#top .avia-slideshow .av-slideshow-caption.av-kd4hz9nx-fb331aa0faaa9c578e2f07ccc45f5aa0__0 .avia-caption-content{\nfont-size:16px;\n}\n#top .avia-slideshow .av-slideshow-caption.av-kd4hz9nx-fb331aa0faaa9c578e2f07ccc45f5aa0__0 .avia-caption-content p{\nfont-size:16px;\n}\n}\n\n@media only screen and (min-width: 480px) and (max-width: 767px){ \n#top #wrap_all .avia-slideshow .av-slideshow-caption.av-kd4hz9nx-fb331aa0faaa9c578e2f07ccc45f5aa0__0 .avia-caption-title{\nfont-size:14px;\n}\n#top .avia-slideshow .av-slideshow-caption.av-kd4hz9nx-fb331aa0faaa9c578e2f07ccc45f5aa0__0 .avia-caption-content{\nfont-size:14px;\n}\n#top .avia-slideshow .av-slideshow-caption.av-kd4hz9nx-fb331aa0faaa9c578e2f07ccc45f5aa0__0 .avia-caption-content p{\nfont-size:14px;\n}\n}\n\n@media only screen and (max-width: 479px){ \n#top #wrap_all .avia-slideshow .av-slideshow-caption.av-kd4hz9nx-fb331aa0faaa9c578e2f07ccc45f5aa0__0 .avia-caption-title{\ndisplay:none;\n}\n#top .avia-slideshow .av-slideshow-caption.av-kd4hz9nx-fb331aa0faaa9c578e2f07ccc45f5aa0__0 .avia-caption-content{\ndisplay:none;\n}\n#top .avia-slideshow .av-slideshow-caption.av-kd4hz9nx-fb331aa0faaa9c578e2f07ccc45f5aa0__0 .avia-caption-content p{\ndisplay:none;\n}\n}\n<\/style>\n<div  class='avia-slideshow av-kd4hz9nx-fb331aa0faaa9c578e2f07ccc45f5aa0 avia-slideshow-featured av_slideshow_full avia-slide-slider av-slideshow-ui av-control-default av-slideshow-manual av-loop-once av-loop-manual-endless av-default-height-applied   avia-slideshow-1' data-slideshow-options=\"{&quot;animation&quot;:&quot;slide&quot;,&quot;autoplay&quot;:false,&quot;loop_autoplay&quot;:&quot;once&quot;,&quot;interval&quot;:5,&quot;loop_manual&quot;:&quot;manual-endless&quot;,&quot;autoplay_stopper&quot;:false,&quot;noNavigation&quot;:false,&quot;bg_slider&quot;:false,&quot;keep_padding&quot;:false,&quot;hoverpause&quot;:false,&quot;show_slide_delay&quot;:0}\"  itemprop=\"image\" itemscope=\"itemscope\" itemtype=\"https:\/\/schema.org\/ImageObject\" ><ul class='avia-slideshow-inner ' style='padding-bottom: 28.72411489646%;'><li  class='avia-slideshow-slide av-kd4hz9nx-fb331aa0faaa9c578e2f07ccc45f5aa0__0  av-single-slide slide-1 slide-odd'><div data-rel='slideshow-1' class='avia-slide-wrap '   ><img decoding=\"async\" fetchpriority=\"high\" class=\"wp-image-2845 avia-img-lazy-loading-not-2845\"  src=\"https:\/\/maailmanmuutos.org\/wp-content\/uploads\/2023\/08\/neuvostoliiton-taantuma.jpg\" width=\"1497\" height=\"430\" title='neuvostoliiton taantuma' alt=''  itemprop=\"thumbnailUrl\" srcset=\"https:\/\/maailmanmuutos.org\/wp-content\/uploads\/2023\/08\/neuvostoliiton-taantuma.jpg 1500w, https:\/\/maailmanmuutos.org\/wp-content\/uploads\/2023\/08\/neuvostoliiton-taantuma-800x230.jpg 800w, https:\/\/maailmanmuutos.org\/wp-content\/uploads\/2023\/08\/neuvostoliiton-taantuma-120x34.jpg 120w, https:\/\/maailmanmuutos.org\/wp-content\/uploads\/2023\/08\/neuvostoliiton-taantuma-768x221.jpg 768w, https:\/\/maailmanmuutos.org\/wp-content\/uploads\/2023\/08\/neuvostoliiton-taantuma-705x203.jpg 705w\" sizes=\"(max-width: 1497px) 100vw, 1497px\" \/><\/div><\/li><\/ul><\/div><\/div><div id='after_full_slider_1'  class='main_color av_default_container_wrap container_wrap sidebar_right'  ><div class='container av-section-cont-open' ><div class='template-page content  av-content-small alpha units'><div class='post-entry post-entry-type-page post-entry-660'><div class='entry-content-wrapper clearfix'>\n\n<style type=\"text\/css\" data-created_by=\"avia_inline_auto\" id=\"style-css-av-5spn6-3d3e8ead61d02f87ad7c9f2fc625dc24\">\n.flex_column.av-5spn6-3d3e8ead61d02f87ad7c9f2fc625dc24{\nborder-radius:0px 0px 0px 0px;\npadding:0px 0px 0px 0px;\n}\n<\/style>\n<div  class='flex_column av-5spn6-3d3e8ead61d02f87ad7c9f2fc625dc24 av_one_full  avia-builder-el-1  el_after_av_slideshow_full  avia-builder-el-no-sibling  first flex_column_div av-zero-column-padding  '     ><p>\n<style type=\"text\/css\" data-created_by=\"avia_inline_auto\" id=\"style-css-av-av_heading-886b89f74c4f7b0abfd145d62f8766b4\">\n#top .av-special-heading.av-av_heading-886b89f74c4f7b0abfd145d62f8766b4{\npadding-bottom:10px;\n}\nbody .av-special-heading.av-av_heading-886b89f74c4f7b0abfd145d62f8766b4 .av-special-heading-tag .heading-char{\nfont-size:25px;\n}\n.av-special-heading.av-av_heading-886b89f74c4f7b0abfd145d62f8766b4 .av-subheading{\nfont-size:15px;\n}\n<\/style>\n<div  class='av-special-heading av-av_heading-886b89f74c4f7b0abfd145d62f8766b4 av-special-heading-h2  avia-builder-el-2  el_before_av_hr  avia-builder-el-first '><h2 class='av-special-heading-tag'  itemprop=\"headline\"  >Neuvostoliiton taantuma ja sen korjausyritys <\/h2><div class=\"special-heading-border\"><div class=\"special-heading-inner-border\"><\/div><\/div><\/div><br \/>\n\n<style type=\"text\/css\" data-created_by=\"avia_inline_auto\" id=\"style-css-av-llev4cuv-af53293cb978c6b19ad1a0e5ae56600c\">\n#top .hr.hr-invisible.av-llev4cuv-af53293cb978c6b19ad1a0e5ae56600c{\nheight:50px;\n}\n<\/style>\n<div  class='hr av-llev4cuv-af53293cb978c6b19ad1a0e5ae56600c hr-invisible  avia-builder-el-3  el_after_av_heading  el_before_av_textblock '><span class='hr-inner '><span class=\"hr-inner-style\"><\/span><\/span><\/div><br \/>\n<section  class='av_textblock_section av-lezr0od0-94e7bd8ef786eea3c9a8d27065495667 '   itemscope=\"itemscope\" itemtype=\"https:\/\/schema.org\/CreativeWork\" ><div class='avia_textblock'  itemprop=\"text\" ><p><em><strong>Neuvostoliiton taantuman alku<\/strong><\/em><\/p>\n<p>Neuvostoliitto oli k\u00e4rsinyt suuret tuhot toisessa maailmansodassa, eiv\u00e4tk\u00e4 edes mittavat sotakorvaukset ja Saksasta pakko-otetut tuotantov\u00e4lineet ja muu omaisuus voineet korvata kaikkia tappioita. Talouden tuotantokyky parani 1970-luvulle tultaessa ja samalla kansalaisten elintaso nousi. Kuitenkin jo vuosikymmenen lopulla talous alkoi taantua. Sit\u00e4 rasittivat korkeat varustelukustannukset ja j\u00e4ykk\u00e4 rakenne, joka ei suosinut aloitteellisuutta ja laadullisia kehitystoimia.<\/p>\n<p><em><strong>\u201dPys\u00e4htyneisyyden aika\u201d<\/strong><\/em><\/p>\n<p>Ongelmat Neuvostoliitossa pahenivat my\u00f6s poliittisen johdon vanhenemisen ja virkakierron kangistumisen vuoksi. Ajanjaksoa 1970-luvun puoliv\u00e4list\u00e4 1980-luvun puoliv\u00e4liin on nimitetty \u201dpys\u00e4htyneisyyden ajaksi\u201d. Eniten tyytym\u00e4tt\u00f6myys kasvoi maan etel\u00e4osissa, miss\u00e4 muslimiv\u00e4est\u00f6n osuus oli suuri ja syntyvyys korkea. Etel\u00e4isill\u00e4 alueilla maataloustuotanto oli suurissa vaikeuksissa, mik\u00e4 my\u00f6t\u00e4vaikutti k\u00f6yhtymiseen ja kapinamielialan kasvuun.<\/p>\n<p><em><strong>Neuvostoliiton pahoja ongelmia &#8211; Perestroika ei auttanut<\/strong><\/em><\/p>\n<p>Neuvostoliiton ymp\u00e4rist\u00f6ongelmat pahenivat, kun raskaan teollisuuden tuotantoa kasvatettiin luonnonvaroja riist\u00e4m\u00e4ll\u00e4 ja piittaamatta j\u00e4tteiden asianmukaisesta k\u00e4sittelyst\u00e4. T\u00e4st\u00e4 edelleen seurasi v\u00e4est\u00f6lle vakavia terveysongelmia, mik\u00e4 kuvastui elini\u00e4n laskuna. Siihen liittyi poliittisen tyytym\u00e4tt\u00f6myyden ja yhteiskunnallisen\u00a0 levottomuuden lis\u00e4\u00e4ntyminen. Toisaalta alkoholiongelmat alensivat v\u00e4est\u00f6n ty\u00f6kyky\u00e4 ja sen my\u00f6t\u00e4 kansantalouden tuotantoa.<\/p>\n<p><em><strong>Kansallisuusongelmia<\/strong><\/em><\/p>\n<p>Neuvostoliiton taloudellisen ja poliittisen kehityksen \u201cpys\u00e4htyneisyys\u201d yhtyneen\u00e4 kilpavarustelun jatkamiseen 1980-luvun alkupuoliskolla oli perustava tekij\u00e4, joka alkoi horjuttaa maan asemaa ja yhten\u00e4isyytt\u00e4. Mihail Gorbatshovin 1980-luvun puoliv\u00e4liss\u00e4 aloittama uudistusohjelma, \u201dperestroika\u201d, ei tuonut puhtia talouteen, mutta se sai liikkeelle voimia, jotka vaativat alueilleen laajempaa autonomiaa tai eroa Neuvostoliitosta. Pitk\u00e4\u00e4n vaietut kansallisuusongelmat synnyttiv\u00e4t erityisesti maan etel\u00e4osissa sis\u00e4isi\u00e4 konflikteja, joita Moskovan keskusjohto ei saanut en\u00e4\u00e4 hallintaansa.<\/p>\n<\/div><\/section><\/p><\/div>\n","protected":false},"excerpt":{"rendered":"","protected":false},"author":1,"featured_media":0,"parent":635,"menu_order":4,"comment_status":"closed","ping_status":"closed","template":"","meta":{"footnotes":""},"class_list":["post-660","page","type-page","status-publish","hentry"],"_links":{"self":[{"href":"https:\/\/maailmanmuutos.org\/index.php\/wp-json\/wp\/v2\/pages\/660","targetHints":{"allow":["GET"]}}],"collection":[{"href":"https:\/\/maailmanmuutos.org\/index.php\/wp-json\/wp\/v2\/pages"}],"about":[{"href":"https:\/\/maailmanmuutos.org\/index.php\/wp-json\/wp\/v2\/types\/page"}],"author":[{"embeddable":true,"href":"https:\/\/maailmanmuutos.org\/index.php\/wp-json\/wp\/v2\/users\/1"}],"replies":[{"embeddable":true,"href":"https:\/\/maailmanmuutos.org\/index.php\/wp-json\/wp\/v2\/comments?post=660"}],"version-history":[{"count":11,"href":"https:\/\/maailmanmuutos.org\/index.php\/wp-json\/wp\/v2\/pages\/660\/revisions"}],"predecessor-version":[{"id":4119,"href":"https:\/\/maailmanmuutos.org\/index.php\/wp-json\/wp\/v2\/pages\/660\/revisions\/4119"}],"up":[{"embeddable":true,"href":"https:\/\/maailmanmuutos.org\/index.php\/wp-json\/wp\/v2\/pages\/635"}],"wp:attachment":[{"href":"https:\/\/maailmanmuutos.org\/index.php\/wp-json\/wp\/v2\/media?parent=660"}],"curies":[{"name":"wp","href":"https:\/\/api.w.org\/{rel}","templated":true}]}}