{"id":662,"date":"2023-03-08T14:41:05","date_gmt":"2023-03-08T14:41:05","guid":{"rendered":"http:\/\/us.ylirotu.fi\/?page_id=662"},"modified":"2023-08-17T07:23:04","modified_gmt":"2023-08-17T07:23:04","slug":"yk-kylman-sodan-paatosvaiheessa","status":"publish","type":"page","link":"https:\/\/maailmanmuutos.org\/index.php\/kylmasta-sodasta-2000-luvulle\/kylman-sodan-paatosvaihe\/syyt-kylman-sodan-paattymiseen\/yk-kylman-sodan-paatosvaiheessa\/","title":{"rendered":"YK\u00a0kylm\u00e4n sodan p\u00e4\u00e4t\u00f6svaiheessa\u00a0"},"content":{"rendered":"<div id='full_slider_1'  class='avia-fullwidth-slider main_color avia-shadow   avia-builder-el-0  el_before_av_one_full  avia-builder-el-first   container_wrap sidebar_right'  >\n<style type=\"text\/css\" data-created_by=\"avia_inline_auto\" id=\"style-css-av-kd4hz9nx-fb331aa0faaa9c578e2f07ccc45f5aa0\">\n#top #wrap_all .avia-slideshow .av-slideshow-caption.av-kd4hz9nx-fb331aa0faaa9c578e2f07ccc45f5aa0__0 .avia-caption-title{\nfont-size:22px;\n}\n#top .avia-slideshow .av-slideshow-caption.av-kd4hz9nx-fb331aa0faaa9c578e2f07ccc45f5aa0__0 .avia-caption-content{\nfont-size:14px;\n}\n#top .avia-slideshow .av-slideshow-caption.av-kd4hz9nx-fb331aa0faaa9c578e2f07ccc45f5aa0__0 .avia-caption-content p{\nfont-size:14px;\n}\n\n@media only screen and (min-width: 768px) and (max-width: 989px){ \n#top #wrap_all .avia-slideshow .av-slideshow-caption.av-kd4hz9nx-fb331aa0faaa9c578e2f07ccc45f5aa0__0 .avia-caption-title{\nfont-size:16px;\n}\n#top .avia-slideshow .av-slideshow-caption.av-kd4hz9nx-fb331aa0faaa9c578e2f07ccc45f5aa0__0 .avia-caption-content{\nfont-size:16px;\n}\n#top .avia-slideshow .av-slideshow-caption.av-kd4hz9nx-fb331aa0faaa9c578e2f07ccc45f5aa0__0 .avia-caption-content p{\nfont-size:16px;\n}\n}\n\n@media only screen and (min-width: 480px) and (max-width: 767px){ \n#top #wrap_all .avia-slideshow .av-slideshow-caption.av-kd4hz9nx-fb331aa0faaa9c578e2f07ccc45f5aa0__0 .avia-caption-title{\nfont-size:14px;\n}\n#top .avia-slideshow .av-slideshow-caption.av-kd4hz9nx-fb331aa0faaa9c578e2f07ccc45f5aa0__0 .avia-caption-content{\nfont-size:14px;\n}\n#top .avia-slideshow .av-slideshow-caption.av-kd4hz9nx-fb331aa0faaa9c578e2f07ccc45f5aa0__0 .avia-caption-content p{\nfont-size:14px;\n}\n}\n\n@media only screen and (max-width: 479px){ \n#top #wrap_all .avia-slideshow .av-slideshow-caption.av-kd4hz9nx-fb331aa0faaa9c578e2f07ccc45f5aa0__0 .avia-caption-title{\ndisplay:none;\n}\n#top .avia-slideshow .av-slideshow-caption.av-kd4hz9nx-fb331aa0faaa9c578e2f07ccc45f5aa0__0 .avia-caption-content{\ndisplay:none;\n}\n#top .avia-slideshow .av-slideshow-caption.av-kd4hz9nx-fb331aa0faaa9c578e2f07ccc45f5aa0__0 .avia-caption-content p{\ndisplay:none;\n}\n}\n<\/style>\n<div  class='avia-slideshow av-kd4hz9nx-fb331aa0faaa9c578e2f07ccc45f5aa0 avia-slideshow-featured av_slideshow_full avia-slide-slider av-slideshow-ui av-control-default av-slideshow-manual av-loop-once av-loop-manual-endless av-default-height-applied   avia-slideshow-1' data-slideshow-options=\"{&quot;animation&quot;:&quot;slide&quot;,&quot;autoplay&quot;:false,&quot;loop_autoplay&quot;:&quot;once&quot;,&quot;interval&quot;:5,&quot;loop_manual&quot;:&quot;manual-endless&quot;,&quot;autoplay_stopper&quot;:false,&quot;noNavigation&quot;:false,&quot;bg_slider&quot;:false,&quot;keep_padding&quot;:false,&quot;hoverpause&quot;:false,&quot;show_slide_delay&quot;:0}\"  itemprop=\"image\" itemscope=\"itemscope\" itemtype=\"https:\/\/schema.org\/ImageObject\" ><ul class='avia-slideshow-inner ' style='padding-bottom: 28.666666666667%;'><li  class='avia-slideshow-slide av-kd4hz9nx-fb331aa0faaa9c578e2f07ccc45f5aa0__0  av-single-slide slide-1 slide-odd'><div data-rel='slideshow-1' class='avia-slide-wrap '   ><img decoding=\"async\" fetchpriority=\"high\" class=\"wp-image-2857 avia-img-lazy-loading-not-2857\"  src=\"https:\/\/maailmanmuutos.org\/wp-content\/uploads\/2023\/08\/valittomat-vastatoimet-irakille-1500x430.jpg\" width=\"1500\" height=\"430\" title='kuvituskuvat' alt=''  itemprop=\"thumbnailUrl\" srcset=\"https:\/\/maailmanmuutos.org\/wp-content\/uploads\/2023\/08\/valittomat-vastatoimet-irakille-1500x431.jpg 1500w, https:\/\/maailmanmuutos.org\/wp-content\/uploads\/2023\/08\/valittomat-vastatoimet-irakille-800x230.jpg 800w, https:\/\/maailmanmuutos.org\/wp-content\/uploads\/2023\/08\/valittomat-vastatoimet-irakille-120x34.jpg 120w, https:\/\/maailmanmuutos.org\/wp-content\/uploads\/2023\/08\/valittomat-vastatoimet-irakille-768x220.jpg 768w, https:\/\/maailmanmuutos.org\/wp-content\/uploads\/2023\/08\/valittomat-vastatoimet-irakille-1536x441.jpg 1536w, https:\/\/maailmanmuutos.org\/wp-content\/uploads\/2023\/08\/valittomat-vastatoimet-irakille-705x202.jpg 705w, https:\/\/maailmanmuutos.org\/wp-content\/uploads\/2023\/08\/valittomat-vastatoimet-irakille.jpg 2000w\" sizes=\"(max-width: 1500px) 100vw, 1500px\" \/><\/div><\/li><\/ul><\/div><\/div><div id='after_full_slider_1'  class='main_color av_default_container_wrap container_wrap sidebar_right'  ><div class='container av-section-cont-open' ><div class='template-page content  av-content-small alpha units'><div class='post-entry post-entry-type-page post-entry-662'><div class='entry-content-wrapper clearfix'>\n\n<style type=\"text\/css\" data-created_by=\"avia_inline_auto\" id=\"style-css-av-5spn6-3d3e8ead61d02f87ad7c9f2fc625dc24\">\n.flex_column.av-5spn6-3d3e8ead61d02f87ad7c9f2fc625dc24{\nborder-radius:0px 0px 0px 0px;\npadding:0px 0px 0px 0px;\n}\n<\/style>\n<div  class='flex_column av-5spn6-3d3e8ead61d02f87ad7c9f2fc625dc24 av_one_full  avia-builder-el-1  el_after_av_slideshow_full  avia-builder-el-no-sibling  first flex_column_div av-zero-column-padding  '     ><p>\n<style type=\"text\/css\" data-created_by=\"avia_inline_auto\" id=\"style-css-av-w7gm-9d66a800998b16e2a1c2f6948b4de83a\">\n#top .av-special-heading.av-w7gm-9d66a800998b16e2a1c2f6948b4de83a{\npadding-bottom:10px;\n}\nbody .av-special-heading.av-w7gm-9d66a800998b16e2a1c2f6948b4de83a .av-special-heading-tag .heading-char{\nfont-size:25px;\n}\n.av-special-heading.av-w7gm-9d66a800998b16e2a1c2f6948b4de83a .av-subheading{\nfont-size:15px;\n}\n<\/style>\n<div  class='av-special-heading av-w7gm-9d66a800998b16e2a1c2f6948b4de83a av-special-heading-h1  avia-builder-el-2  el_before_av_textblock  avia-builder-el-first '><h1 class='av-special-heading-tag'  itemprop=\"headline\"  >YK kylm\u00e4n sodan p\u00e4\u00e4t\u00f6svaiheessa <\/h1><div class=\"special-heading-border\"><div class=\"special-heading-inner-border\"><\/div><\/div><\/div><br \/>\n<section  class='av_textblock_section av-lezr0od0-94e7bd8ef786eea3c9a8d27065495667 '   itemscope=\"itemscope\" itemtype=\"https:\/\/schema.org\/CreativeWork\" ><div class='avia_textblock'  itemprop=\"text\" ><p><em><strong>Turvallisuusneuvoston toiminnassa vaikeuksia<\/strong><\/em><\/p>\n<p>Toisen maailmansodan j\u00e4lkeen perustettiin maailmanj\u00e4rjest\u00f6 Yhdistyneet kansakunnat kansainv\u00e4lisen rauhan ja turvallisuuden yll\u00e4pit\u00e4miseksi. YK oli tarkoitettu nimenomaan kollektiivisen turvallisuuden j\u00e4rjest\u00f6ksi, joka voisi ennalta ehk\u00e4ist\u00e4 konflikteja ja luoda edellytyksi\u00e4 rauhanomaiselle kehitykselle sek\u00e4 toisaalta kriisin sattuessa kykenisi suuntaamaan yhteist\u00e4 toimintaa ja voimavaroja rauhanh\u00e4iritsij\u00e4\u00e4 vastaan.<\/p>\n<p>P\u00e4\u00e4t\u00f6kset toiminnasta kansainv\u00e4lisen turvallisuuden yll\u00e4pit\u00e4miseksi \u00a0on teht\u00e4v\u00e4 YK:n turvallisuusneuvostossa, jossa viidell\u00e4 suurvallalla on pysyv\u00e4 j\u00e4senyys ja kullakin mahdollisuus tarvittaessa est\u00e4\u00e4 \u201dvetollaan\u201d turvallisuusneuvoston j\u00e4senten enemmist\u00f6ll\u00e4 syntyneiden p\u00e4\u00e4t\u00f6sten voimaantulo. Kylm\u00e4n sodan aikana sattuneissa kansainv\u00e4lisiss\u00e4 kriiseiss\u00e4, l\u00e4hinn\u00e4 Korean sodan alkua 1951 ja Suezin kriisi\u00e4 1956 lukuun ottamatta, Yhdysvallat tai Neuvostoliitto yleens\u00e4 mit\u00e4t\u00f6iv\u00e4t tai estiv\u00e4t syntym\u00e4st\u00e4 turvallisuusneuvoston p\u00e4\u00e4t\u00f6slauselman, joka suuntautui niit\u00e4 tai niiden suojatteja vastaan. Er\u00e4iss\u00e4 tapauksissa muutkin pysyv\u00e4t j\u00e4senet, Iso-Britannia, Kiina ja Ranska, k\u00e4yttiv\u00e4t veto-oikeuttaan.<\/p>\n<p><em><strong>Suurvaltojen yhteisymm\u00e4rryksen paraneminen<\/strong><\/em><\/p>\n<p>Kylm\u00e4n sodan p\u00e4\u00e4t\u00f6svaiheessa suurvaltojen v\u00e4linen yhteisymm\u00e4rrys paransi YK:n turvallisuusneuvoston toimintakyky\u00e4 niin, ett\u00e4 se sai nopeasti aloitetuksi vastatoimet muun muassa Irakia vastaan Kuwaitin miehityksen johdosta elokuussa 1990. My\u00f6s etel\u00e4isen Afrikan konfliktien ratkaisulle tuli paremmat edellytykset. N\u00e4in saatiin aihetta puhua jopa \u201duudesta maailmanj\u00e4rjestyksest\u00e4\u201d, \u00a0jossa YK:lla olisi keskeinen rooli.<\/p>\n<\/div><\/section><\/p><\/div>\n","protected":false},"excerpt":{"rendered":"","protected":false},"author":1,"featured_media":0,"parent":635,"menu_order":6,"comment_status":"closed","ping_status":"closed","template":"","meta":{"footnotes":""},"class_list":["post-662","page","type-page","status-publish","hentry"],"_links":{"self":[{"href":"https:\/\/maailmanmuutos.org\/index.php\/wp-json\/wp\/v2\/pages\/662","targetHints":{"allow":["GET"]}}],"collection":[{"href":"https:\/\/maailmanmuutos.org\/index.php\/wp-json\/wp\/v2\/pages"}],"about":[{"href":"https:\/\/maailmanmuutos.org\/index.php\/wp-json\/wp\/v2\/types\/page"}],"author":[{"embeddable":true,"href":"https:\/\/maailmanmuutos.org\/index.php\/wp-json\/wp\/v2\/users\/1"}],"replies":[{"embeddable":true,"href":"https:\/\/maailmanmuutos.org\/index.php\/wp-json\/wp\/v2\/comments?post=662"}],"version-history":[{"count":9,"href":"https:\/\/maailmanmuutos.org\/index.php\/wp-json\/wp\/v2\/pages\/662\/revisions"}],"predecessor-version":[{"id":4081,"href":"https:\/\/maailmanmuutos.org\/index.php\/wp-json\/wp\/v2\/pages\/662\/revisions\/4081"}],"up":[{"embeddable":true,"href":"https:\/\/maailmanmuutos.org\/index.php\/wp-json\/wp\/v2\/pages\/635"}],"wp:attachment":[{"href":"https:\/\/maailmanmuutos.org\/index.php\/wp-json\/wp\/v2\/media?parent=662"}],"curies":[{"name":"wp","href":"https:\/\/api.w.org\/{rel}","templated":true}]}}