{"id":663,"date":"2023-03-08T14:41:05","date_gmt":"2023-03-08T14:41:05","guid":{"rendered":"http:\/\/us.ylirotu.fi\/?page_id=663"},"modified":"2023-08-13T15:11:05","modified_gmt":"2023-08-13T15:11:05","slug":"etyk-ja-aseidenriisunta","status":"publish","type":"page","link":"https:\/\/maailmanmuutos.org\/index.php\/kylmasta-sodasta-2000-luvulle\/kylman-sodan-paatosvaihe\/syyt-kylman-sodan-paattymiseen\/etyk-ja-aseidenriisunta\/","title":{"rendered":"Etyk ja aseidenriisunta"},"content":{"rendered":"<div id='full_slider_1'  class='avia-fullwidth-slider main_color avia-shadow   avia-builder-el-0  el_before_av_one_full  avia-builder-el-first   container_wrap sidebar_right'  >\n<style type=\"text\/css\" data-created_by=\"avia_inline_auto\" id=\"style-css-av-kd4hz9nx-fb331aa0faaa9c578e2f07ccc45f5aa0\">\n#top #wrap_all .avia-slideshow .av-slideshow-caption.av-kd4hz9nx-fb331aa0faaa9c578e2f07ccc45f5aa0__0 .avia-caption-title{\nfont-size:22px;\n}\n#top .avia-slideshow .av-slideshow-caption.av-kd4hz9nx-fb331aa0faaa9c578e2f07ccc45f5aa0__0 .avia-caption-content{\nfont-size:14px;\n}\n#top .avia-slideshow .av-slideshow-caption.av-kd4hz9nx-fb331aa0faaa9c578e2f07ccc45f5aa0__0 .avia-caption-content p{\nfont-size:14px;\n}\n\n@media only screen and (min-width: 768px) and (max-width: 989px){ \n#top #wrap_all .avia-slideshow .av-slideshow-caption.av-kd4hz9nx-fb331aa0faaa9c578e2f07ccc45f5aa0__0 .avia-caption-title{\nfont-size:16px;\n}\n#top .avia-slideshow .av-slideshow-caption.av-kd4hz9nx-fb331aa0faaa9c578e2f07ccc45f5aa0__0 .avia-caption-content{\nfont-size:16px;\n}\n#top .avia-slideshow .av-slideshow-caption.av-kd4hz9nx-fb331aa0faaa9c578e2f07ccc45f5aa0__0 .avia-caption-content p{\nfont-size:16px;\n}\n}\n\n@media only screen and (min-width: 480px) and (max-width: 767px){ \n#top #wrap_all .avia-slideshow .av-slideshow-caption.av-kd4hz9nx-fb331aa0faaa9c578e2f07ccc45f5aa0__0 .avia-caption-title{\nfont-size:14px;\n}\n#top .avia-slideshow .av-slideshow-caption.av-kd4hz9nx-fb331aa0faaa9c578e2f07ccc45f5aa0__0 .avia-caption-content{\nfont-size:14px;\n}\n#top .avia-slideshow .av-slideshow-caption.av-kd4hz9nx-fb331aa0faaa9c578e2f07ccc45f5aa0__0 .avia-caption-content p{\nfont-size:14px;\n}\n}\n\n@media only screen and (max-width: 479px){ \n#top #wrap_all .avia-slideshow .av-slideshow-caption.av-kd4hz9nx-fb331aa0faaa9c578e2f07ccc45f5aa0__0 .avia-caption-title{\ndisplay:none;\n}\n#top .avia-slideshow .av-slideshow-caption.av-kd4hz9nx-fb331aa0faaa9c578e2f07ccc45f5aa0__0 .avia-caption-content{\ndisplay:none;\n}\n#top .avia-slideshow .av-slideshow-caption.av-kd4hz9nx-fb331aa0faaa9c578e2f07ccc45f5aa0__0 .avia-caption-content p{\ndisplay:none;\n}\n}\n<\/style>\n<div  class='avia-slideshow av-kd4hz9nx-fb331aa0faaa9c578e2f07ccc45f5aa0 avia-slideshow-featured av_slideshow_full avia-slide-slider av-slideshow-ui av-control-default av-slideshow-manual av-loop-once av-loop-manual-endless av-default-height-applied   avia-slideshow-1' data-slideshow-options=\"{&quot;animation&quot;:&quot;slide&quot;,&quot;autoplay&quot;:false,&quot;loop_autoplay&quot;:&quot;once&quot;,&quot;interval&quot;:5,&quot;loop_manual&quot;:&quot;manual-endless&quot;,&quot;autoplay_stopper&quot;:false,&quot;noNavigation&quot;:false,&quot;bg_slider&quot;:false,&quot;keep_padding&quot;:false,&quot;hoverpause&quot;:false,&quot;show_slide_delay&quot;:0}\"  itemprop=\"image\" itemscope=\"itemscope\" itemtype=\"https:\/\/schema.org\/ImageObject\" ><ul class='avia-slideshow-inner ' style='padding-bottom: 28.72411489646%;'><li  class='avia-slideshow-slide av-kd4hz9nx-fb331aa0faaa9c578e2f07ccc45f5aa0__0  av-single-slide slide-1 slide-odd'><div data-rel='slideshow-1' class='avia-slide-wrap '   ><img decoding=\"async\" fetchpriority=\"high\" class=\"wp-image-2950 avia-img-lazy-loading-not-2950\"  src=\"https:\/\/maailmanmuutos.org\/wp-content\/uploads\/2023\/08\/ETYK_1975.jpg\" width=\"1497\" height=\"430\" title='kuvituskuvat' alt=''  itemprop=\"thumbnailUrl\" srcset=\"https:\/\/maailmanmuutos.org\/wp-content\/uploads\/2023\/08\/ETYK_1975.jpg 1500w, https:\/\/maailmanmuutos.org\/wp-content\/uploads\/2023\/08\/ETYK_1975-800x230.jpg 800w, https:\/\/maailmanmuutos.org\/wp-content\/uploads\/2023\/08\/ETYK_1975-120x34.jpg 120w, https:\/\/maailmanmuutos.org\/wp-content\/uploads\/2023\/08\/ETYK_1975-768x221.jpg 768w, https:\/\/maailmanmuutos.org\/wp-content\/uploads\/2023\/08\/ETYK_1975-705x203.jpg 705w\" sizes=\"(max-width: 1497px) 100vw, 1497px\" \/><\/div><\/li><\/ul><\/div><\/div><div id='after_full_slider_1'  class='main_color av_default_container_wrap container_wrap sidebar_right'  ><div class='container av-section-cont-open' ><div class='template-page content  av-content-small alpha units'><div class='post-entry post-entry-type-page post-entry-663'><div class='entry-content-wrapper clearfix'>\n\n<style type=\"text\/css\" data-created_by=\"avia_inline_auto\" id=\"style-css-av-5spn6-3d3e8ead61d02f87ad7c9f2fc625dc24\">\n.flex_column.av-5spn6-3d3e8ead61d02f87ad7c9f2fc625dc24{\nborder-radius:0px 0px 0px 0px;\npadding:0px 0px 0px 0px;\n}\n<\/style>\n<div  class='flex_column av-5spn6-3d3e8ead61d02f87ad7c9f2fc625dc24 av_one_full  avia-builder-el-1  el_after_av_slideshow_full  el_before_av_textblock  avia-builder-el-first  first flex_column_div av-zero-column-padding  '     ><p>\n<style type=\"text\/css\" data-created_by=\"avia_inline_auto\" id=\"style-css-av-94z3r-30959e675b8050b616e2fbf88cd05850\">\n#top .av-special-heading.av-94z3r-30959e675b8050b616e2fbf88cd05850{\npadding-bottom:10px;\n}\nbody .av-special-heading.av-94z3r-30959e675b8050b616e2fbf88cd05850 .av-special-heading-tag .heading-char{\nfont-size:25px;\n}\n.av-special-heading.av-94z3r-30959e675b8050b616e2fbf88cd05850 .av-subheading{\nfont-size:15px;\n}\n<\/style>\n<div  class='av-special-heading av-94z3r-30959e675b8050b616e2fbf88cd05850 av-special-heading-h1  avia-builder-el-2  el_before_av_textblock  avia-builder-el-first '><h1 class='av-special-heading-tag'  itemprop=\"headline\"  >Etyk ja aseidenriisunta<\/h1><div class=\"special-heading-border\"><div class=\"special-heading-inner-border\"><\/div><\/div><\/div><br \/>\n<section  class='av_textblock_section av-lezr0od0-94e7bd8ef786eea3c9a8d27065495667 '   itemscope=\"itemscope\" itemtype=\"https:\/\/schema.org\/CreativeWork\" ><div class='avia_textblock'  itemprop=\"text\" ><p><em><strong>Etyk kylm\u00e4n sodan loppuvaiheissa<\/strong><\/em><\/p>\n<p>Euroopan turvallisuus- ja yhteisty\u00f6konferenssin (Etyk) puitteissa k\u00e4ytiin kylm\u00e4n sodan loppuvaiheissa useita rinnakkaisia neuvotteluja valmisteltiin sopimuksia \u201dHelsinki-prosessin\u201d eri aloille. Uutta oli ennen kaikkea aseidenriisuntaneuvottelujen liitt\u00e4minen Etykin yhteyteen.<\/p>\n<p>Keskeiset periaatteet valtioiden v\u00e4lisist\u00e4 suhteista ja ihmisten v\u00e4lisest\u00e4 kanssak\u00e4ymisest\u00e4 koottiin yhteen dokumentiksi, joka allekirjoitettiin Etyk-maiden johtajien kokouksessa Pariisissa 21.11.1990. Kyseess\u00e4 oli ensimm\u00e4inen huippukokous vuonna 1975 Helsingiss\u00e4 pidetyn konferenssinj\u00e4lkeen. My\u00f6s asiakirja, jota nimitettiin Uuden Euroopan peruskirjaksi (Charter of Paris for a New Europe), oli tarkoitettu t\u00e4ydent\u00e4m\u00e4\u00e4n ja saattamaan ajan tasalle Helsingin p\u00e4\u00e4t\u00f6sasiakirjassa (1975) m\u00e4\u00e4ritettyj\u00e4 periaatteita.<\/p>\n<p><em><strong>Uuden Euroopan peruskirjan sis\u00e4lt\u00f6<\/strong><\/em><\/p>\n<p>Uusi peruskirja syntyi kylm\u00e4n sodan p\u00e4\u00e4ttymisen hengess\u00e4 ja vastasi pitk\u00e4lle l\u00e4ntisi\u00e4 k\u00e4sityksi\u00e4 demokratiasta ja markkinataloudesta. Neuvostoliitto hyv\u00e4ksyi nuo periaatteet osana uudistusohjelmaansa mutta pyrki samalla s\u00e4ilytt\u00e4m\u00e4\u00e4n valtiollisen kokonaisuutensa, jota kansallisuusliikkeiden esille nostamat eroamisvaatimukset jo vakavasti uhkasivat.<\/p>\n<p>Pariisin asiakirjan p\u00e4\u00e4sis\u00e4lt\u00f6n\u00e4 on ajatus yhdistyneest\u00e4 Euroopasta (itse asiassa \u201cEtyk-alueesta Vancouverista Vladivostokiin\u201d), jossa noudatetaan yhteisi\u00e4 perusarvoja ja pid\u00e4tt\u00e4ydyt\u00e4\u00e4n v\u00e4kivallan k\u00e4yt\u00f6st\u00e4. Keskeisiksi arvoiksi m\u00e4\u00e4ritettiin: ihmisoikeuksien \u00a0kunnioittaminen, edustuksellinen ja moniarvoinen demokratia sek\u00e4 oikeusvaltioperiaate. Lis\u00e4ksi korostettiin niiden merkityst\u00e4 markkinatalouden kehitt\u00e4miselle ja hyvinvoinnin lis\u00e4\u00e4miselle.<\/p>\n<p><em><strong>Etykille kiinteit\u00e4 rakenteita<\/strong><\/em><\/p>\n<p>Uusina ongelmina lueteltiin kansalliset v\u00e4hemmist\u00f6kysymykset ja taloudellinen yhteisty\u00f6 \u201cuudessa Euroopassa\u201d. Sen vuoksi p\u00e4\u00e4tettiin jatkaa neuvotteluja luottamusta ja turvallisuutta lis\u00e4\u00e4vien toimien sek\u00e4 aseidenriisunnan edist\u00e4miseksi. Euroopan turvallisuus- ja \u00a0yhteisty\u00f6konferenssille p\u00e4\u00e4tettiin luoda kiinteit\u00e4 rakenteita muun muassa vakinaistamalla ulkoministerien kokous v\u00e4hint\u00e4\u00e4n kerran vuodessa tapahtuvaksi sek\u00e4 perustamalla Prahaan sihteerist\u00f6, Wieniin konfliktien est\u00e4misen keskus ja Varsovaan vaalien valvonnan yksikk\u00f6. Lis\u00e4ksi sovittiin tehostetusta seurantakokousmenettelyst\u00e4 ja asiantuntijoiden tapaamisista.<\/p>\n<\/div><\/section><\/p><\/div>\n<section  class='av_textblock_section av-ll9l2kck-da30d8c4892259c50fdd8afc3c2c8847 '   itemscope=\"itemscope\" itemtype=\"https:\/\/schema.org\/CreativeWork\" ><div class='avia_textblock'  itemprop=\"text\" ><p>Kuva: Wikimedia Commons, Brendel Matyas<\/p>\n<\/div><\/section>\n","protected":false},"excerpt":{"rendered":"","protected":false},"author":1,"featured_media":0,"parent":635,"menu_order":7,"comment_status":"closed","ping_status":"closed","template":"","meta":{"footnotes":""},"class_list":["post-663","page","type-page","status-publish","hentry"],"_links":{"self":[{"href":"https:\/\/maailmanmuutos.org\/index.php\/wp-json\/wp\/v2\/pages\/663","targetHints":{"allow":["GET"]}}],"collection":[{"href":"https:\/\/maailmanmuutos.org\/index.php\/wp-json\/wp\/v2\/pages"}],"about":[{"href":"https:\/\/maailmanmuutos.org\/index.php\/wp-json\/wp\/v2\/types\/page"}],"author":[{"embeddable":true,"href":"https:\/\/maailmanmuutos.org\/index.php\/wp-json\/wp\/v2\/users\/1"}],"replies":[{"embeddable":true,"href":"https:\/\/maailmanmuutos.org\/index.php\/wp-json\/wp\/v2\/comments?post=663"}],"version-history":[{"count":9,"href":"https:\/\/maailmanmuutos.org\/index.php\/wp-json\/wp\/v2\/pages\/663\/revisions"}],"predecessor-version":[{"id":2952,"href":"https:\/\/maailmanmuutos.org\/index.php\/wp-json\/wp\/v2\/pages\/663\/revisions\/2952"}],"up":[{"embeddable":true,"href":"https:\/\/maailmanmuutos.org\/index.php\/wp-json\/wp\/v2\/pages\/635"}],"wp:attachment":[{"href":"https:\/\/maailmanmuutos.org\/index.php\/wp-json\/wp\/v2\/media?parent=663"}],"curies":[{"name":"wp","href":"https:\/\/api.w.org\/{rel}","templated":true}]}}