{"id":665,"date":"2023-03-08T14:41:05","date_gmt":"2023-03-08T14:41:05","guid":{"rendered":"http:\/\/us.ylirotu.fi\/?page_id=665"},"modified":"2023-08-13T15:28:38","modified_gmt":"2023-08-13T15:28:38","slug":"kylman-sodan-voittajat","status":"publish","type":"page","link":"https:\/\/maailmanmuutos.org\/index.php\/kylmasta-sodasta-2000-luvulle\/kylman-sodan-paatosvaihe\/syyt-kylman-sodan-paattymiseen\/kylman-sodan-voittajat\/","title":{"rendered":"Kylm\u00e4n sodan voittajat?"},"content":{"rendered":"<div id='full_slider_1'  class='avia-fullwidth-slider main_color avia-shadow   avia-builder-el-0  el_before_av_one_full  avia-builder-el-first   container_wrap sidebar_right'  >\n<style type=\"text\/css\" data-created_by=\"avia_inline_auto\" id=\"style-css-av-kd4hz9nx-fb331aa0faaa9c578e2f07ccc45f5aa0\">\n#top #wrap_all .avia-slideshow .av-slideshow-caption.av-kd4hz9nx-fb331aa0faaa9c578e2f07ccc45f5aa0__0 .avia-caption-title{\nfont-size:22px;\n}\n#top .avia-slideshow .av-slideshow-caption.av-kd4hz9nx-fb331aa0faaa9c578e2f07ccc45f5aa0__0 .avia-caption-content{\nfont-size:14px;\n}\n#top .avia-slideshow .av-slideshow-caption.av-kd4hz9nx-fb331aa0faaa9c578e2f07ccc45f5aa0__0 .avia-caption-content p{\nfont-size:14px;\n}\n\n@media only screen and (min-width: 768px) and (max-width: 989px){ \n#top #wrap_all .avia-slideshow .av-slideshow-caption.av-kd4hz9nx-fb331aa0faaa9c578e2f07ccc45f5aa0__0 .avia-caption-title{\nfont-size:16px;\n}\n#top .avia-slideshow .av-slideshow-caption.av-kd4hz9nx-fb331aa0faaa9c578e2f07ccc45f5aa0__0 .avia-caption-content{\nfont-size:16px;\n}\n#top .avia-slideshow .av-slideshow-caption.av-kd4hz9nx-fb331aa0faaa9c578e2f07ccc45f5aa0__0 .avia-caption-content p{\nfont-size:16px;\n}\n}\n\n@media only screen and (min-width: 480px) and (max-width: 767px){ \n#top #wrap_all .avia-slideshow .av-slideshow-caption.av-kd4hz9nx-fb331aa0faaa9c578e2f07ccc45f5aa0__0 .avia-caption-title{\nfont-size:14px;\n}\n#top .avia-slideshow .av-slideshow-caption.av-kd4hz9nx-fb331aa0faaa9c578e2f07ccc45f5aa0__0 .avia-caption-content{\nfont-size:14px;\n}\n#top .avia-slideshow .av-slideshow-caption.av-kd4hz9nx-fb331aa0faaa9c578e2f07ccc45f5aa0__0 .avia-caption-content p{\nfont-size:14px;\n}\n}\n\n@media only screen and (max-width: 479px){ \n#top #wrap_all .avia-slideshow .av-slideshow-caption.av-kd4hz9nx-fb331aa0faaa9c578e2f07ccc45f5aa0__0 .avia-caption-title{\ndisplay:none;\n}\n#top .avia-slideshow .av-slideshow-caption.av-kd4hz9nx-fb331aa0faaa9c578e2f07ccc45f5aa0__0 .avia-caption-content{\ndisplay:none;\n}\n#top .avia-slideshow .av-slideshow-caption.av-kd4hz9nx-fb331aa0faaa9c578e2f07ccc45f5aa0__0 .avia-caption-content p{\ndisplay:none;\n}\n}\n<\/style>\n<div  class='avia-slideshow av-kd4hz9nx-fb331aa0faaa9c578e2f07ccc45f5aa0 avia-slideshow-featured av_slideshow_full avia-slide-slider av-slideshow-ui av-control-default av-slideshow-manual av-loop-once av-loop-manual-endless av-default-height-applied   avia-slideshow-1' data-slideshow-options=\"{&quot;animation&quot;:&quot;slide&quot;,&quot;autoplay&quot;:false,&quot;loop_autoplay&quot;:&quot;once&quot;,&quot;interval&quot;:5,&quot;loop_manual&quot;:&quot;manual-endless&quot;,&quot;autoplay_stopper&quot;:false,&quot;noNavigation&quot;:false,&quot;bg_slider&quot;:false,&quot;keep_padding&quot;:false,&quot;hoverpause&quot;:false,&quot;show_slide_delay&quot;:0}\"  itemprop=\"image\" itemscope=\"itemscope\" itemtype=\"https:\/\/schema.org\/ImageObject\" ><ul class='avia-slideshow-inner ' style='padding-bottom: 28.72411489646%;'><li  class='avia-slideshow-slide av-kd4hz9nx-fb331aa0faaa9c578e2f07ccc45f5aa0__0  av-single-slide slide-1 slide-odd'><div data-rel='slideshow-1' class='avia-slide-wrap '   ><img decoding=\"async\" fetchpriority=\"high\" class=\"wp-image-2839 avia-img-lazy-loading-not-2839\"  src=\"https:\/\/maailmanmuutos.org\/wp-content\/uploads\/2023\/08\/kylman-sodan-voittajat.jpg\" width=\"1497\" height=\"430\" title='kylman sodan voittajat' alt=''  itemprop=\"thumbnailUrl\" srcset=\"https:\/\/maailmanmuutos.org\/wp-content\/uploads\/2023\/08\/kylman-sodan-voittajat.jpg 1500w, https:\/\/maailmanmuutos.org\/wp-content\/uploads\/2023\/08\/kylman-sodan-voittajat-800x230.jpg 800w, https:\/\/maailmanmuutos.org\/wp-content\/uploads\/2023\/08\/kylman-sodan-voittajat-120x34.jpg 120w, https:\/\/maailmanmuutos.org\/wp-content\/uploads\/2023\/08\/kylman-sodan-voittajat-768x221.jpg 768w, https:\/\/maailmanmuutos.org\/wp-content\/uploads\/2023\/08\/kylman-sodan-voittajat-705x203.jpg 705w\" sizes=\"(max-width: 1497px) 100vw, 1497px\" \/><\/div><\/li><\/ul><\/div><\/div><div id='after_full_slider_1'  class='main_color av_default_container_wrap container_wrap sidebar_right'  ><div class='container av-section-cont-open' ><div class='template-page content  av-content-small alpha units'><div class='post-entry post-entry-type-page post-entry-665'><div class='entry-content-wrapper clearfix'>\n\n<style type=\"text\/css\" data-created_by=\"avia_inline_auto\" id=\"style-css-av-5spn6-3d3e8ead61d02f87ad7c9f2fc625dc24\">\n.flex_column.av-5spn6-3d3e8ead61d02f87ad7c9f2fc625dc24{\nborder-radius:0px 0px 0px 0px;\npadding:0px 0px 0px 0px;\n}\n<\/style>\n<div  class='flex_column av-5spn6-3d3e8ead61d02f87ad7c9f2fc625dc24 av_one_full  avia-builder-el-1  el_after_av_slideshow_full  avia-builder-el-no-sibling  first flex_column_div av-zero-column-padding  '     ><p>\n<style type=\"text\/css\" data-created_by=\"avia_inline_auto\" id=\"style-css-av-liwupjxu-030e24f1644b8bfa03ca4b558863ddb6\">\n#top .av-special-heading.av-liwupjxu-030e24f1644b8bfa03ca4b558863ddb6{\npadding-bottom:10px;\n}\nbody .av-special-heading.av-liwupjxu-030e24f1644b8bfa03ca4b558863ddb6 .av-special-heading-tag .heading-char{\nfont-size:25px;\n}\n.av-special-heading.av-liwupjxu-030e24f1644b8bfa03ca4b558863ddb6 .av-subheading{\nfont-size:15px;\n}\n<\/style>\n<div  class='av-special-heading av-liwupjxu-030e24f1644b8bfa03ca4b558863ddb6 av-special-heading-h2  avia-builder-el-2  el_before_av_textblock  avia-builder-el-first '><h2 class='av-special-heading-tag'  itemprop=\"headline\"  >Kylm\u00e4n sodan voittajat?<\/h2><div class=\"special-heading-border\"><div class=\"special-heading-inner-border\"><\/div><\/div><\/div><br \/>\n<section  class='av_textblock_section av-lezr0od0-94e7bd8ef786eea3c9a8d27065495667 '   itemscope=\"itemscope\" itemtype=\"https:\/\/schema.org\/CreativeWork\" ><div class='avia_textblock'  itemprop=\"text\" ><p><em><strong>Yhdysvallat ja Neuvostoliitto yhteisty\u00f6kumppaneiksi<\/strong><\/em><\/p>\n<p>Yhdysvaltojen presidentti George Bush ja Neuvostoliiton johtaja Mihail Gorbatshov tapasivat 2. &#8211; 3.12.1989 Maltalla. Molemmat johtajat vakuuttivat, etteiv\u00e4t heid\u00e4n maansa en\u00e4\u00e4 pid\u00e4 toisiaan vihollisina vaan yhteisty\u00f6kumppaneina, jotka laajensivat keskin\u00e4ist\u00e4 kauppaa ja avasivat muutenkin yhteyksi\u00e4. T\u00e4t\u00e4 tapaamista on pidetty symbolisena kylm\u00e4n sodan p\u00e4\u00e4t\u00f6ksen\u00e4. Oli siis edetty \u201cJaltasta Maltaan\u201d eli toisen maailmansodan p\u00e4\u00e4tt\u00e4neest\u00e4 \u201cJaltan j\u00e4rjestyksest\u00e4\u201d kylm\u00e4n sodan yli uuteen kauteen.<\/p>\n<p><em><strong>Kaikki hy\u00f6tyiv\u00e4t kylm\u00e4n sodan p\u00e4\u00e4ttymisest\u00e4<\/strong><\/em><\/p>\n<p>Kylm\u00e4n sodan voittajaksi oli n\u00e4enn\u00e4isen helppo nimet\u00e4 \u201dl\u00e4nsi\u201d sek\u00e4 h\u00e4vi\u00e4j\u00e4ksi it\u00e4blokki ja erityisesti Neuvostoliitto. Tarkemmin tutkittaessa voittajia oli selv\u00e4sti enemm\u00e4n, eik\u00e4 h\u00e4vi\u00e4jienk\u00e4\u00e4n m\u00e4\u00e4ritt\u00e4minen ole aivan yksiselitteist\u00e4. Nykyisin voidaan jo sanoa, ett\u00e4 kaikki kansat hy\u00f6tyiv\u00e4t kylm\u00e4n sodan p\u00e4\u00e4ttymisest\u00e4.<\/p>\n<p>Jatkuva keskustelu kylm\u00e4n sodan alkamisen syist\u00e4 ja tapahtumista sek\u00e4 toisaalta sen yll\u00e4tyksellisest\u00e4 p\u00e4\u00e4t\u00f6ksest\u00e4 ja moninaisista seurauksista kertoo, ettei noin laajojen tapahtumien selitt\u00e4minen ole helppoa. Kansainv\u00e4lisen politiikan tutkijat tunnustavat, ett\u00e4 erilaiset n\u00e4k\u00f6kulmat ja selitysmallit ovat yht\u00e4 lailla oikeutettuja.<\/p>\n<\/div><\/section><\/p><\/div>\n","protected":false},"excerpt":{"rendered":"","protected":false},"author":1,"featured_media":0,"parent":635,"menu_order":9,"comment_status":"closed","ping_status":"closed","template":"","meta":{"footnotes":""},"class_list":["post-665","page","type-page","status-publish","hentry"],"_links":{"self":[{"href":"https:\/\/maailmanmuutos.org\/index.php\/wp-json\/wp\/v2\/pages\/665","targetHints":{"allow":["GET"]}}],"collection":[{"href":"https:\/\/maailmanmuutos.org\/index.php\/wp-json\/wp\/v2\/pages"}],"about":[{"href":"https:\/\/maailmanmuutos.org\/index.php\/wp-json\/wp\/v2\/types\/page"}],"author":[{"embeddable":true,"href":"https:\/\/maailmanmuutos.org\/index.php\/wp-json\/wp\/v2\/users\/1"}],"replies":[{"embeddable":true,"href":"https:\/\/maailmanmuutos.org\/index.php\/wp-json\/wp\/v2\/comments?post=665"}],"version-history":[{"count":8,"href":"https:\/\/maailmanmuutos.org\/index.php\/wp-json\/wp\/v2\/pages\/665\/revisions"}],"predecessor-version":[{"id":2963,"href":"https:\/\/maailmanmuutos.org\/index.php\/wp-json\/wp\/v2\/pages\/665\/revisions\/2963"}],"up":[{"embeddable":true,"href":"https:\/\/maailmanmuutos.org\/index.php\/wp-json\/wp\/v2\/pages\/635"}],"wp:attachment":[{"href":"https:\/\/maailmanmuutos.org\/index.php\/wp-json\/wp\/v2\/media?parent=665"}],"curies":[{"name":"wp","href":"https:\/\/api.w.org\/{rel}","templated":true}]}}