{"id":744,"date":"2023-03-08T15:09:50","date_gmt":"2023-03-08T15:09:50","guid":{"rendered":"http:\/\/us.ylirotu.fi\/index.php\/maailman-muutos\/kylman-sodan-paatosvaihe\/syyt-kylman-sodan-paattymiseen-2\/kolmannen-maailman-kehitys\/"},"modified":"2023-08-17T07:59:28","modified_gmt":"2023-08-17T07:59:28","slug":"bulgarian-hidas-muutos","status":"publish","type":"page","link":"https:\/\/maailmanmuutos.org\/index.php\/kylmasta-sodasta-2000-luvulle\/kylman-sodan-paatosvaihe\/itaisen-keski-euroopan-murrosvaihe\/bulgarian-hidas-muutos\/","title":{"rendered":"Bulgarian hidas muutos\u00a0"},"content":{"rendered":"<div id='full_slider_1'  class='avia-fullwidth-slider main_color avia-shadow   avia-builder-el-0  el_before_av_one_full  avia-builder-el-first   container_wrap sidebar_right'  ><div  class='avia-slideshow av-kd4hz9nx-fb331aa0faaa9c578e2f07ccc45f5aa0 avia-slideshow-featured av_slideshow_full avia-slide-slider av-slideshow-ui av-control-default av-slideshow-manual av-loop-once av-loop-manual-endless av-default-height-applied   avia-slideshow-1' data-slideshow-options=\"{&quot;animation&quot;:&quot;slide&quot;,&quot;autoplay&quot;:false,&quot;loop_autoplay&quot;:&quot;once&quot;,&quot;interval&quot;:5,&quot;loop_manual&quot;:&quot;manual-endless&quot;,&quot;autoplay_stopper&quot;:false,&quot;noNavigation&quot;:false,&quot;bg_slider&quot;:false,&quot;keep_padding&quot;:false,&quot;hoverpause&quot;:false,&quot;show_slide_delay&quot;:0}\"  itemprop=\"image\" itemscope=\"itemscope\" itemtype=\"https:\/\/schema.org\/ImageObject\" ><ul class='avia-slideshow-inner ' style='padding-bottom: 28.72411489646%;'><li  class='avia-slideshow-slide av-kd4hz9nx-fb331aa0faaa9c578e2f07ccc45f5aa0__0  av-single-slide slide-1 slide-odd'><div data-rel='slideshow-1' class='avia-slide-wrap '   ><img decoding=\"async\" fetchpriority=\"high\" class=\"wp-image-2823 avia-img-lazy-loading-not-2823\"  src=\"https:\/\/maailmanmuutos.org\/wp-content\/uploads\/2023\/08\/bulgarian-muutos.jpg\" width=\"1497\" height=\"430\" title='bulgarian muutos' alt=''  itemprop=\"thumbnailUrl\" srcset=\"https:\/\/maailmanmuutos.org\/wp-content\/uploads\/2023\/08\/bulgarian-muutos.jpg 1500w, https:\/\/maailmanmuutos.org\/wp-content\/uploads\/2023\/08\/bulgarian-muutos-800x230.jpg 800w, https:\/\/maailmanmuutos.org\/wp-content\/uploads\/2023\/08\/bulgarian-muutos-120x34.jpg 120w, https:\/\/maailmanmuutos.org\/wp-content\/uploads\/2023\/08\/bulgarian-muutos-768x221.jpg 768w, https:\/\/maailmanmuutos.org\/wp-content\/uploads\/2023\/08\/bulgarian-muutos-705x203.jpg 705w\" sizes=\"(max-width: 1497px) 100vw, 1497px\" \/><\/div><\/li><\/ul><\/div><\/div><div id='after_full_slider_1'  class='main_color av_default_container_wrap container_wrap sidebar_right'  ><div class='container av-section-cont-open' ><div class='template-page content  av-content-small alpha units'><div class='post-entry post-entry-type-page post-entry-744'><div class='entry-content-wrapper clearfix'>\n\n<style type=\"text\/css\" data-created_by=\"avia_inline_auto\" id=\"style-css-av-5spn6-3d3e8ead61d02f87ad7c9f2fc625dc24\">\n.flex_column.av-5spn6-3d3e8ead61d02f87ad7c9f2fc625dc24{\nborder-radius:0px 0px 0px 0px;\npadding:0px 0px 0px 0px;\n}\n<\/style>\n<div  class='flex_column av-5spn6-3d3e8ead61d02f87ad7c9f2fc625dc24 av_one_full  avia-builder-el-1  el_after_av_slideshow_full  avia-builder-el-no-sibling  first flex_column_div av-zero-column-padding  '     ><p>\n<style type=\"text\/css\" data-created_by=\"avia_inline_auto\" id=\"style-css-av-av_heading-5416a9582d16fd43403a88d5b88f885a\">\n#top .av-special-heading.av-av_heading-5416a9582d16fd43403a88d5b88f885a{\npadding-bottom:10px;\n}\nbody .av-special-heading.av-av_heading-5416a9582d16fd43403a88d5b88f885a .av-special-heading-tag .heading-char{\nfont-size:25px;\n}\n.av-special-heading.av-av_heading-5416a9582d16fd43403a88d5b88f885a .av-subheading{\nfont-size:15px;\n}\n<\/style>\n<div  class='av-special-heading av-av_heading-5416a9582d16fd43403a88d5b88f885a av-special-heading-h1  avia-builder-el-2  el_before_av_textblock  avia-builder-el-first '><h1 class='av-special-heading-tag'  itemprop=\"headline\"  >Bulgarian hidas muutos <\/h1><div class=\"special-heading-border\"><div class=\"special-heading-inner-border\"><\/div><\/div><\/div><br \/>\n<section  class='av_textblock_section av-lezr0od0-94e7bd8ef786eea3c9a8d27065495667 '   itemscope=\"itemscope\" itemtype=\"https:\/\/schema.org\/CreativeWork\" ><div class='avia_textblock'  itemprop=\"text\" ><p><em><strong>Tilanne Bulgariassa ep\u00e4vakaa<\/strong><\/em><\/p>\n<p>Bulgariassa valta vaihtui syksyll\u00e4 1989 muiden it\u00e4blokin maiden tapaan mutta ei viel\u00e4 kovin demokraattiseksi. Kommunistinen puolue muuttui Bulgarian sosialistiseksi puolueeksi, joka sai kes\u00e4ll\u00e4 1990 pidetyiss\u00e4 vaaleissa yli puolet \u00e4\u00e4nist\u00e4. L\u00e4hivuosina koettiin talousromahdus ja hallitusten vaihdoksia, ja tilanne pysyi ep\u00e4vakaana.<\/p>\n<\/div><\/section><\/p><\/div>\n","protected":false},"excerpt":{"rendered":"","protected":false},"author":1,"featured_media":0,"parent":731,"menu_order":5,"comment_status":"closed","ping_status":"closed","template":"","meta":{"footnotes":""},"class_list":["post-744","page","type-page","status-publish","hentry"],"_links":{"self":[{"href":"https:\/\/maailmanmuutos.org\/index.php\/wp-json\/wp\/v2\/pages\/744","targetHints":{"allow":["GET"]}}],"collection":[{"href":"https:\/\/maailmanmuutos.org\/index.php\/wp-json\/wp\/v2\/pages"}],"about":[{"href":"https:\/\/maailmanmuutos.org\/index.php\/wp-json\/wp\/v2\/types\/page"}],"author":[{"embeddable":true,"href":"https:\/\/maailmanmuutos.org\/index.php\/wp-json\/wp\/v2\/users\/1"}],"replies":[{"embeddable":true,"href":"https:\/\/maailmanmuutos.org\/index.php\/wp-json\/wp\/v2\/comments?post=744"}],"version-history":[{"count":9,"href":"https:\/\/maailmanmuutos.org\/index.php\/wp-json\/wp\/v2\/pages\/744\/revisions"}],"predecessor-version":[{"id":4139,"href":"https:\/\/maailmanmuutos.org\/index.php\/wp-json\/wp\/v2\/pages\/744\/revisions\/4139"}],"up":[{"embeddable":true,"href":"https:\/\/maailmanmuutos.org\/index.php\/wp-json\/wp\/v2\/pages\/731"}],"wp:attachment":[{"href":"https:\/\/maailmanmuutos.org\/index.php\/wp-json\/wp\/v2\/media?parent=744"}],"curies":[{"name":"wp","href":"https:\/\/api.w.org\/{rel}","templated":true}]}}