{"id":780,"date":"2023-03-08T15:09:52","date_gmt":"2023-03-08T15:09:52","guid":{"rendered":"http:\/\/us.ylirotu.fi\/index.php\/maailman-muutos\/kylman-sodan-paatosvaihe\/syyt-kylman-sodan-paattymiseen-2\/uudet-teknologiat-rajojen-rikkojina\/"},"modified":"2023-08-17T07:43:01","modified_gmt":"2023-08-17T07:43:01","slug":"neuvostoliiton-hajoaminen","status":"publish","type":"page","link":"https:\/\/maailmanmuutos.org\/index.php\/kylmasta-sodasta-2000-luvulle\/kylman-sodan-paatosvaihe\/neuvostoliiton-hajoaminen\/","title":{"rendered":"Neuvostoliiton hajoaminen"},"content":{"rendered":"<div id='full_slider_1'  class='avia-fullwidth-slider main_color avia-shadow   avia-builder-el-0  el_before_av_one_full  avia-builder-el-first   container_wrap sidebar_right'  >\n<style type=\"text\/css\" data-created_by=\"avia_inline_auto\" id=\"style-css-av-kd4hz9nx-fb331aa0faaa9c578e2f07ccc45f5aa0\">\n#top #wrap_all .avia-slideshow .av-slideshow-caption.av-kd4hz9nx-fb331aa0faaa9c578e2f07ccc45f5aa0__0 .avia-caption-title{\nfont-size:22px;\n}\n#top .avia-slideshow .av-slideshow-caption.av-kd4hz9nx-fb331aa0faaa9c578e2f07ccc45f5aa0__0 .avia-caption-content{\nfont-size:14px;\n}\n#top .avia-slideshow .av-slideshow-caption.av-kd4hz9nx-fb331aa0faaa9c578e2f07ccc45f5aa0__0 .avia-caption-content p{\nfont-size:14px;\n}\n\n@media only screen and (min-width: 768px) and (max-width: 989px){ \n#top #wrap_all .avia-slideshow .av-slideshow-caption.av-kd4hz9nx-fb331aa0faaa9c578e2f07ccc45f5aa0__0 .avia-caption-title{\nfont-size:16px;\n}\n#top .avia-slideshow .av-slideshow-caption.av-kd4hz9nx-fb331aa0faaa9c578e2f07ccc45f5aa0__0 .avia-caption-content{\nfont-size:16px;\n}\n#top .avia-slideshow .av-slideshow-caption.av-kd4hz9nx-fb331aa0faaa9c578e2f07ccc45f5aa0__0 .avia-caption-content p{\nfont-size:16px;\n}\n}\n\n@media only screen and (min-width: 480px) and (max-width: 767px){ \n#top #wrap_all .avia-slideshow .av-slideshow-caption.av-kd4hz9nx-fb331aa0faaa9c578e2f07ccc45f5aa0__0 .avia-caption-title{\nfont-size:14px;\n}\n#top .avia-slideshow .av-slideshow-caption.av-kd4hz9nx-fb331aa0faaa9c578e2f07ccc45f5aa0__0 .avia-caption-content{\nfont-size:14px;\n}\n#top .avia-slideshow .av-slideshow-caption.av-kd4hz9nx-fb331aa0faaa9c578e2f07ccc45f5aa0__0 .avia-caption-content p{\nfont-size:14px;\n}\n}\n\n@media only screen and (max-width: 479px){ \n#top #wrap_all .avia-slideshow .av-slideshow-caption.av-kd4hz9nx-fb331aa0faaa9c578e2f07ccc45f5aa0__0 .avia-caption-title{\ndisplay:none;\n}\n#top .avia-slideshow .av-slideshow-caption.av-kd4hz9nx-fb331aa0faaa9c578e2f07ccc45f5aa0__0 .avia-caption-content{\ndisplay:none;\n}\n#top .avia-slideshow .av-slideshow-caption.av-kd4hz9nx-fb331aa0faaa9c578e2f07ccc45f5aa0__0 .avia-caption-content p{\ndisplay:none;\n}\n}\n<\/style>\n<div  class='avia-slideshow av-kd4hz9nx-fb331aa0faaa9c578e2f07ccc45f5aa0 avia-slideshow-featured av_slideshow_full avia-slide-slider av-slideshow-ui av-control-default av-slideshow-manual av-loop-once av-loop-manual-endless av-default-height-applied   avia-slideshow-1' data-slideshow-options=\"{&quot;animation&quot;:&quot;slide&quot;,&quot;autoplay&quot;:false,&quot;loop_autoplay&quot;:&quot;once&quot;,&quot;interval&quot;:5,&quot;loop_manual&quot;:&quot;manual-endless&quot;,&quot;autoplay_stopper&quot;:false,&quot;noNavigation&quot;:false,&quot;bg_slider&quot;:false,&quot;keep_padding&quot;:false,&quot;hoverpause&quot;:false,&quot;show_slide_delay&quot;:0}\"  itemprop=\"image\" itemscope=\"itemscope\" itemtype=\"https:\/\/schema.org\/ImageObject\" ><ul class='avia-slideshow-inner ' style='padding-bottom: 28.72411489646%;'><li  class='avia-slideshow-slide av-kd4hz9nx-fb331aa0faaa9c578e2f07ccc45f5aa0__0  av-single-slide slide-1 slide-odd'><div data-rel='slideshow-1' class='avia-slide-wrap '   ><img decoding=\"async\" fetchpriority=\"high\" class=\"wp-image-2860 avia-img-lazy-loading-not-2860\"  src=\"https:\/\/maailmanmuutos.org\/wp-content\/uploads\/2023\/08\/venajan-valtataistelu-1991.jpg\" width=\"1497\" height=\"430\" title='kuvituskuvat' alt=''  itemprop=\"thumbnailUrl\" srcset=\"https:\/\/maailmanmuutos.org\/wp-content\/uploads\/2023\/08\/venajan-valtataistelu-1991.jpg 1500w, https:\/\/maailmanmuutos.org\/wp-content\/uploads\/2023\/08\/venajan-valtataistelu-1991-800x230.jpg 800w, https:\/\/maailmanmuutos.org\/wp-content\/uploads\/2023\/08\/venajan-valtataistelu-1991-120x34.jpg 120w, https:\/\/maailmanmuutos.org\/wp-content\/uploads\/2023\/08\/venajan-valtataistelu-1991-768x221.jpg 768w, https:\/\/maailmanmuutos.org\/wp-content\/uploads\/2023\/08\/venajan-valtataistelu-1991-705x203.jpg 705w\" sizes=\"(max-width: 1497px) 100vw, 1497px\" \/><\/div><\/li><\/ul><\/div><\/div><div id='after_full_slider_1'  class='main_color av_default_container_wrap container_wrap sidebar_right'  ><div class='container av-section-cont-open' ><div class='template-page content  av-content-small alpha units'><div class='post-entry post-entry-type-page post-entry-780'><div class='entry-content-wrapper clearfix'>\n\n<style type=\"text\/css\" data-created_by=\"avia_inline_auto\" id=\"style-css-av-5spn6-3d3e8ead61d02f87ad7c9f2fc625dc24\">\n.flex_column.av-5spn6-3d3e8ead61d02f87ad7c9f2fc625dc24{\nborder-radius:0px 0px 0px 0px;\npadding:0px 0px 0px 0px;\n}\n<\/style>\n<div  class='flex_column av-5spn6-3d3e8ead61d02f87ad7c9f2fc625dc24 av_one_full  avia-builder-el-1  el_after_av_slideshow_full  el_before_av_one_fourth  avia-builder-el-first  first flex_column_div av-zero-column-padding  '     ><style type=\"text\/css\" data-created_by=\"avia_inline_auto\" id=\"style-css-av-liwws69z-dd560288b2bbb3ce407a2e8aecdb83c6\">\n#top .av-special-heading.av-liwws69z-dd560288b2bbb3ce407a2e8aecdb83c6{\npadding-bottom:10px;\n}\nbody .av-special-heading.av-liwws69z-dd560288b2bbb3ce407a2e8aecdb83c6 .av-special-heading-tag .heading-char{\nfont-size:25px;\n}\n.av-special-heading.av-liwws69z-dd560288b2bbb3ce407a2e8aecdb83c6 .av-subheading{\nfont-size:15px;\n}\n<\/style>\n<div  class='av-special-heading av-liwws69z-dd560288b2bbb3ce407a2e8aecdb83c6 av-special-heading-h1  avia-builder-el-2  avia-builder-el-no-sibling '><h1 class='av-special-heading-tag'  itemprop=\"headline\"  >Neuvostoliiton hajoaminen<\/h1><div class=\"special-heading-border\"><div class=\"special-heading-inner-border\"><\/div><\/div><\/div><\/div>\n\n<style type=\"text\/css\" data-created_by=\"avia_inline_auto\" id=\"style-css-av-8p6wdg-18791ac5a6e259e3357a38ed9e0869ca\">\n.flex_column.av-8p6wdg-18791ac5a6e259e3357a38ed9e0869ca{\nborder-radius:0px 0px 0px 0px;\npadding:0px 0px 0px 0px;\n}\n<\/style>\n<div  class='flex_column av-8p6wdg-18791ac5a6e259e3357a38ed9e0869ca av_one_fourth  avia-builder-el-3  el_after_av_one_full  el_before_av_one_fourth  first flex_column_div av-zero-column-padding  column-top-margin'     ><p>\n<style type=\"text\/css\" data-created_by=\"avia_inline_auto\" id=\"style-css-av-limwht6t-25fd83715f1b4a8afe4968994eb5c083\">\n.avia-image-container.av-limwht6t-25fd83715f1b4a8afe4968994eb5c083 img.avia_image{\nbox-shadow:none;\n}\n.avia-image-container.av-limwht6t-25fd83715f1b4a8afe4968994eb5c083 .av-image-caption-overlay-center{\ncolor:#ffffff;\n}\n<\/style>\n<div  class='avia-image-container av-limwht6t-25fd83715f1b4a8afe4968994eb5c083 av-styling- avia-align-center  avia-builder-el-4  el_before_av_textblock  avia-builder-el-first '   itemprop=\"image\" itemscope=\"itemscope\" itemtype=\"https:\/\/schema.org\/ImageObject\" ><div class=\"avia-image-container-inner\"><div class=\"avia-image-overlay-wrap\"><img decoding=\"async\" fetchpriority=\"high\" class='wp-image-3156 avia-img-lazy-loading-not-3156 avia_image ' src=\"https:\/\/maailmanmuutos.org\/wp-content\/uploads\/2023\/08\/afganistan-war-march-pikkukuva.jpg\" alt='' title='afganistan-war-march-pikkukuva'  height=\"400\" width=\"495\"  itemprop=\"thumbnailUrl\" srcset=\"https:\/\/maailmanmuutos.org\/wp-content\/uploads\/2023\/08\/afganistan-war-march-pikkukuva.jpg 495w, https:\/\/maailmanmuutos.org\/wp-content\/uploads\/2023\/08\/afganistan-war-march-pikkukuva-120x97.jpg 120w\" sizes=\"(max-width: 495px) 100vw, 495px\" \/><\/div><\/div><\/div><br \/>\n<section  class='av_textblock_section av-limwhja3-cdec96093997045c16841f3bb705198b '   itemscope=\"itemscope\" itemtype=\"https:\/\/schema.org\/CreativeWork\" ><div class='avia_textblock'  itemprop=\"text\" ><p style=\"text-align: center;\"><a href=\"http:\/\/maailmanmuutos.org\/index.php\/toisesta-maailmansodasta-2000-luvulle\/kylman-sodan-paatosvaihe\/neuvostoliiton-hajoaminen\/kansallisuuskysymyksien-karjistyminen-etelassa\/\" target=\"_blank\" rel=\"noopener\">Kansallisuuskysymyksien k\u00e4rjistyminen etel\u00e4ss\u00e4<\/a><\/p>\n<\/div><\/section><\/p><\/div>\n\n<style type=\"text\/css\" data-created_by=\"avia_inline_auto\" id=\"style-css-av-8p6wdg-e31cd89784c86f9d0ef17c30f346d79c\">\n.flex_column.av-8p6wdg-e31cd89784c86f9d0ef17c30f346d79c{\nborder-radius:0px 0px 0px 0px;\npadding:0px 0px 0px 0px;\n}\n<\/style>\n<div  class='flex_column av-8p6wdg-e31cd89784c86f9d0ef17c30f346d79c av_one_fourth  avia-builder-el-6  el_after_av_one_fourth  el_before_av_one_fourth  flex_column_div av-zero-column-padding  column-top-margin'     ><p>\n<style type=\"text\/css\" data-created_by=\"avia_inline_auto\" id=\"style-css-av-limwht6t-56ce3f5c68ea9118a9c69ec77a38c886\">\n.avia-image-container.av-limwht6t-56ce3f5c68ea9118a9c69ec77a38c886 img.avia_image{\nbox-shadow:none;\n}\n.avia-image-container.av-limwht6t-56ce3f5c68ea9118a9c69ec77a38c886 .av-image-caption-overlay-center{\ncolor:#ffffff;\n}\n<\/style>\n<div  class='avia-image-container av-limwht6t-56ce3f5c68ea9118a9c69ec77a38c886 av-styling- avia-align-center  avia-builder-el-7  el_before_av_textblock  avia-builder-el-first '   itemprop=\"image\" itemscope=\"itemscope\" itemtype=\"https:\/\/schema.org\/ImageObject\" ><div class=\"avia-image-container-inner\"><div class=\"avia-image-overlay-wrap\"><img decoding=\"async\" fetchpriority=\"high\" class='wp-image-3157 avia-img-lazy-loading-not-3157 avia_image ' src=\"https:\/\/maailmanmuutos.org\/wp-content\/uploads\/2023\/08\/ensimmainen-tsetsenian-sota-pikkukuva.jpg\" alt='' title='ensimmainen-tsetsenian-sota-pikkukuva'  height=\"400\" width=\"495\"  itemprop=\"thumbnailUrl\" srcset=\"https:\/\/maailmanmuutos.org\/wp-content\/uploads\/2023\/08\/ensimmainen-tsetsenian-sota-pikkukuva.jpg 495w, https:\/\/maailmanmuutos.org\/wp-content\/uploads\/2023\/08\/ensimmainen-tsetsenian-sota-pikkukuva-120x97.jpg 120w\" sizes=\"(max-width: 495px) 100vw, 495px\" \/><\/div><\/div><\/div><br \/>\n<section  class='av_textblock_section av-limwhja3-cdec96093997045c16841f3bb705198b '   itemscope=\"itemscope\" itemtype=\"https:\/\/schema.org\/CreativeWork\" ><div class='avia_textblock'  itemprop=\"text\" ><p style=\"text-align: center;\"><a href=\"http:\/\/maailmanmuutos.org\/index.php\/toisesta-maailmansodasta-2000-luvulle\/kylman-sodan-paatosvaihe\/neuvostoliiton-hajoaminen\/kaukasian-kapinaliikkeet\/\" target=\"_blank\" rel=\"noopener\">Kaukasian kapinaliikkeet<\/a><\/p>\n<\/div><\/section><\/p><\/div>\n\n<style type=\"text\/css\" data-created_by=\"avia_inline_auto\" id=\"style-css-av-8p6wdg-e31cd89784c86f9d0ef17c30f346d79c\">\n.flex_column.av-8p6wdg-e31cd89784c86f9d0ef17c30f346d79c{\nborder-radius:0px 0px 0px 0px;\npadding:0px 0px 0px 0px;\n}\n<\/style>\n<div  class='flex_column av-8p6wdg-e31cd89784c86f9d0ef17c30f346d79c av_one_fourth  avia-builder-el-9  el_after_av_one_fourth  el_before_av_one_fourth  flex_column_div av-zero-column-padding  column-top-margin'     ><p>\n<style type=\"text\/css\" data-created_by=\"avia_inline_auto\" id=\"style-css-av-limwht6t-d7e08064e3b354e82049ad0db9b1277e\">\n.avia-image-container.av-limwht6t-d7e08064e3b354e82049ad0db9b1277e img.avia_image{\nbox-shadow:none;\n}\n.avia-image-container.av-limwht6t-d7e08064e3b354e82049ad0db9b1277e .av-image-caption-overlay-center{\ncolor:#ffffff;\n}\n<\/style>\n<div  class='avia-image-container av-limwht6t-d7e08064e3b354e82049ad0db9b1277e av-styling- avia-align-center  avia-builder-el-10  el_before_av_textblock  avia-builder-el-first '   itemprop=\"image\" itemscope=\"itemscope\" itemtype=\"https:\/\/schema.org\/ImageObject\" ><div class=\"avia-image-container-inner\"><div class=\"avia-image-overlay-wrap\"><img decoding=\"async\" fetchpriority=\"high\" class='wp-image-3158 avia-img-lazy-loading-not-3158 avia_image ' src=\"https:\/\/maailmanmuutos.org\/wp-content\/uploads\/2023\/08\/baltian-itsenaistyminen-pikkukuva.jpg\" alt='' title='baltian-itsenaistyminen-pikkukuva'  height=\"400\" width=\"495\"  itemprop=\"thumbnailUrl\" srcset=\"https:\/\/maailmanmuutos.org\/wp-content\/uploads\/2023\/08\/baltian-itsenaistyminen-pikkukuva.jpg 495w, https:\/\/maailmanmuutos.org\/wp-content\/uploads\/2023\/08\/baltian-itsenaistyminen-pikkukuva-120x97.jpg 120w\" sizes=\"(max-width: 495px) 100vw, 495px\" \/><\/div><\/div><\/div><br \/>\n<section  class='av_textblock_section av-limwhja3-cdec96093997045c16841f3bb705198b '   itemscope=\"itemscope\" itemtype=\"https:\/\/schema.org\/CreativeWork\" ><div class='avia_textblock'  itemprop=\"text\" ><p style=\"text-align: center;\"><a href=\"http:\/\/maailmanmuutos.org\/index.php\/toisesta-maailmansodasta-2000-luvulle\/kylman-sodan-paatosvaihe\/neuvostoliiton-hajoaminen\/baltian-maiden-itsenaisyysliikkeet\/\" target=\"_blank\" rel=\"noopener\">Baltian maiden itsen\u00e4isyysliikkeet<\/a><\/p>\n<\/div><\/section><\/p><\/div>\n\n<style type=\"text\/css\" data-created_by=\"avia_inline_auto\" id=\"style-css-av-8p6wdg-e31cd89784c86f9d0ef17c30f346d79c\">\n.flex_column.av-8p6wdg-e31cd89784c86f9d0ef17c30f346d79c{\nborder-radius:0px 0px 0px 0px;\npadding:0px 0px 0px 0px;\n}\n<\/style>\n<div  class='flex_column av-8p6wdg-e31cd89784c86f9d0ef17c30f346d79c av_one_fourth  avia-builder-el-12  el_after_av_one_fourth  el_before_av_one_fourth  flex_column_div av-zero-column-padding  column-top-margin'     ><p>\n<style type=\"text\/css\" data-created_by=\"avia_inline_auto\" id=\"style-css-av-limwht6t-b27e6f6e9b8cebd31130f4d543bbc65b\">\n.avia-image-container.av-limwht6t-b27e6f6e9b8cebd31130f4d543bbc65b img.avia_image{\nbox-shadow:none;\n}\n.avia-image-container.av-limwht6t-b27e6f6e9b8cebd31130f4d543bbc65b .av-image-caption-overlay-center{\ncolor:#ffffff;\n}\n<\/style>\n<div  class='avia-image-container av-limwht6t-b27e6f6e9b8cebd31130f4d543bbc65b av-styling- avia-align-center  avia-builder-el-13  el_before_av_textblock  avia-builder-el-first '   itemprop=\"image\" itemscope=\"itemscope\" itemtype=\"https:\/\/schema.org\/ImageObject\" ><div class=\"avia-image-container-inner\"><div class=\"avia-image-overlay-wrap\"><img decoding=\"async\" fetchpriority=\"high\" class='wp-image-3159 avia-img-lazy-loading-not-3159 avia_image ' src=\"https:\/\/maailmanmuutos.org\/wp-content\/uploads\/2023\/08\/venajan-valtataistelu-1991-pikkukuva.jpg\" alt='' title='venajan-valtataistelu-1991-pikkukuva'  height=\"400\" width=\"495\"  itemprop=\"thumbnailUrl\" srcset=\"https:\/\/maailmanmuutos.org\/wp-content\/uploads\/2023\/08\/venajan-valtataistelu-1991-pikkukuva.jpg 495w, https:\/\/maailmanmuutos.org\/wp-content\/uploads\/2023\/08\/venajan-valtataistelu-1991-pikkukuva-120x97.jpg 120w\" sizes=\"(max-width: 495px) 100vw, 495px\" \/><\/div><\/div><\/div><br \/>\n<section  class='av_textblock_section av-limwhja3-cdec96093997045c16841f3bb705198b '   itemscope=\"itemscope\" itemtype=\"https:\/\/schema.org\/CreativeWork\" ><div class='avia_textblock'  itemprop=\"text\" ><p style=\"text-align: center;\"><a href=\"http:\/\/maailmanmuutos.org\/index.php\/toisesta-maailmansodasta-2000-luvulle\/kylman-sodan-paatosvaihe\/neuvostoliiton-hajoaminen\/valtataistelun-karjistyminen-moskovassa-1991\/\" target=\"_blank\" rel=\"noopener\">Valtataistelun k\u00e4rjistyminen Moskovassa 1991<\/a><\/p>\n<\/div><\/section><\/p><\/div>\n\n<style type=\"text\/css\" data-created_by=\"avia_inline_auto\" id=\"style-css-av-8p6wdg-18791ac5a6e259e3357a38ed9e0869ca\">\n.flex_column.av-8p6wdg-18791ac5a6e259e3357a38ed9e0869ca{\nborder-radius:0px 0px 0px 0px;\npadding:0px 0px 0px 0px;\n}\n<\/style>\n<div  class='flex_column av-8p6wdg-18791ac5a6e259e3357a38ed9e0869ca av_one_fourth  avia-builder-el-15  el_after_av_one_fourth  el_before_av_one_fourth  first flex_column_div av-zero-column-padding  column-top-margin'     ><p>\n<style type=\"text\/css\" data-created_by=\"avia_inline_auto\" id=\"style-css-av-limwht6t-3e9c6b78d9af8ad13ab05b9ee9abe4b2\">\n.avia-image-container.av-limwht6t-3e9c6b78d9af8ad13ab05b9ee9abe4b2 img.avia_image{\nbox-shadow:none;\n}\n.avia-image-container.av-limwht6t-3e9c6b78d9af8ad13ab05b9ee9abe4b2 .av-image-caption-overlay-center{\ncolor:#ffffff;\n}\n<\/style>\n<div  class='avia-image-container av-limwht6t-3e9c6b78d9af8ad13ab05b9ee9abe4b2 av-styling- avia-align-center  avia-builder-el-16  el_before_av_textblock  avia-builder-el-first '   itemprop=\"image\" itemscope=\"itemscope\" itemtype=\"https:\/\/schema.org\/ImageObject\" ><div class=\"avia-image-container-inner\"><div class=\"avia-image-overlay-wrap\"><img decoding=\"async\" fetchpriority=\"high\" class='wp-image-3160 avia-img-lazy-loading-not-3160 avia_image ' src=\"https:\/\/maailmanmuutos.org\/wp-content\/uploads\/2023\/08\/IVY-alku-pikkukuva.jpg\" alt='' title='IVY-alku-pikkukuva'  height=\"400\" width=\"495\"  itemprop=\"thumbnailUrl\" srcset=\"https:\/\/maailmanmuutos.org\/wp-content\/uploads\/2023\/08\/IVY-alku-pikkukuva.jpg 495w, https:\/\/maailmanmuutos.org\/wp-content\/uploads\/2023\/08\/IVY-alku-pikkukuva-120x97.jpg 120w\" sizes=\"(max-width: 495px) 100vw, 495px\" \/><\/div><\/div><\/div><br \/>\n<section  class='av_textblock_section av-limwhja3-cdec96093997045c16841f3bb705198b '   itemscope=\"itemscope\" itemtype=\"https:\/\/schema.org\/CreativeWork\" ><div class='avia_textblock'  itemprop=\"text\" ><p style=\"text-align: center;\"><a href=\"http:\/\/maailmanmuutos.org\/index.php\/toisesta-maailmansodasta-2000-luvulle\/kylman-sodan-paatosvaihe\/neuvostoliiton-hajoaminen\/valtataistelun-karjistyminen-moskovassa-1991-2\/\" target=\"_blank\" rel=\"noopener\">Neuvostotasavaltojen itsen\u00e4istyminen<\/a><\/p>\n<\/div><\/section><\/p><\/div>\n\n<style type=\"text\/css\" data-created_by=\"avia_inline_auto\" id=\"style-css-av-8p6wdg-e31cd89784c86f9d0ef17c30f346d79c\">\n.flex_column.av-8p6wdg-e31cd89784c86f9d0ef17c30f346d79c{\nborder-radius:0px 0px 0px 0px;\npadding:0px 0px 0px 0px;\n}\n<\/style>\n<div  class='flex_column av-8p6wdg-e31cd89784c86f9d0ef17c30f346d79c av_one_fourth  avia-builder-el-18  el_after_av_one_fourth  el_before_av_one_fourth  flex_column_div av-zero-column-padding  column-top-margin'     ><p>\n<style type=\"text\/css\" data-created_by=\"avia_inline_auto\" id=\"style-css-av-limwht6t-1d73eeac9be7a037a8f5893fae394bfb\">\n.avia-image-container.av-limwht6t-1d73eeac9be7a037a8f5893fae394bfb img.avia_image{\nbox-shadow:none;\n}\n.avia-image-container.av-limwht6t-1d73eeac9be7a037a8f5893fae394bfb .av-image-caption-overlay-center{\ncolor:#ffffff;\n}\n<\/style>\n<div  class='avia-image-container av-limwht6t-1d73eeac9be7a037a8f5893fae394bfb av-styling- avia-align-center  avia-builder-el-19  el_before_av_textblock  avia-builder-el-first '   itemprop=\"image\" itemscope=\"itemscope\" itemtype=\"https:\/\/schema.org\/ImageObject\" ><div class=\"avia-image-container-inner\"><div class=\"avia-image-overlay-wrap\"><img decoding=\"async\" fetchpriority=\"high\" class='wp-image-3161 avia-img-lazy-loading-not-3161 avia_image ' src=\"https:\/\/maailmanmuutos.org\/wp-content\/uploads\/2023\/08\/valkoinen-talo-1993-pikkukuva.jpg\" alt='' title='valkoinen-talo-1993-pikkukuva'  height=\"400\" width=\"495\"  itemprop=\"thumbnailUrl\" srcset=\"https:\/\/maailmanmuutos.org\/wp-content\/uploads\/2023\/08\/valkoinen-talo-1993-pikkukuva.jpg 495w, https:\/\/maailmanmuutos.org\/wp-content\/uploads\/2023\/08\/valkoinen-talo-1993-pikkukuva-120x97.jpg 120w\" sizes=\"(max-width: 495px) 100vw, 495px\" \/><\/div><\/div><\/div><br \/>\n<section  class='av_textblock_section av-limwhja3-cdec96093997045c16841f3bb705198b '   itemscope=\"itemscope\" itemtype=\"https:\/\/schema.org\/CreativeWork\" ><div class='avia_textblock'  itemprop=\"text\" ><p style=\"text-align: center;\"><a href=\"http:\/\/maailmanmuutos.org\/index.php\/toisesta-maailmansodasta-2000-luvulle\/kylman-sodan-paatosvaihe\/neuvostoliiton-hajoaminen\/valtataistelu-moskovassa-1993\/\" target=\"_blank\" rel=\"noopener\">Valtataistelu Moskovassa 1993<\/a><\/p>\n<\/div><\/section><\/p><\/div>\n\n<style type=\"text\/css\" data-created_by=\"avia_inline_auto\" id=\"style-css-av-8p6wdg-e31cd89784c86f9d0ef17c30f346d79c\">\n.flex_column.av-8p6wdg-e31cd89784c86f9d0ef17c30f346d79c{\nborder-radius:0px 0px 0px 0px;\npadding:0px 0px 0px 0px;\n}\n<\/style>\n<div  class='flex_column av-8p6wdg-e31cd89784c86f9d0ef17c30f346d79c av_one_fourth  avia-builder-el-21  el_after_av_one_fourth  avia-builder-el-last  flex_column_div av-zero-column-padding  column-top-margin'     ><p>\n<style type=\"text\/css\" data-created_by=\"avia_inline_auto\" id=\"style-css-av-limwht6t-c413f44d69f5493e66cdbdbad6e367ef\">\n.avia-image-container.av-limwht6t-c413f44d69f5493e66cdbdbad6e367ef img.avia_image{\nbox-shadow:none;\n}\n.avia-image-container.av-limwht6t-c413f44d69f5493e66cdbdbad6e367ef .av-image-caption-overlay-center{\ncolor:#ffffff;\n}\n<\/style>\n<div  class='avia-image-container av-limwht6t-c413f44d69f5493e66cdbdbad6e367ef av-styling- avia-align-center  avia-builder-el-22  el_before_av_textblock  avia-builder-el-first '   itemprop=\"image\" itemscope=\"itemscope\" itemtype=\"https:\/\/schema.org\/ImageObject\" ><div class=\"avia-image-container-inner\"><div class=\"avia-image-overlay-wrap\"><img decoding=\"async\" fetchpriority=\"high\" class='wp-image-3166 avia-img-lazy-loading-not-3166 avia_image ' src=\"https:\/\/maailmanmuutos.org\/wp-content\/uploads\/2023\/08\/venaja-neuvostoliiton-jalkeen-pikkukuva.jpg\" alt='' title='venaja-neuvostoliiton-jalkeen-pikkukuva'  height=\"400\" width=\"495\"  itemprop=\"thumbnailUrl\" srcset=\"https:\/\/maailmanmuutos.org\/wp-content\/uploads\/2023\/08\/venaja-neuvostoliiton-jalkeen-pikkukuva.jpg 495w, https:\/\/maailmanmuutos.org\/wp-content\/uploads\/2023\/08\/venaja-neuvostoliiton-jalkeen-pikkukuva-120x97.jpg 120w\" sizes=\"(max-width: 495px) 100vw, 495px\" \/><\/div><\/div><\/div><br \/>\n<section  class='av_textblock_section av-limwhja3-cdec96093997045c16841f3bb705198b '   itemscope=\"itemscope\" itemtype=\"https:\/\/schema.org\/CreativeWork\" ><div class='avia_textblock'  itemprop=\"text\" ><p style=\"text-align: center;\"><a href=\"http:\/\/maailmanmuutos.org\/index.php\/toisesta-maailmansodasta-2000-luvulle\/kylman-sodan-paatosvaihe\/neuvostoliiton-hajoaminen\/venaja-neuvostoliiton-seuraajavaltiona\/\" target=\"_blank\" rel=\"noopener\">Ven\u00e4j\u00e4 Neuvostoliiton seuraajavaltiona<\/a><\/p>\n<\/div><\/section><\/p><\/div>\n","protected":false},"excerpt":{"rendered":"","protected":false},"author":1,"featured_media":0,"parent":633,"menu_order":3,"comment_status":"closed","ping_status":"closed","template":"","meta":{"footnotes":""},"class_list":["post-780","page","type-page","status-publish","hentry"],"_links":{"self":[{"href":"https:\/\/maailmanmuutos.org\/index.php\/wp-json\/wp\/v2\/pages\/780","targetHints":{"allow":["GET"]}}],"collection":[{"href":"https:\/\/maailmanmuutos.org\/index.php\/wp-json\/wp\/v2\/pages"}],"about":[{"href":"https:\/\/maailmanmuutos.org\/index.php\/wp-json\/wp\/v2\/types\/page"}],"author":[{"embeddable":true,"href":"https:\/\/maailmanmuutos.org\/index.php\/wp-json\/wp\/v2\/users\/1"}],"replies":[{"embeddable":true,"href":"https:\/\/maailmanmuutos.org\/index.php\/wp-json\/wp\/v2\/comments?post=780"}],"version-history":[{"count":9,"href":"https:\/\/maailmanmuutos.org\/index.php\/wp-json\/wp\/v2\/pages\/780\/revisions"}],"predecessor-version":[{"id":4105,"href":"https:\/\/maailmanmuutos.org\/index.php\/wp-json\/wp\/v2\/pages\/780\/revisions\/4105"}],"up":[{"embeddable":true,"href":"https:\/\/maailmanmuutos.org\/index.php\/wp-json\/wp\/v2\/pages\/633"}],"wp:attachment":[{"href":"https:\/\/maailmanmuutos.org\/index.php\/wp-json\/wp\/v2\/media?parent=780"}],"curies":[{"name":"wp","href":"https:\/\/api.w.org\/{rel}","templated":true}]}}