{"id":783,"date":"2023-03-08T15:09:52","date_gmt":"2023-03-08T15:09:52","guid":{"rendered":"http:\/\/us.ylirotu.fi\/?page_id=783"},"modified":"2023-08-17T08:03:31","modified_gmt":"2023-08-17T08:03:31","slug":"kansallisuuskysymyksien-karjistyminen-etelassa","status":"publish","type":"page","link":"https:\/\/maailmanmuutos.org\/index.php\/kylmasta-sodasta-2000-luvulle\/kylman-sodan-paatosvaihe\/neuvostoliiton-hajoaminen\/kansallisuuskysymyksien-karjistyminen-etelassa\/","title":{"rendered":"Kansallisuuskysymykset etel\u00e4ss\u00e4\u00a0"},"content":{"rendered":"<div id='full_slider_1'  class='avia-fullwidth-slider main_color avia-shadow   avia-builder-el-0  el_before_av_one_full  avia-builder-el-first   container_wrap sidebar_right'  >\n<style type=\"text\/css\" data-created_by=\"avia_inline_auto\" id=\"style-css-av-kd4hz9nx-fb331aa0faaa9c578e2f07ccc45f5aa0\">\n#top #wrap_all .avia-slideshow .av-slideshow-caption.av-kd4hz9nx-fb331aa0faaa9c578e2f07ccc45f5aa0__0 .avia-caption-title{\nfont-size:22px;\n}\n#top .avia-slideshow .av-slideshow-caption.av-kd4hz9nx-fb331aa0faaa9c578e2f07ccc45f5aa0__0 .avia-caption-content{\nfont-size:14px;\n}\n#top .avia-slideshow .av-slideshow-caption.av-kd4hz9nx-fb331aa0faaa9c578e2f07ccc45f5aa0__0 .avia-caption-content p{\nfont-size:14px;\n}\n\n@media only screen and (min-width: 768px) and (max-width: 989px){ \n#top #wrap_all .avia-slideshow .av-slideshow-caption.av-kd4hz9nx-fb331aa0faaa9c578e2f07ccc45f5aa0__0 .avia-caption-title{\nfont-size:16px;\n}\n#top .avia-slideshow .av-slideshow-caption.av-kd4hz9nx-fb331aa0faaa9c578e2f07ccc45f5aa0__0 .avia-caption-content{\nfont-size:16px;\n}\n#top .avia-slideshow .av-slideshow-caption.av-kd4hz9nx-fb331aa0faaa9c578e2f07ccc45f5aa0__0 .avia-caption-content p{\nfont-size:16px;\n}\n}\n\n@media only screen and (min-width: 480px) and (max-width: 767px){ \n#top #wrap_all .avia-slideshow .av-slideshow-caption.av-kd4hz9nx-fb331aa0faaa9c578e2f07ccc45f5aa0__0 .avia-caption-title{\nfont-size:14px;\n}\n#top .avia-slideshow .av-slideshow-caption.av-kd4hz9nx-fb331aa0faaa9c578e2f07ccc45f5aa0__0 .avia-caption-content{\nfont-size:14px;\n}\n#top .avia-slideshow .av-slideshow-caption.av-kd4hz9nx-fb331aa0faaa9c578e2f07ccc45f5aa0__0 .avia-caption-content p{\nfont-size:14px;\n}\n}\n\n@media only screen and (max-width: 479px){ \n#top #wrap_all .avia-slideshow .av-slideshow-caption.av-kd4hz9nx-fb331aa0faaa9c578e2f07ccc45f5aa0__0 .avia-caption-title{\ndisplay:none;\n}\n#top .avia-slideshow .av-slideshow-caption.av-kd4hz9nx-fb331aa0faaa9c578e2f07ccc45f5aa0__0 .avia-caption-content{\ndisplay:none;\n}\n#top .avia-slideshow .av-slideshow-caption.av-kd4hz9nx-fb331aa0faaa9c578e2f07ccc45f5aa0__0 .avia-caption-content p{\ndisplay:none;\n}\n}\n<\/style>\n<div  class='avia-slideshow av-kd4hz9nx-fb331aa0faaa9c578e2f07ccc45f5aa0 avia-slideshow-featured av_slideshow_full avia-slide-slider av-slideshow-ui av-control-default av-slideshow-manual av-loop-once av-loop-manual-endless av-default-height-applied   avia-slideshow-1' data-slideshow-options=\"{&quot;animation&quot;:&quot;slide&quot;,&quot;autoplay&quot;:false,&quot;loop_autoplay&quot;:&quot;once&quot;,&quot;interval&quot;:5,&quot;loop_manual&quot;:&quot;manual-endless&quot;,&quot;autoplay_stopper&quot;:false,&quot;noNavigation&quot;:false,&quot;bg_slider&quot;:false,&quot;keep_padding&quot;:false,&quot;hoverpause&quot;:false,&quot;show_slide_delay&quot;:0}\"  itemprop=\"image\" itemscope=\"itemscope\" itemtype=\"https:\/\/schema.org\/ImageObject\" ><ul class='avia-slideshow-inner ' style='padding-bottom: 28.72411489646%;'><li  class='avia-slideshow-slide av-kd4hz9nx-fb331aa0faaa9c578e2f07ccc45f5aa0__0  av-single-slide slide-1 slide-odd'><div data-rel='slideshow-1' class='avia-slide-wrap '   ><img decoding=\"async\" fetchpriority=\"high\" class=\"wp-image-2816 avia-img-lazy-loading-not-2816\"  src=\"https:\/\/maailmanmuutos.org\/wp-content\/uploads\/2023\/08\/afganistan-war-march.jpg\" width=\"1497\" height=\"430\" title='kuvituskuvat' alt=''  itemprop=\"thumbnailUrl\" srcset=\"https:\/\/maailmanmuutos.org\/wp-content\/uploads\/2023\/08\/afganistan-war-march.jpg 1500w, https:\/\/maailmanmuutos.org\/wp-content\/uploads\/2023\/08\/afganistan-war-march-800x230.jpg 800w, https:\/\/maailmanmuutos.org\/wp-content\/uploads\/2023\/08\/afganistan-war-march-120x34.jpg 120w, https:\/\/maailmanmuutos.org\/wp-content\/uploads\/2023\/08\/afganistan-war-march-768x221.jpg 768w, https:\/\/maailmanmuutos.org\/wp-content\/uploads\/2023\/08\/afganistan-war-march-705x203.jpg 705w\" sizes=\"(max-width: 1497px) 100vw, 1497px\" \/><\/div><\/li><\/ul><\/div><\/div><div id='after_full_slider_1'  class='main_color av_default_container_wrap container_wrap sidebar_right'  ><div class='container av-section-cont-open' ><div class='template-page content  av-content-small alpha units'><div class='post-entry post-entry-type-page post-entry-783'><div class='entry-content-wrapper clearfix'>\n\n<style type=\"text\/css\" data-created_by=\"avia_inline_auto\" id=\"style-css-av-5spn6-3d3e8ead61d02f87ad7c9f2fc625dc24\">\n.flex_column.av-5spn6-3d3e8ead61d02f87ad7c9f2fc625dc24{\nborder-radius:0px 0px 0px 0px;\npadding:0px 0px 0px 0px;\n}\n<\/style>\n<div  class='flex_column av-5spn6-3d3e8ead61d02f87ad7c9f2fc625dc24 av_one_full  avia-builder-el-1  el_after_av_slideshow_full  avia-builder-el-no-sibling  first flex_column_div av-zero-column-padding  '     ><p>\n<style type=\"text\/css\" data-created_by=\"avia_inline_auto\" id=\"style-css-av-b14wf-037a4b092cd5e1b02076fad74e122516\">\n#top .av-special-heading.av-b14wf-037a4b092cd5e1b02076fad74e122516{\npadding-bottom:10px;\n}\nbody .av-special-heading.av-b14wf-037a4b092cd5e1b02076fad74e122516 .av-special-heading-tag .heading-char{\nfont-size:25px;\n}\n.av-special-heading.av-b14wf-037a4b092cd5e1b02076fad74e122516 .av-subheading{\nfont-size:15px;\n}\n<\/style>\n<div  class='av-special-heading av-b14wf-037a4b092cd5e1b02076fad74e122516 av-special-heading-h1  avia-builder-el-2  el_before_av_hr  avia-builder-el-first '><h1 class='av-special-heading-tag'  itemprop=\"headline\"  >Kansallisuuskysymyksien k\u00e4rjistyminen etel\u00e4ss\u00e4 <\/h1><div class=\"special-heading-border\"><div class=\"special-heading-inner-border\"><\/div><\/div><\/div><br \/>\n\n<style type=\"text\/css\" data-created_by=\"avia_inline_auto\" id=\"style-css-av-lezw3ur0-862fc69d3890db0a4c5490cac298d329\">\n#top .hr.hr-invisible.av-lezw3ur0-862fc69d3890db0a4c5490cac298d329{\nheight:50px;\n}\n<\/style>\n<div  class='hr av-lezw3ur0-862fc69d3890db0a4c5490cac298d329 hr-invisible  avia-builder-el-3  el_after_av_heading  el_before_av_textblock '><span class='hr-inner '><span class=\"hr-inner-style\"><\/span><\/span><\/div><br \/>\n<section  class='av_textblock_section av-lezr0od0-94e7bd8ef786eea3c9a8d27065495667 '   itemscope=\"itemscope\" itemtype=\"https:\/\/schema.org\/CreativeWork\" ><div class='avia_textblock'  itemprop=\"text\" ><p><em><strong>Ep\u00e4onnistunut Afganistanin sota<\/strong><\/em><\/p>\n<p>Neuvostoliiton interventio Afganistaniin joulukuussa 1979 oli alkuna kasvaville vaikeuksille pit\u00e4\u00e4 neuvostoimperiumia koossa. Afganistanissa pitkittynyt sota kulutti samaan tapaan voimia ja horjutti luottamusta poliittiseen johtoon, kuin Yhdysvallat oli kokenut Vietnamissa 1960-luvun puoliv\u00e4list\u00e4 l\u00e4htien. Muutaman vuoden kuluttua Neuvostoliiton johtajille oli jo selv\u00e4\u00e4, ettei Afganistanin sota ollut voitettavissa, mutta sielt\u00e4 poistuminenkin osoittautui vaikeaksi. Vasta vuosikymmenen lopulla Mihail Gorbatshov onnistui sopimaan j\u00e4rjestelyist\u00e4, joilla neuvostojoukot vedettiin kotiin.<\/p>\n<p><em><strong>Kaukasian vakavat rajariidat<\/strong><\/em><\/p>\n<p>Vakavia levottomuuksia alkoi 1980-luvun lopulla esiinty\u00e4 Kaukasian ja Keski-Aasian neuvostotasavalloissa. Riidat koskivat yleens\u00e4 kansallisuuksien v\u00e4lille vedettyjen hallinnollisten rajojen kulkua. Stalinin aikaisella kansallisuuspolitiikalla toisen maailmansodan j\u00e4lkeen oli nimenomaan pyritty vanhojen kansallisuuskokonaisuuksien rikkomiseen, mihin liittyi my\u00f6s suuria v\u00e4est\u00f6nsiirtoja.<\/p>\n<p>Muslimiv\u00e4est\u00f6n voimakas lis\u00e4\u00e4ntyminen etel\u00e4isiss\u00e4 neuvostotasavalloissa my\u00f6t\u00e4vaikutti sis\u00e4isten levottomuuksien voimistumiseen. Neuvostoliiton talouden heikentyminen kurjisti oloja erityisesti maan etel\u00e4osissa.<\/p>\n<\/div><\/section><\/p><\/div>\n","protected":false},"excerpt":{"rendered":"","protected":false},"author":1,"featured_media":0,"parent":780,"menu_order":1,"comment_status":"closed","ping_status":"closed","template":"","meta":{"footnotes":""},"class_list":["post-783","page","type-page","status-publish","hentry"],"_links":{"self":[{"href":"https:\/\/maailmanmuutos.org\/index.php\/wp-json\/wp\/v2\/pages\/783","targetHints":{"allow":["GET"]}}],"collection":[{"href":"https:\/\/maailmanmuutos.org\/index.php\/wp-json\/wp\/v2\/pages"}],"about":[{"href":"https:\/\/maailmanmuutos.org\/index.php\/wp-json\/wp\/v2\/types\/page"}],"author":[{"embeddable":true,"href":"https:\/\/maailmanmuutos.org\/index.php\/wp-json\/wp\/v2\/users\/1"}],"replies":[{"embeddable":true,"href":"https:\/\/maailmanmuutos.org\/index.php\/wp-json\/wp\/v2\/comments?post=783"}],"version-history":[{"count":13,"href":"https:\/\/maailmanmuutos.org\/index.php\/wp-json\/wp\/v2\/pages\/783\/revisions"}],"predecessor-version":[{"id":4148,"href":"https:\/\/maailmanmuutos.org\/index.php\/wp-json\/wp\/v2\/pages\/783\/revisions\/4148"}],"up":[{"embeddable":true,"href":"https:\/\/maailmanmuutos.org\/index.php\/wp-json\/wp\/v2\/pages\/780"}],"wp:attachment":[{"href":"https:\/\/maailmanmuutos.org\/index.php\/wp-json\/wp\/v2\/media?parent=783"}],"curies":[{"name":"wp","href":"https:\/\/api.w.org\/{rel}","templated":true}]}}