{"id":953,"date":"2023-03-08T16:25:19","date_gmt":"2023-03-08T16:25:19","guid":{"rendered":"http:\/\/us.ylirotu.fi\/index.php\/maailman-muutos\/kylman-sodan-paatosvaihe\/neuvostoliiton-hajoaminen\/kansallisuuskysymyksien-karjistyminen-etelassa-2\/"},"modified":"2023-08-17T08:04:20","modified_gmt":"2023-08-17T08:04:20","slug":"kaukasian-kapinaliikkeet","status":"publish","type":"page","link":"https:\/\/maailmanmuutos.org\/index.php\/kylmasta-sodasta-2000-luvulle\/kylman-sodan-paatosvaihe\/neuvostoliiton-hajoaminen\/kaukasian-kapinaliikkeet\/","title":{"rendered":"Kaukasian kapinaliikkeet\u00a0"},"content":{"rendered":"<div id='full_slider_1'  class='avia-fullwidth-slider main_color avia-shadow   avia-builder-el-0  el_before_av_one_full  avia-builder-el-first   container_wrap sidebar_right'  >\n<style type=\"text\/css\" data-created_by=\"avia_inline_auto\" id=\"style-css-av-kd4hz9nx-fb331aa0faaa9c578e2f07ccc45f5aa0\">\n#top #wrap_all .avia-slideshow .av-slideshow-caption.av-kd4hz9nx-fb331aa0faaa9c578e2f07ccc45f5aa0__0 .avia-caption-title{\nfont-size:22px;\n}\n#top .avia-slideshow .av-slideshow-caption.av-kd4hz9nx-fb331aa0faaa9c578e2f07ccc45f5aa0__0 .avia-caption-content{\nfont-size:14px;\n}\n#top .avia-slideshow .av-slideshow-caption.av-kd4hz9nx-fb331aa0faaa9c578e2f07ccc45f5aa0__0 .avia-caption-content p{\nfont-size:14px;\n}\n\n@media only screen and (min-width: 768px) and (max-width: 989px){ \n#top #wrap_all .avia-slideshow .av-slideshow-caption.av-kd4hz9nx-fb331aa0faaa9c578e2f07ccc45f5aa0__0 .avia-caption-title{\nfont-size:16px;\n}\n#top .avia-slideshow .av-slideshow-caption.av-kd4hz9nx-fb331aa0faaa9c578e2f07ccc45f5aa0__0 .avia-caption-content{\nfont-size:16px;\n}\n#top .avia-slideshow .av-slideshow-caption.av-kd4hz9nx-fb331aa0faaa9c578e2f07ccc45f5aa0__0 .avia-caption-content p{\nfont-size:16px;\n}\n}\n\n@media only screen and (min-width: 480px) and (max-width: 767px){ \n#top #wrap_all .avia-slideshow .av-slideshow-caption.av-kd4hz9nx-fb331aa0faaa9c578e2f07ccc45f5aa0__0 .avia-caption-title{\nfont-size:14px;\n}\n#top .avia-slideshow .av-slideshow-caption.av-kd4hz9nx-fb331aa0faaa9c578e2f07ccc45f5aa0__0 .avia-caption-content{\nfont-size:14px;\n}\n#top .avia-slideshow .av-slideshow-caption.av-kd4hz9nx-fb331aa0faaa9c578e2f07ccc45f5aa0__0 .avia-caption-content p{\nfont-size:14px;\n}\n}\n\n@media only screen and (max-width: 479px){ \n#top #wrap_all .avia-slideshow .av-slideshow-caption.av-kd4hz9nx-fb331aa0faaa9c578e2f07ccc45f5aa0__0 .avia-caption-title{\ndisplay:none;\n}\n#top .avia-slideshow .av-slideshow-caption.av-kd4hz9nx-fb331aa0faaa9c578e2f07ccc45f5aa0__0 .avia-caption-content{\ndisplay:none;\n}\n#top .avia-slideshow .av-slideshow-caption.av-kd4hz9nx-fb331aa0faaa9c578e2f07ccc45f5aa0__0 .avia-caption-content p{\ndisplay:none;\n}\n}\n<\/style>\n<div  class='avia-slideshow av-kd4hz9nx-fb331aa0faaa9c578e2f07ccc45f5aa0 avia-slideshow-featured av_slideshow_full avia-slide-slider av-slideshow-ui av-control-default av-slideshow-manual av-loop-once av-loop-manual-endless av-default-height-applied   avia-slideshow-1' data-slideshow-options=\"{&quot;animation&quot;:&quot;slide&quot;,&quot;autoplay&quot;:false,&quot;loop_autoplay&quot;:&quot;once&quot;,&quot;interval&quot;:5,&quot;loop_manual&quot;:&quot;manual-endless&quot;,&quot;autoplay_stopper&quot;:false,&quot;noNavigation&quot;:false,&quot;bg_slider&quot;:false,&quot;keep_padding&quot;:false,&quot;hoverpause&quot;:false,&quot;show_slide_delay&quot;:0}\"  itemprop=\"image\" itemscope=\"itemscope\" itemtype=\"https:\/\/schema.org\/ImageObject\" ><ul class='avia-slideshow-inner ' style='padding-bottom: 28.72411489646%;'><li  class='avia-slideshow-slide av-kd4hz9nx-fb331aa0faaa9c578e2f07ccc45f5aa0__0  av-single-slide slide-1 slide-odd'><div data-rel='slideshow-1' class='avia-slide-wrap '   ><img decoding=\"async\" fetchpriority=\"high\" class=\"wp-image-2824 avia-img-lazy-loading-not-2824\"  src=\"https:\/\/maailmanmuutos.org\/wp-content\/uploads\/2023\/08\/ensimmainen-tsetsenian-sota.jpg\" width=\"1497\" height=\"430\" title='kuvituskuvat' alt=''  itemprop=\"thumbnailUrl\" srcset=\"https:\/\/maailmanmuutos.org\/wp-content\/uploads\/2023\/08\/ensimmainen-tsetsenian-sota.jpg 1500w, https:\/\/maailmanmuutos.org\/wp-content\/uploads\/2023\/08\/ensimmainen-tsetsenian-sota-800x230.jpg 800w, https:\/\/maailmanmuutos.org\/wp-content\/uploads\/2023\/08\/ensimmainen-tsetsenian-sota-120x34.jpg 120w, https:\/\/maailmanmuutos.org\/wp-content\/uploads\/2023\/08\/ensimmainen-tsetsenian-sota-768x221.jpg 768w, https:\/\/maailmanmuutos.org\/wp-content\/uploads\/2023\/08\/ensimmainen-tsetsenian-sota-705x203.jpg 705w\" sizes=\"(max-width: 1497px) 100vw, 1497px\" \/><\/div><\/li><\/ul><\/div><\/div><div id='after_full_slider_1'  class='main_color av_default_container_wrap container_wrap sidebar_right'  ><div class='container av-section-cont-open' ><div class='template-page content  av-content-small alpha units'><div class='post-entry post-entry-type-page post-entry-953'><div class='entry-content-wrapper clearfix'>\n\n<style type=\"text\/css\" data-created_by=\"avia_inline_auto\" id=\"style-css-av-5spn6-3d3e8ead61d02f87ad7c9f2fc625dc24\">\n.flex_column.av-5spn6-3d3e8ead61d02f87ad7c9f2fc625dc24{\nborder-radius:0px 0px 0px 0px;\npadding:0px 0px 0px 0px;\n}\n<\/style>\n<div  class='flex_column av-5spn6-3d3e8ead61d02f87ad7c9f2fc625dc24 av_one_full  avia-builder-el-1  el_after_av_slideshow_full  avia-builder-el-no-sibling  first flex_column_div av-zero-column-padding  '     ><p>\n<style type=\"text\/css\" data-created_by=\"avia_inline_auto\" id=\"style-css-av-av_heading-b6452b7fa166e38c96d638ef6e5992ef\">\n#top .av-special-heading.av-av_heading-b6452b7fa166e38c96d638ef6e5992ef{\npadding-bottom:10px;\n}\nbody .av-special-heading.av-av_heading-b6452b7fa166e38c96d638ef6e5992ef .av-special-heading-tag .heading-char{\nfont-size:25px;\n}\n.av-special-heading.av-av_heading-b6452b7fa166e38c96d638ef6e5992ef .av-subheading{\nfont-size:15px;\n}\n<\/style>\n<div  class='av-special-heading av-av_heading-b6452b7fa166e38c96d638ef6e5992ef av-special-heading-h1  avia-builder-el-2  el_before_av_hr  avia-builder-el-first '><h1 class='av-special-heading-tag'  itemprop=\"headline\"  >Kaukasian kapinaliikkeet<\/h1><div class=\"special-heading-border\"><div class=\"special-heading-inner-border\"><\/div><\/div><\/div><br \/>\n\n<style type=\"text\/css\" data-created_by=\"avia_inline_auto\" id=\"style-css-av-lezw3ur0-862fc69d3890db0a4c5490cac298d329\">\n#top .hr.hr-invisible.av-lezw3ur0-862fc69d3890db0a4c5490cac298d329{\nheight:50px;\n}\n<\/style>\n<div  class='hr av-lezw3ur0-862fc69d3890db0a4c5490cac298d329 hr-invisible  avia-builder-el-3  el_after_av_heading  el_before_av_textblock '><span class='hr-inner '><span class=\"hr-inner-style\"><\/span><\/span><\/div><br \/>\n<section  class='av_textblock_section av-lezr0od0-94e7bd8ef786eea3c9a8d27065495667 '   itemscope=\"itemscope\" itemtype=\"https:\/\/schema.org\/CreativeWork\" ><div class='avia_textblock'  itemprop=\"text\" ><p><em><strong>Kiista Vuoristo-Karabahista<\/strong><\/em><\/p>\n<p>Kahden neuvostotasavallan, Armenian ja Azerbaidzhanin, v\u00e4linen kiista Vuoristo-Karabahista k\u00e4rjistyi avoimiksi taisteluiksi ja sodaksi ilman, ett\u00e4 neuvostoarmeija olisi aluksi kyennyt tai halunnut ryhty\u00e4 siell\u00e4 tehokkaaseen kriisinhallintaan. Armenialaiset muodostivat oman armeijan, joka onnistui valtaamaan Vuoristo-Karabahin alueen. Azerbaidzhanin p\u00e4\u00e4kaupungissa Bakussa paikallinen v\u00e4est\u00f6 kohdisti kostotoimia siell\u00e4 asuneisiin armenialaisiin, joita ryhdyttiin karkottamaan.<\/p>\n<p><em><strong>Kaukasian neuvostotasavaltojen irtautuminen Neuvostoliitosta<\/strong><\/em><\/p>\n<p class=\"Leipa_teksti2\">Vuosina 1989 ja 1990 Neuvostoliiton joukot hajottivat v\u00e4kivaltaisesti mielenosoituksia Georgiassa ja Azerbaidzhanissa, jolloin useita satoja ihmisi\u00e4 kuoli. N\u00e4m\u00e4 tapaukset toimivat my\u00f6s varoittavina esimerkkein\u00e4 siit\u00e4, mit\u00e4 kansallisuusongelmien r\u00e4j\u00e4ht\u00e4minen saattoi tuoda tullessaan.<\/p>\n<p class=\"Leipa_teksti2\">Neuvostoliiton hajoamiskehityksen edetess\u00e4 Kaukasian neuvostotasavallat irtautuivat Moskovan otteesta ja julistautuivat 1990-luvun alussa itsen\u00e4isiksi. Samalla kuitenkin niiden alueilla kansalliset v\u00e4hemmist\u00f6t kapinoivat keskushallitusta vastaan.<\/p>\n<p><em><strong>Tshetshenian ensimm\u00e4inen sota<\/strong><\/em><\/p>\n<p>Ven\u00e4j\u00e4n federaatioon kuuluneessa Tshetsheniassa itsen\u00e4istymisliike oli niin voimakas, ett\u00e4 se Neuvostoliiton hajotessa syksyll\u00e4 1991 julisti alueen itsen\u00e4iseksi. Hallinto ei kuitenkaan vakiintunut, vaan kilpailevat klaanit ja my\u00f6s rikollisryhmittym\u00e4t s\u00e4ilyttiv\u00e4t vaikutusvaltansa. Muutaman vuoden<br \/>\nkuluttua Ven\u00e4j\u00e4n hallitus ryhtyi palauttamaan Tshetsheniaa takaisin valtansa alle, mist\u00e4 seurasi tuhoisa sota.<\/p>\n<\/div><\/section><\/p><\/div>\n","protected":false},"excerpt":{"rendered":"","protected":false},"author":1,"featured_media":0,"parent":780,"menu_order":2,"comment_status":"closed","ping_status":"closed","template":"","meta":{"footnotes":""},"class_list":["post-953","page","type-page","status-publish","hentry"],"_links":{"self":[{"href":"https:\/\/maailmanmuutos.org\/index.php\/wp-json\/wp\/v2\/pages\/953","targetHints":{"allow":["GET"]}}],"collection":[{"href":"https:\/\/maailmanmuutos.org\/index.php\/wp-json\/wp\/v2\/pages"}],"about":[{"href":"https:\/\/maailmanmuutos.org\/index.php\/wp-json\/wp\/v2\/types\/page"}],"author":[{"embeddable":true,"href":"https:\/\/maailmanmuutos.org\/index.php\/wp-json\/wp\/v2\/users\/1"}],"replies":[{"embeddable":true,"href":"https:\/\/maailmanmuutos.org\/index.php\/wp-json\/wp\/v2\/comments?post=953"}],"version-history":[{"count":7,"href":"https:\/\/maailmanmuutos.org\/index.php\/wp-json\/wp\/v2\/pages\/953\/revisions"}],"predecessor-version":[{"id":4152,"href":"https:\/\/maailmanmuutos.org\/index.php\/wp-json\/wp\/v2\/pages\/953\/revisions\/4152"}],"up":[{"embeddable":true,"href":"https:\/\/maailmanmuutos.org\/index.php\/wp-json\/wp\/v2\/pages\/780"}],"wp:attachment":[{"href":"https:\/\/maailmanmuutos.org\/index.php\/wp-json\/wp\/v2\/media?parent=953"}],"curies":[{"name":"wp","href":"https:\/\/api.w.org\/{rel}","templated":true}]}}