{"id":956,"date":"2023-03-08T16:27:03","date_gmt":"2023-03-08T16:27:03","guid":{"rendered":"http:\/\/us.ylirotu.fi\/index.php\/maailman-muutos\/kylman-sodan-paatosvaihe\/neuvostoliiton-hajoaminen\/kaukasian-kapinaliikkeet-2\/"},"modified":"2023-08-17T08:04:59","modified_gmt":"2023-08-17T08:04:59","slug":"baltian-maiden-itsenaisyysliikkeet","status":"publish","type":"page","link":"https:\/\/maailmanmuutos.org\/index.php\/kylmasta-sodasta-2000-luvulle\/kylman-sodan-paatosvaihe\/neuvostoliiton-hajoaminen\/baltian-maiden-itsenaisyysliikkeet\/","title":{"rendered":"Baltian maiden itsen\u00e4isyysliikkeet\u00a0"},"content":{"rendered":"<div id='full_slider_1'  class='avia-fullwidth-slider main_color avia-shadow   avia-builder-el-0  el_before_av_one_full  avia-builder-el-first   container_wrap sidebar_right'  >\n<style type=\"text\/css\" data-created_by=\"avia_inline_auto\" id=\"style-css-av-kd4hz9nx-fb331aa0faaa9c578e2f07ccc45f5aa0\">\n#top #wrap_all .avia-slideshow .av-slideshow-caption.av-kd4hz9nx-fb331aa0faaa9c578e2f07ccc45f5aa0__0 .avia-caption-title{\nfont-size:22px;\n}\n#top .avia-slideshow .av-slideshow-caption.av-kd4hz9nx-fb331aa0faaa9c578e2f07ccc45f5aa0__0 .avia-caption-content{\nfont-size:14px;\n}\n#top .avia-slideshow .av-slideshow-caption.av-kd4hz9nx-fb331aa0faaa9c578e2f07ccc45f5aa0__0 .avia-caption-content p{\nfont-size:14px;\n}\n\n@media only screen and (min-width: 768px) and (max-width: 989px){ \n#top #wrap_all .avia-slideshow .av-slideshow-caption.av-kd4hz9nx-fb331aa0faaa9c578e2f07ccc45f5aa0__0 .avia-caption-title{\nfont-size:16px;\n}\n#top .avia-slideshow .av-slideshow-caption.av-kd4hz9nx-fb331aa0faaa9c578e2f07ccc45f5aa0__0 .avia-caption-content{\nfont-size:16px;\n}\n#top .avia-slideshow .av-slideshow-caption.av-kd4hz9nx-fb331aa0faaa9c578e2f07ccc45f5aa0__0 .avia-caption-content p{\nfont-size:16px;\n}\n}\n\n@media only screen and (min-width: 480px) and (max-width: 767px){ \n#top #wrap_all .avia-slideshow .av-slideshow-caption.av-kd4hz9nx-fb331aa0faaa9c578e2f07ccc45f5aa0__0 .avia-caption-title{\nfont-size:14px;\n}\n#top .avia-slideshow .av-slideshow-caption.av-kd4hz9nx-fb331aa0faaa9c578e2f07ccc45f5aa0__0 .avia-caption-content{\nfont-size:14px;\n}\n#top .avia-slideshow .av-slideshow-caption.av-kd4hz9nx-fb331aa0faaa9c578e2f07ccc45f5aa0__0 .avia-caption-content p{\nfont-size:14px;\n}\n}\n\n@media only screen and (max-width: 479px){ \n#top #wrap_all .avia-slideshow .av-slideshow-caption.av-kd4hz9nx-fb331aa0faaa9c578e2f07ccc45f5aa0__0 .avia-caption-title{\ndisplay:none;\n}\n#top .avia-slideshow .av-slideshow-caption.av-kd4hz9nx-fb331aa0faaa9c578e2f07ccc45f5aa0__0 .avia-caption-content{\ndisplay:none;\n}\n#top .avia-slideshow .av-slideshow-caption.av-kd4hz9nx-fb331aa0faaa9c578e2f07ccc45f5aa0__0 .avia-caption-content p{\ndisplay:none;\n}\n}\n<\/style>\n<div  class='avia-slideshow av-kd4hz9nx-fb331aa0faaa9c578e2f07ccc45f5aa0 avia-slideshow-featured av_slideshow_full avia-slide-slider av-slideshow-ui av-control-default av-slideshow-manual av-loop-once av-loop-manual-endless av-default-height-applied   avia-slideshow-1' data-slideshow-options=\"{&quot;animation&quot;:&quot;slide&quot;,&quot;autoplay&quot;:false,&quot;loop_autoplay&quot;:&quot;once&quot;,&quot;interval&quot;:5,&quot;loop_manual&quot;:&quot;manual-endless&quot;,&quot;autoplay_stopper&quot;:false,&quot;noNavigation&quot;:false,&quot;bg_slider&quot;:false,&quot;keep_padding&quot;:false,&quot;hoverpause&quot;:false,&quot;show_slide_delay&quot;:0}\"  itemprop=\"image\" itemscope=\"itemscope\" itemtype=\"https:\/\/schema.org\/ImageObject\" ><ul class='avia-slideshow-inner ' style='padding-bottom: 28.72411489646%;'><li  class='avia-slideshow-slide av-kd4hz9nx-fb331aa0faaa9c578e2f07ccc45f5aa0__0  av-single-slide slide-1 slide-odd'><div data-rel='slideshow-1' class='avia-slide-wrap '   ><img decoding=\"async\" fetchpriority=\"high\" class=\"wp-image-2821 avia-img-lazy-loading-not-2821\"  src=\"https:\/\/maailmanmuutos.org\/wp-content\/uploads\/2023\/08\/baltian-itsenaistyminen.jpg\" width=\"1497\" height=\"430\" title='kuvituskuvat' alt=''  itemprop=\"thumbnailUrl\" srcset=\"https:\/\/maailmanmuutos.org\/wp-content\/uploads\/2023\/08\/baltian-itsenaistyminen.jpg 1500w, https:\/\/maailmanmuutos.org\/wp-content\/uploads\/2023\/08\/baltian-itsenaistyminen-800x230.jpg 800w, https:\/\/maailmanmuutos.org\/wp-content\/uploads\/2023\/08\/baltian-itsenaistyminen-120x34.jpg 120w, https:\/\/maailmanmuutos.org\/wp-content\/uploads\/2023\/08\/baltian-itsenaistyminen-768x221.jpg 768w, https:\/\/maailmanmuutos.org\/wp-content\/uploads\/2023\/08\/baltian-itsenaistyminen-705x203.jpg 705w\" sizes=\"(max-width: 1497px) 100vw, 1497px\" \/><\/div><\/li><\/ul><\/div><\/div><div id='after_full_slider_1'  class='main_color av_default_container_wrap container_wrap sidebar_right'  ><div class='container av-section-cont-open' ><div class='template-page content  av-content-small alpha units'><div class='post-entry post-entry-type-page post-entry-956'><div class='entry-content-wrapper clearfix'>\n\n<style type=\"text\/css\" data-created_by=\"avia_inline_auto\" id=\"style-css-av-5spn6-3d3e8ead61d02f87ad7c9f2fc625dc24\">\n.flex_column.av-5spn6-3d3e8ead61d02f87ad7c9f2fc625dc24{\nborder-radius:0px 0px 0px 0px;\npadding:0px 0px 0px 0px;\n}\n<\/style>\n<div  class='flex_column av-5spn6-3d3e8ead61d02f87ad7c9f2fc625dc24 av_one_full  avia-builder-el-1  el_after_av_slideshow_full  avia-builder-el-no-sibling  first flex_column_div av-zero-column-padding  '     ><p>\n<style type=\"text\/css\" data-created_by=\"avia_inline_auto\" id=\"style-css-av-llevloe2-cbcf00b42478e82bd447e2454470c36b\">\n#top .av-special-heading.av-llevloe2-cbcf00b42478e82bd447e2454470c36b{\npadding-bottom:10px;\n}\nbody .av-special-heading.av-llevloe2-cbcf00b42478e82bd447e2454470c36b .av-special-heading-tag .heading-char{\nfont-size:25px;\n}\n.av-special-heading.av-llevloe2-cbcf00b42478e82bd447e2454470c36b .av-subheading{\nfont-size:15px;\n}\n<\/style>\n<div  class='av-special-heading av-llevloe2-cbcf00b42478e82bd447e2454470c36b av-special-heading-h1  avia-builder-el-2  el_before_av_hr  avia-builder-el-first '><h1 class='av-special-heading-tag'  itemprop=\"headline\"  >Baltian maiden itsen\u00e4isyysliikkeet<\/h1><div class=\"special-heading-border\"><div class=\"special-heading-inner-border\"><\/div><\/div><\/div><br \/>\n\n<style type=\"text\/css\" data-created_by=\"avia_inline_auto\" id=\"style-css-av-lezw3ur0-862fc69d3890db0a4c5490cac298d329\">\n#top .hr.hr-invisible.av-lezw3ur0-862fc69d3890db0a4c5490cac298d329{\nheight:50px;\n}\n<\/style>\n<div  class='hr av-lezw3ur0-862fc69d3890db0a4c5490cac298d329 hr-invisible  avia-builder-el-3  el_after_av_heading  el_before_av_textblock '><span class='hr-inner '><span class=\"hr-inner-style\"><\/span><\/span><\/div><br \/>\n<section  class='av_textblock_section av-lezr0od0-94e7bd8ef786eea3c9a8d27065495667 '   itemscope=\"itemscope\" itemtype=\"https:\/\/schema.org\/CreativeWork\" ><div class='avia_textblock'  itemprop=\"text\" ><p><em><strong>Baltian itsen\u00e4isyysliikkeen taustat<\/strong><\/em><\/p>\n<p>Kehitys Baltian alueella kulki eri lailla kuin Neuvostoliiton etel\u00e4isiss\u00e4 osissa. Voidaan luetella useita syit\u00e4 siihen, miksi Neuvostoliiton monista kansallisista vapautusliikkeist\u00e4 juuri baltialaiset syntyiv\u00e4t ensimm\u00e4isten joukossa.<\/p>\n<p>Baltiat maat olivat kaikkein lyhimm\u00e4n ajan kuuluneet Neuvostoliittoon ja alueen asukkaat muistivat viel\u00e4 itsen\u00e4isyyden ajan maailmansotien v\u00e4lill\u00e4. Yhteydenpito l\u00e4nteen oli vilkkaampaa Baltiasta kuin muualta Neuvostoliitosta, eik\u00e4 Moskovan hallinto Gorbatshovin kauden alussa pit\u00e4nyt sit\u00e4 erityisen\u00e4 ongelmana. Uudet yhteiskunnalliset virtaukset, esimerkiksi tietoisuus ymp\u00e4rist\u00f6ongelmista, tietotekniikan vallankumous ja l\u00e4ntisen Euroopan integraatio, tulivat ensinn\u00e4 Baltian maiden asukkaiden kokemuspiiriin.<\/p>\n<p><em><strong>Itsen\u00e4istyminen yll\u00e4tt\u00e4v\u00e4n nopeasti ja rauhanomaisesti<\/strong><\/em><\/p>\n<p class=\"Leipa_teksti2\">Moskovassa ajateltiin, ett\u00e4 Baltian alueella helpommin voitaisiin kokeilla pieness\u00e4 mittakaavassa yhteiskunnallisia uudistuksia. Tapahtumat Baltian maiden vapautusliikkeiden vuonna 1988 alkaneesta voimistumisesta kohti valtiollisen itsen\u00e4isyyden tunnustamista elokuussa 1991 eteniv\u00e4t niin kiivaasti, ett\u00e4 se yll\u00e4tti Gorbatshovin johtaman Neuvostoliiton hallinnon kuten my\u00f6s ulkopuoliset tarkkailijat. Toisaalta monelle saattoi olla yll\u00e4tys, ett\u00e4 itsen\u00e4istyminen lopulta tapahtui verraten rauhanomaisesti.<\/p>\n<p class=\"Leipa_teksti2\">Vaikka onkin liioiteltua kiitt\u00e4\u00e4 tai syytt\u00e4\u00e4 nimenomaan Baltian maiden asukkaita koko Neuvostoliiton romahduksesta, heid\u00e4n my\u00f6t\u00e4vaikutuksensa monien kansallisuuksien irtautumiseen neuvostovallasta oli merkitt\u00e4v\u00e4. T\u00e4h\u00e4n vaikutti tuntuvasti se, ett\u00e4 Ven\u00e4j\u00e4n presidentti Boris Jeltsin liittoutui vuoden 1991 alkupuolella Baltian tasavaltojen kanssa Neuvostoliiton hallitusta vastaan.<\/p>\n<\/div><\/section><\/p><\/div>\n","protected":false},"excerpt":{"rendered":"","protected":false},"author":1,"featured_media":0,"parent":780,"menu_order":3,"comment_status":"closed","ping_status":"closed","template":"","meta":{"footnotes":""},"class_list":["post-956","page","type-page","status-publish","hentry"],"_links":{"self":[{"href":"https:\/\/maailmanmuutos.org\/index.php\/wp-json\/wp\/v2\/pages\/956","targetHints":{"allow":["GET"]}}],"collection":[{"href":"https:\/\/maailmanmuutos.org\/index.php\/wp-json\/wp\/v2\/pages"}],"about":[{"href":"https:\/\/maailmanmuutos.org\/index.php\/wp-json\/wp\/v2\/types\/page"}],"author":[{"embeddable":true,"href":"https:\/\/maailmanmuutos.org\/index.php\/wp-json\/wp\/v2\/users\/1"}],"replies":[{"embeddable":true,"href":"https:\/\/maailmanmuutos.org\/index.php\/wp-json\/wp\/v2\/comments?post=956"}],"version-history":[{"count":7,"href":"https:\/\/maailmanmuutos.org\/index.php\/wp-json\/wp\/v2\/pages\/956\/revisions"}],"predecessor-version":[{"id":4154,"href":"https:\/\/maailmanmuutos.org\/index.php\/wp-json\/wp\/v2\/pages\/956\/revisions\/4154"}],"up":[{"embeddable":true,"href":"https:\/\/maailmanmuutos.org\/index.php\/wp-json\/wp\/v2\/pages\/780"}],"wp:attachment":[{"href":"https:\/\/maailmanmuutos.org\/index.php\/wp-json\/wp\/v2\/media?parent=956"}],"curies":[{"name":"wp","href":"https:\/\/api.w.org\/{rel}","templated":true}]}}