{"id":959,"date":"2023-03-08T16:29:17","date_gmt":"2023-03-08T16:29:17","guid":{"rendered":"http:\/\/us.ylirotu.fi\/index.php\/info\/tarkeimmat-tapahtumat-2\/"},"modified":"2023-08-17T08:06:37","modified_gmt":"2023-08-17T08:06:37","slug":"valtataistelun-karjistyminen-moskovassa-1991","status":"publish","type":"page","link":"https:\/\/maailmanmuutos.org\/index.php\/kylmasta-sodasta-2000-luvulle\/kylman-sodan-paatosvaihe\/neuvostoliiton-hajoaminen\/valtataistelun-karjistyminen-moskovassa-1991\/","title":{"rendered":"Valtataistelun k\u00e4rjistyminen Moskovassa 1991\u00a0"},"content":{"rendered":"<div id='full_slider_1'  class='avia-fullwidth-slider main_color avia-shadow   avia-builder-el-0  el_before_av_one_full  avia-builder-el-first   container_wrap sidebar_right'  >\n<style type=\"text\/css\" data-created_by=\"avia_inline_auto\" id=\"style-css-av-kd4hz9nx-fb331aa0faaa9c578e2f07ccc45f5aa0\">\n#top #wrap_all .avia-slideshow .av-slideshow-caption.av-kd4hz9nx-fb331aa0faaa9c578e2f07ccc45f5aa0__0 .avia-caption-title{\nfont-size:22px;\n}\n#top .avia-slideshow .av-slideshow-caption.av-kd4hz9nx-fb331aa0faaa9c578e2f07ccc45f5aa0__0 .avia-caption-content{\nfont-size:14px;\n}\n#top .avia-slideshow .av-slideshow-caption.av-kd4hz9nx-fb331aa0faaa9c578e2f07ccc45f5aa0__0 .avia-caption-content p{\nfont-size:14px;\n}\n\n@media only screen and (min-width: 768px) and (max-width: 989px){ \n#top #wrap_all .avia-slideshow .av-slideshow-caption.av-kd4hz9nx-fb331aa0faaa9c578e2f07ccc45f5aa0__0 .avia-caption-title{\nfont-size:16px;\n}\n#top .avia-slideshow .av-slideshow-caption.av-kd4hz9nx-fb331aa0faaa9c578e2f07ccc45f5aa0__0 .avia-caption-content{\nfont-size:16px;\n}\n#top .avia-slideshow .av-slideshow-caption.av-kd4hz9nx-fb331aa0faaa9c578e2f07ccc45f5aa0__0 .avia-caption-content p{\nfont-size:16px;\n}\n}\n\n@media only screen and (min-width: 480px) and (max-width: 767px){ \n#top #wrap_all .avia-slideshow .av-slideshow-caption.av-kd4hz9nx-fb331aa0faaa9c578e2f07ccc45f5aa0__0 .avia-caption-title{\nfont-size:14px;\n}\n#top .avia-slideshow .av-slideshow-caption.av-kd4hz9nx-fb331aa0faaa9c578e2f07ccc45f5aa0__0 .avia-caption-content{\nfont-size:14px;\n}\n#top .avia-slideshow .av-slideshow-caption.av-kd4hz9nx-fb331aa0faaa9c578e2f07ccc45f5aa0__0 .avia-caption-content p{\nfont-size:14px;\n}\n}\n\n@media only screen and (max-width: 479px){ \n#top #wrap_all .avia-slideshow .av-slideshow-caption.av-kd4hz9nx-fb331aa0faaa9c578e2f07ccc45f5aa0__0 .avia-caption-title{\ndisplay:none;\n}\n#top .avia-slideshow .av-slideshow-caption.av-kd4hz9nx-fb331aa0faaa9c578e2f07ccc45f5aa0__0 .avia-caption-content{\ndisplay:none;\n}\n#top .avia-slideshow .av-slideshow-caption.av-kd4hz9nx-fb331aa0faaa9c578e2f07ccc45f5aa0__0 .avia-caption-content p{\ndisplay:none;\n}\n}\n<\/style>\n<div  class='avia-slideshow av-kd4hz9nx-fb331aa0faaa9c578e2f07ccc45f5aa0 avia-slideshow-featured av_slideshow_full avia-slide-slider av-slideshow-ui av-control-default av-slideshow-manual av-loop-once av-loop-manual-endless av-default-height-applied   avia-slideshow-1' data-slideshow-options=\"{&quot;animation&quot;:&quot;slide&quot;,&quot;autoplay&quot;:false,&quot;loop_autoplay&quot;:&quot;once&quot;,&quot;interval&quot;:5,&quot;loop_manual&quot;:&quot;manual-endless&quot;,&quot;autoplay_stopper&quot;:false,&quot;noNavigation&quot;:false,&quot;bg_slider&quot;:false,&quot;keep_padding&quot;:false,&quot;hoverpause&quot;:false,&quot;show_slide_delay&quot;:0}\"  itemprop=\"image\" itemscope=\"itemscope\" itemtype=\"https:\/\/schema.org\/ImageObject\" ><ul class='avia-slideshow-inner ' style='padding-bottom: 28.72411489646%;'><li  class='avia-slideshow-slide av-kd4hz9nx-fb331aa0faaa9c578e2f07ccc45f5aa0__0  av-single-slide slide-1 slide-odd'><div data-rel='slideshow-1' class='avia-slide-wrap '   ><img decoding=\"async\" fetchpriority=\"high\" class=\"wp-image-2860 avia-img-lazy-loading-not-2860\"  src=\"https:\/\/maailmanmuutos.org\/wp-content\/uploads\/2023\/08\/venajan-valtataistelu-1991.jpg\" width=\"1497\" height=\"430\" title='kuvituskuvat' alt=''  itemprop=\"thumbnailUrl\" srcset=\"https:\/\/maailmanmuutos.org\/wp-content\/uploads\/2023\/08\/venajan-valtataistelu-1991.jpg 1500w, https:\/\/maailmanmuutos.org\/wp-content\/uploads\/2023\/08\/venajan-valtataistelu-1991-800x230.jpg 800w, https:\/\/maailmanmuutos.org\/wp-content\/uploads\/2023\/08\/venajan-valtataistelu-1991-120x34.jpg 120w, https:\/\/maailmanmuutos.org\/wp-content\/uploads\/2023\/08\/venajan-valtataistelu-1991-768x221.jpg 768w, https:\/\/maailmanmuutos.org\/wp-content\/uploads\/2023\/08\/venajan-valtataistelu-1991-705x203.jpg 705w\" sizes=\"(max-width: 1497px) 100vw, 1497px\" \/><\/div><\/li><\/ul><\/div><\/div><div id='after_full_slider_1'  class='main_color av_default_container_wrap container_wrap sidebar_right'  ><div class='container av-section-cont-open' ><div class='template-page content  av-content-small alpha units'><div class='post-entry post-entry-type-page post-entry-959'><div class='entry-content-wrapper clearfix'>\n\n<style type=\"text\/css\" data-created_by=\"avia_inline_auto\" id=\"style-css-av-5spn6-3d3e8ead61d02f87ad7c9f2fc625dc24\">\n.flex_column.av-5spn6-3d3e8ead61d02f87ad7c9f2fc625dc24{\nborder-radius:0px 0px 0px 0px;\npadding:0px 0px 0px 0px;\n}\n<\/style>\n<div  class='flex_column av-5spn6-3d3e8ead61d02f87ad7c9f2fc625dc24 av_one_full  avia-builder-el-1  el_after_av_slideshow_full  avia-builder-el-no-sibling  first flex_column_div av-zero-column-padding  '     ><p>\n<style type=\"text\/css\" data-created_by=\"avia_inline_auto\" id=\"style-css-av-av_heading-40d1563c60fae93b55c0c8c5cf7d9de6\">\n#top .av-special-heading.av-av_heading-40d1563c60fae93b55c0c8c5cf7d9de6{\npadding-bottom:10px;\n}\nbody .av-special-heading.av-av_heading-40d1563c60fae93b55c0c8c5cf7d9de6 .av-special-heading-tag .heading-char{\nfont-size:25px;\n}\n.av-special-heading.av-av_heading-40d1563c60fae93b55c0c8c5cf7d9de6 .av-subheading{\nfont-size:15px;\n}\n<\/style>\n<div  class='av-special-heading av-av_heading-40d1563c60fae93b55c0c8c5cf7d9de6 av-special-heading-h1  avia-builder-el-2  el_before_av_hr  avia-builder-el-first '><h1 class='av-special-heading-tag'  itemprop=\"headline\"  >Valtataistelun k\u00e4rjistyminen<br \/>\nMoskovassa 1991 <\/h1><div class=\"special-heading-border\"><div class=\"special-heading-inner-border\"><\/div><\/div><\/div><br \/>\n\n<style type=\"text\/css\" data-created_by=\"avia_inline_auto\" id=\"style-css-av-lezwg07w-9cd14a94db2a960ecadbafc1e0a32018\">\n#top .hr.hr-invisible.av-lezwg07w-9cd14a94db2a960ecadbafc1e0a32018{\nheight:50px;\n}\n<\/style>\n<div  class='hr av-lezwg07w-9cd14a94db2a960ecadbafc1e0a32018 hr-invisible  avia-builder-el-3  el_after_av_heading  el_before_av_textblock '><span class='hr-inner '><span class=\"hr-inner-style\"><\/span><\/span><\/div><br \/>\n<section  class='av_textblock_section av-lezr0od0-94e7bd8ef786eea3c9a8d27065495667 '   itemscope=\"itemscope\" itemtype=\"https:\/\/schema.org\/CreativeWork\" ><div class='avia_textblock'  itemprop=\"text\" ><p><em><strong>Ven\u00e4j\u00e4n presidentti Boris Jeltsin Neuvostoliiton keskushallintoa vastaan<\/strong><\/em><\/p>\n<p>Kun Boris Jeltsin valittiin kev\u00e4\u00e4ll\u00e4 1990 Ven\u00e4j\u00e4n presidentiksi, h\u00e4n uhmasi jo avoimesti Gorbatshovia ja neuvostohallintoa. Jeltsin asettui n\u00e4ytt\u00e4v\u00e4sti tukemaan Baltian tasavaltoja Neuvostoliiton keskushallitusta vastaan tammikuussa 1991 Vilnassa ja Riiassa sattuneiden v\u00e4likohtauksien vuoksi. Jeltsinin tarkoituksena oli liittoutumalla niiden kanssa heikent\u00e4\u00e4 koko Neuvostoliittoa johtaneen Gorbatshovin valtaa suhteessa Ven\u00e4j\u00e4n vasta kehittym\u00e4ss\u00e4 olleeseen autonomiseen hallintoon. Ven\u00e4j\u00e4n ohella my\u00f6s Ukrainan ja Valko-Ven\u00e4j\u00e4n parlamentit julistautuivat ylimm\u00e4n p\u00e4\u00e4t\u00f6svallan haltijoiksi alueillaan, joten neuvostotasavaltojen itsen\u00e4istymiskehitys nopeutui.<\/p>\n<p><em><strong>Vanhoillisten voimien vastarinnan tiivistyminen<\/strong><\/em><\/p>\n<p>Toisaalta my\u00f6s vanhoillisten kommunistien ja muiden Neuvostoliiton yhten\u00e4isyytt\u00e4 s\u00e4ilytt\u00e4m\u00e4\u00e4n pyrkivien voimien vastarinta oli alkanut tiivisty\u00e4 jo vuoden 1990 lopulla. Gorbatshov joutui taipumaan my\u00f6nnytyksiin, joista merkitt\u00e4vimpi\u00e4 oli uudistusmielisen ulkoministerin Eduard Shevardnadzen pakottaminen eroamaan. T\u00e4m\u00e4 sanoi l\u00e4ksi\u00e4ispuheessaan \u201cpahojen voimien\u201d uhkaavan vapautumiskehityst\u00e4.<\/p>\n<p><em><strong>Elokuun 1991 vallankaappaus<\/strong><\/em><\/p>\n<p>Neuvostoliiton perustuslain muutos eteni kohti l\u00f6yhemm\u00e4n liittovaltion mallia, ja sen my\u00f6t\u00e4 my\u00f6s kommunistinen puolue olisi menett\u00e4nyt hallitsevan asemansa. Viime hetkell\u00e4 ennen uuden liittosopimuksen allekirjoittamista tapahtui Moskovassa 19. elokuuta 1991 vallankaappaus. Julkisuuteen ilmestynyt poikkeustilakomitea, jota johti vanhoillinen varapresidentti Gennadi Janajev, ilmoitti ottaneensa vallan maassa ja palauttavansa j\u00e4rjestyksen. Televisiokuvat n\u00e4yttiv\u00e4t<br \/>\npanssarivaunujen vy\u00f6ryv\u00e4n Moskovan keskustaan.<\/p>\n<\/div><\/section><\/p><\/div>\n","protected":false},"excerpt":{"rendered":"","protected":false},"author":1,"featured_media":0,"parent":780,"menu_order":4,"comment_status":"closed","ping_status":"closed","template":"","meta":{"footnotes":""},"class_list":["post-959","page","type-page","status-publish","hentry"],"_links":{"self":[{"href":"https:\/\/maailmanmuutos.org\/index.php\/wp-json\/wp\/v2\/pages\/959","targetHints":{"allow":["GET"]}}],"collection":[{"href":"https:\/\/maailmanmuutos.org\/index.php\/wp-json\/wp\/v2\/pages"}],"about":[{"href":"https:\/\/maailmanmuutos.org\/index.php\/wp-json\/wp\/v2\/types\/page"}],"author":[{"embeddable":true,"href":"https:\/\/maailmanmuutos.org\/index.php\/wp-json\/wp\/v2\/users\/1"}],"replies":[{"embeddable":true,"href":"https:\/\/maailmanmuutos.org\/index.php\/wp-json\/wp\/v2\/comments?post=959"}],"version-history":[{"count":13,"href":"https:\/\/maailmanmuutos.org\/index.php\/wp-json\/wp\/v2\/pages\/959\/revisions"}],"predecessor-version":[{"id":2093,"href":"https:\/\/maailmanmuutos.org\/index.php\/wp-json\/wp\/v2\/pages\/959\/revisions\/2093"}],"up":[{"embeddable":true,"href":"https:\/\/maailmanmuutos.org\/index.php\/wp-json\/wp\/v2\/pages\/780"}],"wp:attachment":[{"href":"https:\/\/maailmanmuutos.org\/index.php\/wp-json\/wp\/v2\/media?parent=959"}],"curies":[{"name":"wp","href":"https:\/\/api.w.org\/{rel}","templated":true}]}}