{"id":971,"date":"2023-03-08T16:37:49","date_gmt":"2023-03-08T16:37:49","guid":{"rendered":"http:\/\/us.ylirotu.fi\/index.php\/maailman-muutos\/kylman-sodan-paatosvaihe\/neuvostoliiton-hajoaminen\/valtataistelu-moskovassa-1993-2\/"},"modified":"2023-08-17T10:28:09","modified_gmt":"2023-08-17T10:28:09","slug":"venaja-neuvostoliiton-seuraajavaltiona","status":"publish","type":"page","link":"https:\/\/maailmanmuutos.org\/index.php\/kylmasta-sodasta-2000-luvulle\/kylman-sodan-paatosvaihe\/neuvostoliiton-hajoaminen\/venaja-neuvostoliiton-seuraajavaltiona\/","title":{"rendered":"Ven\u00e4j\u00e4 Neuvostoliiton seuraajavaltiona\u00a0\u00a0"},"content":{"rendered":"<div id='full_slider_1'  class='avia-fullwidth-slider main_color avia-shadow   avia-builder-el-0  el_before_av_one_full  avia-builder-el-first   container_wrap sidebar_right'  >\n<style type=\"text\/css\" data-created_by=\"avia_inline_auto\" id=\"style-css-av-kd4hz9nx-fb331aa0faaa9c578e2f07ccc45f5aa0\">\n#top #wrap_all .avia-slideshow .av-slideshow-caption.av-kd4hz9nx-fb331aa0faaa9c578e2f07ccc45f5aa0__0 .avia-caption-title{\nfont-size:22px;\n}\n#top .avia-slideshow .av-slideshow-caption.av-kd4hz9nx-fb331aa0faaa9c578e2f07ccc45f5aa0__0 .avia-caption-content{\nfont-size:14px;\n}\n#top .avia-slideshow .av-slideshow-caption.av-kd4hz9nx-fb331aa0faaa9c578e2f07ccc45f5aa0__0 .avia-caption-content p{\nfont-size:14px;\n}\n\n@media only screen and (min-width: 768px) and (max-width: 989px){ \n#top #wrap_all .avia-slideshow .av-slideshow-caption.av-kd4hz9nx-fb331aa0faaa9c578e2f07ccc45f5aa0__0 .avia-caption-title{\nfont-size:16px;\n}\n#top .avia-slideshow .av-slideshow-caption.av-kd4hz9nx-fb331aa0faaa9c578e2f07ccc45f5aa0__0 .avia-caption-content{\nfont-size:16px;\n}\n#top .avia-slideshow .av-slideshow-caption.av-kd4hz9nx-fb331aa0faaa9c578e2f07ccc45f5aa0__0 .avia-caption-content p{\nfont-size:16px;\n}\n}\n\n@media only screen and (min-width: 480px) and (max-width: 767px){ \n#top #wrap_all .avia-slideshow .av-slideshow-caption.av-kd4hz9nx-fb331aa0faaa9c578e2f07ccc45f5aa0__0 .avia-caption-title{\nfont-size:14px;\n}\n#top .avia-slideshow .av-slideshow-caption.av-kd4hz9nx-fb331aa0faaa9c578e2f07ccc45f5aa0__0 .avia-caption-content{\nfont-size:14px;\n}\n#top .avia-slideshow .av-slideshow-caption.av-kd4hz9nx-fb331aa0faaa9c578e2f07ccc45f5aa0__0 .avia-caption-content p{\nfont-size:14px;\n}\n}\n\n@media only screen and (max-width: 479px){ \n#top #wrap_all .avia-slideshow .av-slideshow-caption.av-kd4hz9nx-fb331aa0faaa9c578e2f07ccc45f5aa0__0 .avia-caption-title{\ndisplay:none;\n}\n#top .avia-slideshow .av-slideshow-caption.av-kd4hz9nx-fb331aa0faaa9c578e2f07ccc45f5aa0__0 .avia-caption-content{\ndisplay:none;\n}\n#top .avia-slideshow .av-slideshow-caption.av-kd4hz9nx-fb331aa0faaa9c578e2f07ccc45f5aa0__0 .avia-caption-content p{\ndisplay:none;\n}\n}\n<\/style>\n<div  class='avia-slideshow av-kd4hz9nx-fb331aa0faaa9c578e2f07ccc45f5aa0 avia-slideshow-featured av_slideshow_full avia-slide-slider av-slideshow-ui av-control-default av-slideshow-manual av-loop-once av-loop-manual-endless av-default-height-applied   avia-slideshow-1' data-slideshow-options=\"{&quot;animation&quot;:&quot;slide&quot;,&quot;autoplay&quot;:false,&quot;loop_autoplay&quot;:&quot;once&quot;,&quot;interval&quot;:5,&quot;loop_manual&quot;:&quot;manual-endless&quot;,&quot;autoplay_stopper&quot;:false,&quot;noNavigation&quot;:false,&quot;bg_slider&quot;:false,&quot;keep_padding&quot;:false,&quot;hoverpause&quot;:false,&quot;show_slide_delay&quot;:0}\"  itemprop=\"image\" itemscope=\"itemscope\" itemtype=\"https:\/\/schema.org\/ImageObject\" ><ul class='avia-slideshow-inner ' style='padding-bottom: 28.72411489646%;'><li  class='avia-slideshow-slide av-kd4hz9nx-fb331aa0faaa9c578e2f07ccc45f5aa0__0  av-single-slide slide-1 slide-odd'><div data-rel='slideshow-1' class='avia-slide-wrap '   ><img decoding=\"async\" fetchpriority=\"high\" class=\"wp-image-2859 avia-img-lazy-loading-not-2859\"  src=\"https:\/\/maailmanmuutos.org\/wp-content\/uploads\/2023\/08\/venaja-neuvostoliiton-jalkeen.jpg\" width=\"1497\" height=\"430\" title='kuvituskuvat' alt=''  itemprop=\"thumbnailUrl\" srcset=\"https:\/\/maailmanmuutos.org\/wp-content\/uploads\/2023\/08\/venaja-neuvostoliiton-jalkeen.jpg 1500w, https:\/\/maailmanmuutos.org\/wp-content\/uploads\/2023\/08\/venaja-neuvostoliiton-jalkeen-800x230.jpg 800w, https:\/\/maailmanmuutos.org\/wp-content\/uploads\/2023\/08\/venaja-neuvostoliiton-jalkeen-120x34.jpg 120w, https:\/\/maailmanmuutos.org\/wp-content\/uploads\/2023\/08\/venaja-neuvostoliiton-jalkeen-768x221.jpg 768w, https:\/\/maailmanmuutos.org\/wp-content\/uploads\/2023\/08\/venaja-neuvostoliiton-jalkeen-705x203.jpg 705w\" sizes=\"(max-width: 1497px) 100vw, 1497px\" \/><\/div><\/li><\/ul><\/div><\/div><div id='after_full_slider_1'  class='main_color av_default_container_wrap container_wrap sidebar_right'  ><div class='container av-section-cont-open' ><div class='template-page content  av-content-small alpha units'><div class='post-entry post-entry-type-page post-entry-971'><div class='entry-content-wrapper clearfix'>\n\n<style type=\"text\/css\" data-created_by=\"avia_inline_auto\" id=\"style-css-av-5spn6-3d3e8ead61d02f87ad7c9f2fc625dc24\">\n.flex_column.av-5spn6-3d3e8ead61d02f87ad7c9f2fc625dc24{\nborder-radius:0px 0px 0px 0px;\npadding:0px 0px 0px 0px;\n}\n<\/style>\n<div  class='flex_column av-5spn6-3d3e8ead61d02f87ad7c9f2fc625dc24 av_one_full  avia-builder-el-1  el_after_av_slideshow_full  avia-builder-el-no-sibling  first flex_column_div av-zero-column-padding  '     ><p>\n<style type=\"text\/css\" data-created_by=\"avia_inline_auto\" id=\"style-css-av-av_heading-7ef9e81084f44604c27c99c52b035c9e\">\n#top .av-special-heading.av-av_heading-7ef9e81084f44604c27c99c52b035c9e{\npadding-bottom:10px;\n}\nbody .av-special-heading.av-av_heading-7ef9e81084f44604c27c99c52b035c9e .av-special-heading-tag .heading-char{\nfont-size:25px;\n}\n.av-special-heading.av-av_heading-7ef9e81084f44604c27c99c52b035c9e .av-subheading{\nfont-size:15px;\n}\n<\/style>\n<div  class='av-special-heading av-av_heading-7ef9e81084f44604c27c99c52b035c9e av-special-heading-h1  avia-builder-el-2  el_before_av_hr  avia-builder-el-first '><h1 class='av-special-heading-tag'  itemprop=\"headline\"  >Ven\u00e4j\u00e4 Neuvostoliiton seuraajavaltiona <\/h1><div class=\"special-heading-border\"><div class=\"special-heading-inner-border\"><\/div><\/div><\/div><br \/>\n\n<style type=\"text\/css\" data-created_by=\"avia_inline_auto\" id=\"style-css-av-llf0q3xw-e2f64f5f7c4c3f50ad5d0555e6abd03d\">\n#top .hr.hr-invisible.av-llf0q3xw-e2f64f5f7c4c3f50ad5d0555e6abd03d{\nheight:50px;\n}\n<\/style>\n<div  class='hr av-llf0q3xw-e2f64f5f7c4c3f50ad5d0555e6abd03d hr-invisible  avia-builder-el-3  el_after_av_heading  el_before_av_textblock '><span class='hr-inner '><span class=\"hr-inner-style\"><\/span><\/span><\/div><br \/>\n<section  class='av_textblock_section av-lezr0od0-94e7bd8ef786eea3c9a8d27065495667 '   itemscope=\"itemscope\" itemtype=\"https:\/\/schema.org\/CreativeWork\" ><div class='avia_textblock'  itemprop=\"text\" ><p><em><strong>Ven\u00e4j\u00e4 Neuvostoliiton paikan perij\u00e4n\u00e4<\/strong><\/em><\/p>\n<p>Neuvostoliiton hajotessa vuoden 1991 lopulla Ven\u00e4j\u00e4n hallitus ja valtioelimet ottivat haltuunsa Neuvostoliiton hallinnon toimipaikat Moskovassa ja Ven\u00e4j\u00e4n muillakin alueilla. Samalla Ven\u00e4j\u00e4n otti vastuulleen Neuvostoliiton tekem\u00e4t valtiosopimukset silt\u00e4 osin kuin ne eiv\u00e4t loukanneet muiden itsen\u00e4istyneiden neuvostotasavaltojen oikeuksia.<\/p>\n<p>Ulkomaat tunnustivat Ven\u00e4j\u00e4n Neuvostoliiton seuraajavaltioksi. Siihen \u00a0liittyen Ven\u00e4j\u00e4 peri my\u00f6s Neuvostoliiton paikan YK:n turvallisuusneuvoston pysyv\u00e4n\u00e4 j\u00e4senmaana.<\/p>\n<p><em><strong>Omaisuuden ja teollisuuden jaossa ongelmia<\/strong><\/em><\/p>\n<p>Neuvostoliitolta periytyneen omaisuuden ja asevoimien hallinta siirtyi keskushallinnon ja strategisten ydinaseiden osalta Ven\u00e4j\u00e4lle, mutta muuten neuvostotasavallat ottivat haltuunsa alueilleen j\u00e4\u00e4neen omaisuuden. Usean vuoden ajan tehtiin j\u00e4rjestelyj\u00e4, jotta itsen\u00e4istyneiden neuvostotasavaltojen alueille j\u00e4\u00e4neet tuotantolaitokset saatiin toimintakuntoisiksi. Siin\u00e4 oli suuria vaikeuksia, koska Neuvostoliiton aikaan teollisuuden prosesseja oli hajautettu eri alueille, jotka saattoivat sijaita kaukana toisistaan.<\/p>\n<p><em><strong>Siirtyminen markkinatalouteen ep\u00e4onnistui<\/strong><\/em><\/p>\n<p>Neuvostoliiton sosialistisen talousj\u00e4rjestelm\u00e4n muuntaminen markkinataloudeksi l\u00e4hti k\u00e4yntiin vapauttamalla hinnat ja yksityist\u00e4m\u00e4ll\u00e4 valtion omistamia tuotantolaitoksia. Valtion omaisuutta siirtyi my\u00f6s rikollisin tai muuten kyseenalaisin keinoin yksityisomistukseen. V\u00e4est\u00f6n elintaso laski talouden ep\u00e4j\u00e4rjestyksen, inflaation kiihtymisen ja sosiaaliturvan romahduksen vuoksi.<\/p>\n<p><em><strong>Asevoimien uudelleenj\u00e4rjestelyiss\u00e4 vaikeuksia<\/strong><\/em><\/p>\n<p>Neuvostoliiton asevoimien uudelleenj\u00e4rjestely pyrittiin tekem\u00e4\u00e4n Itsen\u00e4isten valtioiden yhteis\u00f6n puitteissa, mutta siin\u00e4 oli paljon vaikeuksia. Erityinen huoli oli ydinaseista, jotka ker\u00e4ttiin Ven\u00e4j\u00e4n haltuun. T\u00e4ss\u00e4 toiminnassa Yhdysvallat avusti entisi\u00e4 neuvostotasavaltoja.<\/p>\n<\/div><\/section><\/p><\/div>\n","protected":false},"excerpt":{"rendered":"","protected":false},"author":1,"featured_media":0,"parent":780,"menu_order":7,"comment_status":"closed","ping_status":"closed","template":"","meta":{"footnotes":""},"class_list":["post-971","page","type-page","status-publish","hentry"],"_links":{"self":[{"href":"https:\/\/maailmanmuutos.org\/index.php\/wp-json\/wp\/v2\/pages\/971","targetHints":{"allow":["GET"]}}],"collection":[{"href":"https:\/\/maailmanmuutos.org\/index.php\/wp-json\/wp\/v2\/pages"}],"about":[{"href":"https:\/\/maailmanmuutos.org\/index.php\/wp-json\/wp\/v2\/types\/page"}],"author":[{"embeddable":true,"href":"https:\/\/maailmanmuutos.org\/index.php\/wp-json\/wp\/v2\/users\/1"}],"replies":[{"embeddable":true,"href":"https:\/\/maailmanmuutos.org\/index.php\/wp-json\/wp\/v2\/comments?post=971"}],"version-history":[{"count":9,"href":"https:\/\/maailmanmuutos.org\/index.php\/wp-json\/wp\/v2\/pages\/971\/revisions"}],"predecessor-version":[{"id":4365,"href":"https:\/\/maailmanmuutos.org\/index.php\/wp-json\/wp\/v2\/pages\/971\/revisions\/4365"}],"up":[{"embeddable":true,"href":"https:\/\/maailmanmuutos.org\/index.php\/wp-json\/wp\/v2\/pages\/780"}],"wp:attachment":[{"href":"https:\/\/maailmanmuutos.org\/index.php\/wp-json\/wp\/v2\/media?parent=971"}],"curies":[{"name":"wp","href":"https:\/\/api.w.org\/{rel}","templated":true}]}}